{"id":4054,"date":"2017-03-18T15:31:37","date_gmt":"2017-03-18T14:31:37","guid":{"rendered":"http:\/\/sklep.air360.pl\/?post_type=product&#038;p=4054"},"modified":"2022-10-18T15:46:29","modified_gmt":"2022-10-18T13:46:29","slug":"dji-matrice-600-dji-ronin-mx","status":"publish","type":"product","link":"https:\/\/sklep.aveos.pl\/index.php\/produkt\/dji-matrice-600-dji-ronin-mx\/","title":{"rendered":"DJI Matrice 600 + DJI Ronin MX"},"content":{"rendered":"<div class=\"iai_top\"><img loading=\"lazy\" class=\"aligncenter\" src=\"https:\/\/rcpro.pl\/data\/include\/cms\/Blazej-grafiki\/DJI\/matrice600\/1.jpg\" width=\"800\" height=\"381\" border=\"0\" \/><\/div>\n<div class=\"iai_top\"><img loading=\"lazy\" class=\"aligncenter\" src=\"https:\/\/rcpro.pl\/data\/include\/cms\/Blazej-grafiki\/DJI\/RONIN-MX\/gh6g8fz0.jpg\" width=\"800\" height=\"381\" border=\"0\" \/><\/div>\n<div class=\"iai_top\">\n<p><strong>Matrice 600<\/strong><\/p>\n<hr \/>\n<\/div>\n<div class=\"iai_top\"><strong><br \/>\nOdkryj nowe perspektywy<br \/>\n<\/strong><\/div>\n<div class=\"iai_top\">DJI Matrice 600 to nowa platforma do filmowania z powietrza, zaprojektowana dla profesjonalist\u00f3w z my\u015bl\u0105 o tworzeniu niesamowitych wideo. Doskonale sprawdzi si\u0119 tak\u017ce w zastosowaniach przemys\u0142owych. Matrice 600 jest \u015bci\u015ble zintegrowany z kontrolerem lotu A3 i Lightbridge 2. Szybki w monta\u017cu mimo zastosowania a\u017c sze\u015bciu akumulator\u00f3w.<\/div>\n<div class=\"iai_top\"><\/div>\n<div class=\"iai_mid\">\n<div class=\"iai_left\">\n<p><img loading=\"lazy\" class=\"aligncenter\" src=\"https:\/\/rcpro.pl\/data\/include\/cms\/Blazej-grafiki\/DJI\/matrice600\/a.jpg\" width=\"500\" height=\"568\" border=\"0\" \/><\/p>\n<\/div>\n<div class=\"iai_right\">\n<p>Modu\u0142owa konstrukcja sprawia, \u017ce M600 jest \u0142atwy w konfiguracji i gotowy do u\u017cycia w kilka minut. Py\u0142oszczelna konstrukcja zapewnia maksymalne bezpiecze\u0144stwo elektronice i nap\u0119dowi. Jest kompatybilny ze wszystkimi kamerami Zenmuse, maksymalna \u0142adowno\u015b\u0107 to 6kg co oznacza \u017ce mo\u017cemy zastosowa\u0107 w nim stabilizator DJI Ronin MX.<\/p>\n<\/div>\n<div class=\"iai_right\">\n<p><img loading=\"lazy\" class=\"aligncenter\" src=\"https:\/\/rcpro.pl\/data\/include\/cms\/Blazej-grafiki\/DJI\/matrice600\/b.jpg\" width=\"400\" height=\"186\" border=\"0\" \/><\/p>\n<\/div>\n<\/div>\n<div class=\"iai_bottom\">\n<hr \/>\n<\/div>\n<div class=\"iai_bottom\"><strong><br \/>\nMultikompatybilno\u015b\u0107<\/strong><\/div>\n<div class=\"iai_bottom\"><\/div>\n<div class=\"iai_bottom\">Matrice 600 obs\u0142uguje wiele popularnych kamer, czyni go to jedn\u0105 z najbardziej uniwersalnych platform powietrznych na rynku.<\/div>\n<div class=\"iai_bottom\"><\/div>\n<div class=\"iai_bottom\"><img loading=\"lazy\" class=\"aligncenter\" src=\"https:\/\/rcpro.pl\/data\/include\/cms\/Blazej-grafiki\/DJI\/matrice600\/c.jpg\" width=\"800\" height=\"107\" border=\"0\" \/><\/p>\n<hr \/>\n<p><strong><br \/>\nPe\u0142na kontrola<\/strong><\/p>\n<p>&nbsp;<\/p>\n<\/div>\n<div class=\"iai_mid\">\n<div class=\"iai_left\">\n<p><img loading=\"lazy\" class=\"aligncenter\" src=\"https:\/\/rcpro.pl\/data\/include\/cms\/Blazej-grafiki\/DJI\/matrice600\/d.jpg\" width=\"480\" height=\"496\" border=\"0\" \/><\/p>\n<\/div>\n<div class=\"iai_right\">\n<p>Potr\u00f3jna redundancja i por\u00f3wnywanie danych w tym samym czasie z trzech jednostek anten sprawia \u017ce Matrice 600 zachowuje si\u0119 w powietrzu dok\u0142adnie tak jak chcemy. Inteligentny zestaw mo\u017cna rozszerzy\u0107 o GNSS i IMU dla kontrolera A3 co da nam jeszcze wi\u0119ksz\u0105 dok\u0142adno\u015b\u0107 pomiar\u00f3w.<\/p>\n<\/div>\n<div class=\"iai_right\"><\/div>\n<div class=\"iai_right\">\n<p><img loading=\"lazy\" class=\"alignright\" src=\"https:\/\/rcpro.pl\/data\/include\/cms\/Blazej-grafiki\/DJI\/matrice600\/2_--_kopia.jpg\" width=\"197\" height=\"99\" border=\"0\" \/><\/p>\n<\/div>\n<\/div>\n<div class=\"iai_bottom\">\n<hr \/>\n<p><strong><br \/>\nCzas lotu i zasi\u0119g transmisji<\/strong><\/p>\n<p>&nbsp;<\/p>\n<\/div>\n<div class=\"iai_bottom\"><\/div>\n<div class=\"iai_bottom\">\n<p>Matrice 600 oferuje wyd\u0142u\u017cony czas lotu dzi\u0119ki sze\u015bciu akumulatorom a tak\u017ce daleki 5km zasi\u0119g*. Transmisja obrazu przekazywana jest w jako\u015bci HD. P\u0142yta g\u0142\u00f3wna jest zbudowana z lekkich materia\u0142\u00f3w tak aby maksymalnie wyd\u0142u\u017cy\u0107 czas lotu. Wszystkie 6 akumulatory w\u0142\u0105cza si\u0119 jednym przyciskiem co niew\u0105tpliwie pozwala szybciej uruchomi\u0107 platform\u0119. W razie awarii jednego akumulatora w czasie lotu system nas niezw\u0142ocznie o tym informuje i nadal utrzymuje si\u0119 w powietrzu.<\/p>\n<\/div>\n<div class=\"iai_bottom\"><\/div>\n<div class=\"iai_bottom\"><strong><img loading=\"lazy\" class=\"aligncenter\" src=\"https:\/\/rcpro.pl\/data\/include\/cms\/Blazej-grafiki\/DJI\/matrice600\/x.jpg\" width=\"754\" height=\"182\" border=\"0\" \/><\/strong><\/div>\n<div class=\"iai_bottom\">\n<hr \/>\n<p><strong>Profesjonalna transmisja obrazu<\/strong><\/p>\n<p>&nbsp;<\/p>\n<\/div>\n<div class=\"iai_bottom\">\n<p>Dzi\u0119ki DJI Lightbridge 2 transmisja obrazu mo\u017ce by\u0107 przekazywana na odleg\u0142o\u015b\u0107 do 5km na \u017cywo. Jako\u015b\u0107 przesy\u0142u to maksymalnie 1080P\/60fps ale do wyboru mamy tak\u017ce ni\u017csze jako\u015bci obrazu.<\/p>\n<p><img loading=\"lazy\" class=\"aligncenter\" src=\"https:\/\/rcpro.pl\/data\/include\/cms\/Blazej-grafiki\/DJI\/matrice600\/z.jpg\" width=\"736\" height=\"622\" border=\"0\" \/><\/p>\n<hr \/>\n<\/div>\n<div class=\"iai_bottom\"><\/div>\n<div class=\"iai_bottom\"><strong><strong><br \/>\nPe\u0142na kontrola z aplikacji.<\/strong><\/strong>&nbsp;<\/p>\n<\/div>\n<div class=\"iai_bottom\">\n<p>Matrice 600 wsp\u00f3\u0142pracuje z aplikacjami DJI GO i DJI Assistant 2. Mamy dzi\u0119ki temu podgl\u0105d w tablecie lub telefonie na \u017cywo w jako\u015bci HD, wgl\u0105d do stanu akumulator\u00f3w, si\u0142y transmisji i wiele innych. Z Aplikacji mo\u017cna tak\u017ce sterowa\u0107 ustawieniami kamery je\u015bli pracujemy na X5 lub X5R.<\/p>\n<p><img loading=\"lazy\" class=\"aligncenter\" src=\"https:\/\/rcpro.pl\/data\/include\/cms\/Blazej-grafiki\/DJI\/matrice600\/y.jpg\" width=\"800\" height=\"202\" border=\"0\" \/><\/p>\n<hr \/>\n<\/div>\n<div class=\"iai_bottom\"><strong><strong><br \/>\nDla deweloper\u00f3w<\/strong><\/strong>&nbsp;<\/p>\n<\/div>\n<div class=\"iai_bottom\">\n<p>M600 posiada otwarte oprogramowanie dla deweloper\u00f3w. Jest w pe\u0142ni kompatybilny z aplikacj\u0105 SDK.Wyposa\u017cony w porty API jest w pe\u0142ni kompatybilny z pozosta\u0142ymi urz\u0105dzeniami DJI. Mo\u017cna zastosowa\u0107 w nim system Guidance.<\/p>\n<p><img loading=\"lazy\" class=\"aligncenter\" src=\"https:\/\/rcpro.pl\/data\/include\/cms\/Blazej-grafiki\/DJI\/matrice600\/2y2es7yu.jpg\" width=\"360\" height=\"200\" border=\"0\" \/><br \/>\n<strong><br \/>\n<\/strong><\/p>\n<\/div>\n<div class=\"iai_top\">\n<p><strong>Ronin MX<\/strong><\/p>\n<hr \/>\n<\/div>\n<div class=\"iai_top\"><strong><strong><br \/>\nZaprojektowany dla profesjonalist\u00f3w<\/strong><\/strong>&nbsp;<\/p>\n<\/div>\n<div class=\"iai_top\">\n<p>Profesjonalne materia\u0142y wideo wymaga wielu szybkich zmian konfiguracji ustawie\u0144 jak i kamer. Ronin MX zosta\u0142 zaprojektowany dla popularnych kamer u\u017cywanych na ca\u0142ym \u015bwiecie, a technologia SmoothTrack&#x2122; zapewnia p\u0142ynne ruchy w ka\u017cdej konfiguracji. Precyzyjnie umieszczony akumulator idealnie r\u00f3wnowa\u017cy ca\u0142y stabilizator dzi\u0119ki czemu mo\u017cemy pracowa\u0107 z wieloma aparatami jednocze\u015bnie bez wi\u0119kszej ingerencji w kalibracj\u0119.<\/p>\n<\/div>\n<div class=\"iai_top\"><\/div>\n<div class=\"iai_mid\">\n<div class=\"iai_left\">\n<p><img loading=\"lazy\" class=\"aligncenter\" src=\"https:\/\/rcpro.pl\/data\/include\/cms\/Blazej-grafiki\/DJI\/RONIN-MX\/akumulator.jpg\" width=\"334\" height=\"379\" border=\"0\" \/><\/p>\n<\/div>\n<div class=\"iai_right\">\n<p>Specjalnie zaprojektowane ultra ciche silniki nie zak\u0142\u00f3caj\u0105 nagra\u0144, dzi\u0119ki czemu nagrany d\u017awi\u0119k jest\u00a0krystalicznie czysty, bez szum\u00f3w oraz pog\u0142os\u00f3w.<\/p>\n<\/div>\n<div class=\"iai_right\">\n<p><img loading=\"lazy\" class=\"aligncenter\" src=\"https:\/\/rcpro.pl\/data\/include\/cms\/Blazej-grafiki\/DJI\/RONIN-MX\/silnik.jpg\" width=\"344\" height=\"160\" border=\"0\" \/><\/p>\n<\/div>\n<\/div>\n<div class=\"iai_bottom\">\n<hr \/>\n<\/div>\n<div class=\"iai_bottom\"><strong><strong><br \/>\nMultikompatybilno\u015b\u0107<\/strong><\/strong>&nbsp;<\/p>\n<\/div>\n<div class=\"iai_bottom\">Ronin MX jest kompatybilny z najwy\u017cszej klasy kamerami i aparatami. Cannon 5D, Red Dragon, Arri Alexa Mini, Black Magic Camera &#8211; wszystkie te modele mo\u017cna zastosowa\u0107 w stabilizatorze.<\/div>\n<div class=\"iai_bottom\"><\/div>\n<div class=\"iai_bottom\"><img loading=\"lazy\" class=\"aligncenter\" src=\"https:\/\/rcpro.pl\/data\/include\/cms\/Blazej-grafiki\/DJI\/RONIN-MX\/cc4a0098.jpg\" width=\"800\" height=\"107\" border=\"0\" \/><\/p>\n<hr \/>\n<p><strong><br \/>\nPrecyzja i swoboda<\/strong><\/p>\n<p>&nbsp;<\/p>\n<\/div>\n<div class=\"iai_mid\">\n<div class=\"iai_left\">\n<p><img loading=\"lazy\" class=\"aligncenter\" src=\"https:\/\/rcpro.pl\/data\/include\/cms\/Blazej-grafiki\/DJI\/RONIN-MX\/1t.jpg\" width=\"480\" height=\"496\" border=\"0\" \/><\/p>\n<\/div>\n<div class=\"iai_right\">\n<p>Ronin MX dzi\u0119ki precyzji silnik\u00f3w jest odporny na wysokie przeci\u0105\u017cenia. Po zamontowaniu w statku powietrznym bezpo\u015brednio komunikuje si\u0119 z kontrolerami marki DJI, a w wypadku pracy na ziemi z modu\u0142em GPS kt\u00f3ry zapewnia maksymaln\u0105 stabilizacj\u0119. Du\u017c\u0105 zalet\u0105 jest mo\u017cliwo\u015b\u0107 obrotu Ronina o 360\u00b0 na ziemi i w powietrzu. O\u015b nachylenia w d\u00f3\u0142 zosta\u0142a wzmocniona i umo\u017cliwia zakres k\u0105ty\u00a0przechylenia od 90\u00b0 do 135\u00b0. Dodatkowo zachowane zosta\u0142y tryby pracy znane z pozosta\u0142ych stabilizator\u00f3w z serii Ronin.<\/p>\n<\/div>\n<div class=\"iai_right\"><\/div>\n<div class=\"iai_right\">\n<p><img loading=\"lazy\" class=\"aligncenter\" src=\"https:\/\/rcpro.pl\/data\/include\/cms\/Blazej-grafiki\/DJI\/RONIN-MX\/brwk8njs.jpg\" width=\"254\" height=\"128\" border=\"0\" \/><\/p>\n<\/div>\n<\/div>\n<div class=\"iai_bottom\">\n<hr \/>\n<p><strong><br \/>\nKontrola i transmisja<\/strong><\/p>\n<p>&nbsp;<\/p>\n<\/div>\n<div class=\"iai_bottom\">\n<p>Ronin MX jest w pe\u0142ni kompatybilny z systemem\u00a0Lightbridge 2, co zapewnia transmisj\u0119 wideo w jako\u015bci HD a\u017c do 5 kilometr\u00f3w. Dodatkowo w po\u0142\u0105czeniu z modu\u0142em DJI Focus mo\u017cemy regulowa\u0107 ostro\u015b\u0107 naszego aparatu zdalnie z ziemi.<\/p>\n<\/div>\n<div class=\"iai_bottom\"><\/div>\n<div class=\"iai_bottom\"><strong><img loading=\"lazy\" class=\"aligncenter\" src=\"https:\/\/rcpro.pl\/data\/include\/cms\/Blazej-grafiki\/DJI\/RONIN-MX\/365fk255.jpg\" width=\"800\" height=\"193\" border=\"0\" \/><\/strong><\/div>\n<div class=\"iai_bottom\">\n<hr \/>\n<p><strong>Pe\u0142na kontrola z aplikacji<br \/>\n<\/strong><\/p>\n<\/div>\n<div class=\"iai_bottom\">Korzystaj z DJI Assistant na tablecie lub telefonie z systemami iOS a tak\u017ce android i miej pe\u0142n\u0105 kontrol\u0119 nad Roninem MX. Mo\u017cesz dok\u0142adnie go spersonalizowa\u0107, a w po\u0142\u0105czeniu z Lightbridge 2 kontrolowa\u0107 ruchy Matrice 600.<img loading=\"lazy\" class=\"aligncenter\" src=\"https:\/\/rcpro.pl\/data\/include\/cms\/Blazej-grafiki\/DJI\/RONIN-MX\/23.jpg\" width=\"736\" height=\"622\" border=\"0\" \/><\/p>\n<hr \/>\n<\/div>\n<div class=\"iai_bottom\"><strong><strong><br \/>\nZalety i funkcjonalno\u015b\u0107<\/strong><\/strong>&nbsp;<\/p>\n<\/div>\n<div class=\"iai_bottom\">\n<table>\n<tbody>\n<tr>\n<td>\n<p class=\"pic-box\"><img loading=\"lazy\" src=\"https:\/\/rcpro.pl\/data\/include\/cms\/Blazej-grafiki\/DJI\/RONIN-MX\/5.jpg\" width=\"370\" height=\"225\" border=\"0\" \/><\/p>\n<\/td>\n<td>\n<p class=\"pic-box\"><img loading=\"lazy\" src=\"https:\/\/rcpro.pl\/data\/include\/cms\/Blazej-grafiki\/DJI\/RONIN-MX\/7.jpg\" width=\"370\" height=\"225\" border=\"0\" \/><\/p>\n<\/td>\n<td>\n<p class=\"pic-box\"><img loading=\"lazy\" src=\"https:\/\/rcpro.pl\/data\/include\/cms\/Blazej-grafiki\/DJI\/RONIN-MX\/6.jpg\" width=\"370\" height=\"225\" border=\"0\" \/><\/p>\n<\/td>\n<\/tr>\n<\/tbody>\n<\/table>\n<\/div>\n<div class=\"iai_bottom\"><\/div>\n<div class=\"iai_bottom\">\n<table>\n<tbody>\n<tr>\n<td><strong>Szybko i precyzyjnie<\/strong><\/p>\n<p>Ca\u0142kowita konfiguracja i monta\u017c nie zajmuje wi\u0119cej ni\u017c 5 minut. W tak kr\u00f3tkim czasie mo\u017cesz zamontowa\u0107 aparat i zacz\u0105\u0107 nagrywa\u0107 w pe\u0142ni stabilne wideo bez dodatkowych konfiguracji.<\/td>\n<td><strong>\u0141agodne zmiany po\u0142o\u017cenia<\/strong><\/p>\n<p>Technologia SmoothTrack zapewnia zmian\u0119 po\u0142o\u017cenia kamery z ustawion\u0105 przez nas pr\u0119dko\u015bci\u0105. Odbywa si\u0119 to bez najmniejszych szarpni\u0119\u0107 stabilizatora.<\/td>\n<td><strong>Cztery tryby pracy<\/strong><\/p>\n<p>Tryby pracy sprawiaj\u0105 \u017ce Ronina MX mo\u017cna zastosowa\u0107 w ka\u017cdej sytuacji. Mo\u017cemy zastosowa\u0107 cztery tryby pracy: Tryb podwieszenia, tryb teczki, tryb lotu i stoj\u0105cy.<\/td>\n<\/tr>\n<\/tbody>\n<\/table>\n<\/div>\n","protected":false},"excerpt":{"rendered":"<p>Matrice 600 Odkryj nowe perspektywy DJI Matrice 600 to nowa platforma do filmowania z powietrza, zaprojektowana dla profesjonalist\u00f3w z my\u015bl\u0105 o tworzeniu niesamowitych wideo. Doskonale sprawdzi si\u0119 tak\u017ce w zastosowaniach przemys\u0142owych. Matrice 600 jest \u015bci\u015ble zintegrowany z kontrolerem lotu A3 i Lightbridge 2. Szybki w monta\u017cu mimo zastosowania a\u017c sze\u015bciu akumulator\u00f3w. Modu\u0142owa konstrukcja sprawia, \u017ce&#8230;<\/p>\n","protected":false},"featured_media":4646,"comment_status":"open","ping_status":"closed","template":"","meta":{"_s2mail":""},"product_cat":[412,501,512],"product_tag":[],"_links":{"self":[{"href":"https:\/\/sklep.aveos.pl\/index.php\/wp-json\/wp\/v2\/product\/4054"}],"collection":[{"href":"https:\/\/sklep.aveos.pl\/index.php\/wp-json\/wp\/v2\/product"}],"about":[{"href":"https:\/\/sklep.aveos.pl\/index.php\/wp-json\/wp\/v2\/types\/product"}],"replies":[{"embeddable":true,"href":"https:\/\/sklep.aveos.pl\/index.php\/wp-json\/wp\/v2\/comments?post=4054"}],"wp:featuredmedia":[{"embeddable":true,"href":"https:\/\/sklep.aveos.pl\/index.php\/wp-json\/wp\/v2\/media\/4646"}],"wp:attachment":[{"href":"https:\/\/sklep.aveos.pl\/index.php\/wp-json\/wp\/v2\/media?parent=4054"}],"wp:term":[{"taxonomy":"product_cat","embeddable":true,"href":"https:\/\/sklep.aveos.pl\/index.php\/wp-json\/wp\/v2\/product_cat?post=4054"},{"taxonomy":"product_tag","embeddable":true,"href":"https:\/\/sklep.aveos.pl\/index.php\/wp-json\/wp\/v2\/product_tag?post=4054"}],"curies":[{"name":"wp","href":"https:\/\/api.w.org\/{rel}","templated":true}]}}