{"id":4209,"date":"2017-03-24T14:52:58","date_gmt":"2017-03-24T13:52:58","guid":{"rendered":"http:\/\/sklep.air360.pl\/?post_type=product&#038;p=4209"},"modified":"2018-12-03T16:36:35","modified_gmt":"2018-12-03T15:36:35","slug":"c51014w","status":"publish","type":"product","link":"https:\/\/sklep.aveos.pl\/index.php\/produkt\/c51014w\/","title":{"rendered":"Betoniarka &#8211; do zbudowania z klock\u00f3w &#8211; ZDALNIE STEROWANA (C51014W)"},"content":{"rendered":"<p>Zbuduj w\u0142asny model RC! Prezentowane auto to pot\u0119\u017cny, w pe\u0142ni sprawny, zdalnie sterowany model, do samodzielnego zbudowania z klock\u00f3w! Doskona\u0142a propozycja dla m\u0142odych in\u017cynier\u00f3w i artyst\u00f3w. Elementy wchodz\u0105ce w sk\u0142ad zestawu mo\u017cna \u0142\u0105czy\u0107 z klockami Lego, co pozwala na niesko\u0144czon\u0105 liczb\u0119 modyfikacji. Postaw na rozrywk\u0119, kt\u00f3ra rozwija kreatywno\u015b\u0107, wyobra\u017ani\u0119 i umiej\u0119tno\u015bci manualne.<\/p>\n<p><img class=\"aligncenter\" src=\"https:\/\/www.gimmik.net\/usr\/inline_images\/storage\/19521\/1.jpg\" alt=\"\" \/><\/p>\n<p>Model po z\u0142o\u017ceniu mo\u017ce odjecha\u0107 do 25 metr\u00f3w bez utraty zasi\u0119gu! Klocki s\u0105 wytrzyma\u0142e i \u0142atwe w \u0142\u0105czeniu. Dodatkowym atutem jest fakt, \u017ce Jeep posiada wiele ruchomych element\u00f3w co sprawia, \u017ce zabawa daje jeszcze wi\u0119cej frajdy. To nie jedna z tych zabawek, kt\u00f3re nudz\u0105 si\u0119 po kilku dniach.<\/p>\n<div>\n<p><span class=\"subtitle\">Dane techniczne<\/span><\/p>\n<ul>\n<li>Wymiary: 41x16x26,5cm<\/li>\n<li>Nadajnik <abbr class=\"m3dict\" title=\"System radiowy wysokiej cz\u0119stotliwo\u015bci odpornej na zak\u0142\u00f3cenia o znacznie wi\u0119kszym zasi\u0119gu. Coraz bardziej wypiera systemy radiowe o niskich cz\u0119stotliwo\u015bciach tj. 27, 35, 40, 49, 72MHz.\">2,4GHz<\/abbr><\/li>\n<li>Akumulator: NiMH 3.6V 400mAh<\/li>\n<li>Czas zabawy: 10-15 minut<\/li>\n<li>Czas \u0142adowania akumulatora: 3-4 godziny<\/li>\n<li>Zasi\u0119g pilota: do 25 metr\u00f3w<\/li>\n<li>Pr\u0119dko\u015b\u0107: do 5km\/h<\/li>\n<li>Do uruchomienia wymagane 2 baterie AA<\/li>\n<\/ul>\n<\/div>\n<div>\n<p><span class=\"subtitle\">Sk\u0142ad zestawu<\/span><\/p>\n<ul>\n<li>Klocki do z\u0142o\u017cenia auta<\/li>\n<li>Nadajnik rc<\/li>\n<li>Akumulator NiMH 3,6V 400mAh<\/li>\n<li>\u0141adowarka USB<\/li>\n<\/ul>\n<\/div>\n","protected":false},"excerpt":{"rendered":"<p>Zbuduj w\u0142asny model RC! Prezentowane auto to pot\u0119\u017cny, w pe\u0142ni sprawny, zdalnie sterowany model, do samodzielnego zbudowania z klock\u00f3w! Doskona\u0142a propozycja dla m\u0142odych in\u017cynier\u00f3w i artyst\u00f3w. Elementy wchodz\u0105ce w sk\u0142ad zestawu mo\u017cna \u0142\u0105czy\u0107 z klockami Lego, co pozwala na niesko\u0144czon\u0105 liczb\u0119 modyfikacji. Postaw na rozrywk\u0119, kt\u00f3ra rozwija kreatywno\u015b\u0107, wyobra\u017ani\u0119 i umiej\u0119tno\u015bci manualne. Model po z\u0142o\u017ceniu&#8230;<\/p>\n","protected":false},"featured_media":4254,"comment_status":"open","ping_status":"closed","template":"","meta":{"_s2mail":""},"product_cat":[515],"product_tag":[],"_links":{"self":[{"href":"https:\/\/sklep.aveos.pl\/index.php\/wp-json\/wp\/v2\/product\/4209"}],"collection":[{"href":"https:\/\/sklep.aveos.pl\/index.php\/wp-json\/wp\/v2\/product"}],"about":[{"href":"https:\/\/sklep.aveos.pl\/index.php\/wp-json\/wp\/v2\/types\/product"}],"replies":[{"embeddable":true,"href":"https:\/\/sklep.aveos.pl\/index.php\/wp-json\/wp\/v2\/comments?post=4209"}],"wp:featuredmedia":[{"embeddable":true,"href":"https:\/\/sklep.aveos.pl\/index.php\/wp-json\/wp\/v2\/media\/4254"}],"wp:attachment":[{"href":"https:\/\/sklep.aveos.pl\/index.php\/wp-json\/wp\/v2\/media?parent=4209"}],"wp:term":[{"taxonomy":"product_cat","embeddable":true,"href":"https:\/\/sklep.aveos.pl\/index.php\/wp-json\/wp\/v2\/product_cat?post=4209"},{"taxonomy":"product_tag","embeddable":true,"href":"https:\/\/sklep.aveos.pl\/index.php\/wp-json\/wp\/v2\/product_tag?post=4209"}],"curies":[{"name":"wp","href":"https:\/\/api.w.org\/{rel}","templated":true}]}}