{"id":4233,"date":"2017-03-24T15:59:55","date_gmt":"2017-03-24T14:59:55","guid":{"rendered":"http:\/\/sklep.air360.pl\/?post_type=product&#038;p=4233"},"modified":"2017-03-25T13:31:30","modified_gmt":"2017-03-25T12:31:30","slug":"ciezarowka-dzwig-do-zbudowania-z-klockow-pull-back-c52013w","status":"publish","type":"product","link":"https:\/\/sklep.aveos.pl\/index.php\/produkt\/ciezarowka-dzwig-do-zbudowania-z-klockow-pull-back-c52013w\/","title":{"rendered":"Ci\u0119\u017car\u00f3wka d\u017awig &#8211; do zbudowania z klock\u00f3w &#8211; PULL BACK (C52013W)"},"content":{"rendered":"<p>Zbuduj w\u0142asny model z nap\u0119dem typu PULL BACK &#8211; po przeci\u0105gni\u0119ciu auta do ty\u0142u naci\u0105gana jest spr\u0119\u017cyna. Po uwolnieniu auta bardzo szybko ruszy do przodu i przejedzie do 10 m!<br \/>\nPrezentowane auto to pot\u0119\u017cny, w pe\u0142ni sprawny model, do samodzielnego zbudowania z klock\u00f3w!<\/p>\n<p>Doskona\u0142a propozycja dla m\u0142odych in\u017cynier\u00f3w i artyst\u00f3w. Elementy wchodz\u0105ce w sk\u0142ad zestawu mo\u017cna \u0142\u0105czy\u0107 z klockami Lego, co pozwala na niesko\u0144czon\u0105 liczb\u0119 modyfikacji. Postaw na rozrywk\u0119, kt\u00f3ra rozwija kreatywno\u015b\u0107, wyobra\u017ani\u0119 i umiej\u0119tno\u015bci manualne.<\/p>\n<p><img class=\"aligncenter\" src=\"https:\/\/www.gimmik.net\/usr\/inline_images\/storage\/19514\/dzwik.jpg\" alt=\"\" \/><\/p>\n<p>Klocki s\u0105 wytrzyma\u0142e i \u0142atwe w \u0142\u0105czeniu. Dodatkowym atutem jest fakt, \u017ce model posiada wiele ruchomych element\u00f3w co sprawia, \u017ce zabawa daje jeszcze wi\u0119cej frajdy. To nie jedna z tych zabawek, kt\u00f3re nudz\u0105 si\u0119 po kilku dniach.<br \/>\n<img src=\"https:\/\/www.gimmik.net\/usr\/inline_images\/storage\/19533\/5fdcfa82-a1b8-4d3d-a49d-584839b0ce45.png\" alt=\"\" \/><\/p>\n<div>\n<p><span class=\"subtitle\">Dane techniczne<\/span><\/p>\n<ul>\n<li>Model samochodu do zbudowania z klock\u00f3w z nap\u0119dem PULL BACK<\/li>\n<li>Zestaw sk\u0142ada si\u0119 z 272 element\u00f3w<\/li>\n<li>Mo\u017cna \u0142\u0105czy\u0107 z klockami z zestawu C52014W i budowa\u0107 zupe\u0142nie nowe modele.<\/li>\n<\/ul>\n<\/div>\n","protected":false},"excerpt":{"rendered":"<p>Zbuduj w\u0142asny model z nap\u0119dem typu PULL BACK &#8211; po przeci\u0105gni\u0119ciu auta do ty\u0142u naci\u0105gana jest spr\u0119\u017cyna. Po uwolnieniu auta bardzo szybko ruszy do przodu i przejedzie do 10 m! Prezentowane auto to pot\u0119\u017cny, w pe\u0142ni sprawny model, do samodzielnego zbudowania z klock\u00f3w! Doskona\u0142a propozycja dla m\u0142odych in\u017cynier\u00f3w i artyst\u00f3w. Elementy wchodz\u0105ce w sk\u0142ad zestawu&#8230;<\/p>\n","protected":false},"featured_media":4268,"comment_status":"open","ping_status":"closed","template":"","meta":{"_s2mail":""},"product_cat":[515],"product_tag":[],"_links":{"self":[{"href":"https:\/\/sklep.aveos.pl\/index.php\/wp-json\/wp\/v2\/product\/4233"}],"collection":[{"href":"https:\/\/sklep.aveos.pl\/index.php\/wp-json\/wp\/v2\/product"}],"about":[{"href":"https:\/\/sklep.aveos.pl\/index.php\/wp-json\/wp\/v2\/types\/product"}],"replies":[{"embeddable":true,"href":"https:\/\/sklep.aveos.pl\/index.php\/wp-json\/wp\/v2\/comments?post=4233"}],"wp:featuredmedia":[{"embeddable":true,"href":"https:\/\/sklep.aveos.pl\/index.php\/wp-json\/wp\/v2\/media\/4268"}],"wp:attachment":[{"href":"https:\/\/sklep.aveos.pl\/index.php\/wp-json\/wp\/v2\/media?parent=4233"}],"wp:term":[{"taxonomy":"product_cat","embeddable":true,"href":"https:\/\/sklep.aveos.pl\/index.php\/wp-json\/wp\/v2\/product_cat?post=4233"},{"taxonomy":"product_tag","embeddable":true,"href":"https:\/\/sklep.aveos.pl\/index.php\/wp-json\/wp\/v2\/product_tag?post=4233"}],"curies":[{"name":"wp","href":"https:\/\/api.w.org\/{rel}","templated":true}]}}