{"id":4300,"date":"2017-03-27T15:08:24","date_gmt":"2017-03-27T13:08:24","guid":{"rendered":"http:\/\/sklep.air360.pl\/?post_type=product&#038;p=4300"},"modified":"2024-01-15T17:32:59","modified_gmt":"2024-01-15T16:32:59","slug":"gp-suction-cup-mount-new","status":"publish","type":"product","link":"https:\/\/sklep.aveos.pl\/index.php\/produkt\/gp-suction-cup-mount-new\/","title":{"rendered":"GP SUCTION CUP MOUNT NEW"},"content":{"rendered":"<p>Zamocuj GoPro na samochodzie, \u0142odzi, motocyklu i innych przedmiotach. Wytrzyma\u0142a przyssawka sprawdza si\u0119 nawet przy pr\u0119dko\u015bci przekraczaj\u0105cej 240 km\/h , a jej konstrukcja zapewnia stabilno\u015b\u0107 w szerokim zakresie ruchu. Kr\u00f3tkie rami\u0119 pozwala na ultrakompaktowe mocowanie. Zestaw zawiera standardowe rami\u0119 oraz rami\u0119 z mocowaniem na szybkoz\u0142\u0105czk\u0119, co jest wygodne przy zmianie po\u0142o\u017cenia kamery mi\u0119dzy uj\u0119ciami.<\/p>\n","protected":false},"excerpt":{"rendered":"<p>Zamocuj GoPro na samochodzie, \u0142odzi, motocyklu i innych przedmiotach. Wytrzyma\u0142a przyssawka sprawdza si\u0119 nawet przy pr\u0119dko\u015bci przekraczaj\u0105cej 240 km\/h , a jej konstrukcja zapewnia stabilno\u015b\u0107 w szerokim zakresie ruchu. Kr\u00f3tkie rami\u0119 pozwala na ultrakompaktowe mocowanie. Zestaw zawiera standardowe rami\u0119 oraz rami\u0119 z mocowaniem na szybkoz\u0142\u0105czk\u0119, co jest wygodne przy zmianie po\u0142o\u017cenia kamery mi\u0119dzy uj\u0119ciami.<\/p>\n","protected":false},"featured_media":4407,"comment_status":"open","ping_status":"closed","template":"","meta":{"_s2mail":""},"product_cat":[416],"product_tag":[],"_links":{"self":[{"href":"https:\/\/sklep.aveos.pl\/index.php\/wp-json\/wp\/v2\/product\/4300"}],"collection":[{"href":"https:\/\/sklep.aveos.pl\/index.php\/wp-json\/wp\/v2\/product"}],"about":[{"href":"https:\/\/sklep.aveos.pl\/index.php\/wp-json\/wp\/v2\/types\/product"}],"replies":[{"embeddable":true,"href":"https:\/\/sklep.aveos.pl\/index.php\/wp-json\/wp\/v2\/comments?post=4300"}],"wp:featuredmedia":[{"embeddable":true,"href":"https:\/\/sklep.aveos.pl\/index.php\/wp-json\/wp\/v2\/media\/4407"}],"wp:attachment":[{"href":"https:\/\/sklep.aveos.pl\/index.php\/wp-json\/wp\/v2\/media?parent=4300"}],"wp:term":[{"taxonomy":"product_cat","embeddable":true,"href":"https:\/\/sklep.aveos.pl\/index.php\/wp-json\/wp\/v2\/product_cat?post=4300"},{"taxonomy":"product_tag","embeddable":true,"href":"https:\/\/sklep.aveos.pl\/index.php\/wp-json\/wp\/v2\/product_tag?post=4300"}],"curies":[{"name":"wp","href":"https:\/\/api.w.org\/{rel}","templated":true}]}}