{"id":4306,"date":"2017-03-27T23:07:00","date_gmt":"2017-03-27T21:07:00","guid":{"rendered":"http:\/\/sklep.air360.pl\/?post_type=product&#038;p=4306"},"modified":"2017-04-01T12:04:48","modified_gmt":"2017-04-01T10:04:48","slug":"gp-junior-chesty-chest-harness","status":"publish","type":"product","link":"https:\/\/sklep.aveos.pl\/index.php\/produkt\/gp-junior-chesty-chest-harness\/","title":{"rendered":"GP JUNIOR CHESTY: CHEST HARNESS"},"content":{"rendered":"<p>Przeznaczone dla dzieci i m\u0142odzie\u017cy szelki Chesty s\u0105 mniejsz\u0105 wersj\u0105 modelu dla doros\u0142ych. Jest to idealne rozwi\u0105zanie dla pocz\u0105tkuj\u0105cych, m\u0142odych sportowc\u00f3w lub do rejestrowania wci\u0105gaj\u0105cego materia\u0142u z punktu widzenia Twojego dziecka \u2014od jazdy na nartach i deskorolce po pi\u0142k\u0119 no\u017cn\u0105 i rodzinne wycieczki. W pe\u0142ni regulowany Junior Chesty pasuje dzieciom od 11 do 52 kg.<br \/>\nUWAGA: Nie dla dzieci poni\u017cej 3 lat. Nadz\u00f3r doros\u0142ych wymagany przez ca\u0142y czas. Przechowywa\u0107<br \/>\nw bezpiecznym miejscu zdala<\/p>\n","protected":false},"excerpt":{"rendered":"<p>Przeznaczone dla dzieci i m\u0142odzie\u017cy szelki Chesty s\u0105 mniejsz\u0105 wersj\u0105 modelu dla doros\u0142ych. Jest to idealne rozwi\u0105zanie dla pocz\u0105tkuj\u0105cych, m\u0142odych sportowc\u00f3w lub do rejestrowania wci\u0105gaj\u0105cego materia\u0142u z punktu widzenia Twojego dziecka \u2014od jazdy na nartach i deskorolce po pi\u0142k\u0119 no\u017cn\u0105 i rodzinne wycieczki. W pe\u0142ni regulowany Junior Chesty pasuje dzieciom od 11 do 52 kg&#8230;.<\/p>\n","protected":false},"featured_media":4413,"comment_status":"open","ping_status":"closed","template":"","meta":{"_s2mail":""},"product_cat":[416],"product_tag":[],"_links":{"self":[{"href":"https:\/\/sklep.aveos.pl\/index.php\/wp-json\/wp\/v2\/product\/4306"}],"collection":[{"href":"https:\/\/sklep.aveos.pl\/index.php\/wp-json\/wp\/v2\/product"}],"about":[{"href":"https:\/\/sklep.aveos.pl\/index.php\/wp-json\/wp\/v2\/types\/product"}],"replies":[{"embeddable":true,"href":"https:\/\/sklep.aveos.pl\/index.php\/wp-json\/wp\/v2\/comments?post=4306"}],"wp:featuredmedia":[{"embeddable":true,"href":"https:\/\/sklep.aveos.pl\/index.php\/wp-json\/wp\/v2\/media\/4413"}],"wp:attachment":[{"href":"https:\/\/sklep.aveos.pl\/index.php\/wp-json\/wp\/v2\/media?parent=4306"}],"wp:term":[{"taxonomy":"product_cat","embeddable":true,"href":"https:\/\/sklep.aveos.pl\/index.php\/wp-json\/wp\/v2\/product_cat?post=4306"},{"taxonomy":"product_tag","embeddable":true,"href":"https:\/\/sklep.aveos.pl\/index.php\/wp-json\/wp\/v2\/product_tag?post=4306"}],"curies":[{"name":"wp","href":"https:\/\/api.w.org\/{rel}","templated":true}]}}