{"id":4308,"date":"2017-03-27T23:11:29","date_gmt":"2017-03-27T21:11:29","guid":{"rendered":"http:\/\/sklep.air360.pl\/?post_type=product&#038;p=4308"},"modified":"2017-04-01T12:06:45","modified_gmt":"2017-04-01T10:06:45","slug":"gp-roll-bar-mount","status":"publish","type":"product","link":"https:\/\/sklep.aveos.pl\/index.php\/produkt\/gp-roll-bar-mount\/","title":{"rendered":"GP ROLL BAR MOUNT"},"content":{"rendered":"<p>Umo\u017cliwia zamocowanie kamery do przedmiot\u00f3w o przekroju ko\u0142a lub owalu o \u015brednicy od 3,5cm do 6,35cm. Pozwala mocowa\u0107 kamer\u0119 do ramy rowerowej, rur zderzak\u00f3w, kork\u00f3w ch\u0142odnicy, g\u0142owic, baga\u017cnik\u00f3w dachowych lub innych element\u00f3w o odpowiedniej \u015brednicy. W zestawie z przegubem 3-way pivot pozwalaj\u0105cym na regulacj\u0119 po\u0142o\u017cenia kamery w ka\u017cdej orientacji.<\/p>\n","protected":false},"excerpt":{"rendered":"<p>Umo\u017cliwia zamocowanie kamery do przedmiot\u00f3w o przekroju ko\u0142a lub owalu o \u015brednicy od 3,5cm do 6,35cm. Pozwala mocowa\u0107 kamer\u0119 do ramy rowerowej, rur zderzak\u00f3w, kork\u00f3w ch\u0142odnicy, g\u0142owic, baga\u017cnik\u00f3w dachowych lub innych element\u00f3w o odpowiedniej \u015brednicy. W zestawie z przegubem 3-way pivot pozwalaj\u0105cym na regulacj\u0119 po\u0142o\u017cenia kamery w ka\u017cdej orientacji.<\/p>\n","protected":false},"featured_media":4414,"comment_status":"open","ping_status":"closed","template":"","meta":{"_s2mail":""},"product_cat":[416],"product_tag":[],"_links":{"self":[{"href":"https:\/\/sklep.aveos.pl\/index.php\/wp-json\/wp\/v2\/product\/4308"}],"collection":[{"href":"https:\/\/sklep.aveos.pl\/index.php\/wp-json\/wp\/v2\/product"}],"about":[{"href":"https:\/\/sklep.aveos.pl\/index.php\/wp-json\/wp\/v2\/types\/product"}],"replies":[{"embeddable":true,"href":"https:\/\/sklep.aveos.pl\/index.php\/wp-json\/wp\/v2\/comments?post=4308"}],"wp:featuredmedia":[{"embeddable":true,"href":"https:\/\/sklep.aveos.pl\/index.php\/wp-json\/wp\/v2\/media\/4414"}],"wp:attachment":[{"href":"https:\/\/sklep.aveos.pl\/index.php\/wp-json\/wp\/v2\/media?parent=4308"}],"wp:term":[{"taxonomy":"product_cat","embeddable":true,"href":"https:\/\/sklep.aveos.pl\/index.php\/wp-json\/wp\/v2\/product_cat?post=4308"},{"taxonomy":"product_tag","embeddable":true,"href":"https:\/\/sklep.aveos.pl\/index.php\/wp-json\/wp\/v2\/product_tag?post=4308"}],"curies":[{"name":"wp","href":"https:\/\/api.w.org\/{rel}","templated":true}]}}