{"id":4348,"date":"2017-03-28T17:46:17","date_gmt":"2017-03-28T15:46:17","guid":{"rendered":"http:\/\/sklep.air360.pl\/?post_type=product&#038;p=4348"},"modified":"2024-01-15T20:58:36","modified_gmt":"2024-01-15T19:58:36","slug":"gp-gooseneck","status":"publish","type":"product","link":"https:\/\/sklep.aveos.pl\/index.php\/produkt\/gp-gooseneck\/","title":{"rendered":"GP GOOSENECK"},"content":{"rendered":"<p>Szyjk\u0119 mo\u017cna zamocowa\u0107 do dowolnego mocowania GoPro ze stopk\u0105 na szybkoz\u0142\u0105czk\u0119 np. Suction Cup, Jaws: Flex Clamp, mocowanie samoprzylepne i inne. Mo\u017cna te\u017c u\u017cy\u0107 jej jako uchwytu do trzymania kamery w r\u0119ce. Konstrukcja mocowania Gooseneck pozwala na \u0142\u0105czenie wielu szyjek ze sob\u0105. Gi\u0119tkie rami\u0119 zapewnia wszechstronn\u0105 regulacj\u0119 k\u0105ta po\u0142o\u017cenia kamery, dzi\u0119ki czemu mo\u017cna \u0142atwo uchwyci\u0107 po\u017c\u0105dan\u0105 perspektyw\u0119. Idealny do fotografowania i filmowania w trudno dost\u0119pnych miejscach w naro\u017cnikach itp.<\/p>\n","protected":false},"excerpt":{"rendered":"<p>Szyjk\u0119 mo\u017cna zamocowa\u0107 do dowolnego mocowania GoPro ze stopk\u0105 na szybkoz\u0142\u0105czk\u0119 np. Suction Cup, Jaws: Flex Clamp, mocowanie samoprzylepne i inne. Mo\u017cna te\u017c u\u017cy\u0107 jej jako uchwytu do trzymania kamery w r\u0119ce. Konstrukcja mocowania Gooseneck pozwala na \u0142\u0105czenie wielu szyjek ze sob\u0105. Gi\u0119tkie rami\u0119 zapewnia wszechstronn\u0105 regulacj\u0119 k\u0105ta po\u0142o\u017cenia kamery, dzi\u0119ki czemu mo\u017cna \u0142atwo uchwyci\u0107&#8230;<\/p>\n","protected":false},"featured_media":4463,"comment_status":"open","ping_status":"closed","template":"","meta":{"_s2mail":""},"product_cat":[416],"product_tag":[],"_links":{"self":[{"href":"https:\/\/sklep.aveos.pl\/index.php\/wp-json\/wp\/v2\/product\/4348"}],"collection":[{"href":"https:\/\/sklep.aveos.pl\/index.php\/wp-json\/wp\/v2\/product"}],"about":[{"href":"https:\/\/sklep.aveos.pl\/index.php\/wp-json\/wp\/v2\/types\/product"}],"replies":[{"embeddable":true,"href":"https:\/\/sklep.aveos.pl\/index.php\/wp-json\/wp\/v2\/comments?post=4348"}],"wp:featuredmedia":[{"embeddable":true,"href":"https:\/\/sklep.aveos.pl\/index.php\/wp-json\/wp\/v2\/media\/4463"}],"wp:attachment":[{"href":"https:\/\/sklep.aveos.pl\/index.php\/wp-json\/wp\/v2\/media?parent=4348"}],"wp:term":[{"taxonomy":"product_cat","embeddable":true,"href":"https:\/\/sklep.aveos.pl\/index.php\/wp-json\/wp\/v2\/product_cat?post=4348"},{"taxonomy":"product_tag","embeddable":true,"href":"https:\/\/sklep.aveos.pl\/index.php\/wp-json\/wp\/v2\/product_tag?post=4348"}],"curies":[{"name":"wp","href":"https:\/\/api.w.org\/{rel}","templated":true}]}}