{"id":4352,"date":"2017-03-28T17:52:58","date_gmt":"2017-03-28T15:52:58","guid":{"rendered":"http:\/\/sklep.air360.pl\/?post_type=product&#038;p=4352"},"modified":"2017-04-02T22:03:19","modified_gmt":"2017-04-02T20:03:19","slug":"gp-curved-flat-adhesive-mounts","status":"publish","type":"product","link":"https:\/\/sklep.aveos.pl\/index.php\/produkt\/gp-curved-flat-adhesive-mounts\/","title":{"rendered":"GP CURVED + FLAT ADHESIVE MOUNTS"},"content":{"rendered":"<p>Zestaw samoprzylepnych mocowa\u0144 do p\u0142askich i zakrzywionych powierzchni. Innowacyjny system firmy 3M zapewnia utrzymanie uchwyt\u00f3w na miejscu. \u0141atwe do usuni\u0119cia poprzez miejscowy nadmuch gor\u0105cego powietr za<br \/>\n(np. za pomoc\u0105 suszarki). W zestawie 6 mocowa\u0144 (3 p\u0142askie i 3 zakrzywione).<\/p>\n","protected":false},"excerpt":{"rendered":"<p>Zestaw samoprzylepnych mocowa\u0144 do p\u0142askich i zakrzywionych powierzchni. Innowacyjny system firmy 3M zapewnia utrzymanie uchwyt\u00f3w na miejscu. \u0141atwe do usuni\u0119cia poprzez miejscowy nadmuch gor\u0105cego powietr za (np. za pomoc\u0105 suszarki). W zestawie 6 mocowa\u0144 (3 p\u0142askie i 3 zakrzywione).<\/p>\n","protected":false},"featured_media":4480,"comment_status":"open","ping_status":"closed","template":"","meta":{"_s2mail":""},"product_cat":[416],"product_tag":[],"_links":{"self":[{"href":"https:\/\/sklep.aveos.pl\/index.php\/wp-json\/wp\/v2\/product\/4352"}],"collection":[{"href":"https:\/\/sklep.aveos.pl\/index.php\/wp-json\/wp\/v2\/product"}],"about":[{"href":"https:\/\/sklep.aveos.pl\/index.php\/wp-json\/wp\/v2\/types\/product"}],"replies":[{"embeddable":true,"href":"https:\/\/sklep.aveos.pl\/index.php\/wp-json\/wp\/v2\/comments?post=4352"}],"wp:featuredmedia":[{"embeddable":true,"href":"https:\/\/sklep.aveos.pl\/index.php\/wp-json\/wp\/v2\/media\/4480"}],"wp:attachment":[{"href":"https:\/\/sklep.aveos.pl\/index.php\/wp-json\/wp\/v2\/media?parent=4352"}],"wp:term":[{"taxonomy":"product_cat","embeddable":true,"href":"https:\/\/sklep.aveos.pl\/index.php\/wp-json\/wp\/v2\/product_cat?post=4352"},{"taxonomy":"product_tag","embeddable":true,"href":"https:\/\/sklep.aveos.pl\/index.php\/wp-json\/wp\/v2\/product_tag?post=4352"}],"curies":[{"name":"wp","href":"https:\/\/api.w.org\/{rel}","templated":true}]}}