{"id":4541,"date":"2017-04-06T16:02:55","date_gmt":"2017-04-06T14:02:55","guid":{"rendered":"http:\/\/sklep.air360.pl\/?post_type=product&#038;p=4541"},"modified":"2023-08-07T20:30:28","modified_gmt":"2023-08-07T18:30:28","slug":"hurricane-1300gp-2ch-rtr-benzyna-95-okt","status":"publish","type":"product","link":"https:\/\/sklep.aveos.pl\/index.php\/produkt\/hurricane-1300gp-2ch-rtr-benzyna-95-okt\/","title":{"rendered":"Hurricane 1300GP 2CH RTR &#8211; benzyna 95 okt."},"content":{"rendered":"<p>Imponuj\u0105cych rozmiar\u00f3w \u0142\u00f3dka <strong>Hurricane 1300GP<\/strong> z benzynowym silnikiem spalinowym o <strong>pojemno\u015bci 26cc<\/strong>, to propozycja dla tych, kt\u00f3rzy pragn\u0105 &#8216;zasia\u015b\u0107&#8217; za sterami pot\u0119\u017cnego modelu zdalnie sterowanej \u0142odzi &#8211; d\u0142ugo\u015b\u0107 to a\u017c <strong>129cm<\/strong>!<br \/>\n<img src=\"https:\/\/www.gimmik.net\/usr\/inline_images\/storage\/18257\/066A-2.jpg\" alt=\"\" \/><br \/>\nJak przysta\u0142o na \u0142\u00f3d\u017a tej klasy, posiada ona <strong>szereg unikalnych rozwi\u0105za\u0144<\/strong> dla zapewnienia maksymalnej wydajno\u015bci i komfortu u\u017cytkowania. <strong>Pokryty miedzi\u0105 wa\u0142<\/strong> zapewnia p\u0142ynne przeniesienie nap\u0119du, <strong>du\u017cy radiator silnika<\/strong> czuwa nad efektywnym odprowadzaniem ciep\u0142a, <strong>dedykowany ga\u017anik<\/strong> gwarantuje natychmiastow\u0105 reakcj\u0119 na przyspieszenie.<br \/>\n<img src=\"https:\/\/www.gimmik.net\/usr\/inline_images\/storage\/18257\/066A-3.jpg\" alt=\"\" \/><br \/>\nObudowa odbiornika zosta\u0142a umieszczona w <strong>wodoodpornym<\/strong> koszyku z dodatkowym uszczelnieniem. Precyzyjnie wykonany <strong>aluminiowy ster w technologii CNC<\/strong> to gwarancja precyzyjnej kontroli przy wysokich pr\u0119dko\u015bciach. Wszystkie \u015bruby i nakr\u0119tki u\u017cyte do \u0142\u0105czenia element\u00f3w w modelu zosta\u0142y wykonane ze <strong>stali nierdzewnej<\/strong>.<\/p>\n<p><img src=\"https:\/\/www.gimmik.net\/usr\/inline_images\/storage\/18257\/066A-4.jpg\" alt=\"\" \/>Prezentowana \u0142\u00f3d\u017a to model typu <strong><abbr class=\"m3dict\" title=\"Ready To Run, czyli gotowy do zabawy po wyj\u0119ciu z pude\u0142ka\">RTR<\/abbr><\/strong>&#8211; gotowa do wyruszenia na g\u0142\u0119bokie wody natychmiast po wyj\u0119ciu z pude\u0142ka. Do uruchomienia wymagana jest benzyna wymieszana z olejem (tak, jak w przypadku np. pi\u0142 spalinowych) oraz baterie do zasilania odbiornika i aparatury.<\/p>\n<div><span class=\"subtitle\">Dane techniczne<\/span><\/p>\n<ul>\n<li>D\u0142ugo\u015b\u0107: 1290mm<\/li>\n<li>Szeroko\u015b\u0107: 410mm<\/li>\n<li>Wysoko\u015b\u0107: 280mm<\/li>\n<li>Silnik: benzynowy 26cc<\/li>\n<li>Aparatura: TOPEDGE 2CH <abbr class=\"m3dict\" title=\"System radiowy wysokiej cz\u0119stotliwo\u015bci odpornej na zak\u0142\u00f3cenia o znacznie wi\u0119kszym zasi\u0119gu. Coraz bardziej wypiera systemy radiowe o niskich cz\u0119stotliwo\u015bciach tj. 27, 35, 40, 49, 72MHz.\">2.4GHz<\/abbr><\/li>\n<li>Materia\u0142 kad\u0142uba: w\u0142\u00f3kno szklane<\/li>\n<li>Rozmiar \u015bruby: D78\u00d7P1.4<\/li>\n<li>Waga: 15.1kg<\/li>\n<\/ul>\n<\/div>\n","protected":false},"excerpt":{"rendered":"<p>Imponuj\u0105cych rozmiar\u00f3w \u0142\u00f3dka Hurricane 1300GP z benzynowym silnikiem spalinowym o pojemno\u015bci 26cc, to propozycja dla tych, kt\u00f3rzy pragn\u0105 &#8216;zasia\u015b\u0107&#8217; za sterami pot\u0119\u017cnego modelu zdalnie sterowanej \u0142odzi &#8211; d\u0142ugo\u015b\u0107 to a\u017c 129cm! Jak przysta\u0142o na \u0142\u00f3d\u017a tej klasy, posiada ona szereg unikalnych rozwi\u0105za\u0144 dla zapewnienia maksymalnej wydajno\u015bci i komfortu u\u017cytkowania. Pokryty miedzi\u0105 wa\u0142 zapewnia p\u0142ynne przeniesienie&#8230;<\/p>\n","protected":false},"featured_media":4542,"comment_status":"open","ping_status":"closed","template":"","meta":{"_s2mail":""},"product_cat":[495],"product_tag":[],"_links":{"self":[{"href":"https:\/\/sklep.aveos.pl\/index.php\/wp-json\/wp\/v2\/product\/4541"}],"collection":[{"href":"https:\/\/sklep.aveos.pl\/index.php\/wp-json\/wp\/v2\/product"}],"about":[{"href":"https:\/\/sklep.aveos.pl\/index.php\/wp-json\/wp\/v2\/types\/product"}],"replies":[{"embeddable":true,"href":"https:\/\/sklep.aveos.pl\/index.php\/wp-json\/wp\/v2\/comments?post=4541"}],"wp:featuredmedia":[{"embeddable":true,"href":"https:\/\/sklep.aveos.pl\/index.php\/wp-json\/wp\/v2\/media\/4542"}],"wp:attachment":[{"href":"https:\/\/sklep.aveos.pl\/index.php\/wp-json\/wp\/v2\/media?parent=4541"}],"wp:term":[{"taxonomy":"product_cat","embeddable":true,"href":"https:\/\/sklep.aveos.pl\/index.php\/wp-json\/wp\/v2\/product_cat?post=4541"},{"taxonomy":"product_tag","embeddable":true,"href":"https:\/\/sklep.aveos.pl\/index.php\/wp-json\/wp\/v2\/product_tag?post=4541"}],"curies":[{"name":"wp","href":"https:\/\/api.w.org\/{rel}","templated":true}]}}