{"id":4545,"date":"2017-04-06T16:11:27","date_gmt":"2017-04-06T14:11:27","guid":{"rendered":"http:\/\/sklep.air360.pl\/?post_type=product&#038;p=4545"},"modified":"2017-04-06T16:13:15","modified_gmt":"2017-04-06T14:13:15","slug":"silverline-deep-vee-rc-2ch-2-4ghz-rtr-26ccm-benzyna-95-okt","status":"publish","type":"product","link":"https:\/\/sklep.aveos.pl\/index.php\/produkt\/silverline-deep-vee-rc-2ch-2-4ghz-rtr-26ccm-benzyna-95-okt\/","title":{"rendered":"Silverline Deep Vee RC 2CH 2.4GHz RTR &#8211; 26ccm benzyna 95 okt."},"content":{"rendered":"<p>Nowo\u015b\u0107 w Polsce od cenionego producenta wysokiej klasy \u0142odzi wy\u015bcigowych Joysway!<\/p>\n<p>Model \u0142odzi Joysway Silverline <abbr class=\"m3dict\" title=\"Ready To Run, czyli gotowy do zabawy po wyj\u0119ciu z pude\u0142ka\">RTR<\/abbr> 2.4G Deep Vee RC stanowi idealne rozwi\u0105zanie dla ka\u017cdego, kto jest spragniony pr\u0119dko\u015bci i adrenaliny na wodzie. \u0141\u00f3d\u017a rozp\u0119dza si\u0119 maksymalnie do pr\u0119dko\u015bci 60km\/h!<\/p>\n<p>Joysway Silverline <abbr class=\"m3dict\" title=\"Ready To Run, czyli gotowy do zabawy po wyj\u0119ciu z pude\u0142ka\">RTR<\/abbr> 2.4G Deep Vee RC wyposa\u017cono w pot\u0119\u017cny silnik benzynowy o pojemno\u015bci 26cm3 z systemem ch\u0142odzenia wod\u0105, a 9kg <abbr class=\"m3dict\" title=\"Urz\u0105dzenie zamontowane w modelu wykonuj\u0105ce komendy zadane przez modelarza za pomoc\u0105 nadajnika. Pod\u0142\u0105czone do nadajnika i zazwyczaj zasilane pr\u0105dem sta\u0142ym o napi\u0119ciu 4.5V - 6.0V. Zbudowane z silnika elektrycznego i przek\u0142adni. Parametry charakteryzuj\u0105ce to pr\u0119dko\u015b\u0107 i ud\u017awig. Stosowane do skr\u0119tu, gazu, lotek, klap, steru, itp.\">serwo<\/abbr> zapewnia wysoki moment obrotowy.<br \/>\n<img loading=\"lazy\" src=\"https:\/\/www.gimmik.net\/usr\/inline_images\/storage\/14512\/JW-9111A-10.JPG\" alt=\"\" width=\"499\" height=\"333\" \/><br \/>\nPrezentowany model posiada tak\u017ce siln\u0105 dwup\u0142atow\u0105 \u015brub\u0119 nap\u0119dow\u0105.<br \/>\n<img loading=\"lazy\" src=\"https:\/\/www.gimmik.net\/usr\/inline_images\/storage\/14512\/JW-9111A-06.JPG\" alt=\"\" width=\"513\" height=\"374\" \/><br \/>\nProducent zadba\u0142 o najmniejsze szczeg\u00f3\u0142y i wyposa\u017cy\u0142 \u0142\u00f3dk\u0119 w pi\u0119kny kad\u0142ub wykonany z w\u0142\u00f3kna szklanego. \u0141\u00f3d\u017a sprzedawana jest w gotowym zestawie, pomalowana, uszczelniona, z silnikiem oraz zainstalowanym usterzeniem.<br \/>\nDo zestawu dodawany jest r\u00f3wnie\u017c \u0142adnie wykonany stojak do ekspozycji.<br \/>\n<img loading=\"lazy\" src=\"https:\/\/www.gimmik.net\/usr\/inline_images\/storage\/14512\/91111a.jpg\" alt=\"\" width=\"609\" height=\"297\" \/>Ta stutrzydziestocentymetrowa motor\u00f3wka RC zadowoli nawet najbardziej wymagaj\u0105cych modelarzy wodnych, zapewniaj\u0105c godziny doskona\u0142ej zabawy przy olbrzymich pr\u0119dko\u015bciach.<\/p>\n<p>W zestawie znajduje si\u0119 2-kana\u0142owe radio oraz 4-kana\u0142owy odbiornik. Radio posiada trymer, rewers skr\u0119tu oraz funkcj\u0119 EPA skr\u0119tu umo\u017cliwiaj\u0105c\u0105 ograniczenie promienia skr\u0119tu. Nadajnik zasilany jest 4 bateriami &#8220;AA&#8221;.<\/p>\n<p><img src=\"https:\/\/www.gimmik.net\/usr\/inline_images\/storage\/14512\/radio.jpg\" alt=\"\" \/><\/p>\n<div>\n<p><span class=\"subtitle\">Dane techniczne<\/span><\/p>\n<ul>\n<li>D\u0142ugo\u015b\u0107 ca\u0142kowita: 1300mm<\/li>\n<li>Szeroko\u015b\u0107: 340mm<\/li>\n<li>Waga modelu: 6.1kg<\/li>\n<li>Silnik: benzynowy ch\u0142odzony wod\u0105 26cm3 z t\u0142umikiem<\/li>\n<li>Wysokiej jako\u015bci kad\u0142ub z w\u0142\u00f3kna szklanego<\/li>\n<li>Dwup\u0142atowa metalowa \u015bruba<\/li>\n<li>Fabrycznie zainstalowany system radiowy <abbr class=\"m3dict\" title=\"System radiowy wysokiej cz\u0119stotliwo\u015bci odpornej na zak\u0142\u00f3cenia o znacznie wi\u0119kszym zasi\u0119gu. Coraz bardziej wypiera systemy radiowe o niskich cz\u0119stotliwo\u015bciach tj. 27, 35, 40, 49, 72MHz.\">2.4GHz<\/abbr><\/li>\n<li>Serwo 9kg z wysokim momentem obrotowym<\/li>\n<li>Czas zabawy: 20 minut na jednym zbiorniku<\/li>\n<\/ul>\n<\/div>\n<div>\n<p><span class=\"subtitle\">Sk\u0142ad zestawu<\/span><\/p>\n<ul>\n<li>Model Silverline <abbr class=\"m3dict\" title=\"Ready To Run, czyli gotowy do zabawy po wyj\u0119ciu z pude\u0142ka\">RTR<\/abbr> 2.4G Deep Vee RC<\/li>\n<li>Nadajnik 2CH J2C93<\/li>\n<li>Odbiornik 4CH J2C91R<\/li>\n<li>Silnik benzynowy 26cm3<\/li>\n<li>Fabrycznie zainstalowany system radiowy <abbr class=\"m3dict\" title=\"System radiowy wysokiej cz\u0119stotliwo\u015bci odpornej na zak\u0142\u00f3cenia o znacznie wi\u0119kszym zasi\u0119gu. Coraz bardziej wypiera systemy radiowe o niskich cz\u0119stotliwo\u015bciach tj. 27, 35, 40, 49, 72MHz.\">2.4GHz<\/abbr><\/li>\n<li>\u0141o\u017cyskowany wa\u0142 nap\u0119dowy z zamontowan\u0105 \u015brub\u0105 2-\u0142opatow\u0105<\/li>\n<li>\u0141adnie wykonany, laserowo wyci\u0119ty ze sklejki stojak do ekspozycji<\/li>\n<\/ul>\n<\/div>\n","protected":false},"excerpt":{"rendered":"<p>Nowo\u015b\u0107 w Polsce od cenionego producenta wysokiej klasy \u0142odzi wy\u015bcigowych Joysway! Model \u0142odzi Joysway Silverline RTR 2.4G Deep Vee RC stanowi idealne rozwi\u0105zanie dla ka\u017cdego, kto jest spragniony pr\u0119dko\u015bci i adrenaliny na wodzie. \u0141\u00f3d\u017a rozp\u0119dza si\u0119 maksymalnie do pr\u0119dko\u015bci 60km\/h! Joysway Silverline RTR 2.4G Deep Vee RC wyposa\u017cono w pot\u0119\u017cny silnik benzynowy o pojemno\u015bci 26cm3&#8230;<\/p>\n","protected":false},"featured_media":4546,"comment_status":"open","ping_status":"closed","template":"","meta":{"_s2mail":""},"product_cat":[495],"product_tag":[],"_links":{"self":[{"href":"https:\/\/sklep.aveos.pl\/index.php\/wp-json\/wp\/v2\/product\/4545"}],"collection":[{"href":"https:\/\/sklep.aveos.pl\/index.php\/wp-json\/wp\/v2\/product"}],"about":[{"href":"https:\/\/sklep.aveos.pl\/index.php\/wp-json\/wp\/v2\/types\/product"}],"replies":[{"embeddable":true,"href":"https:\/\/sklep.aveos.pl\/index.php\/wp-json\/wp\/v2\/comments?post=4545"}],"wp:featuredmedia":[{"embeddable":true,"href":"https:\/\/sklep.aveos.pl\/index.php\/wp-json\/wp\/v2\/media\/4546"}],"wp:attachment":[{"href":"https:\/\/sklep.aveos.pl\/index.php\/wp-json\/wp\/v2\/media?parent=4545"}],"wp:term":[{"taxonomy":"product_cat","embeddable":true,"href":"https:\/\/sklep.aveos.pl\/index.php\/wp-json\/wp\/v2\/product_cat?post=4545"},{"taxonomy":"product_tag","embeddable":true,"href":"https:\/\/sklep.aveos.pl\/index.php\/wp-json\/wp\/v2\/product_tag?post=4545"}],"curies":[{"name":"wp","href":"https:\/\/api.w.org\/{rel}","templated":true}]}}