{"id":4669,"date":"2017-04-18T19:08:42","date_gmt":"2017-04-18T17:08:42","guid":{"rendered":"http:\/\/sklep.air360.pl\/?post_type=product&#038;p=4669"},"modified":"2017-04-18T19:08:42","modified_gmt":"2017-04-18T17:08:42","slug":"syma-x8hw-kamera-fpv-1mp-2-4ghz-funkcja-zawisu-zasieg-do-70m","status":"publish","type":"product","link":"https:\/\/sklep.aveos.pl\/index.php\/produkt\/syma-x8hw-kamera-fpv-1mp-2-4ghz-funkcja-zawisu-zasieg-do-70m\/","title":{"rendered":"Syma X8HW (kamera FPV 1MP, 2.4GHz, funkcja zawisu, zasi\u0119g do 70m)"},"content":{"rendered":"<div class=\"full_content\">Absolutna nowo\u015b\u0107 w naszej ofercie &#8211; nast\u0119pca znanego i niezwykle popularnego modelu W &#8211; <strong>Syma X8HW<\/strong>. To, co odr\u00f3\u017cnia go od poprzednika, to nie tylko jeszcze bardziej atrakcyjny wygl\u0105d, ale tak\u017ce <strong>funkcja zawisu<\/strong> oraz <strong>mo\u017cliwo\u015b\u0107 nagrywania obrazu bezpo\u015brednio na kart\u0119 pami\u0119ci<\/strong> znajduj\u0105c\u0105 si\u0119 w kame\u017ce. Nie musisz ju\u017c dba\u0107 o sta\u0142e utrzymanie wysoko\u015bci, poniewa\u017c <strong>X8HW<\/strong> zrobi to za Ciebie! Wystarczy pu\u015bci\u0107 dr\u0105\u017cek gazu, a dron b\u0119dzie utrzymywa\u0107 si\u0119 na danej wysoko\u015bci.<\/p>\n<p><img class=\"aligncenter\" src=\"https:\/\/www.gimmik.net\/usr\/inline_images\/storage\/18224\/HTB1u94NKpXXXXa9XpXXq6xXFXXX7.jpg\" alt=\"\" width=\"700\" \/><br \/>\n<strong>6-osiowy \u017cyroskop<\/strong> to gwarancja stabilno\u015bci w trakcie lotu, co u\u0142atwia nauk\u0119 latania i czyni j\u0105 jeszcze przyjemniejsz\u0105.<\/p>\n<p><img class=\"aligncenter\" src=\"https:\/\/www.gimmik.net\/usr\/inline_images\/storage\/18224\/HTB1HMRTKpXXXXcdXXXXq6xXFXXXd.jpg\" alt=\"\" width=\"700\" \/><br \/>\n<strong>Tryb inteligentnej orientacji lotu<\/strong> pozwala na <strong>lot do przodu niezale\u017cnie od pozycji modelu<\/strong> wzgl\u0119dem nadajnika. Nie musisz ju\u017c zmaga\u0107 si\u0119 z konieczno\u015bci\u0105 sta\u0142ego \u015bledzenia przedniej cz\u0119\u015bci modelu.<br \/>\n<img class=\"aligncenter\" src=\"https:\/\/www.gimmik.net\/usr\/inline_images\/storage\/18224\/HTB1s0NQKpXXXXXJXpXXq6xXFXXXk.jpg\" alt=\"\" width=\"700\" \/><strong>Tryb zawisu<\/strong> pozwala na <strong>lot na sta\u0142ej wysoko\u015bci bez potrzeby ci\u0105g\u0142ej kontroli<\/strong> &#8211; puszczaj\u0105c dr\u0105\u017cek gazu nie musisz obawia\u0107 si\u0119, \u017ce dron spadnie na ziemi\u0119.<\/p>\n<p><img class=\"aligncenter\" src=\"https:\/\/www.gimmik.net\/usr\/inline_images\/storage\/18224\/HTB1mRpZKpXXXXXIXXXXq6xXFXXXS.jpg\" alt=\"\" width=\"700\" \/><br \/>\n<strong>Kamera FPV<\/strong> o rozdzielczo\u015bci <strong>1MP<\/strong> pozwala na bezpo\u015bredni podgl\u0105d przesy\u0142anego obrazu na ekranie Twojego smartfona &#8211; wystarczy zainstalowa\u0107 odpowiedni\u0105 aplikacj\u0119, aby lot sta\u0142 si\u0119 jeszcze bardziej emocjonuj\u0105cy!<\/p>\n<p><img class=\"aligncenter\" src=\"https:\/\/www.gimmik.net\/usr\/inline_images\/storage\/18224\/HTB1okr1KpXXXXb0XVXXq6xXFXXXA.jpg\" alt=\"\" width=\"700\" \/>Os\u0142ony \u015bmigie\u0142 zapobiegaj\u0105 przypadkowemu uszkodzeniu \u015bmigie\u0142 a w rezultacie r\u00f3wnie\u017c silnik\u00f3w, a o\u015bwietlenie umieszczone w dolnej cz\u0119\u015bci ramion modelu u\u0142atwia nawigacj\u0119 przy z\u0142ej pogodzie i s\u0142abym \u015bwietle.<\/p>\n<p><img class=\"aligncenter\" src=\"https:\/\/www.gimmik.net\/usr\/inline_images\/storage\/18224\/HTB1VhhlKpXXXXa6aXXXq6xXFXXXF.jpg\" alt=\"\" width=\"600\" \/>Dron <strong>Syma X8HW<\/strong> to model typu <abbr class=\"m3dict\" title=\"Ready To Run, czyli gotowy do zabawy po wyj\u0119ciu z pude\u0142ka\">RTR<\/abbr>, gotowy do lotu natychmiast po wyj\u0119ciu z pude\u0142ka. Jedyne, czego potrzebujesz, to 4 baterie AA do nadajnika. Odkryj nowy wymiar rado\u015bci z latania, wybierz <strong>Sym\u0119 X8HW <\/strong>i ciesz si\u0119 podgl\u0105dem na \u017cywo oraz mo\u017cliwo\u015bci\u0105 zgrywania obrazu bezpo\u015brednio na kart\u0119 znajduj\u0105c\u0105 si\u0119 w kamerze! <strong>UWAGA: Zestaw nie zawiera smartfona!<\/strong><\/p>\n<div><span class=\"subtitle\">Dane techniczne<\/span><\/p>\n<ul>\n<li>Cz\u0119stotliwo\u015b\u0107: <abbr class=\"m3dict\" title=\"System radiowy wysokiej cz\u0119stotliwo\u015bci odpornej na zak\u0142\u00f3cenia o znacznie wi\u0119kszym zasi\u0119gu. Coraz bardziej wypiera systemy radiowe o niskich cz\u0119stotliwo\u015bciach tj. 27, 35, 40, 49, 72MHz.\">2.4GHz<\/abbr><\/li>\n<li>Liczba kana\u0142\u00f3w: 4CH<\/li>\n<li>Akumulator 7.4V 2000mAh LiPo<\/li>\n<li>Czas lotu: oko\u0142o 5-7 minut<\/li>\n<li>Czas \u0142adowania: oko\u0142o 3.5h<\/li>\n<li>Zasi\u0119g: do 70 metr\u00f3w<\/li>\n<li>Kamera: 1MP FPV (z miejscem na kart\u0119 pami\u0119ci)<\/li>\n<li>Karta pami\u0119ci do kamery<\/li>\n<li>6-osiowy \u017cyroskop<\/li>\n<li>Tryb inteligentnej orientacji lotu<\/li>\n<li>Os\u0142ony \u015bmigie\u0142<\/li>\n<li>Ewolucje w powietrzu &#8211; obr\u00f3t o 360 stopni<\/li>\n<li>Tryb zawisu &#8211; sta\u0142e utrzymywanie wysoko\u015bci<\/li>\n<li>Podwy\u017cszone n\u00f3\u017cki do l\u0105dowania dla wygodniejszego filmowania<\/li>\n<li>Zasilanie nadajnika: 4 baterie AA ( nie do\u0142\u0105czone do zestawu)<\/li>\n<li>Wymiary: 50 x 50 x 19cm<\/li>\n<\/ul>\n<\/div>\n<div><span class=\"subtitle\">Sk\u0142ad zestawu<\/span><\/p>\n<ul>\n<li>Dron Syma X8HW<\/li>\n<li>Nadajnik <abbr class=\"m3dict\" title=\"System radiowy wysokiej cz\u0119stotliwo\u015bci odpornej na zak\u0142\u00f3cenia o znacznie wi\u0119kszym zasi\u0119gu. Coraz bardziej wypiera systemy radiowe o niskich cz\u0119stotliwo\u015bciach tj. 27, 35, 40, 49, 72MHz.\">2.4GHz<\/abbr> 4CH<\/li>\n<li>Os\u0142ony \u015bmigie\u0142<\/li>\n<li>Zapasowe \u015bmig\u0142a x4<\/li>\n<li>Akumulator<\/li>\n<li>\u015arubokr\u0119t<\/li>\n<li>Zasilacz sieciowy<\/li>\n<li>\u0141adowarka z balanserem<\/li>\n<li>Instrukcja obs\u0142ugi<\/li>\n<\/ul>\n<\/div>\n<\/div>\n<div class=\"myclear\"><\/div>\n<div>\n<div>\n<p>Syma X8HW &#8211; podgl\u0105d FPV<\/p>\n<\/div>\n<\/div>\n","protected":false},"excerpt":{"rendered":"<p>Absolutna nowo\u015b\u0107 w naszej ofercie &#8211; nast\u0119pca znanego i niezwykle popularnego modelu W &#8211; Syma X8HW. To, co odr\u00f3\u017cnia go od poprzednika, to nie tylko jeszcze bardziej atrakcyjny wygl\u0105d, ale tak\u017ce funkcja zawisu oraz mo\u017cliwo\u015b\u0107 nagrywania obrazu bezpo\u015brednio na kart\u0119 pami\u0119ci znajduj\u0105c\u0105 si\u0119 w kame\u017ce. Nie musisz ju\u017c dba\u0107 o sta\u0142e utrzymanie wysoko\u015bci, poniewa\u017c X8HW&#8230;<\/p>\n","protected":false},"featured_media":4670,"comment_status":"open","ping_status":"closed","template":"","meta":{"_s2mail":""},"product_cat":[504],"product_tag":[],"_links":{"self":[{"href":"https:\/\/sklep.aveos.pl\/index.php\/wp-json\/wp\/v2\/product\/4669"}],"collection":[{"href":"https:\/\/sklep.aveos.pl\/index.php\/wp-json\/wp\/v2\/product"}],"about":[{"href":"https:\/\/sklep.aveos.pl\/index.php\/wp-json\/wp\/v2\/types\/product"}],"replies":[{"embeddable":true,"href":"https:\/\/sklep.aveos.pl\/index.php\/wp-json\/wp\/v2\/comments?post=4669"}],"wp:featuredmedia":[{"embeddable":true,"href":"https:\/\/sklep.aveos.pl\/index.php\/wp-json\/wp\/v2\/media\/4670"}],"wp:attachment":[{"href":"https:\/\/sklep.aveos.pl\/index.php\/wp-json\/wp\/v2\/media?parent=4669"}],"wp:term":[{"taxonomy":"product_cat","embeddable":true,"href":"https:\/\/sklep.aveos.pl\/index.php\/wp-json\/wp\/v2\/product_cat?post=4669"},{"taxonomy":"product_tag","embeddable":true,"href":"https:\/\/sklep.aveos.pl\/index.php\/wp-json\/wp\/v2\/product_tag?post=4669"}],"curies":[{"name":"wp","href":"https:\/\/api.w.org\/{rel}","templated":true}]}}