{"id":4693,"date":"2017-04-21T13:03:15","date_gmt":"2017-04-21T11:03:15","guid":{"rendered":"http:\/\/sklep.aveos.pl\/?post_type=product&#038;p=4693"},"modified":"2024-05-30T20:42:50","modified_gmt":"2024-05-30T18:42:50","slug":"syma-x5uw-kamera-wifi-fpv-1mp-2-4ghz-funkcja-zawisu-zasieg-do-70m-planowanie-trasy","status":"publish","type":"product","link":"https:\/\/sklep.aveos.pl\/index.php\/produkt\/syma-x5uw-kamera-wifi-fpv-1mp-2-4ghz-funkcja-zawisu-zasieg-do-70m-planowanie-trasy\/","title":{"rendered":"Syma X5UW (kamera WiFi FPV 1MP, 2.4GHz, funkcja zawisu, zasi\u0119g do 70m, planowanie trasy)"},"content":{"rendered":"<p>Absolutna nowo\u015b\u0107 od znanego na ca\u0142ym \u015bwiecie producenta dron\u00f3w &#8211;<strong> Syma X5UW<\/strong>. Przedstawiamy najnowszy model z serii dron\u00f3w X5. Ca\u0142kowicie od\u015bwie\u017cony wygl\u0105d i innwacyjne rozwi\u0105zania wyr\u00f3\u017cniaj\u0105 model <strong>X5UW <\/strong>na tle innych dron\u00f3w. <strong><\/p>\n<p><img class=\"aligncenter\" src=\"https:\/\/www.gimmik.net\/usr\/inline_images\/storage\/18464\/X5UW_10a.jpg\" alt=\"\" \/><\/p>\n<p>6-osiowy \u017cyroskop<\/strong> pozwala na zachowanie maksymalnej stabilno\u015bci w czasie lotu, co skutecznie u\u0142awia nauk\u0119 latania jak i dostarczy jeszcze wi\u0119cej rado\u015bci z lotu.<\/p>\n<p><img class=\"alignleft\" src=\"https:\/\/www.gimmik.net\/usr\/inline_images\/storage\/18464\/headless.jpg\" alt=\"\" \/><\/p>\n<p><strong>Tryb inteligentnej orientacji lotu<\/strong> pozwala na lot do przodu niezale\u017cnie od pozycji modelu wzgl\u0119dem nadajnika. Dzi\u0119ki temu nie musisz martwi\u0107 si\u0119 o utrzymywanie sta\u0142ej pozycji.<\/p>\n<p><strong><img class=\"alignright\" src=\"https:\/\/www.gimmik.net\/usr\/inline_images\/storage\/18464\/X5UW_12.jpg\" alt=\"\" \/><\/p>\n<p>Tryb zawisu <\/strong>pozwala na utrzymanie sta\u0142ej wysoko\u015bci bez dodatkowej kontroli. Po prostu pu\u015b\u0107 dr\u0105\u017cek gazu, a dron zawi\u015bnie w powietrzu. <strong><\/p>\n<p><\/strong><br \/>\n<strong><img class=\"alignleft\" src=\"https:\/\/www.gimmik.net\/usr\/inline_images\/storage\/18464\/X5UW_08a.jpg\" alt=\"\" \/>Kamera FPV o rozdzielczo\u015bci 1MP<\/strong> pozwala na bezpo\u015bredni\u0105 transmisj\u0119 obrazu na ekran Twojego smartfona, jak r\u00f3wnie\u017c zapis zdj\u0119\u0107 oraz nagra\u0144 na karcie pami\u0119ci telefonu.<\/p>\n<p><img class=\"alignright\" src=\"https:\/\/www.gimmik.net\/usr\/inline_images\/storage\/18464\/oslny1A.jpg\" alt=\"\" \/><\/p>\n<p>Os\u0142ony \u015bmigie\u0142 zapobiegaj\u0105 przypadkowemu uszkodzeniu<br \/>\n\u015bmigie\u0142 a w rezultacie r\u00f3wnie\u017c silnik\u00f3w<\/p>\n<p>O\u015bwietlenie umieszczone w dolnej cz\u0119\u015bci ramion modelu u\u0142atwia nwigacj\u0119 przy z\u0142ej pogodzie i s\u0142abym \u015bwietle.<br \/>\n<img class=\"aligncenter\" src=\"https:\/\/www.gimmik.net\/usr\/inline_images\/storage\/18464\/LED1a.jpg\" alt=\"\" \/><img class=\"alignleft\" src=\"https:\/\/www.gimmik.net\/usr\/inline_images\/storage\/18464\/X5UW_02x.jpg\" alt=\"\" \/><\/p>\n<p><strong>Nowa aplikacja SYMA GO<\/strong> wprowadza innowacyjne rozwi\u0105zania w sterowaniu dronem.<\/p>\n<p>Od teraz Tw\u00f3j telefon mo\u017ce w pe\u0142ni kontrolowa\u0107 wszytskie funkcje drona. Dodatkowo tylko w aplikacji dost\u0119pne s\u0105 unikalne ca\u0142kowicie nowe funkcje m.in. <strong>uruchamianie i wy\u0142\u0105czenia drona, <\/strong><strong>automatyczny start\/l\u0105dowanie &#8211;<\/strong> wystarczy jedno klikni\u0119cie. Hitem jest r\u00f3wnie\u017c mo\u017cliwo\u015b\u0107 <strong>zaplanowania trasy lotu<\/strong> drona. B\u0119dziesz zasokoczony w jak intuicyjny i \u0142atwy spos\u00f3b mo\u017cna sterowa\u0107 dronem.<\/p>\n<p><strong><\/p>\n<p>PLAN LOTU<\/strong><br \/>\n<img class=\"aligncenter\" src=\"https:\/\/www.gimmik.net\/usr\/inline_images\/storage\/18464\/X5UW_04aa.jpg\" alt=\"\" \/><\/p>\n<h1><strong>Wystarczy kilka klikni\u0119\u0107 i dron<\/strong> pod\u0105\u017cy wyznaczon\u0105 tras\u0105.<\/h1>\n<p><img class=\"alignleft\" src=\"https:\/\/www.gimmik.net\/usr\/inline_images\/storage\/18464\/X5UW_17A.jpg\" alt=\"\" \/><br \/>\nDron <strong>Syma X5UW<\/strong> to model typu <abbr class=\"m3dict\" title=\"Ready To Run, czyli gotowy do zabawy po wyj\u0119ciu z pude\u0142ka\">RTR<\/abbr>, gotowy do lotu natychmiast po wyj\u0119ciu z pude\u0142ka. Jedyne, czego potrzebujesz, to 4 baterie AA do nadajnika. Wzbij si\u0119 w powietrze ju\u017c dzi\u015b za sterami <strong>X5UW!<br \/>\n<img class=\"aligncenter\" src=\"https:\/\/www.gimmik.net\/usr\/inline_images\/storage\/18464\/X5UW_20.jpg\" alt=\"\" \/><br \/>\n<\/strong><br \/>\nWszystko zapakowane w eleganckie pude\u0142ko idealne na prezent<\/p>\n<p><img class=\"aligncenter\" src=\"https:\/\/www.gimmik.net\/usr\/inline_images\/storage\/18464\/X5UW_25A.jpg\" alt=\"\" \/><br \/>\nPobie\u017c ju\u017c dzi\u015b aplikacj\u0119 dla Twojego telefonu:<br \/>\n<a href=\"https:\/\/itunes.apple.com\/pl\/app\/syma-go\/id1109697997?mt=8\"><img class=\"alignleft\" src=\"https:\/\/www.gimmik.net\/usr\/inline_images\/storage\/18464\/app-store-pl.png\" alt=\"\" \/><\/a><a href=\"https:\/\/play.google.com\/store\/apps\/details?id=com.tomdxs.symago\"><img class=\"alignnone\" src=\"https:\/\/www.gimmik.net\/usr\/inline_images\/storage\/18464\/google-play-pl.png\" alt=\"\" \/><\/a><\/p>\n<div><span class=\"subtitle\">Dane techniczne<\/span><\/p>\n<ul>\n<li>Cz\u0119stotliwo\u015b\u0107: <abbr class=\"m3dict\" title=\"System radiowy wysokiej cz\u0119stotliwo\u015bci odpornej na zak\u0142\u00f3cenia o znacznie wi\u0119kszym zasi\u0119gu. Coraz bardziej wypiera systemy radiowe o niskich cz\u0119stotliwo\u015bciach tj. 27, 35, 40, 49, 72MHz.\">2.4GHz<\/abbr><\/li>\n<li>Liczba kana\u0142\u00f3w: 4CH<\/li>\n<li>Akumulator 3.7V 500mAh LiPo<\/li>\n<li>Czas lotu: oko\u0142o 7 minut<\/li>\n<li>Czas \u0142adowania: oko\u0142o 130 minut (przez USB)<\/li>\n<li>Zasi\u0119g: do 70 metr\u00f3w<\/li>\n<li>Kamera WiFi FPV: 1MP<\/li>\n<li>6-osiowy \u017cyroskop<\/li>\n<li>Wbudowany barometr &#8211; funkcja zawisu<\/li>\n<li>Tryb inteligentnej orientacji lotu<\/li>\n<li>Os\u0142ony \u015bmigie\u0142<\/li>\n<li>Ewolucje w powietrzu &#8211; obr\u00f3t o 360 stopni<\/li>\n<li>Podwy\u017cszone n\u00f3\u017cki do l\u0105dowania dla wygodniejszego filmowania<\/li>\n<li>Zasilanie nadajnika: 4 baterie AA ( nie do\u0142\u0105czone do zestawu)<\/li>\n<li>Wymiary: 32 x 32 x 10cm<\/li>\n<li>Waga: 200g<\/li>\n<\/ul>\n<\/div>\n<div><span class=\"subtitle\">Sk\u0142ad zestawu<\/span><\/p>\n<ul>\n<li>Model Syma X5UW<\/li>\n<li>Aparatura <abbr class=\"m3dict\" title=\"System radiowy wysokiej cz\u0119stotliwo\u015bci odpornej na zak\u0142\u00f3cenia o znacznie wi\u0119kszym zasi\u0119gu. Coraz bardziej wypiera systemy radiowe o niskich cz\u0119stotliwo\u015bciach tj. 27, 35, 40, 49, 72MHz.\">2.4GHz<\/abbr> 4CH<\/li>\n<li>Akumulator 3.7V 500mAh LiPo<\/li>\n<li>Os\u0142ony \u015bmigie\u0142<\/li>\n<li>\u0141adowarka USB<\/li>\n<li>Kamera<\/li>\n<li>Czytnik kart pami\u0119ci<\/li>\n<li>\u015arubokr\u0119t<\/li>\n<li>Zapasowe \u015bmig\u0142a &#8211; 4szt<\/li>\n<li>Uchwyt na telefon<\/li>\n<li>Instrukcja obs\u0142ugi<\/li>\n<\/ul>\n<\/div>\n","protected":false},"excerpt":{"rendered":"<p>Absolutna nowo\u015b\u0107 od znanego na ca\u0142ym \u015bwiecie producenta dron\u00f3w &#8211; Syma X5UW. Przedstawiamy najnowszy model z serii dron\u00f3w X5. Ca\u0142kowicie od\u015bwie\u017cony wygl\u0105d i innwacyjne rozwi\u0105zania wyr\u00f3\u017cniaj\u0105 model X5UW na tle innych dron\u00f3w. 6-osiowy \u017cyroskop pozwala na zachowanie maksymalnej stabilno\u015bci w czasie lotu, co skutecznie u\u0142awia nauk\u0119 latania jak i dostarczy jeszcze wi\u0119cej rado\u015bci z lotu&#8230;.<\/p>\n","protected":false},"featured_media":4694,"comment_status":"open","ping_status":"closed","template":"","meta":{"_s2mail":""},"product_cat":[504],"product_tag":[],"_links":{"self":[{"href":"https:\/\/sklep.aveos.pl\/index.php\/wp-json\/wp\/v2\/product\/4693"}],"collection":[{"href":"https:\/\/sklep.aveos.pl\/index.php\/wp-json\/wp\/v2\/product"}],"about":[{"href":"https:\/\/sklep.aveos.pl\/index.php\/wp-json\/wp\/v2\/types\/product"}],"replies":[{"embeddable":true,"href":"https:\/\/sklep.aveos.pl\/index.php\/wp-json\/wp\/v2\/comments?post=4693"}],"wp:featuredmedia":[{"embeddable":true,"href":"https:\/\/sklep.aveos.pl\/index.php\/wp-json\/wp\/v2\/media\/4694"}],"wp:attachment":[{"href":"https:\/\/sklep.aveos.pl\/index.php\/wp-json\/wp\/v2\/media?parent=4693"}],"wp:term":[{"taxonomy":"product_cat","embeddable":true,"href":"https:\/\/sklep.aveos.pl\/index.php\/wp-json\/wp\/v2\/product_cat?post=4693"},{"taxonomy":"product_tag","embeddable":true,"href":"https:\/\/sklep.aveos.pl\/index.php\/wp-json\/wp\/v2\/product_tag?post=4693"}],"curies":[{"name":"wp","href":"https:\/\/api.w.org\/{rel}","templated":true}]}}