{"id":4718,"date":"2017-04-21T19:05:56","date_gmt":"2017-04-21T17:05:56","guid":{"rendered":"http:\/\/sklep.aveos.pl\/?post_type=product&#038;p=4718"},"modified":"2021-05-16T19:38:20","modified_gmt":"2021-05-16T17:38:20","slug":"syma-x5sw-explorers-2-2-4ghz-wifi-fpv-kamera-0-3mp-zasieg-30m","status":"publish","type":"product","link":"https:\/\/sklep.aveos.pl\/index.php\/produkt\/syma-x5sw-explorers-2-2-4ghz-wifi-fpv-kamera-0-3mp-zasieg-30m\/","title":{"rendered":"Syma X5SW Explorers 2 2.4GHz (WiFi FPV, kamera 0.3MP, zasi\u0119g 30m)"},"content":{"rendered":"<p>Dron <strong>Syma X5SW z kamer\u0105 FPV w technologii WiFi<\/strong> (przesy\u0142anie obrazu bezpo\u015brednio na telefon), trybem Inteligentnej Orientacji Lotu, sterowany radiem na <strong>cz\u0119stotliwo\u015bci <abbr class=\"m3dict\" title=\"System radiowy wysokiej cz\u0119stotliwo\u015bci odpornej na zak\u0142\u00f3cenia o znacznie wi\u0119kszym zasi\u0119gu. Coraz bardziej wypiera systemy radiowe o niskich cz\u0119stotliwo\u015bciach tj. 27, 35, 40, 49, 72MHz.\">2.4GHz<\/abbr><\/strong>. Dzi\u0119ki podgl\u0105dowi w czasie rzeczywistym, Twoje zdj\u0119cia i filmy b\u0119d\u0105 jeszcze ciekawsze.<\/p>\n<p><img class=\"aligncenter\" src=\"https:\/\/www.gimmik.net\/usr\/inline_images\/storage\/16607\/fw4y34y.jpg\" alt=\"\" \/><br \/>\n<strong>1. 6-osiowy \u017cyroskop gwarantuje stabilno\u015b\u0107 i bezpiecze\u0144stwo lotu.<\/strong><\/p>\n<p><img class=\"aligncenter\" src=\"https:\/\/www.gimmik.net\/usr\/inline_images\/storage\/16607\/et23y2y2.jpg\" alt=\"\" \/><br \/>\n<strong>2. Tryb inteligentnej orientacji lotu oraz niezwyk\u0142a \u0142atwo\u015b\u0107 wykonywania powietrznych akrobacji, <\/strong>czyni\u0105 model <strong>Syma X5SW<\/strong> niezwykle \u0142atwym w opanowaniu i sterowaniu, dzi\u0119ki czemu przypadnie on do gustu tak\u017ce m\u0142odszym entuzjastom modeli lataj\u0105cych.<br \/>\n<img class=\"aligncenter\" src=\"https:\/\/www.gimmik.net\/usr\/inline_images\/storage\/16607\/akrobacje.jpg\" alt=\"\" \/><br \/>\n<strong>3. Nadajnik <abbr class=\"m3dict\" title=\"System radiowy wysokiej cz\u0119stotliwo\u015bci odpornej na zak\u0142\u00f3cenia o znacznie wi\u0119kszym zasi\u0119gu. Coraz bardziej wypiera systemy radiowe o niskich cz\u0119stotliwo\u015bciach tj. 27, 35, 40, 49, 72MHz.\">2.4GHz<\/abbr> <\/strong>posiada liczne funkcje<strong>, <\/strong>kt\u00f3re uatrakcyjniaj\u0105 lot i pozwalaj\u0105 na <strong>dostosowanie sterowania do preferencji u\u017cytkownika.<br \/>\n<img class=\"aligncenter\" src=\"https:\/\/www.gimmik.net\/usr\/inline_images\/storage\/16607\/Syma_X57.jpg\" alt=\"\" width=\"500\" \/><br \/>\n<\/strong><br \/>\n4. Os\u0142ony \u015bmigie\u0142 <strong>zapewniaj\u0105 bezpiecze\u0144stwo u\u017cytkowania<\/strong> i ograniczaj\u0105 mo\u017cliwo\u015b\u0107 uszkodzenia modelu w czasie kolizji. Kamera mo\u017ce zosta\u0107 z \u0142atwo\u015bci\u0105 zdemontowana, dzi\u0119ki szynie u\u0142atwiaj\u0105cej jej instalacj\u0119. Wysokie podwozie pozwala l\u0105dowa\u0107 w miejscach dot\u0105d niedost\u0119pnych, poprawia tak\u017ce k\u0105t widzenia kamery.<\/p>\n<p><img class=\"aligncenter\" src=\"https:\/\/www.gimmik.net\/usr\/inline_images\/storage\/16607\/przod.jpg\" alt=\"\" \/><\/p>\n<p><img class=\"aligncenter\" src=\"https:\/\/www.gimmik.net\/usr\/inline_images\/storage\/16607\/bok.jpg\" alt=\"\" \/><br \/>\n5. Dwa tryby <strong>MODE <\/strong>do wyboru, pozwalaj\u0105 na indywidualne dostosowanie sterowania.<\/p>\n<p><img class=\"aligncenter\" src=\"https:\/\/www.gimmik.net\/usr\/inline_images\/storage\/16607\/Syma_x52.jpg\" alt=\"\" width=\"700\" \/><br \/>\nPrezentowany dron <strong>Syma X5SW <\/strong>to modelu typu <strong><abbr class=\"m3dict\" title=\"Z ang. Ready To Fly, czyli kompletny i gotowy do lotu od razu po wyj\u0119ciu z pude\u0142ka\">RTF<\/abbr>, <\/strong>jedyne, czego potrzebujesz to 4szt. baterii AA (paluszki) do nadajnika (nie do\u0142\u0105czone do zestawu), kt\u00f3re bez problemu kupisz w naszym sklepie.<\/p>\n<div><span class=\"subtitle\">Dane techniczne<\/span><\/p>\n<ul>\n<li>Wysoko\u015b\u0107: 110mm<\/li>\n<li>Szeroko\u015b\u0107: 315mm<\/li>\n<li>D\u0142ugo\u015b\u0107: 315mm<\/li>\n<li>Waga: 967g<\/li>\n<li>Akumulator: 3.7V 500mAh LiPo<\/li>\n<li>Czas \u0142adowania: oko\u0142o 120 minut<\/li>\n<li>Czas lotu: 6-8 minut<\/li>\n<li>Kamera: FPV 0.3MP 640x480px<\/li>\n<li>Aplikacja do FPV dla telefon\u00f3w dzia\u0142aj\u0105cych pod kontrol\u0105 iOS oraz Android<\/li>\n<li>Lot w g\u00f3r\u0119\/do\u0142, w lewo\/prawo na bok, do przodu\/ty\u0142u, skr\u0119t w lewo\/prawo<\/li>\n<li>Dwa tryby pracy pracy nadajnika: MODE1 i MODE2<\/li>\n<\/ul>\n<\/div>\n<div><span class=\"subtitle\">Sk\u0142ad zestawu<\/span><\/p>\n<ul>\n<li>Quadcopter <strong>Syma X5SW<\/strong><\/li>\n<li>Nadajnik <abbr class=\"m3dict\" title=\"System radiowy wysokiej cz\u0119stotliwo\u015bci odpornej na zak\u0142\u00f3cenia o znacznie wi\u0119kszym zasi\u0119gu. Coraz bardziej wypiera systemy radiowe o niskich cz\u0119stotliwo\u015bciach tj. 27, 35, 40, 49, 72MHz.\">2.4GHz<\/abbr><\/li>\n<li>Kabel USB do \u0142adowania<\/li>\n<li>Zapasowe \u015bmig\u0142a x4<\/li>\n<li>Akumulator<\/li>\n<\/ul>\n<\/div>\n","protected":false},"excerpt":{"rendered":"<p>Dron Syma X5SW z kamer\u0105 FPV w technologii WiFi (przesy\u0142anie obrazu bezpo\u015brednio na telefon), trybem Inteligentnej Orientacji Lotu, sterowany radiem na cz\u0119stotliwo\u015bci 2.4GHz. Dzi\u0119ki podgl\u0105dowi w czasie rzeczywistym, Twoje zdj\u0119cia i filmy b\u0119d\u0105 jeszcze ciekawsze. 1. 6-osiowy \u017cyroskop gwarantuje stabilno\u015b\u0107 i bezpiecze\u0144stwo lotu. 2. Tryb inteligentnej orientacji lotu oraz niezwyk\u0142a \u0142atwo\u015b\u0107 wykonywania powietrznych akrobacji, czyni\u0105&#8230;<\/p>\n","protected":false},"featured_media":4719,"comment_status":"open","ping_status":"closed","template":"","meta":{"_s2mail":""},"product_cat":[504],"product_tag":[],"_links":{"self":[{"href":"https:\/\/sklep.aveos.pl\/index.php\/wp-json\/wp\/v2\/product\/4718"}],"collection":[{"href":"https:\/\/sklep.aveos.pl\/index.php\/wp-json\/wp\/v2\/product"}],"about":[{"href":"https:\/\/sklep.aveos.pl\/index.php\/wp-json\/wp\/v2\/types\/product"}],"replies":[{"embeddable":true,"href":"https:\/\/sklep.aveos.pl\/index.php\/wp-json\/wp\/v2\/comments?post=4718"}],"wp:featuredmedia":[{"embeddable":true,"href":"https:\/\/sklep.aveos.pl\/index.php\/wp-json\/wp\/v2\/media\/4719"}],"wp:attachment":[{"href":"https:\/\/sklep.aveos.pl\/index.php\/wp-json\/wp\/v2\/media?parent=4718"}],"wp:term":[{"taxonomy":"product_cat","embeddable":true,"href":"https:\/\/sklep.aveos.pl\/index.php\/wp-json\/wp\/v2\/product_cat?post=4718"},{"taxonomy":"product_tag","embeddable":true,"href":"https:\/\/sklep.aveos.pl\/index.php\/wp-json\/wp\/v2\/product_tag?post=4718"}],"curies":[{"name":"wp","href":"https:\/\/api.w.org\/{rel}","templated":true}]}}