{"id":4761,"date":"2017-04-22T15:59:19","date_gmt":"2017-04-22T13:59:19","guid":{"rendered":"http:\/\/sklep.aveos.pl\/?post_type=product&#038;p=4761"},"modified":"2017-04-22T15:59:19","modified_gmt":"2017-04-22T13:59:19","slug":"raczka-dji-osmo-raczka-akumulator-ladowarka-uchwyt","status":"publish","type":"product","link":"https:\/\/sklep.aveos.pl\/index.php\/produkt\/raczka-dji-osmo-raczka-akumulator-ladowarka-uchwyt\/","title":{"rendered":"R\u0105czka DJI Osmo (r\u0105czka + akumulator + \u0142adowarka + uchwyt)"},"content":{"rendered":"<div id=\"component_projector_longdescription\" class=\"projector_longdescription cm \">\n<div class=\"iai_mid\">R\u0105czka dla DJI Osmo, d\u0142ugo wyczekiwana przez posiadaczy kamer X3 kt\u00f3re mo\u017cna bez problemu pod\u0142\u0105czy\u0107 do tej r\u0105czki.<\/p>\n<p>W Pe\u0142ni kompatybilna z kamerami X3 i X5<\/p><\/div>\n<\/div>\n<div id=\"component_projector_dictionary_no\" class=\"component_projector_dictionary\">\n<div class=\"n56173_main\">\n<div class=\"n56173_sub\">\n<table class=\"n54117_dictionary\">\n<tbody>\n<tr>\n<td class=\"n54117_item_a1\">pasuje do<span class=\"n67256colon\">:<\/span><\/td>\n<td class=\"n54117_item_b1\">\n<div class=\"n54117_item_b_sub\">osmo<\/div>\n<\/td>\n<\/tr>\n<\/tbody>\n<\/table>\n<\/div>\n<\/div>\n<\/div>\n","protected":false},"excerpt":{"rendered":"<p>R\u0105czka dla DJI Osmo, d\u0142ugo wyczekiwana przez posiadaczy kamer X3 kt\u00f3re mo\u017cna bez problemu pod\u0142\u0105czy\u0107 do tej r\u0105czki. W Pe\u0142ni kompatybilna z kamerami X3 i X5 pasuje do: osmo<\/p>\n","protected":false},"featured_media":4762,"comment_status":"open","ping_status":"closed","template":"","meta":{"_s2mail":""},"product_cat":[410],"product_tag":[],"_links":{"self":[{"href":"https:\/\/sklep.aveos.pl\/index.php\/wp-json\/wp\/v2\/product\/4761"}],"collection":[{"href":"https:\/\/sklep.aveos.pl\/index.php\/wp-json\/wp\/v2\/product"}],"about":[{"href":"https:\/\/sklep.aveos.pl\/index.php\/wp-json\/wp\/v2\/types\/product"}],"replies":[{"embeddable":true,"href":"https:\/\/sklep.aveos.pl\/index.php\/wp-json\/wp\/v2\/comments?post=4761"}],"wp:featuredmedia":[{"embeddable":true,"href":"https:\/\/sklep.aveos.pl\/index.php\/wp-json\/wp\/v2\/media\/4762"}],"wp:attachment":[{"href":"https:\/\/sklep.aveos.pl\/index.php\/wp-json\/wp\/v2\/media?parent=4761"}],"wp:term":[{"taxonomy":"product_cat","embeddable":true,"href":"https:\/\/sklep.aveos.pl\/index.php\/wp-json\/wp\/v2\/product_cat?post=4761"},{"taxonomy":"product_tag","embeddable":true,"href":"https:\/\/sklep.aveos.pl\/index.php\/wp-json\/wp\/v2\/product_tag?post=4761"}],"curies":[{"name":"wp","href":"https:\/\/api.w.org\/{rel}","templated":true}]}}