{"id":4880,"date":"2017-04-25T17:14:30","date_gmt":"2017-04-25T15:14:30","guid":{"rendered":"http:\/\/sklep.aveos.pl\/?post_type=product&#038;p=4880"},"modified":"2017-04-25T17:14:30","modified_gmt":"2017-04-25T15:14:30","slug":"crocodile-buggy-benzyna-2wd-24ghz","status":"publish","type":"product","link":"https:\/\/sklep.aveos.pl\/index.php\/produkt\/crocodile-buggy-benzyna-2wd-24ghz\/","title":{"rendered":"Crocodile Buggy benzyna 2WD 2,4GHz"},"content":{"rendered":"<p><b>Crocodile<\/b> to wyj\u0105tkowy model zdalnie sterowany w skali 1:5, a wszystko za spraw\u0105 nap\u0119dzaj\u0105cego go <b>silnika benzynowego!<\/b> Niepodrabialny ewenement i rarytas dla prawdziwych pasjonat\u00f3w modelsratwa!<\/p>\n<p>Auto charakteryzuje si\u0119 uniwersaln\u0105 konstrukcj\u0105 typu <abbr class=\"m3dict\" title=\"Typ zawieszenia samochodu charakteryzuj\u0105cy si\u0119 szerokim rozstawem k\u00f3\u0142 i niskim zawieszeniem. Cechy te powoduj\u0105, \u017ce auta typu buggy s\u0105 szybkie i dobrze trzymaj\u0105 si\u0119 drogi, dlatego te\u017c \u015bwietnie nadaj\u0105 si\u0119 do u\u017cytku przez modelarzy - zawodnik\u00f3w. W odr\u00f3\u017cnieniu od aut typu truggy, buggusy maj\u0105 stosunkowo w\u0105skie opony przez lepiej sprawdzaj\u0105 si\u0119 na utwardzonych torach m.in. ziemnych. Jednak mog\u0105 by\u0107 r\u00f3wnie\u017c u\u017cywane hobbystycznie do jazdy po innych nawierzchniach.\">buggy<\/abbr>, niezawodnym silnikiem oraz wysok\u0105 jako\u015bci\u0105 wykonania. <b>Model zaprojektowany zosta\u0142 tak, aby zapewni\u0107 u\u017cytkownikowi maksimum przyjemno\u015bci z prowadzenia modelu przy olbrzymich pr\u0119dko\u015bciach nawet do 100km\/h<\/b>, jednocze\u015bnie wymagaj\u0105c od niego jedynie podstaw wiedzy na temat konstrukcji i obs\u0142ugi spalinowych modeli RC.<\/p>\n<p><img loading=\"lazy\" class=\"aligncenter\" src=\"https:\/\/www.gimmik.net\/images\/jezdzace\/VRX_RH501_09.jpg\" width=\"700\" height=\"450\" \/><br \/>\n<b>Crocodile to niezwykle dynamiczna spalina z szarpank\u0105.<\/b> Jest stabilny i zwrotny oraz doskonale trzyma si\u0119 nawierzchni i bez problemu radzi sobie na zakr\u0119tach i szykanach. Dodatkowymi atutami prezentowanego buggusa jest amortyzowane zawieszenie, wytrzyma\u0142e wahacze i wydajne olejowe amortyzatory.<br \/>\nZe wzgl\u0119du na konstrukcj\u0119 typu <abbr class=\"m3dict\" title=\"Typ zawieszenia samochodu charakteryzuj\u0105cy si\u0119 szerokim rozstawem k\u00f3\u0142 i niskim zawieszeniem. Cechy te powoduj\u0105, \u017ce auta typu buggy s\u0105 szybkie i dobrze trzymaj\u0105 si\u0119 drogi, dlatego te\u017c \u015bwietnie nadaj\u0105 si\u0119 do u\u017cytku przez modelarzy - zawodnik\u00f3w. W odr\u00f3\u017cnieniu od aut typu truggy, buggusy maj\u0105 stosunkowo w\u0105skie opony przez lepiej sprawdzaj\u0105 si\u0119 na utwardzonych torach m.in. ziemnych. Jednak mog\u0105 by\u0107 r\u00f3wnie\u017c u\u017cywane hobbystycznie do jazdy po innych nawierzchniach.\">buggy<\/abbr> nadaje si\u0119 zar\u00f3wno do jazdy typowo zawodniczej jak i rekraacyjnej po pod\u0142o\u017cu ziemnym i powierzchniach utwardzonych.<\/p>\n<p><b>Cechy modelu:<\/b><\/p>\n<ul>\n<li>Pot\u0119\u017cny 30cm silnik benzynowy z szarpank\u0105<\/li>\n<li>Zbiornik o pojemno\u015bci 650ml<\/li>\n<li>Nap\u0119d na tylni\u0105 o\u015b poprzez wa\u0142ek nap\u0119dowy<\/li>\n<li>Regulowane zawieszenie<\/li>\n<li>Olejowe amortyzatory<\/li>\n<li>Sztywna 4mm p\u0142yta pod\u0142ogowa wykonana z aluminium<\/li>\n<li>Tarczowy system hamulcowy<\/li>\n<li>Uk\u0142ad wydechowy z katalizatorem<\/li>\n<li>Filtr powietrza o podwy\u017cszonych w\u0142a\u015bciwo\u015bciach oczyszczaj\u0105cych<\/li>\n<\/ul>\n<p><img loading=\"lazy\" class=\"aligncenter\" src=\"https:\/\/www.gimmik.net\/images\/jezdzace\/VRX_RH501_01.jpg\" width=\"700\" height=\"450\" \/>VRX jako jedyny producent stosuje we wszystkich swoich autach unikalne rozwi\u0105zanie w postaci <b>sprz\u0119g\u0142a \u015blizgowego<\/b>. Zapobiega ono nadmiernemu obci\u0105\u017ceniu element\u00f3w mechanicznych i silnika przez co \u017cywotno\u015b\u0107 ca\u0142ego modelu znacznie przekracza \u017cywotno\u015b\u0107 samochod\u00f3w innych producent\u00f3w. Ponadto wszystkie auta rc tego producenta s\u0105 <b>w pe\u0142ni o\u0142o\u017cyskowane, dzi\u0119ki czemu wyeliminowano wszelkie luzy i zmniejszono opory toczne<\/b>.<\/p>\n<p>Aby zapewni\u0107 trwa\u0142\u0105 i niezawodn\u0105 eksploatacj\u0119 model wyposa\u017cono w <b>metalowe z\u0119batki przeniesienia nap\u0119du i metalowe z\u0119batki dyferencja\u0142\u00f3w<\/b>. Cz\u0119\u015bci plastikowe zosta\u0142y wykonane z tworzyw o podwy\u017cszonej elastyczno\u015bci dzi\u0119ki czemu s\u0105 mniej nara\u017cone na p\u0119kni\u0119cia. Z my\u015bl\u0105 o je\u017adzie w trudnych warunkach pogodowych elektronika modelu zosta\u0142a zabezpieczona specjalnym wodoodpornym modu\u0142em!<\/p>\n<table>\n<tbody>\n<tr>\n<td align=\"center\"><img src=\"https:\/\/www.gimmik.net\/images\/jezdzace\/VRX_RH501_08.jpg\" width=\"340px\" \/><\/td>\n<td align=\"center\"><img src=\"https:\/\/www.gimmik.net\/images\/jezdzace\/VRX_RH501_07.jpg\" width=\"340px\" \/><\/td>\n<\/tr>\n<\/tbody>\n<\/table>\n<p>Wszystkie wy\u017cej wymienione rozwi\u0105zania powoduj\u0105, \u017ce samochody rc ze stajni VRX Racing s\u0105 ch\u0119tnie wybierane przez zaawansowanych modelarzy jak i pocz\u0105tkuj\u0105cych u\u017cytkownik\u00f3w i ciesz\u0105 si\u0119 bardzo dobr\u0105 opini\u0105.<\/p>\n<p>Zapewniamy pe\u0142n\u0105 dost\u0119pno\u015b\u0107 cz\u0119\u015bci zamiennych, dodatkowe akcesoria tj. diody, akumulatory, \u0142adowarki oraz polskoj\u0119zyczn\u0105 instrukcj\u0119 obs\u0142ugi i docierania silnika, a tak\u017ce najwi\u0119kszy wyb\u00f3r karoserii.<\/p>\n<div><span class=\"subtitle\">Dane techniczne<\/span><\/p>\n<ul>\n<li>Skala: 1:5<\/li>\n<li>D\u0142ugo\u015b\u0107: 700m<\/li>\n<li>Szeroko\u015b\u0107: 400mm<\/li>\n<li>Wysoko\u015b\u0107: 350mm<\/li>\n<li>Rozstaw k\u00f3\u0142: 362\/400mm<\/li>\n<li>Rozstaw osi: 450mm<\/li>\n<li>Waga: 8,4kg<\/li>\n<li>Silnik: benzynowy 30cm3<\/li>\n<li>Prze\u0142o\u017cenie: 7.57:1<\/li>\n<li>Nap\u0119d: <abbr class=\"m3dict\" title=\"Nap\u0119d na tyln\u0105 o\u015b, czyli tylko na 2 ko\u0142a.\">2WD<\/abbr>, na tylni\u0105 o\u015b<\/li>\n<li>Radio: pistoletowe 2ch 2.4Ghz<\/li>\n<li>Rozruch: szarpany<\/li>\n<\/ul>\n<\/div>\n<div><span class=\"subtitle\">Sk\u0142ad zestawu<\/span><\/p>\n<ul>\n<li>Model VRX Crocodile <abbr class=\"m3dict\" title=\"System radiowy wysokiej cz\u0119stotliwo\u015bci odpornej na zak\u0142\u00f3cenia o znacznie wi\u0119kszym zasi\u0119gu. Coraz bardziej wypiera systemy radiowe o niskich cz\u0119stotliwo\u015bciach tj. 27, 35, 40, 49, 72MHz.\">2.4GHz<\/abbr> <abbr class=\"m3dict\" title=\"Ready To Run, czyli gotowy do zabawy po wyj\u0119ciu z pude\u0142ka\">RTR<\/abbr> z silnikiem benzynowym<\/li>\n<li>Proporcjonalne radio pistoletowe <abbr class=\"m3dict\" title=\"System radiowy wysokiej cz\u0119stotliwo\u015bci odpornej na zak\u0142\u00f3cenia o znacznie wi\u0119kszym zasi\u0119gu. Coraz bardziej wypiera systemy radiowe o niskich cz\u0119stotliwo\u015bciach tj. 27, 35, 40, 49, 72MHz.\">2.4GHz<\/abbr><\/li>\n<li>Polskoj\u0119zyczna instrukcja ob\u0142ugi<\/li>\n<\/ul>\n<\/div>\n","protected":false},"excerpt":{"rendered":"<p>Crocodile to wyj\u0105tkowy model zdalnie sterowany w skali 1:5, a wszystko za spraw\u0105 nap\u0119dzaj\u0105cego go silnika benzynowego! Niepodrabialny ewenement i rarytas dla prawdziwych pasjonat\u00f3w modelsratwa! Auto charakteryzuje si\u0119 uniwersaln\u0105 konstrukcj\u0105 typu buggy, niezawodnym silnikiem oraz wysok\u0105 jako\u015bci\u0105 wykonania. Model zaprojektowany zosta\u0142 tak, aby zapewni\u0107 u\u017cytkownikowi maksimum przyjemno\u015bci z prowadzenia modelu przy olbrzymich pr\u0119dko\u015bciach nawet do&#8230;<\/p>\n","protected":false},"featured_media":4881,"comment_status":"open","ping_status":"closed","template":"","meta":{"_s2mail":""},"product_cat":[493],"product_tag":[],"_links":{"self":[{"href":"https:\/\/sklep.aveos.pl\/index.php\/wp-json\/wp\/v2\/product\/4880"}],"collection":[{"href":"https:\/\/sklep.aveos.pl\/index.php\/wp-json\/wp\/v2\/product"}],"about":[{"href":"https:\/\/sklep.aveos.pl\/index.php\/wp-json\/wp\/v2\/types\/product"}],"replies":[{"embeddable":true,"href":"https:\/\/sklep.aveos.pl\/index.php\/wp-json\/wp\/v2\/comments?post=4880"}],"wp:featuredmedia":[{"embeddable":true,"href":"https:\/\/sklep.aveos.pl\/index.php\/wp-json\/wp\/v2\/media\/4881"}],"wp:attachment":[{"href":"https:\/\/sklep.aveos.pl\/index.php\/wp-json\/wp\/v2\/media?parent=4880"}],"wp:term":[{"taxonomy":"product_cat","embeddable":true,"href":"https:\/\/sklep.aveos.pl\/index.php\/wp-json\/wp\/v2\/product_cat?post=4880"},{"taxonomy":"product_tag","embeddable":true,"href":"https:\/\/sklep.aveos.pl\/index.php\/wp-json\/wp\/v2\/product_tag?post=4880"}],"curies":[{"name":"wp","href":"https:\/\/api.w.org\/{rel}","templated":true}]}}