{"id":4935,"date":"2017-04-28T14:49:30","date_gmt":"2017-04-28T12:49:30","guid":{"rendered":"http:\/\/sklep.aveos.pl\/?post_type=product&#038;p=4935"},"modified":"2017-04-28T14:49:30","modified_gmt":"2017-04-28T12:49:30","slug":"spirit-ebl-pro-2-4ghz-bezszczotkowy-carbon","status":"publish","type":"product","link":"https:\/\/sklep.aveos.pl\/index.php\/produkt\/spirit-ebl-pro-2-4ghz-bezszczotkowy-carbon\/","title":{"rendered":"Spirit EBL PRO 2.4GHz &#8211; bezszczotkowy carbon"},"content":{"rendered":"<p>Najszybsze <abbr class=\"m3dict\" title=\"Typ zawieszenia samochodu charakteryzuj\u0105cy si\u0119 szerokim rozstawem k\u00f3\u0142 i niskim zawieszeniem. Cechy te powoduj\u0105, \u017ce auta typu buggy s\u0105 szybkie i dobrze trzymaj\u0105 si\u0119 drogi, dlatego te\u017c \u015bwietnie nadaj\u0105 si\u0119 do u\u017cytku przez modelarzy - zawodnik\u00f3w. W odr\u00f3\u017cnieniu od aut typu truggy, buggusy maj\u0105 stosunkowo w\u0105skie opony przez lepiej sprawdzaj\u0105 si\u0119 na utwardzonych torach m.in. ziemnych. Jednak mog\u0105 by\u0107 r\u00f3wnie\u017c u\u017cywane hobbystycznie do jazdy po innych nawierzchniach.\">buggy<\/abbr> w skali 1:10 w naszej ofercie!<\/p>\n<p>Prezentowany model Spirita w ulepszonej wersji PRO to doskona\u0142y model do rywalizacj na szybkich i kr\u0119tych torach offroadowych. \u015awietne osi\u0105gi to zas\u0142uga mocnego i wydajnego silnika bezszczotkowego. Model charakteryzuje solidna konstrukcja, dobre zawieszenie, du\u017ce ko\u0142a z gumowymi bie\u017cnikowanymi oponami dzi\u0119ki czemu \u015bwietnie wchodzi w zakr\u0119ty i dobrze trzyma si\u0119 drogi.<\/p>\n<p>Model w wersji PRO zosta\u0142 dodatkowo wzbogacony o karbonowe podwozie i amortyzatory oraz metalowe z\u0119batki. Z my\u015bl\u0105 o je\u017adzie w trudnych warunkach elektronika modelu zosta\u0142a zabezpieczona specjalnym wodoodpornym modu\u0142em! Samoch\u00f3d jest zasilany mocnym i wydajnym pakietem w technologii litowo-polimerowej o napi\u0119ciu 11,1V.<\/p>\n<p><img class=\"aligncenter\" src=\"https:\/\/www.gimmik.net\/usr\/inline_images\/storage\/14816\/1017.jpg\" alt=\"\" \/><\/p>\n<p>Sterowane modelem odbywa si\u0119 za pomoc\u0105 proporcjonalnej aparatury pistoletowej pracuj\u0105cej w pa\u015bmie 2,4Ghz, dzi\u0119ki czemu zwi\u0119kszono zasi\u0119g i wyeliminowano ryzyko wyst\u0105pienia zak\u0142\u00f3ce\u0144.<\/p>\n<p>Doskona\u0142a dynamika oraz rewelacyjne w\u0142a\u015bciwo\u015bci jezdne bezszczotkowego rc <abbr class=\"m3dict\" title=\"Typ zawieszenia samochodu charakteryzuj\u0105cy si\u0119 szerokim rozstawem k\u00f3\u0142 i niskim zawieszeniem. Cechy te powoduj\u0105, \u017ce auta typu buggy s\u0105 szybkie i dobrze trzymaj\u0105 si\u0119 drogi, dlatego te\u017c \u015bwietnie nadaj\u0105 si\u0119 do u\u017cytku przez modelarzy - zawodnik\u00f3w. W odr\u00f3\u017cnieniu od aut typu truggy, buggusy maj\u0105 stosunkowo w\u0105skie opony przez lepiej sprawdzaj\u0105 si\u0119 na utwardzonych torach m.in. ziemnych. Jednak mog\u0105 by\u0107 r\u00f3wnie\u017c u\u017cywane hobbystycznie do jazdy po innych nawierzchniach.\">buggy<\/abbr> gwarantuj\u0105 niezapomniane wra\u017cenia dla mi\u0142o\u015bnik\u00f3w mocy i ogromnych pr\u0119dko\u015bci.<\/p>\n<p>Prezentowane auto rc, to model typu <abbr class=\"m3dict\" title=\"Ready To Run, czyli gotowy do zabawy po wyj\u0119ciu z pude\u0142ka\">RTR<\/abbr>, czyli gotowy do jazdy od razu po wyj\u0119ciu z pude\u0142ka, jedyne czego potrzebujesz to 8szt baterii AA (zwyk\u0142e &#8220;paluszki&#8221;) do nadajnika, kt\u00f3re r\u00f3wnie\u017c mo\u017cesz kupi\u0107 w naszym sklepie.<\/p>\n<div><span class=\"subtitle\">Dane techniczne<\/span><\/p>\n<ul>\n<li>Skala: 1:10<\/li>\n<li>D\u0142ugo\u015b\u0107: 415mm<\/li>\n<li>Szeroko\u015b\u0107: 255mm<\/li>\n<li>Wysoko\u015b\u0107: 142mm<\/li>\n<li>Silnik: elektryczny bezszczotkowy<\/li>\n<li>Kontroler ESC: bezszczotkowy 60A<\/li>\n<li>Bateria: Li-Po 11.1V 3250mAh<\/li>\n<li>Nap\u0119d: 4&#215;4<\/li>\n<li>Rozstaw osi: 275mm prz\u00f3d \/ 280mm ty\u0142<\/li>\n<li>Wodoodporna elektronika<\/li>\n<li>Karbonowe podwozie i amortyzatory<\/li>\n<li>Metalowe z\u0119batki<\/li>\n<li>Radio: pistoletowe <abbr class=\"m3dict\" title=\"System radiowy wysokiej cz\u0119stotliwo\u015bci odpornej na zak\u0142\u00f3cenia o znacznie wi\u0119kszym zasi\u0119gu. Coraz bardziej wypiera systemy radiowe o niskich cz\u0119stotliwo\u015bciach tj. 27, 35, 40, 49, 72MHz.\">2.4GHz<\/abbr><\/li>\n<li>Zasilanie radia 8 x AA &#8211; &#8220;paluszki&#8221;<\/li>\n<\/ul>\n<\/div>\n<div><span class=\"subtitle\">Sk\u0142ad zestawu<\/span><\/p>\n<ul>\n<li>Model Spirit EBL <abbr class=\"m3dict\" title=\"System radiowy wysokiej cz\u0119stotliwo\u015bci odpornej na zak\u0142\u00f3cenia o znacznie wi\u0119kszym zasi\u0119gu. Coraz bardziej wypiera systemy radiowe o niskich cz\u0119stotliwo\u015bciach tj. 27, 35, 40, 49, 72MHz.\">2.4GHz<\/abbr> &#8211; bezszczotkowy wersja PRO<\/li>\n<li>Radio pistoletowe <abbr class=\"m3dict\" title=\"System radiowy wysokiej cz\u0119stotliwo\u015bci odpornej na zak\u0142\u00f3cenia o znacznie wi\u0119kszym zasi\u0119gu. Coraz bardziej wypiera systemy radiowe o niskich cz\u0119stotliwo\u015bciach tj. 27, 35, 40, 49, 72MHz.\">2.4GHz<\/abbr><\/li>\n<li>Akumulator do modelu<\/li>\n<li>\u0141adowarka sieciowa V3<\/li>\n<li>Instrukcja obs\u0142ugi<\/li>\n<\/ul>\n<\/div>\n","protected":false},"excerpt":{"rendered":"<p>Najszybsze buggy w skali 1:10 w naszej ofercie! Prezentowany model Spirita w ulepszonej wersji PRO to doskona\u0142y model do rywalizacj na szybkich i kr\u0119tych torach offroadowych. \u015awietne osi\u0105gi to zas\u0142uga mocnego i wydajnego silnika bezszczotkowego. Model charakteryzuje solidna konstrukcja, dobre zawieszenie, du\u017ce ko\u0142a z gumowymi bie\u017cnikowanymi oponami dzi\u0119ki czemu \u015bwietnie wchodzi w zakr\u0119ty i dobrze&#8230;<\/p>\n","protected":false},"featured_media":4936,"comment_status":"open","ping_status":"closed","template":"","meta":{"_s2mail":""},"product_cat":[487],"product_tag":[],"_links":{"self":[{"href":"https:\/\/sklep.aveos.pl\/index.php\/wp-json\/wp\/v2\/product\/4935"}],"collection":[{"href":"https:\/\/sklep.aveos.pl\/index.php\/wp-json\/wp\/v2\/product"}],"about":[{"href":"https:\/\/sklep.aveos.pl\/index.php\/wp-json\/wp\/v2\/types\/product"}],"replies":[{"embeddable":true,"href":"https:\/\/sklep.aveos.pl\/index.php\/wp-json\/wp\/v2\/comments?post=4935"}],"wp:featuredmedia":[{"embeddable":true,"href":"https:\/\/sklep.aveos.pl\/index.php\/wp-json\/wp\/v2\/media\/4936"}],"wp:attachment":[{"href":"https:\/\/sklep.aveos.pl\/index.php\/wp-json\/wp\/v2\/media?parent=4935"}],"wp:term":[{"taxonomy":"product_cat","embeddable":true,"href":"https:\/\/sklep.aveos.pl\/index.php\/wp-json\/wp\/v2\/product_cat?post=4935"},{"taxonomy":"product_tag","embeddable":true,"href":"https:\/\/sklep.aveos.pl\/index.php\/wp-json\/wp\/v2\/product_tag?post=4935"}],"curies":[{"name":"wp","href":"https:\/\/api.w.org\/{rel}","templated":true}]}}