{"id":4937,"date":"2017-04-28T14:55:14","date_gmt":"2017-04-28T12:55:14","guid":{"rendered":"http:\/\/sklep.aveos.pl\/?post_type=product&#038;p=4937"},"modified":"2023-07-18T15:25:04","modified_gmt":"2023-07-18T13:25:04","slug":"sword-xxx-ebl-2-4ghz-rtr-bezszczotkowy","status":"publish","type":"product","link":"https:\/\/sklep.aveos.pl\/index.php\/produkt\/sword-xxx-ebl-2-4ghz-rtr-bezszczotkowy\/","title":{"rendered":"Sword XXX EBL 2.4GHz RTR &#8211; bezszczotkowy"},"content":{"rendered":"<p><strong>Bezszczotkowy Sword XXX EBL <abbr id=\"ui-id-14\" class=\"m3dict\" title=\"System radiowy wysokiej cz\u0119stotliwo\u015bci odpornej na zak\u0142\u00f3cenia o znacznie wi\u0119kszym zasi\u0119gu. Coraz bardziej wypiera systemy radiowe o niskich cz\u0119stotliwo\u015bciach tj. 27, 35, 40, 49, 72MHz.\"><abbr class=\"m3dict\" title=\"System radiowy wysokiej cz\u0119stotliwo\u015bci odpornej na zak\u0142\u00f3cenia o znacznie wi\u0119kszym zasi\u0119gu. Coraz bardziej wypiera systemy radiowe o niskich cz\u0119stotliwo\u015bciach tj. 27, 35, 40, 49, 72MHz.\">2.4GHz<\/abbr><\/abbr><\/strong> to najlepszy pomys\u0142 na bardzo szybki, ale \u0142atwy w eksploatacji model. W przeciwie\u0144stwie do wersji spalinowej, w tym modelu nie trzeba regulowa\u0107 ga\u017anika czy brudzi\u0107 si\u0119 paliwem. Co wi\u0119cej, <strong>mo\u017cesz je\u017adzi\u0107 nim nawet w domu<\/strong>! Auto \u015bwietnie poradzi sobie przy spokojnych domowych przeja\u017cd\u017ckach chocia\u017c jego prawdziwym \u017cywio\u0142em sa wysokie obroty i szybki off-road! <br class=\"title_date_note\" \/><img class=\"aligncenter\" src=\"https:\/\/www.gimmik.net\/usr\/inline_images\/storage\/16027\/5-ebl.jpg\" alt=\"\" \/><br \/>\nKonstrukcja typu <abbr class=\"m3dict\" title=\"Typ zawieszenia samochodu b\u0119d\u0105cy po\u0142\u0105czeniem zalet aut typu buggy i terenowych monster truck\u00f3w. G\u0142\u00f3wne zalety to szeroki rozstaw k\u00f3\u0142, stosunkowo wysokie zawieszenie, niska karoseria. Dzi\u0119ki tym cechom auta te s\u0105 szybkie i dobrze trzymaj\u0105 si\u0119 drogi.\">Truggy<\/abbr> pozwala na <strong>rozwijanie du\u017cych szybko\u015bci<\/strong> tak\u017ce poza asfaltem. <strong>Szeroki rozstaw i ogromne ko\u0142a w rozmiarze 130x65mm<\/strong> gwarantuj\u0105 stabilno\u015b\u0107 na zakr\u0119tach, a odpowiedni prze\u015bwit i nowoczesny nap\u0119d 4&#215;4 pozwol\u0105 poszale\u0107 tam gdzie zwyk\u0142e samochody torowe nie maj\u0105 szans wjecha\u0107.<\/p>\n<p><img class=\"aligncenter\" src=\"https:\/\/www.gimmik.net\/usr\/inline_images\/storage\/16028\/3.jpg\" alt=\"\" \/><br \/>\n<strong>Niezawodny bezszczotkowy silnik<\/strong> daje przyspieszenia jakich nie maj\u0105 nawet samochody z nap\u0119dem nitro! Prac\u0105 tej pot\u0119\u017cnej jednostki steruje specjalny <abbr class=\"m3dict\" title=\"Urz\u0105dzenie elektroniczne odpowiedzialne za sterowanie obrotami silnika. Po\u0142\u0105czone bezpo\u015brednio z silnikiem, odbiornikiem i akumulatorem zasilaj\u0105cym model. Stanowi\u0105 \"><abbr class=\"m3dict\" title=\"Urz\u0105dzenie elektroniczne odpowiedzialne za sterowanie obrotami silnika. Po\u0142\u0105czone bezpo\u015brednio z silnikiem, odbiornikiem i akumulatorem zasilaj\u0105cym model. Stanowi\u0105 &quot;serce&quot; modelu zdalnie sterowanego.\">regulator<\/abbr><\/abbr> obrot\u00f3w ch\u0142odzony radiatorem z wiatrakiem. Dodatkowym zabezpieczeniem kontrolera jest specjalny elektroniczny system, kt\u00f3ry wy\u0142\u0105cza model w razie przegrzania <abbr class=\"m3dict\" title=\"Urz\u0105dzenie elektroniczne odpowiedzialne za sterowanie obrotami silnika. Po\u0142\u0105czone bezpo\u015brednio z silnikiem, odbiornikiem i akumulatorem zasilaj\u0105cym model. Stanowi\u0105 \"><abbr class=\"m3dict\" title=\"Urz\u0105dzenie elektroniczne odpowiedzialne za sterowanie obrotami silnika. Po\u0142\u0105czone bezpo\u015brednio z silnikiem, odbiornikiem i akumulatorem zasilaj\u0105cym model. Stanowi\u0105 &quot;serce&quot; modelu zdalnie sterowanego.\">regulator<\/abbr><\/abbr>a. Zasilanie silnika zapewnia nowoczesna, <strong>bateria Li-Po 7,4V w twardej obudowie o pojemno\u015bci, a\u017c 3250mAh<\/strong>.<\/p>\n<p><img class=\"aligncenter\" src=\"https:\/\/www.gimmik.net\/usr\/inline_images\/storage\/16028\/4.jpg\" alt=\"\" \/><br \/>\nAby zapewni\u0107 trwa\u0142\u0105 i niezawodn\u0105 eksploatacj\u0119 model wyposa\u017cono w <strong>metalowe z\u0119batki<\/strong> przeniesienia nap\u0119du i metalowe z\u0119batki dyferencja\u0142\u00f3w. Cz\u0119\u015bci plastikowe zosta\u0142y wykonane z tworzyw o podwy\u017cszonej elastyczno\u015bci dzi\u0119ki czemu s\u0105 mniej nara\u017cone na p\u0119kni\u0119cia. Z my\u015bl\u0105 o je\u017adzie w trudnych warunkach pogodowych<strong> elektronika modelu zosta\u0142a zabezpieczona specjalnym wodoodpornym modu\u0142em!<\/strong> Do modelu do\u0142\u0105czone jest nowoczesne, <strong>pistoletowe radio <abbr class=\"m3dict\" title=\"System radiowy wysokiej cz\u0119stotliwo\u015bci odpornej na zak\u0142\u00f3cenia o znacznie wi\u0119kszym zasi\u0119gu. Coraz bardziej wypiera systemy radiowe o niskich cz\u0119stotliwo\u015bciach tj. 27, 35, 40, 49, 72MHz.\"><abbr class=\"m3dict\" title=\"System radiowy wysokiej cz\u0119stotliwo\u015bci odpornej na zak\u0142\u00f3cenia o znacznie wi\u0119kszym zasi\u0119gu. Coraz bardziej wypiera systemy radiowe o niskich cz\u0119stotliwo\u015bciach tj. 27, 35, 40, 49, 72MHz.\">2.4GHz<\/abbr><\/abbr> o bardzo du\u017cym zasi\u0119gu<\/strong> &#8211; pr\u0119dzej model zniknie z pola widzenia oczu ni\u017c utraci sygna\u0142 z nadajnika.<\/p>\n<p><img class=\"aligncenter\" src=\"https:\/\/www.gimmik.net\/usr\/inline_images\/storage\/16027\/1.jpg\" alt=\"\" \/><\/p>\n<p><strong><br \/>\nSword XXX EBL zosta\u0142 wyposa\u017cony w szereg unikalnych rozwi\u0105za\u0144:<\/strong><\/p>\n<ul>\n<li>nowoczesny nap\u0119d na 4 ko\u0142a z systemem chroni\u0105cym z\u0119batki przed nadmiernym zu\u017cyciem w wyniku \u015blizgania si\u0119,<\/li>\n<li>przebudowan\u0105 przek\u0142adni\u0119 dla obni\u017cenia \u015brodka ci\u0119\u017cko\u015bci,<\/li>\n<li>wzmocnione i przeprojektowane wahacze,<\/li>\n<li>amortyzatory typu Big Bored<\/li>\n<li>wprowadzono mo\u017cliwo\u015b\u0107 regulacji rozstawu osi na piastach,<\/li>\n<li>w uk\u0142adzie kierowniczym pojawi\u0142y si\u0119 p\u00f3\u0142osie nap\u0119dowe z wa\u0142ami kardana,<\/li>\n<li>podwozie zyska\u0142o na sztywno\u015bci dzi\u0119ki wzmocnionej p\u0142ycie g\u00f3rnej,<\/li>\n<li>ca\u0142a konstrukcja zosta\u0142a zaprojektowana w taki spos\u00f3b, aby u\u0142atwi\u0107 serwisowanie modelu i wprowadzanie modyfikacji.<\/li>\n<\/ul>\n<p><img class=\"aligncenter\" src=\"https:\/\/www.gimmik.net\/usr\/inline_images\/storage\/16028\/Przechwytywanie.JPG\" alt=\"\" \/><\/p>\n<p align=\"center\">Prezentowany Sword XXX EBL <abbr class=\"m3dict\" title=\"System radiowy wysokiej cz\u0119stotliwo\u015bci odpornej na zak\u0142\u00f3cenia o znacznie wi\u0119kszym zasi\u0119gu. Coraz bardziej wypiera systemy radiowe o niskich cz\u0119stotliwo\u015bciach tj. 27, 35, 40, 49, 72MHz.\">2.4GHz<\/abbr>, to samoch\u00f3d RC typu <abbr class=\"m3dict\" title=\"Ready To Run, czyli gotowy do zabawy po wyj\u0119ciu z pude\u0142ka\">RTR<\/abbr>, czyli gotowy do jazdy od razu po wyj\u0119ciu z pude\u0142ka, jedyne czego potrzebujesz to 8szt baterii AA (zwyk\u0142e &#8220;paluszki&#8221;) do nadajnika, kt\u00f3re r\u00f3wnie\u017c mo\u017cesz kupi\u0107 w naszym sklepie.<\/p>\n<div><span class=\"subtitle\">Dane techniczne<\/span><\/p>\n<ul>\n<li>Skala: 1:9<\/li>\n<li>D\u0142ugo\u015b\u0107: 515mm<\/li>\n<li>Szeroko\u015b\u0107: 325mm<\/li>\n<li>Wysoko\u015b\u0107: 180mm<\/li>\n<li>Ko\u0142a: 130x65mm<\/li>\n<li>Rozstaw osi: 325mm<\/li>\n<li>Silnik: bezczotkowy<\/li>\n<li>Bateria: Li-Po 7.4V 3250mAh Hard Case (twarda obudowa)<\/li>\n<li>Pr\u0119dko\u015b\u0107: 80km\/h<\/li>\n<li>Kontroler ESC: 45A (7.4-11.1 Li-Po)<\/li>\n<li>Prze\u0142o\u017cenie: 11.1:1<\/li>\n<li>Zasi\u0119g: 350m<\/li>\n<li>Nap\u0119d: 4&#215;4<\/li>\n<li>Radio: pistoletowe 2.4Ghz<\/li>\n<\/ul>\n<\/div>\n<div><span class=\"subtitle\">Sk\u0142ad zestawu<\/span><\/p>\n<ul>\n<li>Model Sword XXX EBL <abbr class=\"m3dict\" title=\"System radiowy wysokiej cz\u0119stotliwo\u015bci odpornej na zak\u0142\u00f3cenia o znacznie wi\u0119kszym zasi\u0119gu. Coraz bardziej wypiera systemy radiowe o niskich cz\u0119stotliwo\u015bciach tj. 27, 35, 40, 49, 72MHz.\">2.4GHz<\/abbr><\/li>\n<li>Radio pistoletowe <abbr class=\"m3dict\" title=\"System radiowy wysokiej cz\u0119stotliwo\u015bci odpornej na zak\u0142\u00f3cenia o znacznie wi\u0119kszym zasi\u0119gu. Coraz bardziej wypiera systemy radiowe o niskich cz\u0119stotliwo\u015bciach tj. 27, 35, 40, 49, 72MHz.\">2.4GHz<\/abbr><\/li>\n<li>Akumulator do modelu<\/li>\n<li>\u0141adowarka sieciowa 230V<\/li>\n<li>Instrukcja obs\u0142ugi<\/li>\n<\/ul>\n<\/div>\n","protected":false},"excerpt":{"rendered":"<p>Bezszczotkowy Sword XXX EBL 2.4GHz to najlepszy pomys\u0142 na bardzo szybki, ale \u0142atwy w eksploatacji model. W przeciwie\u0144stwie do wersji spalinowej, w tym modelu nie trzeba regulowa\u0107 ga\u017anika czy brudzi\u0107 si\u0119 paliwem. Co wi\u0119cej, mo\u017cesz je\u017adzi\u0107 nim nawet w domu! Auto \u015bwietnie poradzi sobie przy spokojnych domowych przeja\u017cd\u017ckach chocia\u017c jego prawdziwym \u017cywio\u0142em sa wysokie obroty&#8230;<\/p>\n","protected":false},"featured_media":4938,"comment_status":"open","ping_status":"closed","template":"","meta":{"_s2mail":""},"product_cat":[487],"product_tag":[],"_links":{"self":[{"href":"https:\/\/sklep.aveos.pl\/index.php\/wp-json\/wp\/v2\/product\/4937"}],"collection":[{"href":"https:\/\/sklep.aveos.pl\/index.php\/wp-json\/wp\/v2\/product"}],"about":[{"href":"https:\/\/sklep.aveos.pl\/index.php\/wp-json\/wp\/v2\/types\/product"}],"replies":[{"embeddable":true,"href":"https:\/\/sklep.aveos.pl\/index.php\/wp-json\/wp\/v2\/comments?post=4937"}],"wp:featuredmedia":[{"embeddable":true,"href":"https:\/\/sklep.aveos.pl\/index.php\/wp-json\/wp\/v2\/media\/4938"}],"wp:attachment":[{"href":"https:\/\/sklep.aveos.pl\/index.php\/wp-json\/wp\/v2\/media?parent=4937"}],"wp:term":[{"taxonomy":"product_cat","embeddable":true,"href":"https:\/\/sklep.aveos.pl\/index.php\/wp-json\/wp\/v2\/product_cat?post=4937"},{"taxonomy":"product_tag","embeddable":true,"href":"https:\/\/sklep.aveos.pl\/index.php\/wp-json\/wp\/v2\/product_tag?post=4937"}],"curies":[{"name":"wp","href":"https:\/\/api.w.org\/{rel}","templated":true}]}}