{"id":4939,"date":"2017-04-28T15:04:43","date_gmt":"2017-04-28T13:04:43","guid":{"rendered":"http:\/\/sklep.aveos.pl\/?post_type=product&#038;p=4939"},"modified":"2017-04-28T15:04:43","modified_gmt":"2017-04-28T13:04:43","slug":"sword-xxx-ebl-2-4ghz-rtr-bezszczotkowy-2","status":"publish","type":"product","link":"https:\/\/sklep.aveos.pl\/index.php\/produkt\/sword-xxx-ebl-2-4ghz-rtr-bezszczotkowy-2\/","title":{"rendered":"Sword XXX EBL 2.4GHz RTR &#8211; bezszczotkowy"},"content":{"rendered":"<div class=\"full_content\">\n<p>DT5 EBL <abbr class=\"m3dict\" title=\"System radiowy wysokiej cz\u0119stotliwo\u015bci odpornej na zak\u0142\u00f3cenia o znacznie wi\u0119kszym zasi\u0119gu. Coraz bardziej wypiera systemy radiowe o niskich cz\u0119stotliwo\u015bciach tj. 27, 35, 40, 49, 72MHz.\">2.4GHz<\/abbr> to lepsza bo bezsczotkowa wersja DT5 EBD! Jego realistyczny sportowy wygl\u0105d samochod\u00f3w rajdowych w po\u0142\u0105czeniu z jeszcze mocniejszym silnikiem sprawia, \u017ce model jest niezwykle przyczepny i szybki.<\/p>\n<p>R\u00f3\u017cnica pomi\u0119dzy wersjami EBL, a EBD polega na lepszym, wydajniejszym silniku bezszczotkowym, lepszym <abbr class=\"m3dict\" title=\"Urz\u0105dzenie elektroniczne odpowiedzialne za sterowanie obrotami silnika. Po\u0142\u0105czone bezpo\u015brednio z silnikiem, odbiornikiem i akumulatorem zasilaj\u0105cym model. Stanowi\u0105 &quot;serce&quot; modelu zdalnie sterowanego.\">regulator<\/abbr>ze oraz akumulatorze LiPo 7,4V oczywi\u015bcie na plus dla wersji EBL.<\/p>\n<p>DT5 to klasyczny short course, czyli model dok\u0142adnie takiej samej konstrukcji jak dakar\u00f3wka Krzysztofa Ho\u0142owczyca. Samochody rc tego typu \u0142\u0105cz\u0105 zalety buggus\u00f3w i truggus\u00f3w. <strong>Szeroki rozstaw k\u00f3\u0142 dzi\u0119ki czemu \u015bwietnie radz\u0105 sobie na zakr\u0119tach i ostrych \u0142ukach i wysokie zawieszenie, kt\u00f3re pozwala na jazd\u0119 do nier\u00f3wno\u015bciach. <\/strong>Ponadto stosunkowo w\u0105skie opony kt\u00f3re charakteryzuj\u0105 si\u0119 niskimi oporami tocznymi w po\u0142\u0105czeniu z dobrym silnikiem bezszczotkowym klasy 500 pozwalaj\u0105 osi\u0105gn\u0105\u0107 du\u017ce pr\u0119dko\u015bci!<\/p>\n<p><strong>Prezentowany model \u015bwietnie poradzi sobie zar\u00f3wno na szutrach jak i nawierzchniach ziemnych.<\/strong> A uniwersalna konstrukcja przyniesie wiele rado\u015bci zar\u00f3wno pocz\u0105tkuj\u0105cym jak i zaawansowanym fanom modelarstwa samochodowego!<\/p>\n<p>Jak na dobry model przysta\u0142o DT5 posiada oczywi\u015bcie regulowane zawieszenie, metalowe przednie i tylne dyferencja\u0142y, akumulatory NiMH bez efektu pami\u0119ci i kilka innych ciekawych rozwi\u0105za\u0144. Dodatkowo <strong>wszsytkie nasze VRX seryjnie wyposa\u017cone s\u0105 w wysokiej klasy radio 2,4 GHz o du\u017cym zasi\u0119gu!<\/strong><\/p>\n<p>Zapewniamy pe\u0142n\u0105 dost\u0119pno\u015b\u0107 cz\u0119\u015bci zamiennych, dodatkowe akcesoria tj. diody, akumulatory, \u0142adowarki oraz polskoj\u0119zyczn\u0105 instrukcj\u0119 obs\u0142ugi i najwi\u0119kszy wyb\u00f3r karoserii.<\/p>\n<div><span class=\"subtitle\">Dane techniczne<\/span><\/p>\n<ul>\n<li>Skala: 1:10<\/li>\n<li>D\u0142ugo\u015b\u0107: 530mm<\/li>\n<li>Szeroko\u015b\u0107: 290mm<\/li>\n<li>Wysoko\u015b\u0107: 180mm<\/li>\n<li>Rozstaw osi: 325mm<\/li>\n<li>Prze\u0142o\u017cenie: 8.3:1<\/li>\n<li>Silnik: bezszczotkowy 45A<\/li>\n<li>Bateria: 7.4V 2700mAh Lipo<\/li>\n<li>Zasi\u0119g: 350m<\/li>\n<li>Pr\u0119dko\u015b\u0107: 80km\/h<\/li>\n<li>Radio: 2.4Ghz<\/li>\n<\/ul>\n<\/div>\n<div><span class=\"subtitle\">Sk\u0142ad zestawu<\/span><\/p>\n<ul>\n<li>Model Short Course DT5 EBL<\/li>\n<li>Radio pistoletowe <abbr class=\"m3dict\" title=\"System radiowy wysokiej cz\u0119stotliwo\u015bci odpornej na zak\u0142\u00f3cenia o znacznie wi\u0119kszym zasi\u0119gu. Coraz bardziej wypiera systemy radiowe o niskich cz\u0119stotliwo\u015bciach tj. 27, 35, 40, 49, 72MHz.\">2.4GHz<\/abbr> 2CH<\/li>\n<li>Pakiet 7.4V 2700mAh Lipo<\/li>\n<li>\u0141adowarka sieciowa<\/li>\n<li>Polskoj\u0119zyczna instrukcja obs\u0142ugi<\/li>\n<\/ul>\n<\/div>\n<\/div>\n<div class=\"myclear\"><\/div>\n","protected":false},"excerpt":{"rendered":"<p>DT5 EBL 2.4GHz to lepsza bo bezsczotkowa wersja DT5 EBD! Jego realistyczny sportowy wygl\u0105d samochod\u00f3w rajdowych w po\u0142\u0105czeniu z jeszcze mocniejszym silnikiem sprawia, \u017ce model jest niezwykle przyczepny i szybki. R\u00f3\u017cnica pomi\u0119dzy wersjami EBL, a EBD polega na lepszym, wydajniejszym silniku bezszczotkowym, lepszym regulatorze oraz akumulatorze LiPo 7,4V oczywi\u015bcie na plus dla wersji EBL. DT5&#8230;<\/p>\n","protected":false},"featured_media":4940,"comment_status":"open","ping_status":"closed","template":"","meta":{"_s2mail":""},"product_cat":[487],"product_tag":[],"_links":{"self":[{"href":"https:\/\/sklep.aveos.pl\/index.php\/wp-json\/wp\/v2\/product\/4939"}],"collection":[{"href":"https:\/\/sklep.aveos.pl\/index.php\/wp-json\/wp\/v2\/product"}],"about":[{"href":"https:\/\/sklep.aveos.pl\/index.php\/wp-json\/wp\/v2\/types\/product"}],"replies":[{"embeddable":true,"href":"https:\/\/sklep.aveos.pl\/index.php\/wp-json\/wp\/v2\/comments?post=4939"}],"wp:featuredmedia":[{"embeddable":true,"href":"https:\/\/sklep.aveos.pl\/index.php\/wp-json\/wp\/v2\/media\/4940"}],"wp:attachment":[{"href":"https:\/\/sklep.aveos.pl\/index.php\/wp-json\/wp\/v2\/media?parent=4939"}],"wp:term":[{"taxonomy":"product_cat","embeddable":true,"href":"https:\/\/sklep.aveos.pl\/index.php\/wp-json\/wp\/v2\/product_cat?post=4939"},{"taxonomy":"product_tag","embeddable":true,"href":"https:\/\/sklep.aveos.pl\/index.php\/wp-json\/wp\/v2\/product_tag?post=4939"}],"curies":[{"name":"wp","href":"https:\/\/api.w.org\/{rel}","templated":true}]}}