{"id":4955,"date":"2017-04-29T16:16:59","date_gmt":"2017-04-29T14:16:59","guid":{"rendered":"http:\/\/sklep.aveos.pl\/?post_type=product&#038;p=4955"},"modified":"2017-04-29T16:16:59","modified_gmt":"2017-04-29T14:16:59","slug":"rally-monster-pro-2-4ghz-110-brushless","status":"publish","type":"product","link":"https:\/\/sklep.aveos.pl\/index.php\/produkt\/rally-monster-pro-2-4ghz-110-brushless\/","title":{"rendered":"Rally Monster PRO 2.4GHz 1:10 Brushless"},"content":{"rendered":"<p>Rally Monster PRO to najszybszy rally na Polskim rynku. Mocny bezszczotkowy silnik pozwalana na osi\u0105ganie pr\u0119dko\u015bci do 90km\/h oraz niesamowite przyspieszenie co jest jedn\u0105 z wielu zalet modelu. Elektroniczny uk\u0142ad ESC posiada wielki radiator dla odpowiedniego ch\u0142odzenia uk\u0142adu elektrycznego z mo\u017cliwo\u015bci\u0105 zamontowania dodatkowo coolera dla lepszego zabezpieczenia przed przegrzaniem. Rally Monster PRO zosta\u0142 wyposa\u017cony w 4 olejowych, wykonanych z aluminium amortyzator\u00f3w zapewniaj\u0105cych odpowiedni\u0105 przyczepno\u015b\u0107 na ka\u017cdym rodzaju nawierzchni. Twardo\u015b\u0107 zawieszenia mo\u017cna regulowa\u0107 przy pomocy ogranicznik\u00f3w do\u0142\u0105czonych do zestawu. Dodatkowo ca\u0142o\u015b\u0107 konstrukcji zosta\u0142a wzmocniona aluminiow\u0105 p\u0142ytk\u0105 minimalizuj\u0105c\u0105 ryzyko uszkodze\u0144. Stosunkowo wielki prze\u015bwit oraz mi\u0119kkie gumowe opony przystosowane do jazdy po nier\u00f3wno\u015bciach pozawalaj\u0105 na jazd\u0119 w ka\u017cdym terenie. Model wykonany jest bardzo starannie z uwag\u0105 na najmniejsze detale a oryginalne malowanie zapewnia \u015bwietne efekty wizualne.<\/p>\n<p>Prezentowany Rally Monster, to model rc typu <abbr class=\"m3dict\" title=\"Ready To Run, czyli gotowy do zabawy po wyj\u0119ciu z pude\u0142ka\">RTR<\/abbr>, czyli gotowy do jazdy od razu po wyj\u0119ciu z pude\u0142ka, jedyne czego potrzebujesz to 8szt baterii AA (zwyk\u0142e &#8220;paluszki&#8221;) do nadajnika, kt\u00f3re r\u00f3wnie\u017c mo\u017cesz kupi\u0107 w naszym sklepie.<\/p>\n<div><span class=\"subtitle\">Dane techniczne<\/span><\/p>\n<ul>\n<li>D\u0142ugo\u015b\u0107: 460 mm<\/li>\n<li>Szeroko\u015b\u0107: 250mm<\/li>\n<li>Wysoko\u015b\u0107: 160mm<\/li>\n<li>Rozstaw Osi: 275mm<\/li>\n<li>Prze\u0142o\u017cenie: 1: 8.038<\/li>\n<li>Waga: 1900g<\/li>\n<li>Silnik: bezszczotkowy<\/li>\n<li>Akumulator: 7.4V 3500mAh LiPo<\/li>\n<li>Olejowo-spr\u0119\u017cynowe amortyzatory<\/li>\n<li>Zabezpieczona skrzynia bieg\u00f3w i elektronika<\/li>\n<li>Pr\u0119dko\u015b\u0107: do 90 km\/h<\/li>\n<li>Nap\u0119d na 4 ko\u0142a<\/li>\n<\/ul>\n<\/div>\n<div><span class=\"subtitle\">Sk\u0142ad zestawu<\/span><\/p>\n<ul>\n<li>Rally Monster PRO<\/li>\n<li>Radio <abbr class=\"m3dict\" title=\"System radiowy wysokiej cz\u0119stotliwo\u015bci odpornej na zak\u0142\u00f3cenia o znacznie wi\u0119kszym zasi\u0119gu. Coraz bardziej wypiera systemy radiowe o niskich cz\u0119stotliwo\u015bciach tj. 27, 35, 40, 49, 72MHz.\">2,4GHz<\/abbr><\/li>\n<li>Pakiet 7.4V 3500mAh LiPo<\/li>\n<li>Antena<\/li>\n<li>\u0141adowarka sieciowa 250mAh<\/li>\n<\/ul>\n<\/div>\n","protected":false},"excerpt":{"rendered":"<p>Rally Monster PRO to najszybszy rally na Polskim rynku. Mocny bezszczotkowy silnik pozwalana na osi\u0105ganie pr\u0119dko\u015bci do 90km\/h oraz niesamowite przyspieszenie co jest jedn\u0105 z wielu zalet modelu. Elektroniczny uk\u0142ad ESC posiada wielki radiator dla odpowiedniego ch\u0142odzenia uk\u0142adu elektrycznego z mo\u017cliwo\u015bci\u0105 zamontowania dodatkowo coolera dla lepszego zabezpieczenia przed przegrzaniem. Rally Monster PRO zosta\u0142 wyposa\u017cony w&#8230;<\/p>\n","protected":false},"featured_media":4956,"comment_status":"open","ping_status":"closed","template":"","meta":{"_s2mail":""},"product_cat":[487],"product_tag":[],"_links":{"self":[{"href":"https:\/\/sklep.aveos.pl\/index.php\/wp-json\/wp\/v2\/product\/4955"}],"collection":[{"href":"https:\/\/sklep.aveos.pl\/index.php\/wp-json\/wp\/v2\/product"}],"about":[{"href":"https:\/\/sklep.aveos.pl\/index.php\/wp-json\/wp\/v2\/types\/product"}],"replies":[{"embeddable":true,"href":"https:\/\/sklep.aveos.pl\/index.php\/wp-json\/wp\/v2\/comments?post=4955"}],"wp:featuredmedia":[{"embeddable":true,"href":"https:\/\/sklep.aveos.pl\/index.php\/wp-json\/wp\/v2\/media\/4956"}],"wp:attachment":[{"href":"https:\/\/sklep.aveos.pl\/index.php\/wp-json\/wp\/v2\/media?parent=4955"}],"wp:term":[{"taxonomy":"product_cat","embeddable":true,"href":"https:\/\/sklep.aveos.pl\/index.php\/wp-json\/wp\/v2\/product_cat?post=4955"},{"taxonomy":"product_tag","embeddable":true,"href":"https:\/\/sklep.aveos.pl\/index.php\/wp-json\/wp\/v2\/product_tag?post=4955"}],"curies":[{"name":"wp","href":"https:\/\/api.w.org\/{rel}","templated":true}]}}