{"id":4972,"date":"2017-04-29T17:14:32","date_gmt":"2017-04-29T15:14:32","guid":{"rendered":"http:\/\/sklep.aveos.pl\/?post_type=product&#038;p=4972"},"modified":"2022-12-07T15:43:58","modified_gmt":"2022-12-07T14:43:58","slug":"himoto-corr-truck-24ghz-hsp-rally-monster","status":"publish","type":"product","link":"https:\/\/sklep.aveos.pl\/index.php\/produkt\/himoto-corr-truck-24ghz-hsp-rally-monster\/","title":{"rendered":"Himoto Corr Truck 2,4GHz (HSP Rally Monster)"},"content":{"rendered":"<p>Himoto Corr znany r\u00f3wnie\u017c jako Rally Monster to model rc wzorowany na prawdziwym samochodzie rajdowym. Pierwsze co rzuca si\u0119 w oczy to jego sportowy realistyczny wygl\u0105d. Zawieszenie typu <abbr class=\"m3dict\" title=\"Typ zawieszenia samochodu b\u0119d\u0105cy po\u0142\u0105czeniem zalet aut typu buggy i terenowych monster truck\u00f3w. G\u0142\u00f3wne zalety to szeroki rozstaw k\u00f3\u0142, stosunkowo wysokie zawieszenie, niska karoseria. Dzi\u0119ki tym cechom auta te s\u0105 szybkie i dobrze trzymaj\u0105 si\u0119 drogi.\">truggy<\/abbr> po\u0142\u0105czone z szerokim rozstawem przednich i tylnych k\u00f3\u0142 zapewnia modelowi niezwyk\u0142\u0105 przyczepno\u015b\u0107. Niewiele jest na rynku tak uniwersalnych konstrukcji.<\/p>\n<p align=\"center\"><img class=\"aligncenter\" src=\"https:\/\/www.gimmik.net\/images\/jezdzace\/HI4170_00.jpg\" alt=\"\" width=\"600px\" \/><\/p>\n<p>Himoto Corr jest modelem kt\u00f3re nie tylko \u015bmia\u0142o mo\u017ce konkurowa\u0107 z innymi modelami typu short course,ale w pewnych kwestiach mo\u017ce nawet okaza\u0107 si\u0119 lepszy! Auto zosta\u0142o wyposa\u017cone w pe\u0142ne \u0142o\u017cyskowanie k\u00f3\u0142, co rzadko zdarza si\u0119 u innych marek tej samej klasy, gdzie zamiast \u0142o\u017cysk wyst\u0119puj\u0105 panewki. Dzi\u0119ki temu rozwi\u0105zaniu \u017cywotno\u015b\u0107 auta jest zwi\u0119kszona oraz zmniejszone s\u0105 opory toczenia, co znacz\u0105co przek\u0142ada si\u0119 na osi\u0105gi auta oraz komfort jego u\u017cytkowania. Innym ewenementem jest <strong>radio 2,4 Ghz z systemem End Point Adjustment (EPA)<\/strong>, dzi\u0119ki kt\u00f3remu mo\u017cemy indywidualnie regulowa\u0107 dzia\u0142anie ka\u017cdego <abbr class=\"m3dict\" title=\"Urz\u0105dzenie zamontowane w modelu wykonuj\u0105ce komendy zadane przez modelarza za pomoc\u0105 nadajnika. Pod\u0142\u0105czone do nadajnika i zazwyczaj zasilane pr\u0105dem sta\u0142ym o napi\u0119ciu 4.5V - 6.0V. Zbudowane z silnika elektrycznego i przek\u0142adni. Parametry charakteryzuj\u0105ce to pr\u0119dko\u015b\u0107 i ud\u017awig. Stosowane do skr\u0119tu, gazu, lotek, klap, steru, itp.\">serwo<\/abbr>mechanizmu. Dzi\u0119ki EPA mo\u017cemy narzuci\u0107 limity w jakich maj\u0105 pracowa\u0107 serwa i np. <strong>ograniczy\u0107 maksymaln\u0105 pr\u0119dko\u015b\u0107 naszego modelu<\/strong> &#8211; jest to bardzo przydatne dla pocz\u0105tkuj\u0105cych. Pozwala to unikn\u0105\u0107 zbyt szybkiej jazdy i ewentualnych uszkodze\u0144 auta spowodowanych niewprawnym sterowaniem.<\/p>\n<p><img loading=\"lazy\" class=\"aligncenter\" src=\"https:\/\/www.gimmik.net\/images\/jezdzace\/Himoto_ZMOTOZ3_BL_radio.jpg\" alt=\"\" width=\"600\" height=\"700\" \/><\/p>\n<p>Prezentowane Himoto Corr to auto Ready To Run, czyli gotowy do jazdy od razu po wyj\u0119ciu z pude\u0142ka, jedyne czego potrzebujesz to 4 szt. baterii AA (zwyk\u0142e &#8220;paluszki&#8221;)do nadajnika, kt\u00f3re r\u00f3wnie\u017c mo\u017cesz kupi\u0107 w naszym sklepie.<\/p>\n<div>\n<p><span class=\"subtitle\">Dane techniczne<\/span><\/p>\n<ul>\n<li>Skala: 1:10<\/li>\n<li>D\u0142ugo\u015b\u0107: 460mmm<\/li>\n<li>Szeroko\u015b\u0107: 250mm<\/li>\n<li>Wysoko\u015b\u0107: 150mm<\/li>\n<li>Nap\u0119d: 4&#215;4<\/li>\n<li>Opony: gumowe, profilowane<\/li>\n<li>Zawieszenie: olejowo-spr\u0119\u017cynowe amortyzatory<\/li>\n<li>Silnik: elektryczny szczotkowy klasy 540<\/li>\n<li>Wa\u0142 nap\u0119dowy wykonany z aluminium<\/li>\n<li>Regulator obrot\u00f3w: 120A<\/li>\n<li>Odbiornik: 4CH <abbr class=\"m3dict\" title=\"System radiowy wysokiej cz\u0119stotliwo\u015bci odpornej na zak\u0142\u00f3cenia o znacznie wi\u0119kszym zasi\u0119gu. Coraz bardziej wypiera systemy radiowe o niskich cz\u0119stotliwo\u015bciach tj. 27, 35, 40, 49, 72MHz.\">2,4GHz<\/abbr><\/li>\n<li>Serwomechanizm: klasy standard o sile 3kg<\/li>\n<li>Radio: 2 kana\u0142owe pistoletowe 2,4 GHz z systemem EPA i fail safe, zasilane 4 bateriami AA<\/li>\n<li>Podwozie: solidne z metalowymi wzmocnieniami<\/li>\n<li>Akumulator: Vega Power 7.2V 2000 mAh NiMH<\/li>\n<li>\u0141adowarka sieciowa 250mA<\/li>\n<li>Mocne, piankowe zderzaki przednie chroni\u0105ce przed uderzeniami<\/li>\n<\/ul>\n<\/div>\n<div>\n<p><span class=\"subtitle\">Sk\u0142ad zestawu<\/span><\/p>\n<ul>\n<li>Model Himoto Corr <abbr class=\"m3dict\" title=\"Ready To Run, czyli gotowy do zabawy po wyj\u0119ciu z pude\u0142ka\">RTR<\/abbr> 2,4 GHz z silnikiem szczotkowym<\/li>\n<li>Nadajnik pistoletowy 2,4 GHz z EPA<\/li>\n<li>Akumulator Vega Power 7.2V 2000 mAh NiMH<\/li>\n<li>\u0141adowarka sieciowa<\/li>\n<li>Polskoj\u0119zyczna instrukcja obs\u0142ugi<\/li>\n<\/ul>\n<\/div>\n","protected":false},"excerpt":{"rendered":"<p>Himoto Corr znany r\u00f3wnie\u017c jako Rally Monster to model rc wzorowany na prawdziwym samochodzie rajdowym. Pierwsze co rzuca si\u0119 w oczy to jego sportowy realistyczny wygl\u0105d. Zawieszenie typu truggy po\u0142\u0105czone z szerokim rozstawem przednich i tylnych k\u00f3\u0142 zapewnia modelowi niezwyk\u0142\u0105 przyczepno\u015b\u0107. Niewiele jest na rynku tak uniwersalnych konstrukcji. Himoto Corr jest modelem kt\u00f3re nie tylko&#8230;<\/p>\n","protected":false},"featured_media":4973,"comment_status":"open","ping_status":"closed","template":"","meta":{"_s2mail":""},"product_cat":[487],"product_tag":[],"_links":{"self":[{"href":"https:\/\/sklep.aveos.pl\/index.php\/wp-json\/wp\/v2\/product\/4972"}],"collection":[{"href":"https:\/\/sklep.aveos.pl\/index.php\/wp-json\/wp\/v2\/product"}],"about":[{"href":"https:\/\/sklep.aveos.pl\/index.php\/wp-json\/wp\/v2\/types\/product"}],"replies":[{"embeddable":true,"href":"https:\/\/sklep.aveos.pl\/index.php\/wp-json\/wp\/v2\/comments?post=4972"}],"wp:featuredmedia":[{"embeddable":true,"href":"https:\/\/sklep.aveos.pl\/index.php\/wp-json\/wp\/v2\/media\/4973"}],"wp:attachment":[{"href":"https:\/\/sklep.aveos.pl\/index.php\/wp-json\/wp\/v2\/media?parent=4972"}],"wp:term":[{"taxonomy":"product_cat","embeddable":true,"href":"https:\/\/sklep.aveos.pl\/index.php\/wp-json\/wp\/v2\/product_cat?post=4972"},{"taxonomy":"product_tag","embeddable":true,"href":"https:\/\/sklep.aveos.pl\/index.php\/wp-json\/wp\/v2\/product_tag?post=4972"}],"curies":[{"name":"wp","href":"https:\/\/api.w.org\/{rel}","templated":true}]}}