{"id":4976,"date":"2017-04-29T17:53:24","date_gmt":"2017-04-29T15:53:24","guid":{"rendered":"http:\/\/sklep.aveos.pl\/?post_type=product&#038;p=4976"},"modified":"2017-04-29T17:55:07","modified_gmt":"2017-04-29T15:55:07","slug":"sword-mega-mt-ebd-2-4ghz","status":"publish","type":"product","link":"https:\/\/sklep.aveos.pl\/index.php\/produkt\/sword-mega-mt-ebd-2-4ghz\/","title":{"rendered":"Sword Mega MT EBD 2.4GHz"},"content":{"rendered":"<p><strong>Sword Mega MT<\/strong> marki VRX Racing to <strong>Monster Truck<\/strong> w skali 1:10 z nap\u0119dem <strong><abbr class=\"m3dict\" title=\"Nap\u0119d na 2 osie, czyli na 4 ko\u0142a.\">4WD<\/abbr><\/strong>. <strong>Stalowe tryby dyferencja\u0142\u00f3w, programowalny dwukierunkowy <abbr class=\"m3dict\" title=\"Urz\u0105dzenie elektroniczne odpowiedzialne za sterowanie obrotami silnika. Po\u0142\u0105czone bezpo\u015brednio z silnikiem, odbiornikiem i akumulatorem zasilaj\u0105cym model. Stanowi\u0105 &quot;serce&quot; modelu zdalnie sterowanego.\">regulator<\/abbr> obrot\u00f3w, silne <abbr class=\"m3dict\" title=\"Urz\u0105dzenie zamontowane w modelu wykonuj\u0105ce komendy zadane przez modelarza za pomoc\u0105 nadajnika. Pod\u0142\u0105czone do nadajnika i zazwyczaj zasilane pr\u0105dem sta\u0142ym o napi\u0119ciu 4.5V - 6.0V. Zbudowane z silnika elektrycznego i przek\u0142adni. Parametry charakteryzuj\u0105ce to pr\u0119dko\u015b\u0107 i ud\u017awig. Stosowane do skr\u0119tu, gazu, lotek, klap, steru, itp.\">serwo<\/abbr><\/strong> steru to tylko cz\u0119\u015b\u0107 cech wyr\u00f3\u017cniaj\u0105cych go na tle konkurencji. Ogromnym plusem modelu jest te\u017c<strong> radio <abbr class=\"m3dict\" title=\"System radiowy wysokiej cz\u0119stotliwo\u015bci odpornej na zak\u0142\u00f3cenia o znacznie wi\u0119kszym zasi\u0119gu. Coraz bardziej wypiera systemy radiowe o niskich cz\u0119stotliwo\u015bciach tj. 27, 35, 40, 49, 72MHz.\">2,4GHz<\/abbr><\/strong> dzi\u0119ki kt\u00f3remu mo\u017cna \u015bciga\u0107 si\u0119 z innymi zawodnikami bez obawy o nak\u0142adanie si\u0119 sygna\u0142\u00f3w.<\/p>\n<p>W stosunku do modelu Sword EBD, <strong>nowy Sword Mega MT zosta\u0142 wyposa\u017cony w szereg unikalnych rozwi\u0105za\u0144:<\/strong><\/p>\n<ul>\n<li>nowoczesny nap\u0119d na 4 ko\u0142a z systemem chroni\u0105cym z\u0119batki przed nadmiernym zu\u017cyciem w wyniku \u015blizgania si\u0119,<\/li>\n<li>przebudowano przek\u0142adni\u0119 dla obni\u017cenia \u015brodka ci\u0119\u017cko\u015bci,<\/li>\n<li>wzmocniono i przeprojektowano wahacze,<\/li>\n<li>wprowadzono mo\u017cliwo\u015b\u0107 regulacji rozstawu osi na piastach,<\/li>\n<li>w uk\u0142adzie kierowniczym pojawi\u0142y si\u0119 p\u00f3\u0142osie nap\u0119dowe z wa\u0142ami kardana,<\/li>\n<li>podwozie zyska\u0142o na sztywno\u015bci dzi\u0119ki wzmocnionej p\u0142ycie g\u00f3rnej.<\/li>\n<li>ca\u0142a konstrukcja zosta\u0142a zaprojektowana w taki spos\u00f3b, aby u\u0142atwi\u0107 serwisowanie modelu i wprowadzanie modyfikacji.<\/li>\n<\/ul>\n<p>Konstrukcja typu MT pozwoli na emocjonuj\u0105c\u0105 jazd\u0119 po niemal ka\u017cdej nawierzchni. Auto dobrze sprawdzi si\u0119 na asfalcie, ale jeszcze lepiej w trudnym terenie. <strong>Szeroki rozstaw i ogromne ko\u0142a o wymiarach 130 x 65mm<\/strong> gwarantuj\u0105 stabilno\u015b\u0107 na zakr\u0119tach, a odpowiedni prze\u015bwit i nowoczesny nap\u0119d 4&#215;4 pozwol\u0105 poszale\u0107 na nier\u00f3wno\u015bciach. Dok\u0142adne dopasowanie modelu do warunk\u00f3w umo\u017cliwia <strong>regulowane zawieszenie<\/strong>. Aby zapewni\u0107 trwa\u0142\u0105 i niezawodn\u0105 eksploatacj\u0119 model wyposa\u017cono w<strong> metalowe z\u0119batki dyferencja\u0142\u00f3w<\/strong>. Cz\u0119\u015bci plastikowe zosta\u0142y wykonane z tworzyw o podwy\u017cszonej elastyczno\u015bci dzi\u0119ki czemu s\u0105 mniej nara\u017cone na p\u0119kni\u0119cia. Do modelu do\u0142\u0105czone jest nowoczesne, pistoletowe<strong> radio <abbr class=\"m3dict\" title=\"System radiowy wysokiej cz\u0119stotliwo\u015bci odpornej na zak\u0142\u00f3cenia o znacznie wi\u0119kszym zasi\u0119gu. Coraz bardziej wypiera systemy radiowe o niskich cz\u0119stotliwo\u015bciach tj. 27, 35, 40, 49, 72MHz.\">2.4GHz<\/abbr> o bardzo du\u017cym zasi\u0119gu<\/strong> &#8211; pr\u0119dzej model zniknie z pola widzenia oczu ni\u017c utraci sygna\u0142 z nadajnika. Mega Sword to model elektryczny, wi\u0119c w razie gorszej pogody mo\u017cna bawi\u0107 si\u0119 nim nawet w domu.<\/p>\n<p>Kolejn\u0105 siln\u0105 stron\u0105 tego modelu jest dwukierunkowy <strong><abbr class=\"m3dict\" title=\"Urz\u0105dzenie elektroniczne odpowiedzialne za sterowanie obrotami silnika. Po\u0142\u0105czone bezpo\u015brednio z silnikiem, odbiornikiem i akumulatorem zasilaj\u0105cym model. Stanowi\u0105 &quot;serce&quot; modelu zdalnie sterowanego.\">regulator<\/abbr> obrot\u00f3w 400A<\/strong> z du\u017cym radiatorem. Regiel ten poza akumulatorami NiMH\/NiCd, <strong>w pe\u0142ni obs\u0142uguje baterie LiPo 7.4V<\/strong>. Ponadto programowalny cut-off, over-heat, mode crawler powoduj\u0105, \u017ce jest to zupe\u0142ny ewenement w tej klasie aut.<\/p>\n<p align=\"center\"><img class=\"aligncenter\" src=\"https:\/\/www.gimmik.net\/images\/czesci\/vrx_esc_400a_H0050.jpg\" alt=\"\" \/>Prezentowany Sword Mega MT <abbr class=\"m3dict\" title=\"System radiowy wysokiej cz\u0119stotliwo\u015bci odpornej na zak\u0142\u00f3cenia o znacznie wi\u0119kszym zasi\u0119gu. Coraz bardziej wypiera systemy radiowe o niskich cz\u0119stotliwo\u015bciach tj. 27, 35, 40, 49, 72MHz.\">2.4GHz<\/abbr>, to samoch\u00f3d RC typu <abbr class=\"m3dict\" title=\"Ready To Run, czyli gotowy do zabawy po wyj\u0119ciu z pude\u0142ka\">RTR<\/abbr>, czyli gotowy do jazdy od razu po wyj\u0119ciu z pude\u0142ka, jedyne czego potrzebujesz to 8szt baterii AA (zwyk\u0142e &#8220;paluszki&#8221;) do nadajnika, kt\u00f3re r\u00f3wnie\u017c mo\u017cesz kupi\u0107 w naszym sklepie.<\/p>\n<p>Zapewniamy pe\u0142n\u0105 dost\u0119pno\u015b\u0107 cz\u0119\u015bci zamiennych, dodatkowe akcesoria tj. diody, akumulatory, \u0142adowarki oraz polskoj\u0119zyczn\u0105 instrukcj\u0119 obs\u0142ugi i najwi\u0119kszy wyb\u00f3r karoserii.<\/p>\n<div>\n<p><span class=\"subtitle\">Dane techniczne<\/span><\/p>\n<ul>\n<li>Skala: 1:10<\/li>\n<li>D\u0142ugo\u015b\u0107: 420mm<\/li>\n<li>Szeroko\u015b\u0107: 330mm<\/li>\n<li>Wysoko\u015b\u0107: 162mm<\/li>\n<li>Ko\u0142a: 130x65mm<\/li>\n<li>Rozstaw osi: 290\/295mm<\/li>\n<li>Silnik: szczotkowy klasy 550<\/li>\n<li>Bateria: 7.2V 1800mAh<\/li>\n<li>Pr\u0119dko\u015b\u0107: 40km\/h<\/li>\n<li>Zasi\u0119g: 350m<\/li>\n<li>Nap\u0119d: 4&#215;4<\/li>\n<li>Radio: pistoletowe 2.4Ghz<\/li>\n<\/ul>\n<\/div>\n<div>\n<p><span class=\"subtitle\">Sk\u0142ad zestawu<\/span><\/p>\n<ul>\n<li>Model VRX Sword Mega MT EBD <abbr class=\"m3dict\" title=\"System radiowy wysokiej cz\u0119stotliwo\u015bci odpornej na zak\u0142\u00f3cenia o znacznie wi\u0119kszym zasi\u0119gu. Coraz bardziej wypiera systemy radiowe o niskich cz\u0119stotliwo\u015bciach tj. 27, 35, 40, 49, 72MHz.\">2.4GHz<\/abbr><\/li>\n<li>Radio pistoletowe <abbr class=\"m3dict\" title=\"System radiowy wysokiej cz\u0119stotliwo\u015bci odpornej na zak\u0142\u00f3cenia o znacznie wi\u0119kszym zasi\u0119gu. Coraz bardziej wypiera systemy radiowe o niskich cz\u0119stotliwo\u015bciach tj. 27, 35, 40, 49, 72MHz.\">2.4GHz<\/abbr><\/li>\n<li>Akumulator do modelu<\/li>\n<li>\u0141adowarka sieciowa 230V<\/li>\n<li>Instrukcja obs\u0142ugi<\/li>\n<\/ul>\n<\/div>\n","protected":false},"excerpt":{"rendered":"<p>Sword Mega MT marki VRX Racing to Monster Truck w skali 1:10 z nap\u0119dem 4WD. Stalowe tryby dyferencja\u0142\u00f3w, programowalny dwukierunkowy regulator obrot\u00f3w, silne serwo steru to tylko cz\u0119\u015b\u0107 cech wyr\u00f3\u017cniaj\u0105cych go na tle konkurencji. Ogromnym plusem modelu jest te\u017c radio 2,4GHz dzi\u0119ki kt\u00f3remu mo\u017cna \u015bciga\u0107 si\u0119 z innymi zawodnikami bez obawy o nak\u0142adanie si\u0119 sygna\u0142\u00f3w&#8230;.<\/p>\n","protected":false},"featured_media":4978,"comment_status":"open","ping_status":"closed","template":"","meta":{"_s2mail":""},"product_cat":[487],"product_tag":[],"_links":{"self":[{"href":"https:\/\/sklep.aveos.pl\/index.php\/wp-json\/wp\/v2\/product\/4976"}],"collection":[{"href":"https:\/\/sklep.aveos.pl\/index.php\/wp-json\/wp\/v2\/product"}],"about":[{"href":"https:\/\/sklep.aveos.pl\/index.php\/wp-json\/wp\/v2\/types\/product"}],"replies":[{"embeddable":true,"href":"https:\/\/sklep.aveos.pl\/index.php\/wp-json\/wp\/v2\/comments?post=4976"}],"wp:featuredmedia":[{"embeddable":true,"href":"https:\/\/sklep.aveos.pl\/index.php\/wp-json\/wp\/v2\/media\/4978"}],"wp:attachment":[{"href":"https:\/\/sklep.aveos.pl\/index.php\/wp-json\/wp\/v2\/media?parent=4976"}],"wp:term":[{"taxonomy":"product_cat","embeddable":true,"href":"https:\/\/sklep.aveos.pl\/index.php\/wp-json\/wp\/v2\/product_cat?post=4976"},{"taxonomy":"product_tag","embeddable":true,"href":"https:\/\/sklep.aveos.pl\/index.php\/wp-json\/wp\/v2\/product_tag?post=4976"}],"curies":[{"name":"wp","href":"https:\/\/api.w.org\/{rel}","templated":true}]}}