{"id":4979,"date":"2017-04-29T18:04:15","date_gmt":"2017-04-29T16:04:15","guid":{"rendered":"http:\/\/sklep.aveos.pl\/?post_type=product&#038;p=4979"},"modified":"2021-05-31T20:58:51","modified_gmt":"2021-05-31T18:58:51","slug":"himoto-ext-16-brushless-24ghz-hsp-hunter","status":"publish","type":"product","link":"https:\/\/sklep.aveos.pl\/index.php\/produkt\/himoto-ext-16-brushless-24ghz-hsp-hunter\/","title":{"rendered":"Himoto EXT-16 Brushless 2,4GHz (HSP Hunter)"},"content":{"rendered":"<p><strong>Hunter EXT-16 PRO<\/strong> to najnowszy model typu <abbr class=\"m3dict\" title=\"Typ zawieszenia samochodu b\u0119d\u0105cy po\u0142\u0105czeniem zalet aut typu buggy i terenowych monster truck\u00f3w. G\u0142\u00f3wne zalety to szeroki rozstaw k\u00f3\u0142, stosunkowo wysokie zawieszenie, niska karoseria. Dzi\u0119ki tym cechom auta te s\u0105 szybkie i dobrze trzymaj\u0105 si\u0119 drogi.\">Truggy<\/abbr> w skali <abbr class=\"m3dict\" title=\"Skala wielko\u015bci odpowiednia do rekraacyjnej zabawy, ale wybierana r\u00f3wnie\u017c przez modelarzy zawodnik\u00f3w.\">1:16<\/abbr> ze stajni <strong>znanej i cenionej marki Himoto Racing<\/strong>. Jest to ekwiwalent modelu Hunter marki HSP, jednak r\u00f3\u017cni si\u0119 od niego znacznie lepszym radiem <abbr class=\"m3dict\" title=\"System radiowy wysokiej cz\u0119stotliwo\u015bci odpornej na zak\u0142\u00f3cenia o znacznie wi\u0119kszym zasi\u0119gu. Coraz bardziej wypiera systemy radiowe o niskich cz\u0119stotliwo\u015bciach tj. 27, 35, 40, 49, 72MHz.\">2.4GHz<\/abbr> z systemem EPA. Dzi\u0119ki <strong>End Point Adjustment<\/strong> mo\u017cemy indywidualnie regulowa\u0107 dzia\u0142anie ka\u017cdego <abbr class=\"m3dict\" title=\"Urz\u0105dzenie zamontowane w modelu wykonuj\u0105ce komendy zadane przez modelarza za pomoc\u0105 nadajnika. Pod\u0142\u0105czone do nadajnika i zazwyczaj zasilane pr\u0105dem sta\u0142ym o napi\u0119ciu 4.5V - 6.0V. Zbudowane z silnika elektrycznego i przek\u0142adni. Parametry charakteryzuj\u0105ce to pr\u0119dko\u015b\u0107 i ud\u017awig. Stosowane do skr\u0119tu, gazu, lotek, klap, steru, itp.\">serwo<\/abbr>mechanizmu. Jednym z zastosowa\u0144 tego systemu jest np. <strong>mo\u017cliwo\u015b\u0107 ograniczania maksymalnej pr\u0119dko\u015bci<\/strong> naszego modelu do wybranej warto\u015bci, co jest <strong>bardzo przydatne dla pocz\u0105tkuj\u0105cych<\/strong>. Pozwala to unikn\u0105\u0107 zbyt szybkiej jazdy i ewentualnych uszkodze\u0144 auta.<\/p>\n<p>W por\u00f3wnaniu do standardowej wersji, auto posiada kilka lepszych rozwi\u0105za\u0144 w postaci <strong>wydajniejszego silnika bezszczotkowego<\/strong>, kt\u00f3ry jest bardziej wytrzyma\u0142y, ma zwi\u0119kszon\u0105 \u017cywotno\u015b\u0107 oraz charakteryzuje si\u0119 lepszymi parametrami w por\u00f3wnaniu do szczotkowych odpowiednik\u00f3w.<\/p>\n<p>Autko zosta\u0142o zaprojektowane z my\u015bl\u0105 o pocz\u0105tkuj\u0105cych i \u015brednio zaawansowanych kierowcach, kt\u00f3rzy uwielbiaj\u0105 emocjonuj\u0105c\u0105 jazd\u0119. Nie mniej jednak <strong>rasowi zawodnicy r\u00f3wnie\u017c ch\u0119tnie wybieraj\u0105 naszego Huntera Pro<\/strong>.<\/p>\n<p>W prezentowanym modelu zastosowano rozwi\u0105zania na miar\u0119 profesjonalnych aut, czyli olejowe amortyzatory, regulowane zawieszenie czy niezawodny elektryczny silnik, kt\u00f3ry pozwala na rozwini\u0119cie naprawd\u0119 du\u017cych pr\u0119dko\u015bci, jak na takie ma\u0142e autko! <strong>Uniwersalna konstrukcja typu <abbr class=\"m3dict\" title=\"Typ zawieszenia samochodu b\u0119d\u0105cy po\u0142\u0105czeniem zalet aut typu buggy i terenowych monster truck\u00f3w. G\u0142\u00f3wne zalety to szeroki rozstaw k\u00f3\u0142, stosunkowo wysokie zawieszenie, niska karoseria. Dzi\u0119ki tym cechom auta te s\u0105 szybkie i dobrze trzymaj\u0105 si\u0119 drogi.\">truggy<\/abbr><\/strong> pozwoli Wam na jazd\u0119 po niemal ka\u017cdej nawierzchni &#8211; w domu, po asfalcie czy w ternie. Z kolei, szeroki rozstaw k\u00f3\u0142 i odpowiednio dobrane opony gwarantuj\u0105 \u015bwietn\u0105 przyczepno\u015b\u0107 i stabilno\u015b\u0107 w ka\u017cdych warunkach.<\/p>\n<p><img loading=\"lazy\" class=\"aligncenter\" src=\"https:\/\/www.gimmik.net\/images\/jezdzace\/Himoto_ZMOTOZ3_BL_radio.jpg\" alt=\"\" width=\"600\" height=\"700\" \/><\/p>\n<p>Prezentowany Himoto Hunter EXT-16 w wersji PRO, to model typu Ready To Run (<abbr class=\"m3dict\" title=\"Ready To Run, czyli gotowy do zabawy po wyj\u0119ciu z pude\u0142ka\">RTR<\/abbr>), czyli po wyj\u0119ciu go z pude\u0142ka potrzebujesz jedynie 4szt baterii AA (zwyk\u0142e &#8220;paluszki&#8221;) do nadajnika, kt\u00f3re r\u00f3wnie\u017c mo\u017cesz kupi\u0107 w naszym sklepie.<\/p>\n<p><strong>Zapewniamy pe\u0142n\u0105 dost\u0119pno\u015b\u0107 cz\u0119\u015bci zamiennych,<\/strong> dodatkowe akcesoria tj. akumulatory, \u0142adowarki oraz polskoj\u0119zyczn\u0105 instrukcj\u0119 obs\u0142ugi.<\/p>\n<div><span class=\"subtitle\">Dane techniczne<\/span><\/p>\n<ul>\n<li>Skala: <abbr class=\"m3dict\" title=\"Skala wielko\u015bci odpowiednia do rekraacyjnej zabawy, ale wybierana r\u00f3wnie\u017c przez modelarzy zawodnik\u00f3w.\">1:16<\/abbr><\/li>\n<li>D\u0142ugo\u015b\u0107: 250mm<\/li>\n<li>Szeroko\u015b\u0107: 205mm<\/li>\n<li>Wysoko\u015b\u0107: 88mm<\/li>\n<li>Rozstaw k\u00f3\u0142: 174mm<\/li>\n<li>Silnik: bezszczotkowy<\/li>\n<li>Regulator obrot\u00f3w: bezszczotkowy, programowalny EZRUN-S16<\/li>\n<li>Serwomechanizm: klasy standard o sile 3kg<\/li>\n<li>Akumulator: LiPo 7.4V 1500mAh Wtyk: mini tamiya<\/li>\n<li>Olejowo-spr\u0119\u017cynowe amortyzatory<\/li>\n<li>Du\u017ce bie\u017cnikowane gumowe opony<\/li>\n<li>Nap\u0119d: 4&#215;4<\/li>\n<li>\u0141adowarka sieciowa 250mAh<\/li>\n<li>Radio pistoletowe dwukana\u0142owe, <abbr class=\"m3dict\" title=\"System radiowy wysokiej cz\u0119stotliwo\u015bci odpornej na zak\u0142\u00f3cenia o znacznie wi\u0119kszym zasi\u0119gu. Coraz bardziej wypiera systemy radiowe o niskich cz\u0119stotliwo\u015bciach tj. 27, 35, 40, 49, 72MHz.\">2.4GHz<\/abbr> z systemem EPA, zasilane 4 paluszkami AA<\/li>\n<\/ul>\n<\/div>\n<div><span class=\"subtitle\">Sk\u0142ad zestawu<\/span><\/p>\n<ul>\n<li>Model Himoto Hunter EXT-16 <abbr class=\"m3dict\" title=\"System radiowy wysokiej cz\u0119stotliwo\u015bci odpornej na zak\u0142\u00f3cenia o znacznie wi\u0119kszym zasi\u0119gu. Coraz bardziej wypiera systemy radiowe o niskich cz\u0119stotliwo\u015bciach tj. 27, 35, 40, 49, 72MHz.\">2.4GHz<\/abbr> z silnikiem bezszczotkowym<\/li>\n<li>Radio pistoletowe <abbr class=\"m3dict\" title=\"System radiowy wysokiej cz\u0119stotliwo\u015bci odpornej na zak\u0142\u00f3cenia o znacznie wi\u0119kszym zasi\u0119gu. Coraz bardziej wypiera systemy radiowe o niskich cz\u0119stotliwo\u015bciach tj. 27, 35, 40, 49, 72MHz.\">2.4GHz<\/abbr>z EPA<\/li>\n<li>Akumulator: LiPo 7.4V 1500mAh Wtyk: mini tamiya<\/li>\n<li>\u0141adowarka sieciowa 230V<\/li>\n<li>Polskoj\u0119zyczna instrukcja obs\u0142ugi<\/li>\n<\/ul>\n<\/div>\n","protected":false},"excerpt":{"rendered":"<p>Hunter EXT-16 PRO to najnowszy model typu Truggy w skali 1:16 ze stajni znanej i cenionej marki Himoto Racing. Jest to ekwiwalent modelu Hunter marki HSP, jednak r\u00f3\u017cni si\u0119 od niego znacznie lepszym radiem 2.4GHz z systemem EPA. Dzi\u0119ki End Point Adjustment mo\u017cemy indywidualnie regulowa\u0107 dzia\u0142anie ka\u017cdego serwomechanizmu. Jednym z zastosowa\u0144 tego systemu jest np&#8230;.<\/p>\n","protected":false},"featured_media":4980,"comment_status":"open","ping_status":"closed","template":"","meta":{"_s2mail":""},"product_cat":[487],"product_tag":[],"_links":{"self":[{"href":"https:\/\/sklep.aveos.pl\/index.php\/wp-json\/wp\/v2\/product\/4979"}],"collection":[{"href":"https:\/\/sklep.aveos.pl\/index.php\/wp-json\/wp\/v2\/product"}],"about":[{"href":"https:\/\/sklep.aveos.pl\/index.php\/wp-json\/wp\/v2\/types\/product"}],"replies":[{"embeddable":true,"href":"https:\/\/sklep.aveos.pl\/index.php\/wp-json\/wp\/v2\/comments?post=4979"}],"wp:featuredmedia":[{"embeddable":true,"href":"https:\/\/sklep.aveos.pl\/index.php\/wp-json\/wp\/v2\/media\/4980"}],"wp:attachment":[{"href":"https:\/\/sklep.aveos.pl\/index.php\/wp-json\/wp\/v2\/media?parent=4979"}],"wp:term":[{"taxonomy":"product_cat","embeddable":true,"href":"https:\/\/sklep.aveos.pl\/index.php\/wp-json\/wp\/v2\/product_cat?post=4979"},{"taxonomy":"product_tag","embeddable":true,"href":"https:\/\/sklep.aveos.pl\/index.php\/wp-json\/wp\/v2\/product_tag?post=4979"}],"curies":[{"name":"wp","href":"https:\/\/api.w.org\/{rel}","templated":true}]}}