{"id":5064,"date":"2017-06-26T17:12:06","date_gmt":"2017-06-26T15:12:06","guid":{"rendered":"http:\/\/sklep.aveos.pl\/?post_type=product&#038;p=5064"},"modified":"2020-12-19T13:27:26","modified_gmt":"2020-12-19T12:27:26","slug":"nqd-land-buster-112-monster-truck-2740mhz-rtr","status":"publish","type":"product","link":"https:\/\/sklep.aveos.pl\/index.php\/produkt\/nqd-land-buster-112-monster-truck-2740mhz-rtr\/","title":{"rendered":"NQD: Land Buster 1:12 Monster Truck 27\/40MHz RTR"},"content":{"rendered":"<p><center><strong>Dost\u0119pne kolorystyki:<\/strong><\/center><br \/>\n<img class=\"aligncenter\" src=\"https:\/\/www.gimmik.net\/usr\/inline_images\/storage\/16964\/warianty.jpg\" alt=\"\" \/><br \/>\n<strong>Land Buster <\/strong>to kolejne zdalnie sterowane auto ze stajni <strong>NQD<\/strong>&#8211; fantastyczna teren\u00f3wka w skali <strong>1:12<\/strong>, kt\u00f3rej niestraszny piasek, kamienie i liczne przeszkody.<br \/>\n<img class=\"aligncenter\" src=\"https:\/\/www.gimmik.net\/usr\/inline_images\/storage\/16964\/image00018.jpg\" alt=\"\" width=\"600\" \/>Masywne ko\u0142a, opony o doskona\u0142ej przyczepno\u015bci i solidne zawieszenie gwarantuj\u0105 stabilno\u015b\u0107 i niezawodno\u015b\u0107. Je\u015bli jeste\u015b fanem szybkiej jazdy w trudnym terenie, <strong>Land Buster<\/strong> to idealna propozycja dla Ciebie!<\/p>\n<p><img class=\"aligncenter\" src=\"https:\/\/www.gimmik.net\/usr\/inline_images\/storage\/16964\/26343592_9082_d.jpeg\" alt=\"\" width=\"550\" \/>Przykuwaj\u0105cy wzrok rozmiar <strong>(34cm)<\/strong> oraz <strong>sportowy design podkre\u015blony przez tylny spojler<\/strong>, uzupe\u0142nia elastyczne i niezale\u017cne zawieszenie. Auto nie tylko wygl\u0105da na szybkie- jest takie w rzeczywisto\u015bci! P\u0119dz\u0105c z pr\u0119dko\u015bci\u0105<strong> do 25km\/h<\/strong>, <strong>Land Buster<\/strong> b\u0119dzie wyzwaniem dla niejednego kierowcy! Trwa\u0142e i elastyczne materia\u0142y z kt\u00f3rych wykonano model zapewniaj\u0105 trwa\u0142o\u015b\u0107 i ochron\u0119 podzespo\u0142ow, przedni zderzak dodatkowo niweluje skutki bezpo\u015brednich kolizji.<br \/>\n<img class=\"aligncenter\" src=\"https:\/\/www.gimmik.net\/usr\/inline_images\/storage\/16964\/26343592_7045_d.jpeg\" alt=\"\" width=\"600\" \/>Dwukana\u0142owa aparatura to prostota obs\u0142ugi i \u0142atwy dost\u0119p do wszystkich funkcji. Prezentowany model to typ <strong><abbr class=\"m3dict\" title=\"Ready To Run, czyli gotowy do zabawy po wyj\u0119ciu z pude\u0142ka\">RTR<\/abbr><\/strong>&#8211; wystarczy umie\u015bci\u0107 akumulator w aucie, a nast\u0119pnie bateri\u0119 w nadajniku, aby cieszy\u0107 si\u0119 wra\u017ceniami z jazdy w ka\u017cdych warunkach.<\/p>\n<div><span class=\"subtitle\">Dane techniczne<\/span><\/p>\n<ul>\n<li>Skala: 1:12<\/li>\n<li>Wymiary: 34x22x15cm<\/li>\n<li>Kierunki jazdy: prz\u00f3d-ty\u0142, lewo-prawo<\/li>\n<li>Nadajnik: bezprzewodowy 27MHz\/40MHz<\/li>\n<li>Zasi\u0119g sterowania: do 50m<\/li>\n<li>Zasilanie: akumulator 9.6V 800mAh Ni-CD (auto) + bateria 9V (nadajnik) &#8211; do\u0142\u0105czone w zestawie<\/li>\n<li>Czas jazdy: do 10min<\/li>\n<\/ul>\n<\/div>\n","protected":false},"excerpt":{"rendered":"<p>Dost\u0119pne kolorystyki: Land Buster to kolejne zdalnie sterowane auto ze stajni NQD&#8211; fantastyczna teren\u00f3wka w skali 1:12, kt\u00f3rej niestraszny piasek, kamienie i liczne przeszkody. Masywne ko\u0142a, opony o doskona\u0142ej przyczepno\u015bci i solidne zawieszenie gwarantuj\u0105 stabilno\u015b\u0107 i niezawodno\u015b\u0107. Je\u015bli jeste\u015b fanem szybkiej jazdy w trudnym terenie, Land Buster to idealna propozycja dla Ciebie! Przykuwaj\u0105cy wzrok rozmiar&#8230;<\/p>\n","protected":false},"featured_media":5065,"comment_status":"open","ping_status":"closed","template":"","meta":{"_s2mail":""},"product_cat":[487],"product_tag":[],"_links":{"self":[{"href":"https:\/\/sklep.aveos.pl\/index.php\/wp-json\/wp\/v2\/product\/5064"}],"collection":[{"href":"https:\/\/sklep.aveos.pl\/index.php\/wp-json\/wp\/v2\/product"}],"about":[{"href":"https:\/\/sklep.aveos.pl\/index.php\/wp-json\/wp\/v2\/types\/product"}],"replies":[{"embeddable":true,"href":"https:\/\/sklep.aveos.pl\/index.php\/wp-json\/wp\/v2\/comments?post=5064"}],"wp:featuredmedia":[{"embeddable":true,"href":"https:\/\/sklep.aveos.pl\/index.php\/wp-json\/wp\/v2\/media\/5065"}],"wp:attachment":[{"href":"https:\/\/sklep.aveos.pl\/index.php\/wp-json\/wp\/v2\/media?parent=5064"}],"wp:term":[{"taxonomy":"product_cat","embeddable":true,"href":"https:\/\/sklep.aveos.pl\/index.php\/wp-json\/wp\/v2\/product_cat?post=5064"},{"taxonomy":"product_tag","embeddable":true,"href":"https:\/\/sklep.aveos.pl\/index.php\/wp-json\/wp\/v2\/product_tag?post=5064"}],"curies":[{"name":"wp","href":"https:\/\/api.w.org\/{rel}","templated":true}]}}