{"id":5080,"date":"2017-06-26T17:57:14","date_gmt":"2017-06-26T15:57:14","guid":{"rendered":"http:\/\/sklep.aveos.pl\/?post_type=product&#038;p=5080"},"modified":"2022-12-07T14:23:27","modified_gmt":"2022-12-07T13:23:27","slug":"bsd-dune-racer-218t-110-4wd","status":"publish","type":"product","link":"https:\/\/sklep.aveos.pl\/index.php\/produkt\/bsd-dune-racer-218t-110-4wd\/","title":{"rendered":"BSD DUNE RACER 218T 1\/10 4WD"},"content":{"rendered":"<p><strong><em>Zdalnie sterowany model samochodu ze szczotkowym nap\u0119dem elektrycznym w skali 1\/10.<\/em><\/strong><\/p>\n<p>W zestawie znajduje si\u0119 pakiet nap\u0119dowy typu <em><strong>NiMh<\/strong><\/em>.<\/p>\n<p>Regulator obrot\u00f3w WP1040 przystosowany jest do zasilania pakietami typu <em><strong>LiPo<\/strong><\/em>. Zmiany dokonuje si\u0119 za pomoc\u0105 zworek na obudowie regulatora. Regulator posiada r\u00f3wnie\u017c funkcj\u0119 wy\u0142\u0105czenia biegu wstecznego.<\/p>\n<p><em><strong>Zestaw zawiera:<\/strong><\/em><\/p>\n<ul>\n<li>Ca\u0142kowicie zmontowany model z karoseri\u0105<\/li>\n<li>Nadajnik 2.4GHz<\/li>\n<li>Pakiet nap\u0119dowy NiMh 7,2V \/ 1800mAh<\/li>\n<li>\u0141adowark\u0119 sieciow\u0105 pakietu nap\u0119dowego &#8211; 500mA<\/li>\n<\/ul>\n<p>&nbsp;<\/p>\n<p><em><strong>Dane techniczne:<br \/>\n<\/strong><\/em><\/p>\n<ul>\n<li>D\u0142ugo\u015b\u0107: 420mm<\/li>\n<li>Szeroko\u015b\u0107: 280mm<\/li>\n<li>Wysoko\u015b\u0107.: 140mm<\/li>\n<li>Rozstaw osi: 290mm<\/li>\n<li>Ko\u0142a: 112mm x 50mm<\/li>\n<li>Prze\u015bwit: 45mm<\/li>\n<\/ul>\n<p>&nbsp;<\/p>\n<p><em><strong>Cechy modelu:<\/strong><\/em><\/p>\n<ul>\n<li>Nap\u0119d na cztery ko\u0142a<\/li>\n<li>Gotowy do jazdy<\/li>\n<li>Szczotkowy silnik nap\u0119dowy<\/li>\n<li>Elektroniczny regulator obrot\u00f3w<\/li>\n<li>Pakiet nap\u0119dowy NiMh 7,2V \/ 1800mAh<\/li>\n<li>Amortyzatory olejowe<\/li>\n<li>Aparatura steruj\u0105ca 2.4GHz<\/li>\n<li>Wodoszczelne przek\u0142adnie<\/li>\n<li>\u0141atwy monta\u017c odbiornika i pakietu nap\u0119dowego<\/li>\n<li>Wysokiej jako\u015bci przek\u0142adnie dyferencja\u0142\u00f3w<\/li>\n<li>Precyzyjne \u0142o\u017cyska kulkowe<\/li>\n<\/ul>\n<p>&nbsp;<\/p>\n<p><em><strong>Model wyst\u0119puje w kolorach:<\/strong><\/em><\/p>\n<ul>\n<li>czerwony<\/li>\n<li>zielony<\/li>\n<\/ul>\n<p>&nbsp;<\/p>\n<p><em><strong>Potrzebne do uruchomienia modelu:<\/strong><\/em><\/p>\n<ul>\n<li>Zasilanie nadajnika 8 x AA (1.5V)<\/li>\n<\/ul>\n","protected":false},"excerpt":{"rendered":"<p>Zdalnie sterowany model samochodu ze szczotkowym nap\u0119dem elektrycznym w skali 1\/10. W zestawie znajduje si\u0119 pakiet nap\u0119dowy typu NiMh. Regulator obrot\u00f3w WP1040 przystosowany jest do zasilania pakietami typu LiPo. Zmiany dokonuje si\u0119 za pomoc\u0105 zworek na obudowie regulatora. Regulator posiada r\u00f3wnie\u017c funkcj\u0119 wy\u0142\u0105czenia biegu wstecznego. Zestaw zawiera: Ca\u0142kowicie zmontowany model z karoseri\u0105 Nadajnik 2.4GHz Pakiet&#8230;<\/p>\n","protected":false},"featured_media":5082,"comment_status":"closed","ping_status":"closed","template":"","meta":{"_s2mail":""},"product_cat":[487],"product_tag":[],"_links":{"self":[{"href":"https:\/\/sklep.aveos.pl\/index.php\/wp-json\/wp\/v2\/product\/5080"}],"collection":[{"href":"https:\/\/sklep.aveos.pl\/index.php\/wp-json\/wp\/v2\/product"}],"about":[{"href":"https:\/\/sklep.aveos.pl\/index.php\/wp-json\/wp\/v2\/types\/product"}],"replies":[{"embeddable":true,"href":"https:\/\/sklep.aveos.pl\/index.php\/wp-json\/wp\/v2\/comments?post=5080"}],"wp:featuredmedia":[{"embeddable":true,"href":"https:\/\/sklep.aveos.pl\/index.php\/wp-json\/wp\/v2\/media\/5082"}],"wp:attachment":[{"href":"https:\/\/sklep.aveos.pl\/index.php\/wp-json\/wp\/v2\/media?parent=5080"}],"wp:term":[{"taxonomy":"product_cat","embeddable":true,"href":"https:\/\/sklep.aveos.pl\/index.php\/wp-json\/wp\/v2\/product_cat?post=5080"},{"taxonomy":"product_tag","embeddable":true,"href":"https:\/\/sklep.aveos.pl\/index.php\/wp-json\/wp\/v2\/product_tag?post=5080"}],"curies":[{"name":"wp","href":"https:\/\/api.w.org\/{rel}","templated":true}]}}