{"id":5101,"date":"2017-07-03T18:03:24","date_gmt":"2017-07-03T16:03:24","guid":{"rendered":"http:\/\/sklep.aveos.pl\/?post_type=product&#038;p=5101"},"modified":"2017-12-10T15:52:09","modified_gmt":"2017-12-10T14:52:09","slug":"monitor-dji-crystalsky-55","status":"publish","type":"product","link":"https:\/\/sklep.aveos.pl\/index.php\/produkt\/monitor-dji-crystalsky-55\/","title":{"rendered":"Monitor DJI CrystalSky 5&#8217;5&#8243;"},"content":{"rendered":"<div class=\"iai_top\" style=\"text-align: center;\">\n<p><img loading=\"lazy\" src=\"https:\/\/rcpro.pl\/data\/include\/cms\/2Szymon\/dji\/CrystalSky\/1.jpg\" width=\"900\" height=\"453\" border=\"0\" \/><\/p>\n<\/div>\n<div class=\"iai_top\" style=\"text-align: center;\"><\/div>\n<div class=\"iai_top\" style=\"text-align: center;\"><\/div>\n<div class=\"iai_top\" style=\"text-align: center;\"><strong><strong><br \/>\nWysoka\u00a0jasno\u015b\u0107<\/strong><\/strong><\/div>\n<div class=\"iai_top\" style=\"text-align: center;\"><\/div>\n<div class=\"iai_top\" style=\"text-align: center;\">\n<p>Maksymalna jasno\u015b\u0107 ekranu CrystalSky 5,5&#8243; to 1000 cd\/m2, czyli dwukrotnie\u00a0wi\u0119cej ni\u017c typowe urz\u0105dzenie mobilne. Szczeg\u00f3\u0142y na ekranie s\u0105 widoczne i ostre, a kolory \u017cywe. Dedykowany tryb do poprawiania czytelno\u015bci na \u015bwietle s\u0142onecznym zosta\u0142 zaprojektowany specjalnie do przetwarzania obrazu w czasie rzeczywistym, aby zapewni\u0107 bardziej komfortowe u\u017cytkowanie przy bezpo\u015brednim padaniu promieni s\u0142onecznych na ekran.<\/p>\n<\/div>\n<div class=\"iai_top\" style=\"text-align: center;\"><\/div>\n<div class=\"iai_top\" style=\"text-align: center;\"><img loading=\"lazy\" src=\"https:\/\/rcpro.pl\/data\/include\/cms\/2Szymon\/dji\/CrystalSky\/2.jpg\" width=\"900\" height=\"420\" border=\"0\" \/><\/div>\n<div class=\"iai_top\" style=\"text-align: center;\"><\/div>\n<div class=\"iai_top\" style=\"text-align: center;\"><\/div>\n<div class=\"iai_top\" style=\"text-align: center;\">\n<hr \/>\n<\/div>\n<div class=\"iai_top\" style=\"text-align: center;\"><strong><strong><br \/>\nP\u0142ynniejsze odtwarzanie video<\/strong><\/strong><\/div>\n<div class=\"iai_top\" style=\"text-align: center;\">Monitory CrystalSky korzystaj\u0105 ze zoptymalizowanego systemu dekoduj\u0105cego do odczytywania video w czasie rzeczywistym. Z powodu ogranicze\u0144 oprogramowania na smartfonach i tabletach, dekodowanie video na innych urz\u0105dzeniach mobilnych pozostawia wiele do \u017cyczenia. Podczas przegl\u0105da zdj\u0119\u0107 lub video przekazywanych przez kamer\u0119 mog\u0105 wyst\u0105pi\u0107 takie problemy jak drgania ekranu, op\u00f3\u017anienia przesy\u0142u i inne. Zoptymalizowany dekoder monitor\u00f3w CrystalSky zapewnia p\u0142ynny obraz ze znikomymi op\u00f3\u017anieniami przesy\u0142u.<br \/>\n<strong><br \/>\n<\/strong><\/div>\n<div class=\"iai_top\" style=\"text-align: center;\"><\/div>\n<div class=\"iai_top\" style=\"text-align: center;\"><strong><img src=\"https:\/\/rcpro.pl\/data\/include\/cms\/2Szymon\/dji\/CrystalSky\/3.jpg\" border=\"0\" \/><\/strong><\/div>\n<div class=\"iai_top\" style=\"text-align: center;\"><\/div>\n<div class=\"iai_top\" style=\"text-align: center;\"><\/div>\n<div class=\"iai_top\" style=\"text-align: center;\"><\/div>\n<div class=\"iai_top\" style=\"text-align: center;\">\n<hr \/>\n<\/div>\n<div class=\"iai_top\" style=\"text-align: center;\"><\/div>\n<div class=\"iai_top\" style=\"text-align: center;\"><strong><strong><br \/>\nDedykowany system z DJI GO<\/strong><\/strong><\/div>\n<div class=\"iai_top\" style=\"text-align: center;\">\n<p>Nowo zaprojektowany system usuwa wszystkie niepotrzebne aplikacje i us\u0142ugi Android i jest odporny na dzia\u0142anie wirus\u00f3w i oprogramowania \u015bmieciowego. Dzi\u0119ki temu monitory CrystalSky pracuj\u0105 zawsze z maksymaln\u0105 wydajno\u015bci\u0105. Wbudowana aplikacja DJI GO zapewnia pe\u0142ny dost\u0119p do takich funkcji jak kontrola kamery, obs\u0142uga i odtwarzanie plik\u00f3w. Dzi\u0119ki mapom offline, b\u0119d\u0105 one\u00a0dost\u0119pne nawet poza zasi\u0119giem WiFi.<\/p>\n<div>\n<p>&nbsp;<\/p>\n<\/div>\n<\/div>\n<div class=\"iai_top\" style=\"text-align: center;\">\n<p><img loading=\"lazy\" src=\"https:\/\/rcpro.pl\/data\/include\/cms\/2Szymon\/dji\/CrystalSky\/4.jpg\" width=\"900\" height=\"474\" border=\"0\" \/><\/p>\n<\/div>\n<div class=\"iai_top\" style=\"text-align: center;\"><\/div>\n<div class=\"iai_top\" style=\"text-align: center;\">\n<hr \/>\n<\/div>\n<div class=\"iai_top\" style=\"text-align: center;\">\n<p><strong><strong>Dodatkowe zasilanie<\/strong><\/strong><\/p>\n<\/div>\n<div class=\"iai_top\" style=\"text-align: center;\">Dwucelowy akumulator zewn\u0119trzny 4920 mAh pozwala na d\u0142u\u017csz\u0105 prac\u0119 monitora ni\u017c innych urz\u0105dze\u0144 mobilnych. Akumulator obs\u0142uguje szybkie \u0142adowanie i nie roz\u0142adowuje si\u0119 nadmiernie szybko nawet w niskich temperaturach. Maksymalny czas pracy monitora\u00a05,5&#8243; wynosi ok. 5-6 godzin, natomiast monitora 7,85&#8243; 4-5 godzin.<\/div>\n<div class=\"iai_top\" style=\"text-align: center;\"><\/div>\n<div class=\"iai_top\" style=\"text-align: center;\"><img loading=\"lazy\" src=\"https:\/\/rcpro.pl\/data\/include\/cms\/2Szymon\/dji\/Gogle-DJI\/oddaotkow.jpg\" width=\"900\" height=\"461\" border=\"0\" \/><\/div>\n<div class=\"iai_top\" style=\"text-align: center;\"><\/div>\n<div class=\"iai_top\" style=\"text-align: center;\"><\/div>\n<div class=\"iai_top\" style=\"text-align: center;\"><\/div>\n<div class=\"iai_top\" style=\"text-align: center;\">\n<hr \/>\n<\/div>\n<div class=\"iai_top\" style=\"text-align: center;\"><strong><br \/>\nDwa sloty SD<\/strong><\/div>\n<div class=\"iai_top\" style=\"text-align: center;\">Dzi\u0119ki\u00a0podw\u00f3jnemu gniazdu kart micro SD, pojemno\u015b\u0107 monitora mo\u017cna rozszerzy\u0107, a uj\u0119cia zapisane ju\u017c na kartach mo\u017cna odtwarza\u0107 bezpo\u015brednio na monitorze. Wbudowany w aplikacj\u0119 DJI GO edytor pozwala na szybk\u0105 obr\u00f3bk\u0119 pliku w wysokiej jako\u015bci i natychmiastowe udost\u0119pnienie go na portalu spo\u0142eczno\u015bciowym. Monitor CrystalSky obs\u0142uguje\u00a0standardy kompresji H.264 i H.265, co pozwala na odtwarzanie plik\u00f3w odpowiednio w 30 i 60 fpsach.<\/div>\n<div class=\"iai_top\" style=\"text-align: center;\"><\/div>\n<div class=\"iai_bottom\" style=\"text-align: center;\"><\/div>\n<div class=\"iai_bottom\" style=\"text-align: center;\"><img loading=\"lazy\" src=\"https:\/\/rcpro.pl\/data\/include\/cms\/2Szymon\/dji\/CrystalSky\/5.jpg\" width=\"900\" height=\"431\" border=\"0\" \/><\/div>\n<div class=\"iai_bottom\" style=\"text-align: center;\"><\/div>\n<div class=\"iai_bottom\" style=\"text-align: center;\">\n<div class=\"iai_top\"><\/div>\n<div class=\"iai_top\"><\/div>\n<div class=\"iai_top\">\n<hr \/>\n<\/div>\n<div class=\"iai_top\"><strong><br \/>\nMnogo\u015b\u0107 port\u00f3w<\/strong><\/div>\n<div class=\"iai_top\">Port HDMI monitora CrystalSky umo\u017cliwia przesy\u0142anie obrazu w jako\u015bci 4K do gogli lub innych urz\u0105dze\u0144 ekranowych. Wbudowana obs\u0142uga WiFi na podw\u00f3jnej cz\u0119stotliwo\u015bci oznacza, \u017ce mo\u017ce pod\u0142\u0105czy\u0107 si\u0119 do sieci WiFi i Hotspot\u00f3w stworzonych przez urz\u0105dzenia mobilne. Monitor jest r\u00f3wnie\u017c kompatybilny z internetem USB 4G przez port USB-A. Po pod\u0142\u0105czeniu do internetu, monitor CrystalSky uzyskuje \u0142atwo dost\u0119p do aktualizacji, streamowania, udost\u0119pniania plik\u00f3w i wiele wi\u0119cej.\u00a0Rozmiary plik\u00f3w s\u0105 optymalizowane, aby zminimalizowa\u0107 zu\u017cycie danych sieci mobilnej. Porty micro USB i USB-C sprawiaj\u0105, \u017ce monitor mo\u017cna z \u0142atwo\u015bci\u0105 pod\u0142\u0105czy\u0107 do nadajnika lub innego urz\u0105dzenia.<\/div>\n<div class=\"iai_top\"><\/div>\n<div class=\"iai_top\"><img loading=\"lazy\" src=\"https:\/\/rcpro.pl\/data\/include\/cms\/2Szymon\/dji\/CrystalSky\/6.jpg\" width=\"900\" height=\"389\" border=\"0\" \/><\/div>\n<div class=\"iai_top\"><\/div>\n<div class=\"iai_top\">\n<hr \/>\n<\/div>\n<div class=\"iai_top\"><strong><br \/>\nInteligentne tryby<\/strong><\/div>\n<div class=\"iai_top\">Wi\u0119kszo\u015b\u0107 urz\u0105dze\u0144 mobilnych dzia\u0142a poprawnie jedynie w zakresie umiarkowanych temperatur. Zewn\u0119trzny akumulator CrystalSky zosta\u0142 zaprojektowany, aby funkcjonowa\u0107 w bardziej ekstremalnych warunkach, w temperaturach od -20\u00b0C do 40\u00b0C.<\/div>\n<div class=\"iai_top\"><img loading=\"lazy\" src=\"https:\/\/rcpro.pl\/data\/include\/cms\/2Szymon\/dji\/CrystalSky\/7.jpg\" width=\"900\" height=\"383\" border=\"0\" \/><\/div>\n<\/div>\n<div class=\"iai_top\" style=\"text-align: center;\">\n<hr \/>\n<\/div>\n<div class=\"iai_top\" style=\"text-align: center;\"><strong><br \/>\nKompatybilno\u015b\u0107<\/strong><\/div>\n<div class=\"iai_top\" style=\"text-align: center;\">Monitory CrystalSky z \u0142atwo\u015bci\u0105 pod\u0142\u0105czysz do dron\u00f3w z serii Inspire, Phantom 4, Matrice, Phantom 3 Professional i Advanced, Mavica, a tak\u017ce gimbali r\u0119cznych Osmo (za wyj\u0105tkiem Osmo Mobile) za pomoc\u0105 WiFi lub przez port USB nadajnika (zaleca si\u0119 korzystanie z uchwytu do urz\u0105dze\u0144 mobilnych).\u00a0CrystalSky mo\u017cna tak\u017ce bez \u017cadnych dodatkowych mocowa\u0144 zainstalowa\u0107 na nadajniku Cendence.<\/div>\n<div class=\"iai_top\" style=\"text-align: center;\"><img loading=\"lazy\" src=\"https:\/\/rcpro.pl\/data\/include\/cms\/2Szymon\/dji\/CrystalSky\/8.jpg\" width=\"891\" height=\"485\" border=\"0\" \/><\/div>\n<div class=\"iai_top\" style=\"text-align: center;\"><\/div>\n<div class=\"iai_bottom\" style=\"text-align: center;\"><strong>Specyfikacja<br \/>\n<\/strong><\/div>\n<hr \/>\n<div class=\"iai_bottom\">\n<h3 class=\"section-title\" style=\"text-align: center;\"><\/h3>\n<table class=\"table-specs\">\n<tbody>\n<tr>\n<th>Ekran<\/th>\n<td>Dotykowy IPS<\/td>\n<\/tr>\n<tr>\n<th>Rozdzielczo\u015b\u0107<\/th>\n<td>1920\u00a0x 1080<\/td>\n<\/tr>\n<tr>\n<th>Jasno\u015b\u0107<\/th>\n<td>1000 cd\/m\u00b2<\/td>\n<\/tr>\n<tr>\n<th>Rozmiar ekranu<\/th>\n<td>5,5&#8243;<\/td>\n<\/tr>\n<tr>\n<th>System operacyjny<\/th>\n<td>Android<\/td>\n<\/tr>\n<tr>\n<th>Aplikacje<\/th>\n<td>DJI GO, DJI GO 4, DJI Pilot<\/td>\n<\/tr>\n<tr>\n<th>Pami\u0119\u0107<\/th>\n<td>32\u00a0GB ROM + 4 GB RAM<\/td>\n<\/tr>\n<tr>\n<th>Porty<\/th>\n<td>HDMI, Micro SD, micro USB, USB-C<\/td>\n<\/tr>\n<tr>\n<th>Funkcje<\/th>\n<td>GPS\/GLONASS, Kompas, G\u0142o\u015bnik, Czujnik jaso\u015bci, Mikrofon<\/td>\n<\/tr>\n<tr>\n<th>Wbudowany akumulator<\/th>\n<td>980 mAh, 3,7 V<\/td>\n<\/tr>\n<tr>\n<th style=\"text-align: center;\">Zewn\u0119trzny akumulator<\/th>\n<td style=\"text-align: center;\">4920 mAh, 7,6 V (zdejmowalna)<\/td>\n<\/tr>\n<\/tbody>\n<\/table>\n<\/div>\n","protected":false},"excerpt":{"rendered":"<p>Wysoka\u00a0jasno\u015b\u0107 Maksymalna jasno\u015b\u0107 ekranu CrystalSky 5,5&#8243; to 1000 cd\/m2, czyli dwukrotnie\u00a0wi\u0119cej ni\u017c typowe urz\u0105dzenie mobilne. Szczeg\u00f3\u0142y na ekranie s\u0105 widoczne i ostre, a kolory \u017cywe. Dedykowany tryb do poprawiania czytelno\u015bci na \u015bwietle s\u0142onecznym zosta\u0142 zaprojektowany specjalnie do przetwarzania obrazu w czasie rzeczywistym, aby zapewni\u0107 bardziej komfortowe u\u017cytkowanie przy bezpo\u015brednim padaniu promieni s\u0142onecznych na ekran. P\u0142ynniejsze&#8230;<\/p>\n","protected":false},"featured_media":5208,"comment_status":"open","ping_status":"closed","template":"","meta":{"_s2mail":""},"product_cat":[879],"product_tag":[],"_links":{"self":[{"href":"https:\/\/sklep.aveos.pl\/index.php\/wp-json\/wp\/v2\/product\/5101"}],"collection":[{"href":"https:\/\/sklep.aveos.pl\/index.php\/wp-json\/wp\/v2\/product"}],"about":[{"href":"https:\/\/sklep.aveos.pl\/index.php\/wp-json\/wp\/v2\/types\/product"}],"replies":[{"embeddable":true,"href":"https:\/\/sklep.aveos.pl\/index.php\/wp-json\/wp\/v2\/comments?post=5101"}],"wp:featuredmedia":[{"embeddable":true,"href":"https:\/\/sklep.aveos.pl\/index.php\/wp-json\/wp\/v2\/media\/5208"}],"wp:attachment":[{"href":"https:\/\/sklep.aveos.pl\/index.php\/wp-json\/wp\/v2\/media?parent=5101"}],"wp:term":[{"taxonomy":"product_cat","embeddable":true,"href":"https:\/\/sklep.aveos.pl\/index.php\/wp-json\/wp\/v2\/product_cat?post=5101"},{"taxonomy":"product_tag","embeddable":true,"href":"https:\/\/sklep.aveos.pl\/index.php\/wp-json\/wp\/v2\/product_tag?post=5101"}],"curies":[{"name":"wp","href":"https:\/\/api.w.org\/{rel}","templated":true}]}}