{"id":5205,"date":"2017-12-10T15:43:32","date_gmt":"2017-12-10T14:43:32","guid":{"rendered":"http:\/\/sklep.aveos.pl\/?post_type=product&#038;p=5205"},"modified":"2020-12-01T17:02:42","modified_gmt":"2020-12-01T16:02:42","slug":"model-rc-volantex-speed-pioneer-shourt-course-118","status":"publish","type":"product","link":"https:\/\/sklep.aveos.pl\/index.php\/produkt\/model-rc-volantex-speed-pioneer-shourt-course-118\/","title":{"rendered":"Model RC Volantex Speed Pioneer Shourt Course 1:18"},"content":{"rendered":"<div class=\"iai_top\"><center><img loading=\"lazy\" class=\"aligncenter\" src=\"https:\/\/rcpro.pl\/data\/include\/cms\/Przemek\/volantex-785-2\/1.jpg\" width=\"585\" height=\"455\" border=\"0\" \/><\/center><center><\/center><center><\/center><center><strong>Opis produktu<\/strong><\/center><\/p>\n<hr \/>\n<p>&nbsp;<\/p>\n<\/div>\n<div class=\"iai_top\"><strong><strong><br \/>\nGotowy do jazdy<\/strong><\/strong><\/div>\n<div class=\"iai_bottom\"><\/div>\n<div class=\"iai_bottom\">Nowoczesny kszta\u0142t SPEED PIONEER SHORT COURSE VOLANTEX (785-1)\u00a0w skali 1:18 oraz wytrzyma\u0142a konstrukcja\u00a0wraz z wysok\u0105 jako\u015bci\u0105 wykonania zapewni\u0105 wiele przyjemno\u015bci i dozna\u0144 z jazdy.<\/div>\n<div class=\"iai_bottom\"><\/div>\n<div class=\"iai_bottom\"><\/div>\n<div class=\"iai_bottom\">\n<div class=\"iai_bottom\">\n<hr \/>\n<p><strong><br \/>\n<\/strong><strong>Pr\u0119dko\u015b\u0107 i\u00a0moc<\/strong><strong><br \/>\n<\/strong><\/p>\n<\/div>\n<p><strong><br \/>\n<\/strong><\/p>\n<p><center><img loading=\"lazy\" class=\"aligncenter\" src=\"https:\/\/rcpro.pl\/data\/include\/cms\/Przemek\/volantex-785-2\/3.jpg\" alt=\"\" width=\"474\" height=\"270\" border=\"0\" \/><center><\/center><\/center><\/div>\n<div class=\"iai_bottom\"><\/div>\n<div class=\"iai_bottom\">Zastosowany wysokiej jako\u015bci elektryczny silnik szczotkowy 390A\u00a0pozwala na rozp\u0119dzenie si\u0119 modelu do ponad 40 km\/h. Pot\u0119\u017cny silnik sprawia, \u017ce samoch\u00f3d sprawdza si\u0119 doskonale w ka\u017cdym terenie. Zamontowany akumulator o pojemno\u015bci 850mAh gwarantuje\u00a0nam do 20 minut jazdy (czas \u0142adowania to oko\u0142o 120 &#8211; 180 min)<\/div>\n<div class=\"iai_bottom\">\n<p>&nbsp;<\/p>\n<p>&nbsp;<\/p>\n<\/div>\n<div class=\"iai_bottom\"><\/div>\n<div class=\"iai_bottom\">\n<div class=\"iai_bottom\">\n<hr \/>\n<\/div>\n<div class=\"iai_bottom\"><\/div>\n<div class=\"iai_bottom\"><\/div>\n<div class=\"iai_bottom\"><strong>Przeznaczenie<br \/>\n<\/strong><center><br \/>\n<center><\/center><\/center><\/div>\n<div class=\"iai_bottom\">Speed Pioneer Shourt Course jest pojazdem dedykowanym do jazdy na zewn\u0105trz. Nie straszne mu \u017cadne warunki. Mo\u017cemy porusza\u0107 si\u0119 nim po piasku, w b\u0142ocie, \u017cwirze czy na ska\u0142ach. To wszystko zapewnia nam jego budowa sk\u0142adaj\u0105ca si\u0119 z wytrzyma\u0142ych element\u00f3w\u00a0oraz zastosowane opony typu Off-road.<br \/>\n<img loading=\"lazy\" class=\"aligncenter\" src=\"https:\/\/rcpro.pl\/data\/include\/cms\/Przemek\/volantex-785-2\/2.jpg\" width=\"462\" height=\"462\" border=\"0\" \/><\/div>\n<\/div>\n<div class=\"iai_bottom\">\n<hr \/>\n<\/div>\n<div class=\"iai_bottom\"><\/div>\n<div class=\"iai_bottom\"><\/div>\n<div class=\"iai_bottom\"><\/div>\n<div class=\"iai_bottom\">\n<p><strong>Cz\u0119\u015bci zamienne<\/strong><\/p>\n<p>&nbsp;<\/p>\n<\/div>\n<div class=\"iai_bottom\">\n<p>Posiadamy pe\u0142n\u0105 ofert\u0119 cz\u0119\u015bci zamiennych, dzi\u0119ki czemu w przypadku gdy model ulegnie uszkodzeniu mo\u017cna go z \u0142atwo\u015bci\u0105 naprawi\u0107 i po kr\u00f3tkim czasie wr\u00f3ci\u0107 do u\u017cytkowania modelu. Do zestawu dostarczany jest spis cz\u0119\u015bci wraz z ich ilustracj\u0105 oraz symbolem co znacznie u\u0142atwia identyfikacje oraz zamawianie niezb\u0119dnych element\u00f3w.<\/p>\n<\/div>\n<p><strong>Pozosta\u0142e<\/strong><\/p>\n<hr \/>\n<p>&nbsp;<\/p>\n<table class=\"iai_table\">\n<tbody>\n<tr>\n<td><strong>W zestawie<\/strong><\/p>\n<p>&nbsp;<\/td>\n<td><strong>Specyfikacja<\/strong><\/p>\n<p>&nbsp;<\/td>\n<\/tr>\n<tr>\n<td>Model Volantex Speed pioneer Shour Course\u00a0785-2<br \/>\nAparatura<br \/>\nAkumulator Li-Ion 7.4V 850mAh<br \/>\n\u0141adowarka USB<\/td>\n<td>Skala: 1:18<br \/>\nNap\u0119d: 4WD<br \/>\nD\u0142ugo\u015b\u0107: 250 mm<br \/>\nSzeroko\u015b\u0107: 195 mm<br \/>\nWaga: 1400g<\/td>\n<\/tr>\n<\/tbody>\n<\/table>\n","protected":false},"excerpt":{"rendered":"<p>Opis produktu &nbsp; Gotowy do jazdy Nowoczesny kszta\u0142t SPEED PIONEER SHORT COURSE VOLANTEX (785-1)\u00a0w skali 1:18 oraz wytrzyma\u0142a konstrukcja\u00a0wraz z wysok\u0105 jako\u015bci\u0105 wykonania zapewni\u0105 wiele przyjemno\u015bci i dozna\u0144 z jazdy. Pr\u0119dko\u015b\u0107 i\u00a0moc Zastosowany wysokiej jako\u015bci elektryczny silnik szczotkowy 390A\u00a0pozwala na rozp\u0119dzenie si\u0119 modelu do ponad 40 km\/h. Pot\u0119\u017cny silnik sprawia, \u017ce samoch\u00f3d sprawdza si\u0119 doskonale&#8230;<\/p>\n","protected":false},"featured_media":5206,"comment_status":"open","ping_status":"closed","template":"","meta":{"_s2mail":""},"product_cat":[485,487],"product_tag":[571,580,581,585,570,579,586,583,572,584,582,577],"_links":{"self":[{"href":"https:\/\/sklep.aveos.pl\/index.php\/wp-json\/wp\/v2\/product\/5205"}],"collection":[{"href":"https:\/\/sklep.aveos.pl\/index.php\/wp-json\/wp\/v2\/product"}],"about":[{"href":"https:\/\/sklep.aveos.pl\/index.php\/wp-json\/wp\/v2\/types\/product"}],"replies":[{"embeddable":true,"href":"https:\/\/sklep.aveos.pl\/index.php\/wp-json\/wp\/v2\/comments?post=5205"}],"wp:featuredmedia":[{"embeddable":true,"href":"https:\/\/sklep.aveos.pl\/index.php\/wp-json\/wp\/v2\/media\/5206"}],"wp:attachment":[{"href":"https:\/\/sklep.aveos.pl\/index.php\/wp-json\/wp\/v2\/media?parent=5205"}],"wp:term":[{"taxonomy":"product_cat","embeddable":true,"href":"https:\/\/sklep.aveos.pl\/index.php\/wp-json\/wp\/v2\/product_cat?post=5205"},{"taxonomy":"product_tag","embeddable":true,"href":"https:\/\/sklep.aveos.pl\/index.php\/wp-json\/wp\/v2\/product_tag?post=5205"}],"curies":[{"name":"wp","href":"https:\/\/api.w.org\/{rel}","templated":true}]}}