{"id":5356,"date":"2018-01-31T15:23:02","date_gmt":"2018-01-31T14:23:02","guid":{"rendered":"http:\/\/sklep.aveos.pl\/?post_type=product&#038;p=5356"},"modified":"2022-01-10T10:40:16","modified_gmt":"2022-01-10T09:40:16","slug":"axial-scx10-ii-2000-jeep-cherokee-4wd-110-bialy-kit","status":"publish","type":"product","link":"https:\/\/sklep.aveos.pl\/index.php\/produkt\/axial-scx10-ii-2000-jeep-cherokee-4wd-110-bialy-kit\/","title":{"rendered":"Axial SCX10 II 2000 Jeep Cherokee 4WD 1:10 bia\u0142y KIT"},"content":{"rendered":"<div class=\"iai_top\">\n<p><center><img loading=\"lazy\" class=\"aligncenter\" src=\"https:\/\/rcpro.pl\/data\/include\/cms\/Przemek\/jeep-cherokee\/1.jpg\" width=\"585\" height=\"455\" border=\"0\" \/><br \/>\n<center><\/center><center><\/center><center><strong>Opis produktu<\/strong><\/p>\n<hr \/>\n<p><\/center><\/center><\/div>\n<div class=\"iai_top\"><strong><br \/>\nW drog\u0119<\/p>\n<p><\/strong><\/div>\n<div class=\"iai_bottom\"><\/div>\n<div class=\"iai_bottom\">Doskona\u0142e odwzorowanie\u00a0RC Axial SCX10 II 2000 Jeep\u00a0Cherokee\u00a0w skali 1:10 wraz z\u00a0wytrzyma\u0142\u0105 konstrukcj\u0105 oraz z wysokiej jako\u015bci wykonaniem zapewni\u0105 wiele przyjemno\u015bci i dozna\u0144 z jazdy.\u00a0Pot\u0119\u017cny silnik sprawia, \u017ce samoch\u00f3d sprawdza si\u0119 doskonale nawet w najtrudniejszym\u00a0terenie.<\/div>\n<div class=\"iai_bottom\"><\/div>\n<div class=\"iai_bottom\"><center><img loading=\"lazy\" src=\"https:\/\/rcpro.pl\/data\/include\/cms\/Przemek\/jeep-cherokee\/4.jpg\" alt=\"\" width=\"652\" height=\"425\" border=\"0\" \/><\/p>\n<p><\/center><\/div>\n<div class=\"iai_bottom\">\n<div class=\"iai_bottom\">\n<hr \/>\n<p><strong><br \/>\n<\/strong><strong>Wykonanie<br \/>\n<\/strong><\/div>\n<p><strong><br \/>\n<\/strong><\/div>\n<div class=\"iai_bottom\"><\/div>\n<div class=\"iai_bottom\">Marka Axial znana ze swojej dba\u0142o\u015bci o szczeg\u00f3\u0142y r\u00f3wnie\u017c i w tym przypadku pokaza\u0142 na co j\u0105 sta\u0107. Wierne odwzorowanie modelu Jeep Cherokee 2000 poprzez dba\u0142o\u015b\u0107 o ka\u017cdy szczeg\u00f3\u0142 ma gwarantowa\u0107 zaspokojenie nawet najbardziej wymagaj\u0105cych u\u017cytkownik\u00f3w. Podzespo\u0142y wykonane zosta\u0142y na licencjach wiod\u0105cych marek z bran\u017cy off-road z wykorzystaniem najwy\u017cszej klasy materia\u0142\u00f3w. Model ten jest wersj\u0105 KIT, nie posiada on aparatury steruj\u0105cej, regulatora obrot\u00f3w, silnika, serwa, akumulatora czy \u0142adowarki.<br \/>\n<img loading=\"lazy\" class=\"aligncenter\" src=\"https:\/\/rcpro.pl\/data\/include\/cms\/Przemek\/jeep-cherokee\/2.jpg\" alt=\"\" width=\"600\" height=\"399\" border=\"0\" \/><\/div>\n<div class=\"iai_bottom\">\n<div class=\"iai_bottom\">\n<hr \/>\n<\/div>\n<div class=\"iai_bottom\"><\/div>\n<div class=\"iai_bottom\"><\/div>\n<div class=\"iai_bottom\"><\/div>\n<div class=\"iai_bottom\"><strong>Przeznaczenie<br \/>\n<\/strong><strong><br \/>\n<\/strong><\/div>\n<div class=\"iai_bottom\">Jeep Cherokee zwa\u017cywszy na wierne odwzorowanie do orygina\u0142u jest przeznaczony do jazdy nawet w najtrudniejszych warunkach. Metalowe z\u0119batki, zaprojektowany od nowa nap\u0119d, serwo montowane na podwoziu, t\u0142umi\u0105ce nawet najmniejsze nier\u00f3wno\u015bci w pe\u0142ni aluminiowe elementy zawieszenia czy zamontowany z przodu kosz na akumulator s\u0105 gwarantem pewnej i bezpiecznej jazdy.<br \/>\n<img loading=\"lazy\" class=\"aligncenter\" src=\"https:\/\/rcpro.pl\/data\/include\/cms\/Przemek\/jeep-cherokee\/3.jpg\" width=\"462\" height=\"462\" border=\"0\" \/><\/div>\n<\/div>\n<div class=\"iai_bottom\">\n<hr \/>\n<\/div>\n<div class=\"iai_bottom\"><\/div>\n<div class=\"iai_bottom\"><strong><br \/>\nMultimedia<\/strong><\/p>\n<p><iframe loading=\"lazy\" src=\"https:\/\/www.youtube.com\/embed\/YdUmFyXZeG8\" width=\"425\" height=\"350\" data-mce-fragment=\"1\"><\/iframe><\/p>\n<div class=\"iai_bottom\">\n<hr \/>\n<\/div>\n<div class=\"iai_bottom\"><\/div>\n<\/div>\n<div class=\"iai_bottom\"><\/div>\n<div class=\"iai_bottom\"><strong>Cz\u0119\u015bci zamienne<\/p>\n<p><\/strong><\/div>\n<div class=\"iai_bottom\">Posiadamy pe\u0142n\u0105 ofert\u0119 cz\u0119\u015bci zamiennych, dzi\u0119ki czemu w przypadku gdy model ulegnie uszkodzeniu mo\u017cna go z \u0142atwo\u015bci\u0105 naprawi\u0107 i po kr\u00f3tkim czasie wr\u00f3ci\u0107 do u\u017cytkowania modelu. Do zestawu dostarczany jest spis cz\u0119\u015bci wraz z ich ilustracj\u0105 oraz symbolem co znacznie u\u0142atwia identyfikacje oraz zamawianie niezb\u0119dnych element\u00f3w.<\/p>\n<\/div>\n<p><strong>Pozosta\u0142e<\/strong><\/p>\n<hr \/>\n<p>&nbsp;<\/p>\n<table class=\"iai_table\">\n<tbody>\n<tr>\n<td><strong>W zestawie<\/p>\n<p><\/strong><\/td>\n<td><strong>Specyfikacja<\/p>\n<p><\/strong><\/td>\n<\/tr>\n<tr>\n<td>Model RC Axial SCX10 II 2000 Jeep Cherokee<\/td>\n<td>Skala: 1:10<br \/>\nNap\u0119d: 4WD<br \/>\nD\u0142ugo\u015b\u0107: 562\u00a0mm<br \/>\nSzeroko\u015b\u0107: 226\u00a0mm<br \/>\nWysoko\u015b\u0107: 268 mm<br \/>\nRozstaw osi: 313 mm<br \/>\nPrze\u015bwit: 77 mm<br \/>\nWaga: 2 kg<\/td>\n<\/tr>\n<\/tbody>\n<\/table>\n","protected":false},"excerpt":{"rendered":"<p>Opis produktu W drog\u0119 Doskona\u0142e odwzorowanie\u00a0RC Axial SCX10 II 2000 Jeep\u00a0Cherokee\u00a0w skali 1:10 wraz z\u00a0wytrzyma\u0142\u0105 konstrukcj\u0105 oraz z wysokiej jako\u015bci wykonaniem zapewni\u0105 wiele przyjemno\u015bci i dozna\u0144 z jazdy.\u00a0Pot\u0119\u017cny silnik sprawia, \u017ce samoch\u00f3d sprawdza si\u0119 doskonale nawet w najtrudniejszym\u00a0terenie. Wykonanie Marka Axial znana ze swojej dba\u0142o\u015bci o szczeg\u00f3\u0142y r\u00f3wnie\u017c i w tym przypadku pokaza\u0142 na co&#8230;<\/p>\n","protected":false},"featured_media":5357,"comment_status":"open","ping_status":"closed","template":"","meta":{"_s2mail":""},"product_cat":[590],"product_tag":[643,600,591,646,642,645,644,633,647,635],"_links":{"self":[{"href":"https:\/\/sklep.aveos.pl\/index.php\/wp-json\/wp\/v2\/product\/5356"}],"collection":[{"href":"https:\/\/sklep.aveos.pl\/index.php\/wp-json\/wp\/v2\/product"}],"about":[{"href":"https:\/\/sklep.aveos.pl\/index.php\/wp-json\/wp\/v2\/types\/product"}],"replies":[{"embeddable":true,"href":"https:\/\/sklep.aveos.pl\/index.php\/wp-json\/wp\/v2\/comments?post=5356"}],"wp:featuredmedia":[{"embeddable":true,"href":"https:\/\/sklep.aveos.pl\/index.php\/wp-json\/wp\/v2\/media\/5357"}],"wp:attachment":[{"href":"https:\/\/sklep.aveos.pl\/index.php\/wp-json\/wp\/v2\/media?parent=5356"}],"wp:term":[{"taxonomy":"product_cat","embeddable":true,"href":"https:\/\/sklep.aveos.pl\/index.php\/wp-json\/wp\/v2\/product_cat?post=5356"},{"taxonomy":"product_tag","embeddable":true,"href":"https:\/\/sklep.aveos.pl\/index.php\/wp-json\/wp\/v2\/product_tag?post=5356"}],"curies":[{"name":"wp","href":"https:\/\/api.w.org\/{rel}","templated":true}]}}