{"id":5432,"date":"2018-01-31T16:06:22","date_gmt":"2018-01-31T15:06:22","guid":{"rendered":"http:\/\/sklep.aveos.pl\/?post_type=product&#038;p=5432"},"modified":"2023-11-20T13:58:33","modified_gmt":"2023-11-20T12:58:33","slug":"axial-rr10-bomber-4wd-110-rtr","status":"publish","type":"product","link":"https:\/\/sklep.aveos.pl\/index.php\/produkt\/axial-rr10-bomber-4wd-110-rtr\/","title":{"rendered":"Axial RR10 Bomber 4WD 1:10 RTR"},"content":{"rendered":"<div class=\"iai_top\">\n<p><img loading=\"lazy\" class=\"aligncenter\" src=\"https:\/\/rcpro.pl\/data\/include\/cms\/2Szymon\/Arrrma\/Axial\/product_rr10_bomber_950x450.jpg\" alt=\"\" width=\"950\" height=\"450\" border=\"0\"><\/p>\n<\/div>\n<div class=\"iai_top\"><\/div>\n<div class=\"iai_top\"><\/div>\n<div class=\"iai_top\"><strong><br \/>\nNowo\u015b\u0107 najwy\u017cszej klasy<\/p>\n<p><\/strong><strong><\/strong><\/p>\n<\/div>\n<div class=\"iai_top\">Renomonowana firma Axial przy wsp\u00f3\u0142pracy z w\u0142a\u015bcicielem marki Bomber Fabrication i dwukrotym zwyci\u0119zc\u0105 turnieju terenowego King of the Hammers stworzy\u0142a ram\u0119 z\u0142o\u017con\u0105 ca\u0142kowicie z plastikowych tub. Z przodu pod mask\u0105 znajduje si\u0119 \u0142o\u017ce akumulatora, co u\u0142atwia dost\u0119p i wywa\u017cenie pojazdu. Wymiana akumulatora jest szybka i bezproblemowa. Dodaj\u0105c do tego najwy\u017csz\u0105 jako\u015b\u0107 komponent\u00f3w Axial &#8211; przednie i tylne wa\u0142y nap\u0119dowe WB8 HD Wildboard, osie AR60, podw\u00f3jna tarcza sprz\u0119g\u0142a przeci\u0105\u017ceniowego, przek\u0142adnia z funkcj\u0105 Hi-Lo i wiele innych podzespo\u0142\u00f3w otrzymujemy pojazd&nbsp;stworzony do jazdy wyczynowej.<\/div>\n<div class=\"iai_top\"><\/div>\n<div class=\"iai_top\">\n<img loading=\"lazy\" class=\"aligncenter\" src=\"https:\/\/rcpro.pl\/data\/include\/cms\/2Szymon\/Arrrma\/Axial\/toten3.jpg\" alt=\"\" width=\"800\" height=\"533\" border=\"0\"><\/p>\n<\/div>\n<div class=\"iai_top\"><\/div>\n<div class=\"iai_top\"><\/div>\n<div class=\"iai_top\">\n<div class=\"iai_top\"><\/div>\n<div class=\"iai_top\">\n<hr>\n<\/div>\n<div class=\"iai_top\">\n<strong>Multimedia<\/p>\n<p><\/strong><strong><\/strong><\/p>\n<\/div>\n<div class=\"iai_top\"><\/div>\n<div class=\"iai_top\"><iframe loading=\"lazy\" src=\"https:\/\/www.youtube.com\/embed\/MRn_qTM9qfk\" width=\"640\" height=\"480\" data-mce-fragment=\"1\"><\/iframe><\/div>\n<\/div>\n<div class=\"iai_bottom\">\n<div class=\"iai_bottom\">\n<div class=\"iai_top\"><\/div>\n<div class=\"iai_top\"><\/div>\n<\/div>\n<div class=\"iai_bottom\">\n<strong>W zestawie<br \/>\n<\/strong><\/p>\n<hr>\n<\/div>\n<div class=\"iai_bottom\"><\/div>\n<div class=\"iai_bottom\">&nbsp;<strong><br \/>\n<\/strong><\/div>\n<table cellspacing=\"10\">\n<tbody>\n<tr>\n<th>Model&nbsp;RR10 Bomber<\/th>\n<\/tr>\n<tr>\n<td>Aparatura 3-kana\u0142owa SLT Tactic TTX300&nbsp;2,4 GHz<\/td>\n<\/tr>\n<\/tbody>\n<\/table>\n<p>&nbsp;<\/p>\n<div class=\"iai_bottom\"><strong>Specyfikacja<br \/>\n<\/strong><\/p>\n<hr>\n<\/div>\n<div class=\"iai_bottom\">\n<h3 class=\"section-title\"><\/h3>\n<table class=\"table-specs\">\n<tbody>\n<tr>\n<th>D\u0142ugo\u015b\u0107<\/th>\n<td>570&nbsp;mm<\/td>\n<\/tr>\n<tr>\n<th>Szeroko\u015b\u0107<\/th>\n<td>280&nbsp;mm<\/td>\n<\/tr>\n<tr>\n<th>Wysoko\u015b\u0107<\/th>\n<td>230 mm<\/td>\n<\/tr>\n<tr>\n<th>Rozstaw osi<\/th>\n<td>375 mm<\/td>\n<\/tr>\n<tr>\n<th>Prze\u015bwit<\/th>\n<td>72 mm<\/td>\n<\/tr>\n<tr>\n<th>Waga<\/th>\n<td>2,83 kg<\/td>\n<\/tr>\n<tr>\n<th>Wymagane do uruchomienia<br \/>\n(nie zawarte w zestawie)<\/th>\n<td>Akumulator<br \/>\n\u0141adowarka<br \/>\nBaterie AA do aparatury<\/td>\n<\/tr>\n<\/tbody>\n<\/table>\n<\/div>\n<\/div>\n","protected":false},"excerpt":{"rendered":"<p>Nowo\u015b\u0107 najwy\u017cszej klasy Renomonowana firma Axial przy wsp\u00f3\u0142pracy z w\u0142a\u015bcicielem marki Bomber Fabrication i dwukrotym zwyci\u0119zc\u0105 turnieju terenowego King of the Hammers stworzy\u0142a ram\u0119 z\u0142o\u017con\u0105 ca\u0142kowicie z plastikowych tub. Z przodu pod mask\u0105 znajduje si\u0119 \u0142o\u017ce akumulatora, co u\u0142atwia dost\u0119p i wywa\u017cenie pojazdu. Wymiana akumulatora jest szybka i bezproblemowa. Dodaj\u0105c do tego najwy\u017csz\u0105 jako\u015b\u0107 komponent\u00f3w&#8230;<\/p>\n","protected":false},"featured_media":5937,"comment_status":"open","ping_status":"closed","template":"","meta":{"_s2mail":"yes"},"product_cat":[590],"product_tag":[600,591,676,658,677,597],"_links":{"self":[{"href":"https:\/\/sklep.aveos.pl\/index.php\/wp-json\/wp\/v2\/product\/5432"}],"collection":[{"href":"https:\/\/sklep.aveos.pl\/index.php\/wp-json\/wp\/v2\/product"}],"about":[{"href":"https:\/\/sklep.aveos.pl\/index.php\/wp-json\/wp\/v2\/types\/product"}],"replies":[{"embeddable":true,"href":"https:\/\/sklep.aveos.pl\/index.php\/wp-json\/wp\/v2\/comments?post=5432"}],"wp:featuredmedia":[{"embeddable":true,"href":"https:\/\/sklep.aveos.pl\/index.php\/wp-json\/wp\/v2\/media\/5937"}],"wp:attachment":[{"href":"https:\/\/sklep.aveos.pl\/index.php\/wp-json\/wp\/v2\/media?parent=5432"}],"wp:term":[{"taxonomy":"product_cat","embeddable":true,"href":"https:\/\/sklep.aveos.pl\/index.php\/wp-json\/wp\/v2\/product_cat?post=5432"},{"taxonomy":"product_tag","embeddable":true,"href":"https:\/\/sklep.aveos.pl\/index.php\/wp-json\/wp\/v2\/product_tag?post=5432"}],"curies":[{"name":"wp","href":"https:\/\/api.w.org\/{rel}","templated":true}]}}