{"id":5462,"date":"2018-01-31T23:04:55","date_gmt":"2018-01-31T22:04:55","guid":{"rendered":"http:\/\/sklep.aveos.pl\/?post_type=product&#038;p=5462"},"modified":"2022-11-15T14:00:38","modified_gmt":"2022-11-15T13:00:38","slug":"axial-wraith-rock-racer-110-rtr","status":"publish","type":"product","link":"https:\/\/sklep.aveos.pl\/index.php\/produkt\/axial-wraith-rock-racer-110-rtr\/","title":{"rendered":"Axial Wraith Rock Racer 1:10 RTR"},"content":{"rendered":"<div class=\"iai_top\">\n<p><img loading=\"lazy\" class=\"aligncenter\" src=\"https:\/\/rcpro.pl\/data\/include\/cms\/2Szymon\/Axial\/b_35.jpg\" alt=\"\" width=\"1184\" height=\"800\" border=\"0\" \/><\/p>\n<\/div>\n<div class=\"iai_top\"><\/div>\n<div class=\"iai_top\"><\/div>\n<div class=\"iai_top\"><strong><strong><br \/>\nNajlepszy w swojej klasie<\/strong><\/strong>&nbsp;<\/p>\n<\/div>\n<div class=\"iai_top\">\n<p>Axial Wraith to samoch\u00f3d wykonany z niezwyk\u0142\u0105 dba\u0142o\u015bci\u0105 o realizm.\u00a0Rurkowa konstrukcj\u0105 z\u00a0bardzo wytrzyma\u0142ego\u00a0materia\u0142u kompozytowego gwarantuje trwa\u0142o\u015b\u0107 i wszechstronno\u015b\u0107. Wersja RTR oznacza, \u017ce urz\u0105dzenie jest gotowe do jazdy, wystarczy zaopatrzy\u0107 si\u0119 w odpowiednie zasilanie (akumulator, baterie i \u0142adowark\u0119) i mo\u017cna wyrusza\u0107 na najtrudniejsze trasy. Chocia\u017c model posiada wytrzyma\u0142o\u015b\u0107 i przyczepno\u015b\u0107 typow\u0105 dla modeli typu rock crawler, to Axial Wraith jest r\u00f3wnie\u017c przystosowany do szybkiej jazdy. Daj si\u0119 zaskoczy\u0107 mo\u017cliwo\u015bciami modelu.<\/p>\n<p><strong>\u00a0<\/strong><\/p>\n<\/div>\n<div class=\"iai_top\"><strong>\u00a0<img loading=\"lazy\" class=\"aligncenter\" src=\"https:\/\/rcpro.pl\/data\/include\/cms\/2Szymon\/Axial\/b_28.jpg\" alt=\"\" width=\"1200\" height=\"797\" border=\"0\" \/><\/strong><\/div>\n<div class=\"iai_top\"><strong>\u00a0<\/strong><\/div>\n<div class=\"iai_top\"><\/div>\n<div class=\"iai_top\"><\/div>\n<div class=\"iai_top\">\n<hr \/>\n<\/div>\n<div class=\"iai_top\"><strong><strong><br \/>\nNa ka\u017cde warunki<\/strong><\/strong>&nbsp;<\/p>\n<\/div>\n<div class=\"iai_top\">Pustynia piaskowa, g\u00f3rskie szlaki, kamieniste i b\u0142otniste drogi &#8211; dla Axial Wraith Rock Racer nie ma ogranicze\u0144 terenowych. Silnik o rozmiarze 550 20T i programowalny regulatora Axial AE-2 gwarantuj\u0105 odpowiedni\u0105 moc, a 3-kana\u0142owy odbiornik zamkni\u0119ty jest w skrzynce chroni\u0105cej go przed kurzem i innymi zanieczyszczeniami z dr\u00f3g terenowych. Zablokowany dyferencja\u0142 zapewnia skuteczn\u0105 trakcj\u0119 w ka\u017cdym \u015brodowisku i nie wymagaj\u0105 tak wielu dzia\u0142a\u0144 konserwacyjnych w por\u00f3wnaniu do olejowych lub silikonowych dyferencja\u0142\u00f3w.<br \/>\n<strong><br \/>\n<\/strong><\/div>\n<div class=\"iai_top\"><strong><img loading=\"lazy\" class=\"aligncenter\" src=\"https:\/\/rcpro.pl\/data\/include\/cms\/2Szymon\/Axial\/b_26.jpg\" alt=\"\" width=\"1200\" height=\"797\" border=\"0\" \/><br \/>\n<\/strong><\/div>\n<div class=\"iai_top\"><strong>\u00a0<\/strong><\/div>\n<div class=\"iai_top\"><\/div>\n<div class=\"iai_top\"><\/div>\n<div class=\"iai_top\">\n<hr \/>\n<\/div>\n<div class=\"iai_top\"><strong><strong>Niezawodny nap\u0119d<\/strong><\/strong>&nbsp;<\/p>\n<\/div>\n<div class=\"iai_top\">\n<p>Axial Wraith Rock Racer\u00a0to model w skali 1\/10 nap\u0119dzany elektrycznym silnikiem klasy 550. Nap\u0119d na 4 ko\u0142a powoduje, \u017ce \u017caden teren nie jest dla niego za trudny. Wa\u0142y nap\u0119dowe zosta\u0142y specjalnie utwardzone \u017ceby wyd\u0142u\u017cy\u0107 ich \u017cywotno\u015b\u0107. Pokrywa ochronna przek\u0142adni utrzymuje kurz, brud i inne zanieczyszczenia z dala od z\u0119batek. Wodoszczelna skrzynka odbiornika zapewnia bezpieczn\u0105 prac\u0119 elektroniki nawet w najtrudniejszych warunkach. Sprz\u0119g\u0142o \u015blizgowe umo\u017cliwia efektywniejsz\u0105 prac\u0119 silnika i znacznie zwi\u0119ksza trwa\u0142o\u015b\u0107 uk\u0142adu nap\u0119dowego, zabezpieczaj\u0105c przed blokowaniem si\u0119 silnika.<\/p>\n<\/div>\n<div class=\"iai_top\"><img loading=\"lazy\" class=\"aligncenter\" src=\"https:\/\/rcpro.pl\/data\/include\/cms\/2Szymon\/Axial\/slipper_clutch_800x533.jpg\" alt=\"\" width=\"800\" height=\"533\" border=\"0\" \/><\/div>\n<div class=\"iai_bottom\">\n<div class=\"iai_bottom\">\n<div class=\"iai_top\"><\/div>\n<\/div>\n<div class=\"iai_bottom\"><strong>W zestawie<br \/>\n<\/strong><\/p>\n<hr \/>\n<\/div>\n<div class=\"iai_bottom\"><\/div>\n<div class=\"iai_bottom\">\u00a0<strong><br \/>\n<\/strong><\/div>\n<table cellspacing=\"10\">\n<tbody>\n<tr>\n<th>Model\u00a0Axial Wraith<\/th>\n<\/tr>\n<tr>\n<td>Aparatura AX-3 2,4 GHz<\/td>\n<\/tr>\n<tr>\n<td>Regulator AE-2<\/td>\n<\/tr>\n<tr>\n<td>Silnik 20T 550<\/td>\n<\/tr>\n<tr>\n<td>Serwo AS-3<\/td>\n<\/tr>\n<\/tbody>\n<\/table>\n<p>&nbsp;<\/p>\n<div class=\"iai_bottom\"><strong>Specyfikacja<br \/>\n<\/strong><\/p>\n<hr \/>\n<\/div>\n<div class=\"iai_bottom\">\n<h3 class=\"section-title\"><\/h3>\n<table class=\"table-specs\">\n<tbody>\n<tr>\n<th>D\u0142ugo\u015b\u0107<\/th>\n<td>482,6 mm<\/td>\n<\/tr>\n<tr>\n<th>Szeroko\u015b\u0107<\/th>\n<td>280\u00a0mm<\/td>\n<\/tr>\n<tr>\n<th>Wysoko\u015b\u0107<\/th>\n<td>237 mm<\/td>\n<\/tr>\n<tr>\n<th>Rozstaw osi<\/th>\n<td>353 mm<\/td>\n<\/tr>\n<tr>\n<th>Prze\u015bwit<\/th>\n<td>80\u00a0mm<\/td>\n<\/tr>\n<tr>\n<th>Waga<\/th>\n<td>2,48\u00a0kg<\/td>\n<\/tr>\n<tr>\n<th>Wymagane do uruchomienia<br \/>\n(nie zawarte w zestawie)<\/th>\n<td>Akumulator<br \/>\n\u0141adowarka<br \/>\nBaterie AA do aparatury<\/td>\n<\/tr>\n<\/tbody>\n<\/table>\n<\/div>\n<\/div>\n","protected":false},"excerpt":{"rendered":"<p>Najlepszy w swojej klasie&nbsp; Axial Wraith to samoch\u00f3d wykonany z niezwyk\u0142\u0105 dba\u0142o\u015bci\u0105 o realizm.\u00a0Rurkowa konstrukcj\u0105 z\u00a0bardzo wytrzyma\u0142ego\u00a0materia\u0142u kompozytowego gwarantuje trwa\u0142o\u015b\u0107 i wszechstronno\u015b\u0107. Wersja RTR oznacza, \u017ce urz\u0105dzenie jest gotowe do jazdy, wystarczy zaopatrzy\u0107 si\u0119 w odpowiednie zasilanie (akumulator, baterie i \u0142adowark\u0119) i mo\u017cna wyrusza\u0107 na najtrudniejsze trasy. Chocia\u017c model posiada wytrzyma\u0142o\u015b\u0107 i przyczepno\u015b\u0107 typow\u0105 dla&#8230;<\/p>\n","protected":false},"featured_media":5463,"comment_status":"open","ping_status":"closed","template":"","meta":{"_s2mail":""},"product_cat":[590,484],"product_tag":[602,591,682,681,640,598,599,597,603],"_links":{"self":[{"href":"https:\/\/sklep.aveos.pl\/index.php\/wp-json\/wp\/v2\/product\/5462"}],"collection":[{"href":"https:\/\/sklep.aveos.pl\/index.php\/wp-json\/wp\/v2\/product"}],"about":[{"href":"https:\/\/sklep.aveos.pl\/index.php\/wp-json\/wp\/v2\/types\/product"}],"replies":[{"embeddable":true,"href":"https:\/\/sklep.aveos.pl\/index.php\/wp-json\/wp\/v2\/comments?post=5462"}],"wp:featuredmedia":[{"embeddable":true,"href":"https:\/\/sklep.aveos.pl\/index.php\/wp-json\/wp\/v2\/media\/5463"}],"wp:attachment":[{"href":"https:\/\/sklep.aveos.pl\/index.php\/wp-json\/wp\/v2\/media?parent=5462"}],"wp:term":[{"taxonomy":"product_cat","embeddable":true,"href":"https:\/\/sklep.aveos.pl\/index.php\/wp-json\/wp\/v2\/product_cat?post=5462"},{"taxonomy":"product_tag","embeddable":true,"href":"https:\/\/sklep.aveos.pl\/index.php\/wp-json\/wp\/v2\/product_tag?post=5462"}],"curies":[{"name":"wp","href":"https:\/\/api.w.org\/{rel}","templated":true}]}}