{"id":5487,"date":"2018-01-31T23:30:40","date_gmt":"2018-01-31T22:30:40","guid":{"rendered":"http:\/\/sklep.aveos.pl\/?post_type=product&#038;p=5487"},"modified":"2021-06-09T14:19:50","modified_gmt":"2021-06-09T12:19:50","slug":"axial-yeti-xl-18-rtr","status":"publish","type":"product","link":"https:\/\/sklep.aveos.pl\/index.php\/produkt\/axial-yeti-xl-18-rtr\/","title":{"rendered":"Axial Yeti XL 1:8 RTR"},"content":{"rendered":"<div class=\"iai_top\"><strong>Najlepszy w swojej klasie<\/p>\n<p><\/strong><\/div>\n<div class=\"iai_top\">Axial Yeti XL to przedstawiciel najwy\u017cszej p\u00f3\u0142ki buggy. Charakteryzuje si\u0119 on nie tylko przemy\u015blan\u0105 konstrukcj\u0105 oraz doskona\u0142ymi parametrami jezdnymi. Pr\u00f3\u017cno szuka\u0107 drugiego takiego modelu na sklepowych p\u00f3\u0142kach. Model wyposa\u017cono w elektryczny, bezszczotkowy silnik 2200KV, nap\u0119d na cztery ko\u0142a oraz system Independent Front Suspension [IFS], kt\u00f3ry pozwala zachowa\u0107 \u015bwietn\u0105 sterowno\u015b\u0107 i stabilno\u015b\u0107 pokonuj\u0105c przeszkody z bardzo du\u017c\u0105 pr\u0119dko\u015bci\u0105.<\/p>\n<p><strong><img loading=\"lazy\" class=\"aligncenter\" src=\"https:\/\/rcpro.pl\/data\/include\/cms\/2Szymon\/Bartek\/AxialYetiXL\/ax90032_yeti_xl_chassis_01_-_Kopia.jpg\" width=\"1000\" height=\"573\" border=\"0\" \/><\/strong><\/div>\n<div class=\"iai_top\"><strong><img loading=\"lazy\" class=\"aligncenter\" src=\"https:\/\/rcpro.pl\/data\/include\/cms\/2Szymon\/Bartek\/AxialYetiXL\/ax90032_yeti_xl_chassis_02.jpg\" width=\"1000\" height=\"666\" border=\"0\" \/><\/strong><\/div>\n<div class=\"iai_top\"><strong><img loading=\"lazy\" class=\"aligncenter\" src=\"https:\/\/rcpro.pl\/data\/include\/cms\/2Szymon\/Bartek\/AxialYetiXL\/ax90032_yeti_xl_chassis_05.jpg\" width=\"1000\" height=\"666\" border=\"0\" \/><\/strong><\/div>\n<div class=\"iai_top\"><\/div>\n<div class=\"iai_top\"><\/div>\n<div class=\"iai_top\">\n<hr \/>\n<\/div>\n<div class=\"iai_top\"><strong><br \/>\nNa ka\u017cde warunki<\/p>\n<p><\/strong><\/div>\n<div class=\"iai_top\">Pokonywanie trudnych teren\u00f3w u\u0142atwia ponadto niezwykle wytrzyma\u0142a konstrukcja, doskona\u0142e opony KRAWLER&#x2122; T\/A\u00ae KX stworzone przez znan\u0105 mark\u0119 BFGOODRICH\u00ae specjalnie dla modelu Yeti XL, felgi 3.8 RACELINE MONSTER, jak r\u00f3wnie\u017c wysokiej klasy amortyzatory BIG BORE 16&#x2122;. Ze wzgl\u0119du na swoje parametry oraz mo\u017cliwo\u015bci Axial Yeti XL Monster Buggy adresowany jest do zaawansowanych mi\u0142o\u015bnik\u00f3w RC.<br \/>\n<strong><\/p>\n<p><\/strong><\/div>\n<div class=\"iai_top\"><\/div>\n<div class=\"iai_top\"><strong><img loading=\"lazy\" class=\"aligncenter\" src=\"https:\/\/rcpro.pl\/data\/include\/cms\/2Szymon\/Bartek\/AxialYetiXL\/ax90032_yeti_xl_action_01_2000px.jpg\" width=\"1000\" height=\"666\" border=\"0\" \/><br \/>\n<\/strong><\/div>\n<div class=\"iai_top\"><\/div>\n<div class=\"iai_top\"><strong><img loading=\"lazy\" class=\"aligncenter\" src=\"https:\/\/rcpro.pl\/data\/include\/cms\/2Szymon\/Bartek\/AxialYetiXL\/ax90032_yeti_xl_action_04_2000px.jpg\" width=\"1000\" height=\"666\" border=\"0\" \/><br \/>\n<\/strong><\/div>\n<div class=\"iai_top\"><\/div>\n<div class=\"iai_top\">\n<hr \/>\n<\/div>\n<div class=\"iai_top\"><\/div>\n<div class=\"iai_top\"><strong><br \/>\nZaawansowane rozwi\u0105zania<\/p>\n<p><\/strong><\/div>\n<div class=\"iai_top\">Tylne podwozie wyposa\u017cono we wzmocnion\u0105 o\u015b AR60 XL&#x2122; oraz system 4-przegubowy, kt\u00f3ry optymalizuje wykorzystanie momentu obrotowego oraz przeciwdzia\u0142a zarzucaniu zawieszenia na du\u017cych pochy\u0142o\u015bciach. Osie w powy\u017cszym aucie posiadaj\u0105 wiele rozwi\u0105za\u0144, kt\u00f3re nie wyst\u0119puj\u0105 u innych modeli dost\u0119pnych na rynku. Konstrukcja jest jednocze\u015bnie prosta i niezawodna, ale tak\u017ce idealnie wywa\u017cona. Podnoszona obudowa pozwala na dost\u0119p do wszystkich komponent\u00f3w w u\u0142amku sekundy.<br \/>\n<strong><\/p>\n<p><\/strong><\/div>\n<div class=\"iai_top\"><img loading=\"lazy\" class=\"aligncenter\" src=\"https:\/\/rcpro.pl\/data\/include\/cms\/2Szymon\/Bartek\/AxialYetiXL\/ax90032_yeti_xl_chassis_03.jpg\" width=\"1000\" height=\"666\" border=\"0\" \/><\/p>\n<\/div>\n<div class=\"iai_top\"><img loading=\"lazy\" class=\"aligncenter\" src=\"https:\/\/rcpro.pl\/data\/include\/cms\/2Szymon\/Bartek\/AxialYetiXL\/ax90032_yeti_xl_chassis_10.jpg\" width=\"1000\" height=\"666\" border=\"0\" \/><\/p>\n<\/div>\n<div class=\"iai_top\"><img loading=\"lazy\" class=\"aligncenter\" src=\"https:\/\/rcpro.pl\/data\/include\/cms\/2Szymon\/Bartek\/AxialYetiXL\/ax90032_yeti_xl_chassis_11.jpg\" width=\"1000\" height=\"666\" border=\"0\" \/><\/p>\n<\/div>\n<div class=\"iai_top\"><img loading=\"lazy\" class=\"aligncenter\" src=\"https:\/\/rcpro.pl\/data\/include\/cms\/2Szymon\/Bartek\/AxialYetiXL\/ax90032_yeti_xl_chassis_14.jpg\" width=\"1000\" height=\"666\" border=\"0\" \/><\/p>\n<\/div>\n<div class=\"iai_top\"><\/div>\n<div class=\"iai_top\">\n<hr \/>\n<\/div>\n<div class=\"iai_top\">\n<strong>Niezawodny nap\u0119d<\/p>\n<p><\/strong><\/div>\n<div class=\"iai_top\">Axial Yeti XL to model w skali 1\/8 nap\u0119dzany bezszczotkowym, wodoodpornym silnikiem 2200KV. Nap\u0119d na 4 ko\u0142a powoduje, \u017ce \u017caden teren nie jest dla niego za trudny. Wa\u0142y nap\u0119dowe zosta\u0142y specjalnie utwardzone \u017ceby wyd\u0142u\u017cy\u0107 ich \u017cywotno\u015b\u0107. Pokrywa ochronna przek\u0142adni utrzymuje kurz, brud i inne zanieczyszczenia z dala od z\u0119batek. Wodoszczelna skrzynka odbiornika zapewnia bezpieczn\u0105 prac\u0119 elektroniki nawet w najtrudniejszych warunkach. Sprz\u0119g\u0142o \u015blizgowe umo\u017cliwia efektywniejsz\u0105 prac\u0119 silnika i znacznie zwi\u0119ksza trwa\u0142o\u015b\u0107 uk\u0142adu nap\u0119dowego, zabezpieczaj\u0105c przed blokowaniem si\u0119 silnika.<\/p>\n<\/div>\n<div class=\"iai_top\"><img loading=\"lazy\" class=\"aligncenter\" src=\"https:\/\/rcpro.pl\/data\/include\/cms\/2Szymon\/Bartek\/AxialYetiXL\/ax90032_yeti_xl_chassis_07.jpg\" width=\"1000\" height=\"666\" border=\"0\" \/><\/div>\n<div class=\"iai_top\"><\/div>\n<div class=\"iai_top\"><img loading=\"lazy\" class=\"aligncenter\" src=\"https:\/\/rcpro.pl\/data\/include\/cms\/2Szymon\/Bartek\/AxialYetiXL\/ax90032_yeti_xl_chassis_08.jpg\" width=\"1000\" height=\"666\" border=\"0\" \/><\/div>\n<div class=\"iai_top\"><\/div>\n<div class=\"iai_top\"><img loading=\"lazy\" class=\"aligncenter\" src=\"https:\/\/rcpro.pl\/data\/include\/cms\/2Szymon\/Bartek\/AxialYetiXL\/ax90032_yeti_xl_chassis_13.jpg\" width=\"1000\" height=\"666\" border=\"0\" \/><\/div>\n<div class=\"iai_top\"><\/div>\n<div class=\"iai_top\"><\/div>\n<div class=\"iai_top\">\n<hr \/>\n<\/div>\n<div class=\"iai_top\"><strong><br \/>\nMultimedia<br \/>\n<\/strong><\/div>\n<div class=\"iai_top\"><\/div>\n<div class=\"iai_bottom\"><\/div>\n<div class=\"iai_bottom\"><img loading=\"lazy\" class=\"aligncenter\" src=\"https:\/\/rcpro.pl\/data\/include\/cms\/2Szymon\/Bartek\/AxialYetiXL\/ax90032_yeti_xl_action_17_2000px.jpg\" width=\"1000\" height=\"666\" border=\"0\" \/><\/div>\n<div class=\"iai_bottom\">\n<div class=\"iai_bottom\"><img loading=\"lazy\" class=\"aligncenter\" src=\"https:\/\/rcpro.pl\/data\/include\/cms\/2Szymon\/Bartek\/AxialYetiXL\/ax90032_yeti_xl_action_06_2000px.jpg\" width=\"1000\" height=\"666\" border=\"0\" \/><\/div>\n<div class=\"iai_bottom\">\n<div class=\"iai_bottom\"><iframe loading=\"lazy\" src=\"https:\/\/www.youtube.com\/embed\/VVON7lmqu9Y\" width=\"640\" height=\"360\" data-mce-fragment=\"1\"><\/iframe><\/div>\n<div class=\"iai_top\"><\/div>\n<div class=\"iai_top\"><\/div>\n<div class=\"iai_top\"><\/div>\n<div class=\"iai_top\"><\/div>\n<div class=\"iai_top\"><\/div>\n<\/div>\n<div class=\"iai_bottom\">\n<strong>W zestawie<br \/>\n<\/strong><\/p>\n<hr \/>\n<\/div>\n<div class=\"iai_bottom\"><\/div>\n<div class=\"iai_bottom\">\u00a0<strong><br \/>\n<\/strong><\/div>\n<table cellspacing=\"10\">\n<tbody>\n<tr>\n<th>Model Yeti XL Monster Buggy<\/th>\n<\/tr>\n<tr>\n<td>Aparatura AX-3 2,4 GHz<\/td>\n<\/tr>\n<tr>\n<td>Regulator Vanguard AE-4 XL<\/td>\n<\/tr>\n<tr>\n<td>Silnik bezszczotkowy 2200KV<\/td>\n<\/tr>\n<tr>\n<td>Serwo Tactic TSX45<\/td>\n<\/tr>\n<\/tbody>\n<\/table>\n<p>&nbsp;<\/p>\n<div class=\"iai_bottom\"><strong>Specyfikacja<br \/>\n<\/strong><\/p>\n<hr \/>\n<\/div>\n<div class=\"iai_bottom\">\n<h3 class=\"section-title\"><\/h3>\n<table class=\"table-specs\">\n<tbody>\n<tr>\n<th>D\u0142ugo\u015b\u0107<\/th>\n<td>654 mm<\/td>\n<\/tr>\n<tr>\n<th>Szeroko\u015b\u0107<\/th>\n<td>414 mm<\/td>\n<\/tr>\n<tr>\n<th>Wysoko\u015b\u0107<\/th>\n<td>282 mm<\/td>\n<\/tr>\n<tr>\n<th>Rozstaw osi<\/th>\n<td>470 mm<\/td>\n<\/tr>\n<tr>\n<th>Prze\u015bwit<\/th>\n<td>63 mm<\/td>\n<\/tr>\n<tr>\n<th>Waga<\/th>\n<td>5,78 kg<\/td>\n<\/tr>\n<tr>\n<th>Wymagane do uruchomienia<br \/>\n(nie zawarte w zestawie)<\/th>\n<td>2 x Akumulator (2S lub 3S LiPo)<br \/>\n\u0141adowarka<br \/>\nBaterie AA do aparatury<\/td>\n<\/tr>\n<\/tbody>\n<\/table>\n<\/div>\n<\/div>\n","protected":false},"excerpt":{"rendered":"<p>Najlepszy w swojej klasie Axial Yeti XL to przedstawiciel najwy\u017cszej p\u00f3\u0142ki buggy. Charakteryzuje si\u0119 on nie tylko przemy\u015blan\u0105 konstrukcj\u0105 oraz doskona\u0142ymi parametrami jezdnymi. Pr\u00f3\u017cno szuka\u0107 drugiego takiego modelu na sklepowych p\u00f3\u0142kach. Model wyposa\u017cono w elektryczny, bezszczotkowy silnik 2200KV, nap\u0119d na cztery ko\u0142a oraz system Independent Front Suspension [IFS], kt\u00f3ry pozwala zachowa\u0107 \u015bwietn\u0105 sterowno\u015b\u0107 i stabilno\u015b\u0107&#8230;<\/p>\n","protected":false},"featured_media":5488,"comment_status":"open","ping_status":"closed","template":"","meta":{"_s2mail":""},"product_cat":[590],"product_tag":[689,694,591,693,597,687,592,690],"_links":{"self":[{"href":"https:\/\/sklep.aveos.pl\/index.php\/wp-json\/wp\/v2\/product\/5487"}],"collection":[{"href":"https:\/\/sklep.aveos.pl\/index.php\/wp-json\/wp\/v2\/product"}],"about":[{"href":"https:\/\/sklep.aveos.pl\/index.php\/wp-json\/wp\/v2\/types\/product"}],"replies":[{"embeddable":true,"href":"https:\/\/sklep.aveos.pl\/index.php\/wp-json\/wp\/v2\/comments?post=5487"}],"wp:featuredmedia":[{"embeddable":true,"href":"https:\/\/sklep.aveos.pl\/index.php\/wp-json\/wp\/v2\/media\/5488"}],"wp:attachment":[{"href":"https:\/\/sklep.aveos.pl\/index.php\/wp-json\/wp\/v2\/media?parent=5487"}],"wp:term":[{"taxonomy":"product_cat","embeddable":true,"href":"https:\/\/sklep.aveos.pl\/index.php\/wp-json\/wp\/v2\/product_cat?post=5487"},{"taxonomy":"product_tag","embeddable":true,"href":"https:\/\/sklep.aveos.pl\/index.php\/wp-json\/wp\/v2\/product_tag?post=5487"}],"curies":[{"name":"wp","href":"https:\/\/api.w.org\/{rel}","templated":true}]}}