{"id":5545,"date":"2018-02-14T20:10:37","date_gmt":"2018-02-14T19:10:37","guid":{"rendered":"http:\/\/sklep.aveos.pl\/?post_type=product&#038;p=5545"},"modified":"2021-04-08T14:50:16","modified_gmt":"2021-04-08T12:50:16","slug":"stabilizator-dji-ronin-s","status":"publish","type":"product","link":"https:\/\/sklep.aveos.pl\/index.php\/produkt\/stabilizator-dji-ronin-s\/","title":{"rendered":"Stabilizator DJI Ronin-S"},"content":{"rendered":"<p><img loading=\"lazy\" class=\"aligncenter\" src=\"https:\/\/rcpro.pl\/data\/include\/cms\/Ronin-S\/65.jpg\" alt=\"\" width=\"600\" height=\"400\" border=\"0\"><\/p>\n<div class=\"iai_top\"><\/div>\n<div class=\"iai_top\"><strong><br \/>\n<\/strong><\/p>\n<h1>Dare to Move<\/h1>\n<p><strong><br \/>\n<\/strong><\/p>\n<\/div>\n<div class=\"iai_top\">Ronin-S, najnowszy stabilizator marki DJI, stworzony zosta\u0142 na potrzeby lustrzanek (DSLR) oraz aparat\u00f3w cyfrowych z wymienn\u0105 optyk\u0105 (mirrorless). Model zapewnia zaawansowan\u0105 stabilizacj\u0119, prezycj\u0119 kontroli oraz manualne ustawianie ostro\u015bci. A wszystko to w zwartej, por\u0119cznej konstrukcji, obs\u0142ugiwanej tylko jedn\u0105 r\u0119k\u0105. Ronin-S pozwala nagrywa\u0107 stabilne uj\u0119cia nawet w najtrudniejszych warunkach.<\/p>\n<\/div>\n<p><img loading=\"lazy\" class=\"aligncenter\" src=\"https:\/\/rcpro.pl\/data\/include\/cms\/Ronin-S\/67.jpg\" alt=\"\" width=\"700\" height=\"500\" border=\"0\"><\/p>\n<div class=\"iai_top\"><\/div>\n<div class=\"iai_top\"><\/div>\n<div class=\"iai_top\">\n<hr>\n<\/div>\n<div class=\"iai_top\"><\/div>\n<div class=\"iai_top\"><strong><br \/>\n<\/strong><\/p>\n<h1>Elastyczne rozwi\u0105zania<\/h1>\n<p><strong><br \/>\n<\/strong><\/p>\n<\/div>\n<div class=\"iai_top\">Dzi\u0119ki innowacyjnej i praktycznej konstrukcji, w modelu Ronin-S mo\u017cna zamocowa\u0107 aparat nad osi\u0105 roll, co umo\u017cliwia wygodny podgl\u0105d jego wy\u015bwietlacza podczas nagrywania. Ponadto stabilizator zosta\u0142 zaprojektowany tak, by ca\u0142kowicie wyeliminowa\u0107 uci\u0105\u017cliwe drgania przy przechodzeniu z trybu podwieszonego (underslung) do trybu pionowego (upright).<\/p>\n<p><strong><br \/>\n<\/strong><\/p>\n<\/div>\n<div class=\"iai_top\"><img loading=\"lazy\" class=\"aligncenter\" src=\"https:\/\/rcpro.pl\/data\/include\/cms\/Ronin-S\/68.jpg\" width=\"700\" height=\"500\" border=\"0\"><\/p>\n<\/div>\n<div class=\"iai_top\"><\/div>\n<div class=\"iai_top\">\n<hr>\n<\/div>\n<div class=\"iai_top\">\n<h1>Funkcja SmoothTrack<\/h1>\n<p><strong><br \/>\n<\/strong><\/p>\n<\/div>\n<div class=\"iai_top\">SmoothTrack zapewnia p\u0142ynne nagrania w najtrudniejszych warunkach. Urz\u0105dzenie intuicyjnie skieruje si\u0119 we w\u0142a\u015bciw\u0105 stron\u0119, zachowuj\u0105c perfekcyjn\u0105 stabilizacj\u0119. Technologia pozwala na p\u0142ynne przej\u015bcie z nagrywania w ruchu do uchwycenia kadru, przy u\u017cyciu tylko jednej r\u0119ki. Dzi\u0119ki dw\u00f3m, \u0142atwo konfigurowalnym grupom parametr\u00f3w, mo\u017cna zapisa\u0107 swoje ulubione ustawienia i szybko prze\u0142\u0105cza\u0107 si\u0119 mi\u0119dzy nimi za pomoc\u0105 jednego klikni\u0119cia. Nowy tryb Sport&nbsp;gwarantuje szybko\u015b\u0107 i p\u0142ynno\u015b\u0107 reakcji funkcji SmoothTrack, dzi\u0119ki czemu nawet najbardziej ekstremalne zadania nie stanowi\u0105 dla Ronina-S \u017cadnego problemu.<\/p>\n<\/div>\n<div class=\"iai_top\"><\/div>\n<div class=\"iai_top\"><img loading=\"lazy\" class=\"aligncenter\" src=\"https:\/\/rcpro.pl\/data\/include\/cms\/Ronin-S\/69.jpg\" width=\"700\" height=\"500\" border=\"0\"><\/div>\n<p>&nbsp;<\/p>\n<div class=\"iai_top\"><\/div>\n<div class=\"iai_top\"><\/div>\n<div class=\"iai_top\"><\/div>\n<div class=\"iai_top\"><\/div>\n<div class=\"iai_top\">\n<hr>\n<\/div>\n<div class=\"iai_top\"><strong><br \/>\n<\/strong><\/p>\n<h1>Du\u017ca wszechstronno\u015b\u0107<\/h1>\n<\/div>\n<div class=\"iai_top\">\nStabilizator DJI-Ronin S z \u0142atwo\u015bci\u0105 b\u0119dzie wsp\u00f3\u0142pracowa\u0142 z wieloma urz\u0105dzeniami a jego monta\u017c nie sprawia \u017cadnych problem\u00f3w. W modelach RC Ronina-S mo\u017cemy wykorzysta\u0107 do robienia uj\u0119\u0107 z perspektywy \u017caby lub wykorzysta\u0107 jako narz\u0119dzie do podgl\u0105du FPV (z perspektywy pierwszej osoby). Model jest r\u00f3wnie\u017c kompatybilny z systemem DJI Focus, dzi\u0119ki kt\u00f3remu mo\u017cna sterowa\u0107 ostro\u015bci\u0105 podczas korzystania ze standardowej r\u0105czki. Dodatkowo, by jeszcze bardziej zwi\u0119kszy\u0107 dok\u0142adno\u015b\u0107, istnieje mo\u017cliwo\u015b\u0107 zamontowania Ronina-S do uchwytu dwur\u0119cznego. Przy tym sterowanie gimbalem, focusem lub migawk\u0105 nie jest ograniczone.<\/p>\n<\/div>\n<div class=\"iai_top\"><\/div>\n<div class=\"iai_bottom\"><\/div>\n<div class=\"iai_bottom\"><img loading=\"lazy\" class=\"aligncenter\" src=\"https:\/\/rcpro.pl\/data\/include\/cms\/Ronin-S\/70.jpg\" width=\"700\" height=\"500\" border=\"0\"><\/div>\n<div class=\"iai_bottom\"><\/div>\n<div class=\"iai_bottom\">\n<div class=\"iai_top\"><\/div>\n<div class=\"iai_top\">\n<hr>\n<\/div>\n<div class=\"iai_top\"><strong><br \/>\n<\/strong><\/p>\n<h1>Wysoka funkcjonalno\u015b\u0107<\/h1>\n<\/div>\n<div class=\"iai_top\">\nCzasem by zrealizowa\u0107 projekt, potrzeba czego\u015b wi\u0119cej ni\u017c sam gimbal. DJI wysz\u0142o naprzeciw oczekiwaniom u\u017cytkownik\u00f3w i w Roninie-S znajdziemy wiele mocowa\u0144, dzi\u0119ki kt\u00f3rym zamontujemy np. mikrofon, o\u015bwietlenie LED czy te\u017c bezprzewodowy nadajnik wideo. Kompatybilno\u015b\u0107 z DJI Master Force gwarantuje prost\u0105 i intuicyjn\u0105 obs\u0142ug\u0119. Natomiast pokr\u0119t\u0142a DJI Master Wheels zapewniaj\u0105 u\u017cytkownikowi precyzyjne ruchy gimbala.<\/div>\n<div class=\"iai_top\">\n<p><img loading=\"lazy\" class=\"aligncenter\" src=\"https:\/\/rcpro.pl\/data\/include\/cms\/Ronin-S\/71.jpg\" width=\"700\" height=\"500\" border=\"0\"><\/p>\n<\/div>\n<div class=\"iai_top\"><\/div>\n<div class=\"iai_top\"><\/div>\n<\/div>\n","protected":false},"excerpt":{"rendered":"<p>Dare to Move Ronin-S, najnowszy stabilizator marki DJI, stworzony zosta\u0142 na potrzeby lustrzanek (DSLR) oraz aparat\u00f3w cyfrowych z wymienn\u0105 optyk\u0105 (mirrorless). Model zapewnia zaawansowan\u0105 stabilizacj\u0119, prezycj\u0119 kontroli oraz manualne ustawianie ostro\u015bci. A wszystko to w zwartej, por\u0119cznej konstrukcji, obs\u0142ugiwanej tylko jedn\u0105 r\u0119k\u0105. Ronin-S pozwala nagrywa\u0107 stabilne uj\u0119cia nawet w najtrudniejszych warunkach. Elastyczne rozwi\u0105zania Dzi\u0119ki innowacyjnej&#8230;<\/p>\n","protected":false},"featured_media":5546,"comment_status":"open","ping_status":"closed","template":"","meta":{"_s2mail":"yes"},"product_cat":[410,484],"product_tag":[543,735,732,734,731,730],"_links":{"self":[{"href":"https:\/\/sklep.aveos.pl\/index.php\/wp-json\/wp\/v2\/product\/5545"}],"collection":[{"href":"https:\/\/sklep.aveos.pl\/index.php\/wp-json\/wp\/v2\/product"}],"about":[{"href":"https:\/\/sklep.aveos.pl\/index.php\/wp-json\/wp\/v2\/types\/product"}],"replies":[{"embeddable":true,"href":"https:\/\/sklep.aveos.pl\/index.php\/wp-json\/wp\/v2\/comments?post=5545"}],"wp:featuredmedia":[{"embeddable":true,"href":"https:\/\/sklep.aveos.pl\/index.php\/wp-json\/wp\/v2\/media\/5546"}],"wp:attachment":[{"href":"https:\/\/sklep.aveos.pl\/index.php\/wp-json\/wp\/v2\/media?parent=5545"}],"wp:term":[{"taxonomy":"product_cat","embeddable":true,"href":"https:\/\/sklep.aveos.pl\/index.php\/wp-json\/wp\/v2\/product_cat?post=5545"},{"taxonomy":"product_tag","embeddable":true,"href":"https:\/\/sklep.aveos.pl\/index.php\/wp-json\/wp\/v2\/product_tag?post=5545"}],"curies":[{"name":"wp","href":"https:\/\/api.w.org\/{rel}","templated":true}]}}