{"id":5561,"date":"2018-02-23T20:11:05","date_gmt":"2018-02-23T19:11:05","guid":{"rendered":"http:\/\/sklep.aveos.pl\/?post_type=product&#038;p=5561"},"modified":"2021-04-13T16:23:12","modified_gmt":"2021-04-13T14:23:12","slug":"jeep-wrangler-scx10-crc-4wd-110-rtr-axial-ax90060","status":"publish","type":"product","link":"https:\/\/sklep.aveos.pl\/index.php\/produkt\/jeep-wrangler-scx10-crc-4wd-110-rtr-axial-ax90060\/","title":{"rendered":"Jeep Wrangler SCX10 CRC 4WD 1:10 RTR AXIAL (AX90060)"},"content":{"rendered":"<div class=\"iai_top\">\n<p><strong>Szybko\u015b\u0107 w warunkach ekstremalnych<\/strong><\/p>\n<p>&nbsp;<\/p>\n<\/div>\n<div class=\"iai_top\">\n<p>&nbsp;&nbsp; Jeep Wrangler Unlimited CRC&nbsp;to umiej\u0119tnie zaprojektowany model&nbsp;w skali 1:10 firmy Axial w wersji RTR. Model ma nap\u0119d na cztery ko\u0142a, kt\u00f3ry przenoszony jest tak jak przysta\u0142o na porz\u0105dny model terenowy poprzez centralny dyferencja\u0142 z\u0119batkowy,&nbsp;p\u00f3\u0142osiami na przedni i tylny most.&nbsp;Model idealnie nadaje si\u0119 do jazdy w terenie dzi\u0119ki dw\u00f3m mechanizmom r\u00f3\u017cnicowym, silnikowi o du\u017cej mocy oraz systemowi niezale\u017cnego zawieszenia. Wodoodporny regulator oraz komora&nbsp;odbiornika umo\u017cliwiaj\u0105 jazd\u0119 r\u00f3wnie\u017c&nbsp;po \u015bniegu i mokrym terenie. Model jest wyposa\u017cony w opony&nbsp;Nitto Trial Grappler&nbsp;z felgami&nbsp;Machete Crawl Wheels&nbsp;o \u015brednicy 53.9mm. Regulowane mocowanie baterii umo\u017cliwia regulacj\u0119 \u015brodka ci\u0119\u017cko\u015bci, zmieniaj\u0105c charakterystyk\u0119 modelu dodatkowo pozwala na zamontowanie baterii r\u00f3\u017cnej wielko\u015bci.<\/p>\n<\/div>\n<div class=\"iai_top\"><img loading=\"lazy\" class=\"aligncenter\" src=\"https:\/\/rcpro.pl\/data\/include\/cms\/5przemek\/ASCX\/02.jpg\" width=\"758\" height=\"505\" border=\"0\"><\/div>\n<div class=\"iai_top\">\n<div class=\"iai_top\"><\/div>\n<div class=\"iai_top\">\n<hr>\n<\/div>\n<div class=\"iai_top\">\n<p><strong><strong>Multimedia<\/strong><\/strong><\/p>\n<\/div>\n<div class=\"iai_top\">&nbsp;<iframe loading=\"lazy\" src=\"https:\/\/www.youtube.com\/embed\/HrGBgYoWVuk\" width=\"640\" height=\"480\" data-mce-fragment=\"1\"><\/iframe><\/div>\n<div class=\"iai_top\"><\/div>\n<\/div>\n<div class=\"iai_bottom\">\n<div class=\"iai_bottom\">\n<div class=\"iai_top\"><\/div>\n<div class=\"iai_top\"><\/div>\n<\/div>\n<div class=\"iai_bottom\"><strong>W zestawie<br \/>\n<\/strong><\/p>\n<hr>\n<\/div>\n<div class=\"iai_bottom\"><\/div>\n<div class=\"iai_bottom\">&nbsp;<strong><br \/>\n<\/strong><\/div>\n<table cellspacing=\"10\">\n<tbody>\n<tr>\n<th>Model&nbsp;Jeep Wrangler Unlimited CRC 1\/10&nbsp;RTR<\/th>\n<\/tr>\n<\/tbody>\n<\/table>\n<p>&nbsp;<\/p>\n<div class=\"iai_bottom\"><strong>Specyfikacja<br \/>\n<\/strong><\/p>\n<hr>\n<\/div>\n<div class=\"iai_bottom\">\n<h3 class=\"section-title\"><\/h3>\n<table class=\"table-specs\">\n<tbody>\n<tr>\n<th>D\u0142ugo\u015b\u0107<\/th>\n<td>489 mm<\/td>\n<\/tr>\n<tr>\n<th>Szeroko\u015b\u0107<\/th>\n<td>226&nbsp;mm<\/td>\n<\/tr>\n<tr>\n<th>Wysoko\u015b\u0107<\/th>\n<td>239.4&nbsp;mm<\/td>\n<\/tr>\n<tr>\n<th>Rozstaw osi<\/th>\n<td>313 mm<\/td>\n<\/tr>\n<tr>\n<th>Prze\u015bwit<\/th>\n<td>77&nbsp;mm<\/td>\n<\/tr>\n<tr>\n<th>Waga<\/th>\n<td>2040 g<\/td>\n<\/tr>\n<tr>\n<th>Wymagane do uruchomienia<br \/>\n(nie zawarte w zestawie)<\/th>\n<td>Akumulator<br \/>\n\u0141adowarkapaluszki do radia<\/td>\n<\/tr>\n<\/tbody>\n<\/table>\n<\/div>\n<\/div>\n","protected":false},"excerpt":{"rendered":"<p>Szybko\u015b\u0107 w warunkach ekstremalnych &nbsp; &nbsp;&nbsp; Jeep Wrangler Unlimited CRC&nbsp;to umiej\u0119tnie zaprojektowany model&nbsp;w skali 1:10 firmy Axial w wersji RTR. Model ma nap\u0119d na cztery ko\u0142a, kt\u00f3ry przenoszony jest tak jak przysta\u0142o na porz\u0105dny model terenowy poprzez centralny dyferencja\u0142 z\u0119batkowy,&nbsp;p\u00f3\u0142osiami na przedni i tylny most.&nbsp;Model idealnie nadaje si\u0119 do jazdy w terenie dzi\u0119ki dw\u00f3m mechanizmom&#8230;<\/p>\n","protected":false},"featured_media":5562,"comment_status":"open","ping_status":"closed","template":"","meta":{"_s2mail":"yes"},"product_cat":[590,497],"product_tag":[602,600,762,591,758,757,633,759,756,597,761,635,760,670],"_links":{"self":[{"href":"https:\/\/sklep.aveos.pl\/index.php\/wp-json\/wp\/v2\/product\/5561"}],"collection":[{"href":"https:\/\/sklep.aveos.pl\/index.php\/wp-json\/wp\/v2\/product"}],"about":[{"href":"https:\/\/sklep.aveos.pl\/index.php\/wp-json\/wp\/v2\/types\/product"}],"replies":[{"embeddable":true,"href":"https:\/\/sklep.aveos.pl\/index.php\/wp-json\/wp\/v2\/comments?post=5561"}],"wp:featuredmedia":[{"embeddable":true,"href":"https:\/\/sklep.aveos.pl\/index.php\/wp-json\/wp\/v2\/media\/5562"}],"wp:attachment":[{"href":"https:\/\/sklep.aveos.pl\/index.php\/wp-json\/wp\/v2\/media?parent=5561"}],"wp:term":[{"taxonomy":"product_cat","embeddable":true,"href":"https:\/\/sklep.aveos.pl\/index.php\/wp-json\/wp\/v2\/product_cat?post=5561"},{"taxonomy":"product_tag","embeddable":true,"href":"https:\/\/sklep.aveos.pl\/index.php\/wp-json\/wp\/v2\/product_tag?post=5561"}],"curies":[{"name":"wp","href":"https:\/\/api.w.org\/{rel}","templated":true}]}}