{"id":5684,"date":"2018-12-13T08:03:37","date_gmt":"2018-12-13T07:03:37","guid":{"rendered":"http:\/\/sklep.aveos.pl\/?post_type=product&#038;p=5684"},"modified":"2024-07-02T11:46:50","modified_gmt":"2024-07-02T09:46:50","slug":"dji-osmo-pocket","status":"publish","type":"product","link":"https:\/\/sklep.aveos.pl\/index.php\/produkt\/dji-osmo-pocket\/","title":{"rendered":"DJI Osmo Pocket"},"content":{"rendered":"<p>&nbsp;<\/p>\n<div class=\"iai_top\">\n<p><img loading=\"lazy\" class=\"aligncenter\" src=\"https:\/\/rcpro.pl\/data\/include\/cms\/5przemek\/DJI\/Osmo-pocket\/poc1.jpg\" width=\"1400\" height=\"600\" border=\"0\"><\/p>\n<\/div>\n<div class=\"iai_top\"><\/div>\n<div class=\"iai_top\"><strong><strong><br \/>\nNiewielkie rozmiary, ogromne mo\u017cliwo\u015bci<\/strong><\/strong><\/div>\n<div class=\"iai_top\"><\/div>\n<div class=\"iai_top\">\n<p>DJI Osmo Pocket wykorzystuje najmniejszy, dost\u0119pny w ofercie marki mechaniczny gimbal. W czasie rzeczywistym precyzyjnie dopasowuje si\u0119 do Twoich ruch\u00f3w, zmieniaj\u0105c zwyk\u0142e uj\u0119cie wschodu s\u0142o\u0144ca czy pierwsze kroki dziecka w profesjonalny film, kt\u00f3ry na pewno b\u0119dziesz chcia\u0142 pokaza\u0107 bliskim i znajomym.<\/p>\n<p>&nbsp;<\/p>\n<\/div>\n<div class=\"iai_top\">\n<p><img loading=\"lazy\" class=\"aligncenter\" src=\"https:\/\/rcpro.pl\/data\/include\/cms\/5przemek\/DJI\/Osmo-pocket\/poc2.jpg\" width=\"1400\" height=\"600\" border=\"0\"><\/p>\n<\/div>\n<div class=\"iai_top\"><\/div>\n<div class=\"iai_top\">\n<hr>\n<\/div>\n<div class=\"iai_top\"><strong><strong><br \/>\nNieograniczone mo\u017cliwo\u015bci<\/strong><\/strong><\/div>\n<div class=\"iai_top\">Kamera w&nbsp;Osmo Pocket z matryc\u0105 1\/2.3&#8243; CMOS i obiektywem f\/2.0 jest w stanie nagrywa\u0107 niezwyk\u0142e wideo w jako\u015bci 4K w 60&nbsp;fps,&nbsp; zapisuj\u0105c obraz z pr\u0119dko\u015bci\u0105 100 Mbps, a tak\u017ce wykonywa\u0107 12-megapikselowe zdj\u0119cia. In\u017cynierowie DJI opracowali doskona\u0142y proces produkcji w mikroskali by stworzy\u0107 najmniejszy trzyosiowy gimbal w ca\u0142ej historii marki. Ten miniaturowy stabilizator wraz z bezszczotkowym silnikiem gwarantuje doskona\u0142\u0105 precyzj\u0119 i stabilizacj\u0119 obrazu.<\/div>\n<div><\/div>\n<div class=\"iai_top\"><strong><br \/>\n<\/strong><strong><img loading=\"lazy\" class=\"aligncenter\" src=\"https:\/\/rcpro.pl\/data\/include\/cms\/5przemek\/DJI\/Osmo-pocket\/poc3.jpg\" width=\"1400\" height=\"600\" border=\"0\"><br \/>\n<\/strong><\/div>\n<div class=\"iai_top\"><strong>&nbsp;<\/strong><\/div>\n<div class=\"iai_top\"><\/div>\n<div class=\"iai_top\"><\/div>\n<div class=\"iai_top\"><\/div>\n<div class=\"iai_top\">\n<hr>\n<\/div>\n<div class=\"iai_top\"><\/div>\n<div class=\"iai_top\"><strong><strong><br \/>\nP\u0119d ku przysz\u0142o\u015bci<\/strong><\/strong><\/div>\n<div class=\"iai_top\">DJI Osmo Pocket prezentuje podej\u015bcie marki do nowatorskich i przysz\u0142o\u015bciowych rozwi\u0105za\u0144. To urz\u0105dzenie o niewielkich rozmiarach zosta\u0142o zaprojektowane tak, by sta\u0142o si\u0119 przedmiotem codziennego&nbsp; u\u017cytku, jak portfel czy telefon. Poket pozwoli ci po\u017cegna\u0107 si\u0119 z rozmazanymi zdj\u0119ciami i dr\u017c\u0105cymi filmami.<\/div>\n<div><\/div>\n<div class=\"iai_top\"><strong><br \/>\n<\/strong><img loading=\"lazy\" class=\"aligncenter\" src=\"https:\/\/rcpro.pl\/data\/include\/cms\/5przemek\/DJI\/Osmo-pocket\/poc4.jpg\" width=\"1400\" height=\"600\" border=\"0\"><\/div>\n<div class=\"iai_top\"><\/div>\n<div class=\"iai_top\">\n<hr>\n<\/div>\n<div class=\"iai_top\">\n<div class=\"iai_top\"><\/div>\n<div class=\"iai_top\"><strong><strong><br \/>\nCh\u0142odzenie<\/strong><\/strong><\/div>\n<div class=\"iai_top\">Dla cichej pracy, Pocket wykorzystuje ch\u0142odzenie pasywne. Ciep\u0142o wytwarzane w trakcie pracy jest rozprowadzane r\u00f3wnomiernie po urz\u0105dzeniu&nbsp;bez dodatkowych wentylator\u00f3w czy otwor\u00f3w. Takie rozwi\u0105zanie ograniczy\u0142o wag\u0119 urz\u0105dzenie i pozwoli\u0142o na uproszczenie budowy.<\/div>\n<div><\/div>\n<\/div>\n<div class=\"iai_top\"><\/div>\n<div class=\"iai_top\"><img loading=\"lazy\" class=\"aligncenter\" src=\"https:\/\/rcpro.pl\/data\/include\/cms\/5przemek\/DJI\/Osmo-pocket\/poc5.jpg\" width=\"1400\" height=\"600\" border=\"0\"><\/div>\n<div class=\"iai_top\"><\/div>\n<div class=\"iai_top\"><\/div>\n<div class=\"iai_top\"><\/div>\n<div class=\"iai_top\">\n<hr>\n<\/div>\n<div class=\"iai_top\"><strong><br \/>\nPor\u0119czny i uniwersalny<\/strong><\/div>\n<div class=\"iai_top\">Osmo Pocket to niewielka konstrukcja, kt\u00f3ra mie\u015bci si\u0119 w d\u0142oni i jest przystosowana do obs\u0142ugi jedn\u0105 r\u0119k\u0105. Uchwyt zosta\u0142 wykonany z materia\u0142u zapobiegaj\u0105cego ze\u015blizgiwaniu i zabezpieczaj\u0105cemu przed potem. Wbudowany dotykowy wy\u015bwietlacz i wygodne przyciski pozwalaj\u0105 na szybk\u0105 zmian\u0119 ustawie\u0144 przy pomocy kilku szybkich ruch\u00f3w. Dodatkowym atutem Osmo Pocket jest uniwersalny port, kt\u00f3ry pozwoli na zainstalowanie dodatkowych urz\u0105dze\u0144 takich jak smartfon, selfistick i wiele innych.<\/div>\n<div><\/div>\n<div class=\"iai_bottom\"><img loading=\"lazy\" class=\"aligncenter\" src=\"https:\/\/rcpro.pl\/data\/include\/cms\/5przemek\/DJI\/Osmo-pocket\/poc6.jpg\" width=\"1400\" height=\"600\" border=\"0\"><\/div>\n<div class=\"iai_bottom\"><\/div>\n<div class=\"iai_bottom\">\n<div class=\"iai_top\"><\/div>\n<div class=\"iai_top\">\n<hr>\n<\/div>\n<div class=\"iai_top\"><strong><br \/>\nProsta aplikacja&nbsp;<\/strong><\/div>\n<div class=\"iai_top\">Osmo Pocket nie zosta\u0142 zaprojektowany dla w\u0105skiej wyselekcjonowanej grupy odbiorc\u00f3w. DJI maj\u0105c na uwadze fakt, \u017ce ka\u017cdy z nas ma jak\u0105\u015b histori\u0119 do opowiedzenia stworzy\u0142 znakomity produkt, dzi\u0119ki kt\u00f3remu mo\u017cemy w \u0142atwy spos\u00f3b zarejestrowa\u0107 nasze przygody. Dodatkowo przygotowano aplikacj\u0119 o nazwie Mimo, kt\u00f3ra wyposa\u017cona zosta\u0142a w intuicyjne narz\u0119dzia do edycji oraz dost\u0119p do grup spo\u0142eczno\u015bciowych gdzie w \u0142atwy spos\u00f3b udost\u0119pnisz i podzielisz si\u0119 swoimi materia\u0142ami.<\/div>\n<div><\/div>\n<div class=\"iai_top\">\n<p><img loading=\"lazy\" class=\"aligncenter\" src=\"https:\/\/rcpro.pl\/data\/include\/cms\/5przemek\/DJI\/Osmo-pocket\/poc7.jpg\" width=\"1400\" height=\"600\" border=\"0\"><\/p>\n<\/div>\n<\/div>\n<div class=\"iai_top\">\n<hr>\n<\/div>\n<div class=\"iai_top\"><strong><br \/>\nTryby pracy<\/strong><\/div>\n<div class=\"iai_top\">Zastosowane i sprawdzone w dronach marki DJI funkcje takie jak ActiveTrack Motionlapse, NightShot, Panorama oraz FPV gwarantuj\u0105 nam znakomit\u0105 jako\u015b\u0107 obrazu, stabilne uj\u0119cia&nbsp; .<\/div>\n<div><\/div>\n<div class=\"iai_bottom\">\n<p><img loading=\"lazy\" class=\"aligncenter\" src=\"https:\/\/rcpro.pl\/data\/include\/cms\/5przemek\/DJI\/Osmo-pocket\/poc8.jpg\" width=\"1400\" height=\"600\" border=\"0\"><\/p>\n<\/div>\n<div class=\"iai_bottom\">\n<div class=\"iai_top\">\n<hr>\n<\/div>\n<div class=\"iai_top\"><strong><br \/>\nSzeroki wachlarz akcesori\u00f3w<\/strong><\/div>\n<div class=\"iai_top\">DJI stworzy\u0142o zestaw wielu przydatnych akcesori\u00f3w, kt\u00f3re pozwol\u0105 na korzystanie z Osmo Pocket wsz\u0119dzie i w ka\u017cdych warunkach. W\u015br\u00f3d nich znajdziemy filtry, pokrowiec, uchwyt przed\u0142u\u017caj\u0105cy, base czy adaptery USB dla wygodnego pod\u0142\u0105czenia smartfona.<\/div>\n<div><\/div>\n<div class=\"iai_bottom\">\n<p><img loading=\"lazy\" class=\"aligncenter\" src=\"https:\/\/rcpro.pl\/data\/include\/cms\/5przemek\/DJI\/Osmo-pocket\/poc9.jpg\" width=\"1400\" height=\"600\" border=\"0\"><\/p>\n<\/div>\n<\/div>\n<div class=\"iai_bottom\"><strong>W zestawie<br \/>\n<\/strong><\/p>\n<hr>\n<\/div>\n<div class=\"iai_bottom\"><\/div>\n<div class=\"iai_bottom\">&nbsp;<strong><br \/>\n<\/strong><\/div>\n<table cellspacing=\"10\">\n<tbody>\n<tr>\n<th>Osmo Pocket<\/th>\n<\/tr>\n<tr>\n<td>Pokrowiec<\/td>\n<\/tr>\n<tr>\n<td>Adapter do smartfona (USB-C)<\/td>\n<\/tr>\n<tr>\n<td>Adapter do smartfona (Lightning)<\/td>\n<\/tr>\n<tr>\n<td>Kabel zasilaj\u0105cy<\/td>\n<\/tr>\n<\/tbody>\n<\/table>\n<p>&nbsp;<\/p>\n<p>&nbsp;<\/p>\n<div class=\"iai_bottom\"><strong>Specyfikacja<br \/>\n<\/strong><\/p>\n<hr>\n<\/div>\n<div class=\"iai_bottom\">\n<h3 class=\"section-title\"><\/h3>\n<table class=\"table-specs\">\n<tbody>\n<tr>\n<th>Masa<\/th>\n<td>116 g<\/td>\n<\/tr>\n<tr>\n<th>Wymiary<\/th>\n<td>121,9 x 36,9 x 28,6 mm<\/td>\n<\/tr>\n<tr>\n<th>Aplikacja<\/th>\n<td>DJI Mimo<\/td>\n<\/tr>\n<tr>\n<th>Akumulator<\/th>\n<td>875&nbsp;mAh LiPo 7,7V<\/td>\n<\/tr>\n<tr>\n<th>Matryca<\/th>\n<td>1\/2,3&#8243; CMOS, 12 MP<\/td>\n<\/tr>\n<tr>\n<th>Obiektyw<\/th>\n<td>przys\u0142ona&nbsp;f\/2.0<\/td>\n<\/tr>\n<tr>\n<th>Stabilizacja<\/th>\n<td>3-osiowa<\/td>\n<\/tr>\n<tr>\n<th>Tryby operacyjne<\/th>\n<td>Standard\/Underslung\/Flashlight<\/td>\n<\/tr>\n<tr>\n<th>Ekran<\/th>\n<td>Dotykowy z podgl\u0105dem na \u017cywo<\/td>\n<\/tr>\n<tr>\n<th>Tryby wideo<\/th>\n<td>C4K Ultra HD: 3840\u00d72160 24\/25\/30p<br \/>\n4K: 2720\u00d71530 24\/25\/30\/48\/50\/60p<br \/>\n2.7K: 1920\u00d71080 24\/25\/30\/48\/50\/60\/120p<br \/>\nFHD: 1280\u00d7720 24\/25\/30\/48\/50\/60\/120p<\/td>\n<\/tr>\n<\/tbody>\n<\/table>\n<\/div>\n<p>&nbsp;<\/p>\n","protected":false},"excerpt":{"rendered":"<p>&nbsp; Niewielkie rozmiary, ogromne mo\u017cliwo\u015bci DJI Osmo Pocket wykorzystuje najmniejszy, dost\u0119pny w ofercie marki mechaniczny gimbal. W czasie rzeczywistym precyzyjnie dopasowuje si\u0119 do Twoich ruch\u00f3w, zmieniaj\u0105c zwyk\u0142e uj\u0119cie wschodu s\u0142o\u0144ca czy pierwsze kroki dziecka w profesjonalny film, kt\u00f3ry na pewno b\u0119dziesz chcia\u0142 pokaza\u0107 bliskim i znajomym. &nbsp; Nieograniczone mo\u017cliwo\u015bci Kamera w&nbsp;Osmo Pocket z matryc\u0105 1\/2.3&#8243;&#8230;<\/p>\n","protected":false},"featured_media":5685,"comment_status":"open","ping_status":"closed","template":"","meta":{"_s2mail":"yes"},"product_cat":[410],"product_tag":[543,715,865,864,712,810],"_links":{"self":[{"href":"https:\/\/sklep.aveos.pl\/index.php\/wp-json\/wp\/v2\/product\/5684"}],"collection":[{"href":"https:\/\/sklep.aveos.pl\/index.php\/wp-json\/wp\/v2\/product"}],"about":[{"href":"https:\/\/sklep.aveos.pl\/index.php\/wp-json\/wp\/v2\/types\/product"}],"replies":[{"embeddable":true,"href":"https:\/\/sklep.aveos.pl\/index.php\/wp-json\/wp\/v2\/comments?post=5684"}],"wp:featuredmedia":[{"embeddable":true,"href":"https:\/\/sklep.aveos.pl\/index.php\/wp-json\/wp\/v2\/media\/5685"}],"wp:attachment":[{"href":"https:\/\/sklep.aveos.pl\/index.php\/wp-json\/wp\/v2\/media?parent=5684"}],"wp:term":[{"taxonomy":"product_cat","embeddable":true,"href":"https:\/\/sklep.aveos.pl\/index.php\/wp-json\/wp\/v2\/product_cat?post=5684"},{"taxonomy":"product_tag","embeddable":true,"href":"https:\/\/sklep.aveos.pl\/index.php\/wp-json\/wp\/v2\/product_tag?post=5684"}],"curies":[{"name":"wp","href":"https:\/\/api.w.org\/{rel}","templated":true}]}}