{"id":5691,"date":"2018-12-13T08:17:51","date_gmt":"2018-12-13T07:17:51","guid":{"rendered":"http:\/\/sklep.aveos.pl\/?post_type=product&#038;p=5691"},"modified":"2021-02-07T18:37:54","modified_gmt":"2021-02-07T17:37:54","slug":"trx-4-defender-trophy","status":"publish","type":"product","link":"https:\/\/sklep.aveos.pl\/index.php\/produkt\/trx-4-defender-trophy\/","title":{"rendered":"TRX-4 DEFENDER TROPHY"},"content":{"rendered":"<p style=\"text-align: center;\"><em><strong>TRX-4 DEFENDER<\/strong><\/em><\/p>\n<p style=\"text-align: center;\"><em><strong><span id=\"result_box\" lang=\"pl\"><span class=\"hps\">Wersja Traxxas Trophy<\/span><\/span><\/strong><\/em><\/p>\n<p><img class=\"aligncenter\" src=\"http:\/\/riku.pl\/zdjecia_opis\/82056_4\/82056_TR_1.jpg\" alt=\"\" \/><\/p>\n<p><span lang=\"pl\"><em><strong>TRX-4 Defender<\/strong><\/em>\u00a0jest zupe\u0142nie nowym projektem\u00a0<em><strong>Traxxas&#8217;a.<\/strong><\/em>\u00a0Na\u0142adowany jest innowacjami i nowymi funkcjami, kt\u00f3re zapewniaj\u0105 wszechstronno\u015b\u0107 i du\u017ce mo\u017cliwo\u015bci.\u00a0<em><strong>TRX-4<\/strong><\/em>\u00a0jest licencjonowan\u0105 kopi\u0105 legendarnego samochodu\u00a0<em><strong>Land Rover &#8211; Defender<\/strong><\/em>.\u00a0<em><strong>TRX-4<\/strong><\/em>\u00a0jest zbudowany z my\u015bl\u0105 o ekstremalnych mo\u017cliwo\u015bciach\u00a0<em>off-road<\/em>.Model zosta\u0142 wyposa\u017cony w wyj\u0105tkowo du\u017cy prze\u015bwit pomi\u0119dzy podwoziem, a terenem. To pozwala na estremaln\u0105 jazd\u0119 praktycznie wsz\u0119dzie.\u00a0<\/span>Dwie najbardziej istotne innowacje, to zdalna blokada dyferencja\u0142\u00f3w oraz opcja\u00a0<span lang=\"pl\">wysokiej i niskiej pr\u0119dko\u015bci. To wszystko sprawia, \u017ce\u00a0<em><strong>TRX-4<\/strong><\/em>jest rzeczywi\u015bcie wyj\u0105tkow\u0105 propozycj\u0105 na rynku modeli samochod\u00f3w\u00a0<em><strong>R\/C<\/strong><\/em>.<\/span><\/p>\n<p>&nbsp;<\/p>\n<p><img class=\"aligncenter\" src=\"http:\/\/riku.pl\/zdjecia_opis\/82056_4\/82054_4_5.jpg\" alt=\"\" \/><\/p>\n<p>&nbsp;<\/p>\n<p>&nbsp;<\/p>\n<p>&nbsp;<\/p>\n<p>&nbsp;<\/p>\n<p><em><strong>Precyzyjne sterowaniez cz\u0119stotliwo\u015bci\u0105 2,4GHz.<\/strong><\/em><\/p>\n<p>System radiowy\u00a0<em><strong>TQ&#x2122;\u00a02,4GHz<\/strong><\/em>\u00a0nie wymaga stosowania kwarc\u00f3w odpowiedzialnych za kana\u0142 sterowania.\u00a0Ergonomiczna konstrukcja nadajnika jest wygodna dla wszystkich,\u00a0a wzmocniona\u00a0antena wewn\u0119trzna,\u00a0odporna jest na uszkodzenia.<br \/>\nNadajnik umo\u017cliwia korzystanie z unikalnych funkcji dla\u00a0<em><strong>TRX-4<\/strong><\/em>, jak blokada dyferencja\u0142\u00f3w oraz zmiana prze\u0142o\u017cenia przek\u0142adni g\u0142\u00f3wnej.<\/p>\n<p>Nadajnik jest przygotowany do wyposa\u017cenia go w modu\u0142\u00a0<strong><em>Traxxas Link Wireless Module&#x2122;<\/em><\/strong>, kt\u00f3ry zapewnia bezprzewodow\u0105 \u0142\u0105czno\u015b\u0107 z urz\u0105dzeniami pracuj\u0105cymi w systemie\u00a0<strong><em>Android<\/em>lub\u00a0<em>AppleiOS 4.4+ 4.3+<\/em><\/strong>.<br \/>\n<strong>Modu\u0142\u00a0<em>Traxxas Link Wireless Module&#x2122; nie wchodzi w sk\u0142ad zestawu i nale\u017cy go dokupi\u0107 oddzielnie.\u00a0<\/em><\/strong><em><strong>Numer katalogowy modu\u0142u to 106511<\/strong>.<\/em><\/p>\n<p><img class=\"aligncenter\" src=\"http:\/\/riku.pl\/zdjecia_opis\/82056_4\/82054_4_6.jpg\" alt=\"\" \/><\/p>\n<p>&nbsp;<\/p>\n<p>&nbsp;<\/p>\n<p>&nbsp;<\/p>\n<p>&nbsp;<\/p>\n<p><em><strong>Silnik Titan 21T 550.<\/strong><\/em><\/p>\n<p><em><strong>TRX-4<\/strong><\/em>\u00a0wyposa\u017cono w ulepszony silnik nap\u0119dowy\u00a0<em><strong>Titan 21T 550<\/strong><\/em>, kt\u00f3ry wyposa\u017cono w zintegrowany wentylator ch\u0142odz\u0105cy.<\/p>\n<p>&nbsp;<\/p>\n<p>&nbsp;<\/p>\n<p>&nbsp;<\/p>\n<p><img class=\"aligncenter\" src=\"http:\/\/riku.pl\/zdjecia_opis\/82056_4\/82054_4_7.jpg\" alt=\"\" \/><\/p>\n<p>&nbsp;<\/p>\n<p>&nbsp;<\/p>\n<p>&nbsp;<\/p>\n<p>&nbsp;<\/p>\n<p>&nbsp;<\/p>\n<p><em><strong>Elektroniczny regulator obrot\u00f3w XL-5 HV.<\/strong><\/em><\/p>\n<p>Sterowanie nap\u0119du realizuje nowy &#8211; elektroniczny regulator obrot\u00f3w\u00a0<strong>XL-5 HV<\/strong>. Posiada on przydatn\u0105 funkcj\u0119 trzech tryb\u00f3w zabezpieczenia termicznego i wyposa\u017cony jest w wysokopr\u0105dowe z\u0142\u0105cza elektryczne. Do tego w regulatorze\u00a0<strong>XL-5<em>\u00a0HV<\/em><\/strong>\u00a0znajduje si\u0119 funkcja \u201e<strong>Training Mode.&#x2122;\u201d,<\/strong>\u00a0kt\u00f3ra pozwala obni\u017cy\u0107 moc zespo\u0142u nap\u0119dowego o\u00a0<strong>50%<\/strong>\u00a0oraz funkcje\u00a0<strong><em>&#8220;Sport&#8221; i &#8220;Race&#8221;<\/em>.<\/strong>\u00a0Funkcja\u00a0<em><strong>&#8220;Training&#8221;<\/strong><\/em>\u00a0jest przydatna dla pocz\u0105tkuj\u0105cych kierowc\u00f3w i dla wszystkich kt\u00f3rzy chc\u0105 potrenowa\u0107\u00a0 technik\u0119 precyzyjnej jazdy. Regulator\u00a0<strong>XL-5 VH<\/strong>\u00a0jest oczywi\u015bcie wodoszczelny w my\u015bl zasady \u201eb\u0142oto i \u015bnieg, ju\u017c nie s\u0105 przeszkod\u0105 w zabawie na wolnym powietrzu\u201d. Najwa\u017cniejsz\u0105 funkcj\u0105 regulatora jest obs\u0142uga napi\u0119\u0107 pochodz\u0105cych z pakiet\u00f3w\u00a0<em><strong>3S LiPo<\/strong><\/em>.<\/p>\n<p><img class=\"aligncenter\" src=\"http:\/\/riku.pl\/zdjecia_opis\/82056_4\/82054_4_8.jpg\" alt=\"\" \/><\/p>\n<p>&nbsp;<\/p>\n<p>&nbsp;<\/p>\n<p>&nbsp;<\/p>\n<p>&nbsp;<\/p>\n<p>&nbsp;<\/p>\n<p>&nbsp;<\/p>\n<p><em><strong>Serwomechanizm 2075X.<\/strong><\/em><\/p>\n<p>Serwomechanizm ok\u0142adu sterowania jest wodoszczelny i wyposa\u017cony w metalowe z\u0119batki.<\/p>\n<p>&nbsp;<\/p>\n<p><img class=\"aligncenter\" src=\"http:\/\/riku.pl\/zdjecia_opis\/82056_4\/82054_4_9.jpg\" alt=\"\" \/><\/p>\n<p>&nbsp;<\/p>\n<p>&nbsp;<\/p>\n<p>&nbsp;<\/p>\n<p>&nbsp;<\/p>\n<p>&nbsp;<\/p>\n<p><em><strong>Uk\u0142ad kierowniczy.<\/strong><\/em><\/p>\n<p><em><strong>TRX-4<\/strong><\/em>\u00a0posiada uk\u0142ad kierownichy pozwalaj\u0105cy na obr\u00f3t k\u00f3\u0142 w zakresie\u00a0<em><strong>2 x 45st.<\/strong><\/em>\u00a0To pozwala na wykonywanie ciasnych zakr\u0119t\u00f3w w trudnym &#8211; kamienistym terenie.<\/p>\n<p><img class=\"aligncenter\" src=\"http:\/\/riku.pl\/zdjecia_opis\/82056_4\/82054_4_10.jpg\" alt=\"\" \/><\/p>\n<p>&nbsp;<\/p>\n<p>&nbsp;<\/p>\n<p>&nbsp;<\/p>\n<p>&nbsp;<\/p>\n<p>&nbsp;<\/p>\n<p><em><strong>Podwozie przystosowane do poruszania si\u0119 w bardzo trudnym terenie.<\/strong><\/em><\/p>\n<p><em><strong>Prze\u015bwit wielko\u015bci 80mm uzupe\u0142nia wszechstronne mo\u017cliwo\u015bci poruszania si\u0119 TRX-4.<\/strong><\/em><\/p>\n<p>&nbsp;<\/p>\n<p><img class=\"aligncenter\" src=\"http:\/\/riku.pl\/zdjecia_opis\/82056_4\/82054_4_12.jpg\" alt=\"\" \/><\/p>\n<p>&nbsp;<\/p>\n<p>&nbsp;<\/p>\n<p>&nbsp;<\/p>\n<p>&nbsp;<\/p>\n<p>&nbsp;<\/p>\n<p>&nbsp;<\/p>\n<p><em><strong>Umiejscowienie silnika nap\u0119dowego w blisko\u015bci przedniego zawieszenia zwi\u0119ksza mo\u017cliwo\u015bci trakcji.<\/strong><\/em><\/p>\n<p>&nbsp;<\/p>\n<p>&nbsp;<\/p>\n<p><img class=\"aligncenter\" src=\"http:\/\/riku.pl\/zdjecia_opis\/82056_4\/82054_4_13.jpg\" alt=\"\" \/><\/p>\n<p>&nbsp;<\/p>\n<p>&nbsp;<\/p>\n<p>&nbsp;<\/p>\n<p>&nbsp;<\/p>\n<p>&nbsp;<\/p>\n<p>&nbsp;<\/p>\n<p><em><strong>Dodatkowe prze\u0142o\u017cenie pozwalaj\u0105ce na bezpieczn\u0105 jazd\u0119 po terenie kamienistym.<\/strong><\/em><\/p>\n<p>&nbsp;<\/p>\n<p>&nbsp;<\/p>\n<p><img class=\"aligncenter\" src=\"http:\/\/riku.pl\/zdjecia_opis\/82056_4\/82054_4_14.jpg\" alt=\"\" \/><\/p>\n<p>&nbsp;<\/p>\n<p>&nbsp;<\/p>\n<p>&nbsp;<\/p>\n<p>&nbsp;<\/p>\n<p>&nbsp;<\/p>\n<p>&nbsp;<\/p>\n<p><em><strong>Blokada dyferencja\u0142\u00f3w bez kt\u00f3rej pokonywanie kamienistych zboczy jest niemo\u017cliwe.<\/strong><\/em><\/p>\n<p>&nbsp;<\/p>\n<p>&nbsp;<\/p>\n<p><img class=\"aligncenter\" src=\"http:\/\/riku.pl\/zdjecia_opis\/82056_4\/82054_4_15.jpg\" alt=\"\" \/><\/p>\n<p>&nbsp;<\/p>\n<p>&nbsp;<\/p>\n<p>&nbsp;<\/p>\n<p>&nbsp;<\/p>\n<p>&nbsp;<\/p>\n<p>&nbsp;<\/p>\n<p><em><strong>Przek\u0142adnia g\u0142\u00f3wna umo\u017cliwiaj\u0105ca jazd\u0119 na dw\u00f3ch prze\u0142o\u017ceniach.<\/strong><\/em><\/p>\n<p>&nbsp;<\/p>\n<p>&nbsp;<\/p>\n<p><strong>UWAGA &#8211; potrzebne do uruchomienia modelu:<\/strong><\/p>\n<ul>\n<li>pakiet nap\u0119dowy &#8211;\u00a0<em><strong>2S \/ 3S LiPo (6S \/ 7S NiMh)<\/strong><\/em><\/li>\n<li>\u0142adowarka pakietu nap\u0119dowego<\/li>\n<li>zasilanie nadajnika &#8211;\u00a0<em><strong>4 baterie typu AA<\/strong><\/em><\/li>\n<\/ul>\n<p><em><strong><img class=\"aligncenter\" src=\"http:\/\/riku.pl\/zdjecia_opis\/82056_4\/82056_TR_2.jpg\" alt=\"\" \/><\/strong><\/em><\/p>\n","protected":false},"excerpt":{"rendered":"<p>TRX-4 DEFENDER Wersja Traxxas Trophy TRX-4 Defender\u00a0jest zupe\u0142nie nowym projektem\u00a0Traxxas&#8217;a.\u00a0Na\u0142adowany jest innowacjami i nowymi funkcjami, kt\u00f3re zapewniaj\u0105 wszechstronno\u015b\u0107 i du\u017ce mo\u017cliwo\u015bci.\u00a0TRX-4\u00a0jest licencjonowan\u0105 kopi\u0105 legendarnego samochodu\u00a0Land Rover &#8211; Defender.\u00a0TRX-4\u00a0jest zbudowany z my\u015bl\u0105 o ekstremalnych mo\u017cliwo\u015bciach\u00a0off-road.Model zosta\u0142 wyposa\u017cony w wyj\u0105tkowo du\u017cy prze\u015bwit pomi\u0119dzy podwoziem, a terenem. To pozwala na estremaln\u0105 jazd\u0119 praktycznie wsz\u0119dzie.\u00a0Dwie najbardziej istotne innowacje, to&#8230;<\/p>\n","protected":false},"featured_media":5692,"comment_status":"open","ping_status":"closed","template":"","meta":{"_s2mail":""},"product_cat":[487],"product_tag":[534,812,595,533,811,813],"_links":{"self":[{"href":"https:\/\/sklep.aveos.pl\/index.php\/wp-json\/wp\/v2\/product\/5691"}],"collection":[{"href":"https:\/\/sklep.aveos.pl\/index.php\/wp-json\/wp\/v2\/product"}],"about":[{"href":"https:\/\/sklep.aveos.pl\/index.php\/wp-json\/wp\/v2\/types\/product"}],"replies":[{"embeddable":true,"href":"https:\/\/sklep.aveos.pl\/index.php\/wp-json\/wp\/v2\/comments?post=5691"}],"wp:featuredmedia":[{"embeddable":true,"href":"https:\/\/sklep.aveos.pl\/index.php\/wp-json\/wp\/v2\/media\/5692"}],"wp:attachment":[{"href":"https:\/\/sklep.aveos.pl\/index.php\/wp-json\/wp\/v2\/media?parent=5691"}],"wp:term":[{"taxonomy":"product_cat","embeddable":true,"href":"https:\/\/sklep.aveos.pl\/index.php\/wp-json\/wp\/v2\/product_cat?post=5691"},{"taxonomy":"product_tag","embeddable":true,"href":"https:\/\/sklep.aveos.pl\/index.php\/wp-json\/wp\/v2\/product_tag?post=5691"}],"curies":[{"name":"wp","href":"https:\/\/api.w.org\/{rel}","templated":true}]}}