{"id":5697,"date":"2018-12-13T08:34:11","date_gmt":"2018-12-13T07:34:11","guid":{"rendered":"http:\/\/sklep.aveos.pl\/?post_type=product&#038;p=5697"},"modified":"2022-03-01T13:40:18","modified_gmt":"2022-03-01T12:40:18","slug":"trx-4-sport","status":"publish","type":"product","link":"https:\/\/sklep.aveos.pl\/index.php\/produkt\/trx-4-sport\/","title":{"rendered":"TRX-4 SPORT"},"content":{"rendered":"<p style=\"text-align: center;\"><em><strong>TRX-4 SPORT<\/strong><\/em><\/p>\n<p><img class=\"aligncenter\" src=\"http:\/\/riku.pl\/zdjecia_opis\/82056_4\/82024-4_1.jpg\" alt=\"\"><\/p>\n<p><span lang=\"pl\"><em><strong>TRX-4 Sport&nbsp;<\/strong><\/em>jest zupe\u0142nie nowym projektem&nbsp;<em><strong>Traxxas&#8217;a.<\/strong><\/em>&nbsp;Na\u0142adowany jest innowacjami i nowymi funkcjami, kt\u00f3re zapewniaj\u0105 wszechstronno\u015b\u0107 i du\u017ce mo\u017cliwo\u015bci.&nbsp;<em><strong>TRX-4<\/strong><\/em>&nbsp;<em><strong>Sport<\/strong><\/em>&nbsp;jest zbudowany z my\u015bl\u0105 o ekstremalnych mo\u017cliwo\u015bciach&nbsp;<em>off-road<\/em>.Model zosta\u0142 wyposa\u017cony w wyj\u0105tkowo du\u017cy prze\u015bwit pomi\u0119dzy podwoziem, a terenem. To pozwala na estremaln\u0105 jazd\u0119 praktycznie wsz\u0119dzie.&nbsp;<\/span>Dwie najbardziej istotne innowacje, to zdalna blokada dyferencja\u0142\u00f3w oraz opcja&nbsp;<span lang=\"pl\">wysokiej i niskiej pr\u0119dko\u015bci. To wszystko sprawia, \u017ce&nbsp;<em><strong>TRX-4<\/strong><\/em>&nbsp;jest rzeczywi\u015bcie wyj\u0105tkow\u0105 propozycj\u0105 na rynku modeli samochod\u00f3w&nbsp;<em><strong>R\/C<\/strong><\/em>.<\/span><\/p>\n<p><em><strong>TRX-4<\/strong><\/em>&nbsp;<em><strong>Sport<\/strong><\/em>&nbsp;wyposa\u017cony jest w dwa &#8211; na sta\u0142e zablokowane dyferencja\u0142y, co pozwala mu na wykorzystanie pe\u0142nej mocy silnika&nbsp;<em><strong>Titan 21T 550<\/strong><\/em>&nbsp;podczas poruszania si\u0119 po ekstremalnym terenie. U\u0142atwia to r\u00f3wnie\u017c zwi\u0119kszony do&nbsp;<em><strong>80mm<\/strong><\/em>&nbsp;prze\u015bwit pomi\u0119dzy podwoziem, a terenem.<br \/>\nSterowanie&nbsp;<em><strong>TRX-4 Sport<\/strong><\/em>&nbsp;realizowane jest przez dwu kana\u0142ow\u0105 aparatrur\u0119&nbsp;<em><strong>TQ 2.4GHz.<\/strong><\/em>&nbsp;&nbsp;<br \/>\n<img class=\"aligncenter\" src=\"http:\/\/riku.pl\/zdjecia_opis\/82056_4\/82054_4_6.jpg\" alt=\"\"><\/p>\n<p>&nbsp;<\/p>\n<p>&nbsp;<\/p>\n<p>&nbsp;<\/p>\n<p>&nbsp;<\/p>\n<p><em><strong>Silnik Titan 21T 550.<\/strong><\/em><\/p>\n<p><em><strong>TRX-4<\/strong><\/em>&nbsp;wyposa\u017cono w ulepszony silnik nap\u0119dowy&nbsp;<em><strong>Titan 21T 550<\/strong><\/em>, kt\u00f3ry wyposa\u017cono w zintegrowany wentylator ch\u0142odz\u0105cy.<\/p>\n<p>&nbsp;<\/p>\n<p>&nbsp;<\/p>\n<p>&nbsp;<\/p>\n<p><img class=\"aligncenter\" src=\"http:\/\/riku.pl\/zdjecia_opis\/82056_4\/82054_4_7.jpg\" alt=\"\"><\/p>\n<p>&nbsp;<\/p>\n<p>&nbsp;<\/p>\n<p>&nbsp;<\/p>\n<p>&nbsp;<\/p>\n<p>&nbsp;<\/p>\n<p><em><strong>Elektroniczny regulator obrot\u00f3w XL-5 HV.<\/strong><\/em><\/p>\n<p>Sterowanie nap\u0119du realizuje nowy &#8211; elektroniczny regulator obrot\u00f3w&nbsp;<strong>XL-5 HV<\/strong>. Posiada on przydatn\u0105 funkcj\u0119 trzech tryb\u00f3w zabezpieczenia termicznego i wyposa\u017cony jest w wysokopr\u0105dowe z\u0142\u0105cza elektryczne. Do tego w regulatorze&nbsp;<strong>XL-5<em>&nbsp;HV<\/em><\/strong>&nbsp;znajduje si\u0119 funkcja \u201e<strong>Training Mode.&#x2122;\u201d,<\/strong>&nbsp;kt\u00f3ra pozwala obni\u017cy\u0107 moc zespo\u0142u nap\u0119dowego o&nbsp;<strong>50%<\/strong>&nbsp;oraz funkcje&nbsp;<strong><em>&#8220;Sport&#8221; i &#8220;Race&#8221;<\/em>.<\/strong>&nbsp;Funkcja&nbsp;<em><strong>&#8220;Training&#8221;<\/strong><\/em>&nbsp;jest przydatna dla pocz\u0105tkuj\u0105cych kierowc\u00f3w i dla wszystkich kt\u00f3rzy chc\u0105 potrenowa\u0107&nbsp; technik\u0119 precyzyjnej jazdy. Regulator&nbsp;<strong>XL-5 VH<\/strong>&nbsp;jest oczywi\u015bcie wodoszczelny w my\u015bl zasady \u201eb\u0142oto i \u015bnieg, ju\u017c nie s\u0105 przeszkod\u0105 w zabawie na wolnym powietrzu\u201d. Najwa\u017cniejsz\u0105 funkcj\u0105 regulatora jest obs\u0142uga napi\u0119\u0107 pochodz\u0105cych z pakiet\u00f3w&nbsp;<em><strong>3S LiPo<\/strong><\/em>.<\/p>\n<p><img class=\"aligncenter\" src=\"http:\/\/riku.pl\/zdjecia_opis\/82056_4\/82054_4_8.jpg\" alt=\"\"><\/p>\n<p>&nbsp;<\/p>\n<p>&nbsp;<\/p>\n<p>&nbsp;<\/p>\n<p>&nbsp;<\/p>\n<p>&nbsp;<\/p>\n<p>&nbsp;<\/p>\n<p><em><strong>Serwomechanizm 2075X.<\/strong><\/em><\/p>\n<p>Serwomechanizm ok\u0142adu sterowania jest wodoszczelny i wyposa\u017cony w metalowe z\u0119batki.<\/p>\n<p>&nbsp;<\/p>\n<p><img class=\"aligncenter\" src=\"http:\/\/riku.pl\/zdjecia_opis\/82056_4\/82054_4_9.jpg\" alt=\"\"><\/p>\n<p>&nbsp;<\/p>\n<p>&nbsp;<\/p>\n<p>&nbsp;<\/p>\n<p>&nbsp;<\/p>\n<p>&nbsp;<\/p>\n<p><em><strong>Uk\u0142ad kierowniczy.<\/strong><\/em><\/p>\n<p><em><strong>TRX-4<\/strong><\/em>&nbsp;posiada uk\u0142ad kierownichy pozwalaj\u0105cy na obr\u00f3t k\u00f3\u0142 w zakresie&nbsp;<em><strong>2 x 45st.<\/strong><\/em>&nbsp;To pozwala na wykonywanie ciasnych zakr\u0119t\u00f3w w trudnym &#8211; kamienistym terenie.<\/p>\n<p>&nbsp;<\/p>\n<p><img class=\"aligncenter\" src=\"http:\/\/riku.pl\/zdjecia_opis\/82056_4\/82054_4_12.jpg\" alt=\"\"><\/p>\n<p>&nbsp;<\/p>\n<p>&nbsp;<\/p>\n<p>&nbsp;<\/p>\n<p>&nbsp;<\/p>\n<p>&nbsp;<\/p>\n<p>&nbsp;<\/p>\n<p><em><strong>Umiejscowienie silnika nap\u0119dowego w blisko\u015bci przedniego zawieszenia zwi\u0119ksza mo\u017cliwo\u015bci trakcji.<\/strong><\/em><\/p>\n<p>&nbsp;<\/p>\n<p>&nbsp;<\/p>\n<p><img class=\"aligncenter\" src=\"http:\/\/riku.pl\/zdjecia_opis\/82056_4\/82054_4_13.jpg\" alt=\"\"><\/p>\n<p>&nbsp;<\/p>\n<p>&nbsp;<\/p>\n<p>&nbsp;<\/p>\n<p>&nbsp;<\/p>\n<p>&nbsp;<\/p>\n<p>&nbsp;<\/p>\n<p><em><strong>Dodatkowe prze\u0142o\u017cenie pozwalaj\u0105ce na bezpieczn\u0105 jazd\u0119 po terenie kamienistym.<\/strong><\/em><\/p>\n<p>&nbsp;<\/p>\n<p>&nbsp;<\/p>\n<p>&nbsp;<\/p>\n<p><strong>UWAGA &#8211; potrzebne do uruchomienia modelu:<\/strong><\/p>\n<ul>\n<li>pakiet nap\u0119dowy &#8211;&nbsp;<em><strong>2S \/ 3S LiPo (6S \/ 7S NiMh)<\/strong><\/em><\/li>\n<li>\u0142adowarka pakietu nap\u0119dowego<\/li>\n<li>zasilanie nadajnika &#8211;&nbsp;<em><strong>4 baterie typu AA<\/strong><\/em><\/li>\n<\/ul>\n","protected":false},"excerpt":{"rendered":"<p>TRX-4 SPORT TRX-4 Sport&nbsp;jest zupe\u0142nie nowym projektem&nbsp;Traxxas&#8217;a.&nbsp;Na\u0142adowany jest innowacjami i nowymi funkcjami, kt\u00f3re zapewniaj\u0105 wszechstronno\u015b\u0107 i du\u017ce mo\u017cliwo\u015bci.&nbsp;TRX-4&nbsp;Sport&nbsp;jest zbudowany z my\u015bl\u0105 o ekstremalnych mo\u017cliwo\u015bciach&nbsp;off-road.Model zosta\u0142 wyposa\u017cony w wyj\u0105tkowo du\u017cy prze\u015bwit pomi\u0119dzy podwoziem, a terenem. To pozwala na estremaln\u0105 jazd\u0119 praktycznie wsz\u0119dzie.&nbsp;Dwie najbardziej istotne innowacje, to zdalna blokada dyferencja\u0142\u00f3w oraz opcja&nbsp;wysokiej i niskiej pr\u0119dko\u015bci. To wszystko&#8230;<\/p>\n","protected":false},"featured_media":5711,"comment_status":"open","ping_status":"closed","template":"","meta":{"_s2mail":"yes"},"product_cat":[487],"product_tag":[815,816,533,814],"_links":{"self":[{"href":"https:\/\/sklep.aveos.pl\/index.php\/wp-json\/wp\/v2\/product\/5697"}],"collection":[{"href":"https:\/\/sklep.aveos.pl\/index.php\/wp-json\/wp\/v2\/product"}],"about":[{"href":"https:\/\/sklep.aveos.pl\/index.php\/wp-json\/wp\/v2\/types\/product"}],"replies":[{"embeddable":true,"href":"https:\/\/sklep.aveos.pl\/index.php\/wp-json\/wp\/v2\/comments?post=5697"}],"wp:featuredmedia":[{"embeddable":true,"href":"https:\/\/sklep.aveos.pl\/index.php\/wp-json\/wp\/v2\/media\/5711"}],"wp:attachment":[{"href":"https:\/\/sklep.aveos.pl\/index.php\/wp-json\/wp\/v2\/media?parent=5697"}],"wp:term":[{"taxonomy":"product_cat","embeddable":true,"href":"https:\/\/sklep.aveos.pl\/index.php\/wp-json\/wp\/v2\/product_cat?post=5697"},{"taxonomy":"product_tag","embeddable":true,"href":"https:\/\/sklep.aveos.pl\/index.php\/wp-json\/wp\/v2\/product_tag?post=5697"}],"curies":[{"name":"wp","href":"https:\/\/api.w.org\/{rel}","templated":true}]}}