{"id":5754,"date":"2019-02-07T20:00:26","date_gmt":"2019-02-07T19:00:26","guid":{"rendered":"http:\/\/sklep.aveos.pl\/?post_type=product&#038;p=5754"},"modified":"2021-02-07T18:44:43","modified_gmt":"2021-02-07T17:44:43","slug":"arrma-kraton-mt-6s-blx","status":"publish","type":"product","link":"https:\/\/sklep.aveos.pl\/index.php\/produkt\/arrma-kraton-mt-6s-blx\/","title":{"rendered":"Arrma Kraton MT 6S BLX"},"content":{"rendered":"<h3>Zawarto\u015b\u0107 zestawu<\/h3>\n<p>W zestawie znajduje si\u0119 i z\u0142o\u017cony model RC auta Arrma Kraton BLX z aparatur\u0105 RC Tactic TTX300. Auto jest wyposa\u017cone w tr\u00f3jfazowy silnik BLX4074 2050Kv, wodoodporny regulator BLX185 150A i serwo kierunku ADS15M, zainstalowany jest r\u00f3wnie\u017c odbiornik TR326. Gotowa pomalowana karoseria. W zestawie r\u00f3wnie\u017c klucz nasadkowy 7-8-10-17 oraz 4-5-5,5-7, 2 szt konektora XT90 oraz 1sz zwory XT90. Dalej zestaw uszczelek do amortyzatora oraz z\u0119batka 16T.<\/p>\n<h3>Charakterystyka<\/h3>\n<p>RC Monster Truck Kraton MT 6S BLX 1:8 z nap\u0119dem 4WD, tr\u00f3jfazowym silnikiem BLX4074- 2050Kv oraz regulatorem BLX185 150A, do zasilania opcjonalnie 2x 2S &#8211; 3S LiPol. Podwozie z 3mm p\u0142yty aluminiowej z elementami kompozytowymi. Wyposa\u017cone w elektronik\u0119 oraz aparatur\u0119 RC TTX300 2,4 GHz, pomalowan\u0105 karoseri\u0119, oponami dBoots MINOKAWA o \u015brednicy 157mm.<\/p>\n<p>Wydajny Monster Truck Kraton MT 6S BLX, dla szalonej jazdy na torze Off Road. Bardzo szczeg\u00f3\u0142owa pomalowana karoseria ma zwi\u0119kszon\u0105 ochron\u0119 na uszkodzenia. O bezpieczne przeniesienie mocy staraj\u0105 si\u0119 cztery p\u00f3\u0142osie CVD, trwa\u0142e kompozytowe wahacze o zwrotnice, sztywne aluminiowe podwozie o grubo\u015bci 3mm, 3 metalowe dyferencja\u0142y oraz przek\u0142adnia ze stalowymi ko\u0142ami. Jazda bez kompromis\u00f3w, o brutaln\u0105 wydajno\u015b\u0107 si\u0119 stara tr\u00f3jfazowy silnik BLX4074 2050Kv z aluminiowym ko\u0142nierzem oraz 105A regulator BLX185 z radiatorem i konektorami XT-90 oraz kablami 10AWG.<\/p>\n<h5>Aluminiowe amortyzatory<\/h5>\n<p>Olejowe amortyzatory anodowane na czerwono o \u015brednicy 16mm z wa\u0142ami 4mm s\u0105 regulowane na r\u00f3\u017cne napi\u0119cia spr\u0119\u017cyny.<\/p>\n<h5>Zasobnik akumulatora<\/h5>\n<p>Zabezpieczony system mocowania akumulatora utrzymuje akumulator za pomoc\u0105 dw\u00f3ch pask\u00f3w, kt\u00f3re s\u0105 wzajemnie prostopadle i zapewniaj\u0105 bezpieczne mocowanie akumulator\u00f3w. Bezpieczne mocowanie oznacza, \u017ce akumulatory mog\u0105 by\u0107 bezpiecznie zamontowane obok siebie lub jeden na drugim. Zasobnik akumulatora zawiera uchwyt na z\u0142\u0105cze balansera. Wtyczka balansera mocowana jest w miejscu za pomoc\u0105 gumowego paska, kt\u00f3ry trzyma je z dala od wiruj\u0105cych cz\u0119\u015bci.<\/p>\n<h5>Wydajny spojler<\/h5>\n<p>Dzi\u0119ki spojlerowi zapewniona jest potrzebna stabilno\u015b\u0107 dla szybkiej jazdy. Konstrukcja skrzyd\u0142a jest tak wzmocniona, aby skrzyd\u0142o z mocowaniem wytrzyma\u0142o uderzenia w czasie przewrotki.<\/p>\n<h5>Komora odbiornika z uszczelnieniem<\/h5>\n<p>Obudowa odbiornika ma dostateczne rozmiary na pomieszczenie odbiornika i kabli, wlot kabli jest uszczelniony gumowym uszczelnieniem tak samo, jak pokrywa. Zabezpiecza to przed wnikni\u0119ciem nieczysto\u015bci i wody.<\/p>\n<h5>Opony dBoots do terenu<\/h5>\n<p>Odporne opony dBoots MINOKAWA z agresywnym bie\u017cnikiem s\u0105 zamontowane na sztywnych czarnych nylonowych felgach, co zapewnia autu Kraton MT dobr\u0105 trakcj\u0119 dla natychmiastowego przyspieszenia. 17mm sze\u015bciok\u0105tna piasta umo\u017cliwia zastosowane szerokiej skali kombinacji k\u00f3\u0142 i opon r\u00f3wnie\u017c od innych producent\u00f3w.<\/p>\n<h5>3 metalowe dyferencja\u0142y<\/h5>\n<p>Model RC auta Kraton MT jest standardowo wyposa\u017cony w trzy dyferencja\u0142y z metalowymi ko\u0142ami z\u0119batymi, aby by\u0142a zapewniona niezawodno\u015b\u0107 i wysoka \u017cywotno\u015b\u0107 tych element\u00f3w. \u0141atwo dost\u0119pne przednie o tylne dyferencja\u0142y umo\u017cliwi\u0105 obs\u0142ug\u0119 w czasie kilku minut. Oznacza to, \u017ce serwis zabierze mniej czasu, kt\u00f3ry mo\u017cna po\u015bwi\u0119ci\u0107 na jazd\u0119.<\/p>\n<h5>Wydajny silnik tr\u00f3jfazowy<\/h5>\n<p>Silnik Arrma BLX4074 z 2050 obr\/min\/V jest doskonale dostrojony do zastosowania z regulatorem BLX185. Dzi\u0119ki czteropolowej konstrukcji silnik ma wysoki moment obrotowy i p\u0142ynn\u0105 prac\u0119 nawet przy niskich obrotach. Silnik mo\u017ce by\u0107 zasilany a\u017c 6-cioma ogniwami akumulatora LiPol. Anodowana na czarno aluminiowa obudowa silnika uatrakcyjnia wygl\u0105d modelu, 4-polowa konfiguracja poprawia g\u0142adkie i sta\u0142e przeniesienie mocy. Z\u0142ocone konektory umo\u017cliwiaj\u0105 szybkie i \u0142atwe od\u0142\u0105czenie przewod\u00f3w przy czyszczeniu auta.<\/p>\n<p>Silnik mo\u017cna wyposa\u017cy\u0107 w aktywny radiator Castle Creations &#8211; numer katalogowy CC-011-0004-00.<\/p>\n<h5>Wodoodporny regulator Arrma BLX185<\/h5>\n<p>W modelu zosta\u0142 zainstalowany wodoodporny regulator tr\u00f3jfazowy BLX185, kt\u00f3ry zapewnia sta\u0142e sterowanie mocy silnika. Przewody zasilaj\u0105ce s\u0105 osadzone niezawodnymi konektorami XT90, kt\u00f3re s\u0105 pod\u0142\u0105czone do Y-kabla (je\u015bli b\u0119d\u0105 u\u017cywane dwa pakiety zasilaj\u0105ce, nie potrzeba nic modyfikowa\u0107). Regulator posiada wentylator, kt\u00f3ry utrzymuje optymaln\u0105 temperatur\u0119 regulatora przy intensywnej je\u017adzie.<\/p>\n<p>Regulator jest kompatybilny z trzema, czterema lub sze\u015bcioma ogniwami akumulator\u00f3w LiPol. Zaleca si\u0119 stosowanie akumulator\u00f3w o pojemno\u015bci co najmniej 5000mAh \/ 35C.<\/p>\n<p>Regulator posiada opcj\u0119 kalibracji dla innych typ\u00f3w nadajnik\u00f3w. Na regulatorze mo\u017cna ustawi\u0107 za pomoc\u0105 przycisku 5 poni\u017cszych podstawowych parametr\u00f3w.<\/p>\n<ul>\n<li><b>Typ akumulatora:<\/b>&nbsp;NiMH \/ LiPol. Uwaga: W nowszych regulatorach nie mo\u017cna zmienia\u0107 ustawienia na NiMH.<\/li>\n<li><b>Ograniczenie przy\u015bpieszenia:<\/b>&nbsp;w 9 krokach (na \u015bliskich powierzchniach dla ograniczenia po\u015blizgu k\u00f3\u0142 lepiej stosowa\u0107 mniejsze przyspieszenie)<\/li>\n<li><b>Ograniczenie si\u0142y hamulca:<\/b>&nbsp;25%, 37.5% i 50%<\/li>\n<li><b>Tryb:<\/b>&nbsp;Prz\u00f3d\/hamulec\/wsteczny lub prz\u00f3d\/hamulec<\/li>\n<li><b>Kierunek obrot\u00f3w silnika:<\/b>&nbsp;Normalny lub odwr\u00f3cony<\/li>\n<\/ul>\n<h5>Tr\u00f3jkana\u0142owa aparatura RC Tactic TTX300 z odbiornikiem TR326<\/h5>\n<p>Model RC auta jest sterowany now\u0105 aparatur\u0105 RC Tactic TTX300. Nadajnik pracuje w pa\u015bmie 2.4 GHz, ma 3 kana\u0142y, poprzednia sk\u0142adana antena zosta\u0142a zast\u0105piona zintegrowan\u0105 anten\u0105. Nadajnik jest wyposa\u017cony we wska\u017anik stanu akumulatora, rewersy serw, podw\u00f3jne wychylenia kana\u0142u kierunku, trymery a dalej mo\u017cliwo\u015bci programowania wybranych parametr\u00f3w.<\/p>\n<p>Odbiornik RC Tactic TR326 ma 3 kana\u0142y, zintegrowan\u0105 anten\u0119 oraz programowany Fail-Safe. Proste parowanie za pomoc\u0105 przycisku na odbiorniku, wska\u017anik stanu poprzez diody LED.<\/p>\n<h5>Programowalne parametry nadajnika:<\/h5>\n<ul>\n<li><b>Ustawiane ko\u0144cowe punkty<\/b>&nbsp;kana\u0142u kierunku, gazu i 3 kana\u0142u<\/li>\n<li><b>Ustawiane rewersy<\/b>&nbsp;kana\u0142u kierunku, gazu i 3 kana\u0142u<\/li>\n<li><b>Tryb 3 kana\u0142u<\/b>&nbsp;&#8211; mo\u017cna wybra\u0107 mi\u0119dzy 2-po\u0142o\u017ceniowym, 3-po\u0142o\u017ceniowym, 4-po\u0142o\u017ceniowym oraz liniowym (serwo porusza si\u0119 p\u0142ynnie). 3 kana\u0142 sterowany jest przyciskami na boku r\u0119koje\u015bci. W trybach prze\u0142\u0105cznikowych mo\u017cna ustawi\u0107 pozycje wychyle\u0144. Trzeci kana\u0142 mo\u017cna wykorzysta\u0107 do najr\u00f3\u017cniejszych dodatkowych funkcji, np. sterowanie o\u015bwietlenia, modu\u0142\u00f3w d\u017awi\u0119kowych itp.<\/li>\n<\/ul>\n<h3>Polecamy zakup<\/h3>\n<p>Do uruchomienia potrzeba 4x baterie AA do nadajnika, akumulatory nap\u0119dowe LiPol (2 pakiety) 2-3S 5000mAh 35C min. z konektorem XT90 oraz odpowiedni\u0105 \u0142adowark\u0119.<\/p>\n","protected":false},"excerpt":{"rendered":"<p>Zawarto\u015b\u0107 zestawu W zestawie znajduje si\u0119 i z\u0142o\u017cony model RC auta Arrma Kraton BLX z aparatur\u0105 RC Tactic TTX300. Auto jest wyposa\u017cone w tr\u00f3jfazowy silnik BLX4074 2050Kv, wodoodporny regulator BLX185 150A i serwo kierunku ADS15M, zainstalowany jest r\u00f3wnie\u017c odbiornik TR326. Gotowa pomalowana karoseria. W zestawie r\u00f3wnie\u017c klucz nasadkowy 7-8-10-17 oraz 4-5-5,5-7, 2 szt konektora XT90&#8230;<\/p>\n","protected":false},"featured_media":5755,"comment_status":"open","ping_status":"closed","template":"","meta":{"_s2mail":"yes"},"product_cat":[487],"product_tag":[867],"_links":{"self":[{"href":"https:\/\/sklep.aveos.pl\/index.php\/wp-json\/wp\/v2\/product\/5754"}],"collection":[{"href":"https:\/\/sklep.aveos.pl\/index.php\/wp-json\/wp\/v2\/product"}],"about":[{"href":"https:\/\/sklep.aveos.pl\/index.php\/wp-json\/wp\/v2\/types\/product"}],"replies":[{"embeddable":true,"href":"https:\/\/sklep.aveos.pl\/index.php\/wp-json\/wp\/v2\/comments?post=5754"}],"wp:featuredmedia":[{"embeddable":true,"href":"https:\/\/sklep.aveos.pl\/index.php\/wp-json\/wp\/v2\/media\/5755"}],"wp:attachment":[{"href":"https:\/\/sklep.aveos.pl\/index.php\/wp-json\/wp\/v2\/media?parent=5754"}],"wp:term":[{"taxonomy":"product_cat","embeddable":true,"href":"https:\/\/sklep.aveos.pl\/index.php\/wp-json\/wp\/v2\/product_cat?post=5754"},{"taxonomy":"product_tag","embeddable":true,"href":"https:\/\/sklep.aveos.pl\/index.php\/wp-json\/wp\/v2\/product_tag?post=5754"}],"curies":[{"name":"wp","href":"https:\/\/api.w.org\/{rel}","templated":true}]}}