{"id":5950,"date":"2021-04-20T14:45:59","date_gmt":"2021-04-20T12:45:59","guid":{"rendered":"http:\/\/sklep.aveos.pl\/?post_type=product&#038;p=5950"},"modified":"2022-01-14T13:25:54","modified_gmt":"2022-01-14T12:25:54","slug":"traxxas-komplet-oswietlenia-trx-4-8030","status":"publish","type":"product","link":"https:\/\/sklep.aveos.pl\/index.php\/produkt\/traxxas-komplet-oswietlenia-trx-4-8030\/","title":{"rendered":"Traxxas &#8211; komplet o\u015bwietlenia TRX-4  8030"},"content":{"rendered":"\n<p>Oryginalne zestawy o\u015bwietleniowe&nbsp;<em><strong>LED<\/strong><\/em>&nbsp;dla&nbsp;<em><strong>TRX-4<\/strong><\/em>&nbsp;zosta\u0142y zaprojektowane z tak\u0105 sam\u0105 jako\u015bci\u0105 i dba\u0142o\u015bci\u0105 o szczeg\u00f3\u0142y, jak sama ci\u0119\u017car\u00f3wka.&nbsp;Precyzyjne dopasowanie i wyko\u0144czenie poszczeg\u00f3lnych element\u00f3w sprawia, \u017ce instalacja jest \u0142atwa i przyjemna, a wodoszczelna konstrukcja pozwala na u\u017cytkoiwanie modelu w ka\u017cdych warunkach pogodowych i po zachodzie s\u0142o\u0144ca.<br><br><em><strong>Cechy zastawu:<\/strong><\/em><\/p>\n\n\n\n<ul><li>Uszczelniona &#8211; wodoszczelna konstrukcja<\/li><li>Zaprojektowane specjalnie do modelu&nbsp;<em><strong>TRX-4 Land Rover Defender<\/strong><\/em><\/li><li>Pojedy\u0144czy przew\u00f3d zasilaj\u0105cy pomi\u0119dzy pomi\u0119dzy&nbsp;podwoziem, a karoseri\u0105<\/li><li>Regulacja sta\u0142ej mocy wyj\u015bciowej przy zasilaniu z pakiet\u00f3w&nbsp;<em><strong>NiMH i LiPo do 3S<\/strong><\/em><\/li><li>Zintegrowany prze\u0142\u0105cznik jasno\u015bci (wysoka \/ niska)<\/li><\/ul>\n\n\n\n<figure class=\"wp-block-image\"><img src=\"https:\/\/riku.pl\/zdjecia_opis\/INNE\/8030_1.jpg\" alt=\"\"\/><\/figure>\n\n\n\n<p><em><strong>Panel \u015bwietlny Light Bar z prze\u0142\u0105cznikiem jasno\u015bci (wysoka \/ niska).<\/strong><\/em><br>Zaprojektowany zgodnie z rygorystycznymi standardami zar\u00f3wno Traxxas&#8217;a, jak i wiod\u0105cego producenta o\u015bwietlenia &#8211;&nbsp;<em><strong>RIGID<\/strong><\/em>. Panel \u015bwietlnt wykorzystuje technologi\u0119&nbsp;<em><strong>LED<\/strong><\/em>&nbsp;i niestandardowego &#8211; prze\u017aroczystego obiektywu, zapewniaj\u0105cy niezr\u00f3wnany realizm.&nbsp;Zintegrowany prze\u0142\u0105cznik steruje jasno\u015bci\u0105 zar\u00f3wno panelu \u015bwitlnego, jak i reflektor\u00f3w.&nbsp;Panel mocowany jest bezpo\u015brednio do karoserii, a&nbsp;uniwersalne uchwyty monta\u017cowe umo\u017cliwiaj\u0105 \u0142atw\u0105 instalacj\u0119 r\u00f3wnie\u017c na innych&nbsp; powierzchniach. Panel dost\u0119pny pod numerem katalogowym:&nbsp;<a href=\"http:\/\/riku.pl\/towar\/p\/id\/96126\/\">108029<\/a>&nbsp;lub&nbsp;<a href=\"http:\/\/riku.pl\/towar\/p\/id\/96295\/\">108025<\/a>.<\/p>\n\n\n\n<figure class=\"wp-block-image\"><img src=\"https:\/\/riku.pl\/zdjecia_opis\/INNE\/8030_2.jpg\" alt=\"\"\/><\/figure>\n\n\n\n<p><em><strong>Oprawa reflektor\u00f3w LED i \u015bwiat\u0142a tylnego.<\/strong><\/em><br>Zaprojektowany specjalnie dla nadwozia&nbsp;<em><strong>Land Rover Defender<\/strong><\/em>, reflektor&nbsp;<em><strong>LED<\/strong><\/em>&nbsp;i wi\u0105zka \u015bwiat\u0142a tylnego s\u0105 bezpo\u015brednim zamiennikiem fabrycznych element\u00f3w.&nbsp;Czterna\u015bcie jasnych &#8211; bia\u0142ych di\u00f3d LED o\u017cywia reflektory, a \u015bwiat\u0142a wt\u00f3rne o\u015bwietlaj\u0105 bursztynowe \u015bwiat\u0142a postojowe i czerwone \u015bwiat\u0142a tylne, aby uzyska\u0107 prawdziwy efekt.&nbsp;Oprawa dost\u0119pna pod numerem katalogowym:&nbsp;<a href=\"http:\/\/riku.pl\/towar\/p\/id\/96297\/\">108027<\/a>.<\/p>\n\n\n\n<figure class=\"wp-block-image\"><img src=\"https:\/\/riku.pl\/zdjecia_opis\/INNE\/8030_3.jpg\" alt=\"\"\/><\/figure>\n\n\n\n<p><br><em><strong>Reflektory Rock Lights.<\/strong><\/em><br>O\u015bwietlenie&nbsp;<em><strong>Rock Lights<\/strong><\/em>. instalowane jest bezpo\u015brednio na wewn\u0119trznych b\u0142otnikach&nbsp;<em><strong>TRX-4<\/strong><\/em>&nbsp;i jest ustawione w taki spos\u00f3b, aby o\u015bwietla\u0107 przeszkody w celu \u0142atwego poruszania si\u0119 w nocy.&nbsp;Zestaw zawiera dwa modu\u0142y&nbsp;<em><strong>LED<\/strong><\/em>&nbsp;na jedno ko\u0142o, zapewniaj\u0105c o\u015bwielenie ca\u0142ego spodu ci\u0119\u017car\u00f3wki.&nbsp;O\u015bwietlenie&nbsp;<em><strong>Rock Lights<\/strong><\/em>&nbsp;w po\u0142\u0105czeniu z zestawem reflektor\u00f3w i \u015bwiate\u0142 tylnych, u\u0142atwia orientacj\u0119 pojazdu w ciemno\u015bci. Reflektory&nbsp;dost\u0119pne pod numerem katalogowym:&nbsp;<a href=\"http:\/\/riku.pl\/towar\/p\/id\/96296\/\">108026<\/a>.<\/p>\n\n\n\n<figure class=\"wp-block-image\"><img src=\"https:\/\/riku.pl\/zdjecia_opis\/INNE\/8030_4.jpg\" alt=\"\"\/><\/figure>\n\n\n\n<p><em><strong>Modu\u0142 o\u015bwietleniowy LED.<\/strong><\/em><br>Wodoszczelny modu\u0142 zasilacza, to urz\u0105dzenie zapewniaj\u0105ce stabilne, regulowane napi\u0119cie z akumulator\u00f3w&nbsp;<em><strong>NiMh<\/strong><\/em>&nbsp;lub&nbsp;<em><strong>LiPo<\/strong><\/em>&nbsp;do&nbsp;<em><strong>3S<\/strong><\/em>. Modu\u0142 zasilacza \u0142\u0105czy si\u0119 z odbiornikiem i elektronicznym regulatorem pr\u0119dko\u015bci, aby zapewni\u0107 jednopunktowe sterowanie elementami o\u015bwietleniowymi, a do\u0142\u0105czona wi\u0105zka przewod\u00f3w umo\u017cliwia pod\u0142\u0105czenie pe\u0142nego zestawu o\u015bwietleniowego za pomoc\u0105 pojedynczej wtyczki.&nbsp;Modu\u0142&nbsp;dost\u0119pny pod numerem katalogowym:&nbsp;<a href=\"http:\/\/riku.pl\/towar\/p\/id\/96126\/\">108029<\/a>&nbsp;lub&nbsp;<a href=\"http:\/\/riku.pl\/towar\/p\/id\/96298\/\">108028<\/a>.<\/p>\n\n\n\n<p><br><em><strong>Element pasuje do modeli:<\/strong><\/em><\/p>\n\n\n\n<ul><li>TRX-4 DEFENDER &#8211; 82056-4 \/ 82066-4<\/li><\/ul>\n","protected":false},"excerpt":{"rendered":"<p>Oryginalne zestawy o\u015bwietleniowe&nbsp;LED&nbsp;dla&nbsp;TRX-4&nbsp;zosta\u0142y zaprojektowane z tak\u0105 sam\u0105 jako\u015bci\u0105 i dba\u0142o\u015bci\u0105 o szczeg\u00f3\u0142y, jak sama ci\u0119\u017car\u00f3wka.&nbsp;Precyzyjne dopasowanie i wyko\u0144czenie poszczeg\u00f3lnych element\u00f3w sprawia, \u017ce instalacja jest \u0142atwa i przyjemna, a wodoszczelna konstrukcja pozwala na u\u017cytkoiwanie modelu w ka\u017cdych warunkach pogodowych i po zachodzie s\u0142o\u0144ca. Cechy zastawu: Uszczelniona &#8211; wodoszczelna konstrukcja Zaprojektowane specjalnie do modelu&nbsp;TRX-4 Land Rover Defender&#8230;<\/p>\n","protected":false},"featured_media":5951,"comment_status":"open","ping_status":"closed","template":"","meta":{"_s2mail":"yes"},"product_cat":[507],"product_tag":[],"_links":{"self":[{"href":"https:\/\/sklep.aveos.pl\/index.php\/wp-json\/wp\/v2\/product\/5950"}],"collection":[{"href":"https:\/\/sklep.aveos.pl\/index.php\/wp-json\/wp\/v2\/product"}],"about":[{"href":"https:\/\/sklep.aveos.pl\/index.php\/wp-json\/wp\/v2\/types\/product"}],"replies":[{"embeddable":true,"href":"https:\/\/sklep.aveos.pl\/index.php\/wp-json\/wp\/v2\/comments?post=5950"}],"wp:featuredmedia":[{"embeddable":true,"href":"https:\/\/sklep.aveos.pl\/index.php\/wp-json\/wp\/v2\/media\/5951"}],"wp:attachment":[{"href":"https:\/\/sklep.aveos.pl\/index.php\/wp-json\/wp\/v2\/media?parent=5950"}],"wp:term":[{"taxonomy":"product_cat","embeddable":true,"href":"https:\/\/sklep.aveos.pl\/index.php\/wp-json\/wp\/v2\/product_cat?post=5950"},{"taxonomy":"product_tag","embeddable":true,"href":"https:\/\/sklep.aveos.pl\/index.php\/wp-json\/wp\/v2\/product_tag?post=5950"}],"curies":[{"name":"wp","href":"https:\/\/api.w.org\/{rel}","templated":true}]}}