{"id":5964,"date":"2021-04-28T15:14:18","date_gmt":"2021-04-28T13:14:18","guid":{"rendered":"http:\/\/sklep.aveos.pl\/?post_type=product&#038;p=5964"},"modified":"2021-04-28T15:21:14","modified_gmt":"2021-04-28T13:21:14","slug":"traxxas-serwo-2075x-metal","status":"publish","type":"product","link":"https:\/\/sklep.aveos.pl\/index.php\/produkt\/traxxas-serwo-2075x-metal\/","title":{"rendered":"Traxxas SERWO 2075X Metal"},"content":{"rendered":"\n<p><strong>TRAXXAS &#8211; serwomechanizm cyfrowy 2075X &#8211; wodoszczelny.<\/strong><\/p>\n\n\n\n<figure class=\"wp-block-table\"><table><tbody><tr><td>napi\u0119cie robocze [V]:<\/td><td>6,0<\/td><\/tr><tr><td>pr\u0119dko\u015b\u0107 (6,0V) [sek\/60\u00b0]:<\/td><td>0,17<\/td><\/tr><tr><td>moment obrotowy (6,0V) [kg.cm]:<\/td><td>9,0<\/td><\/tr><tr><td>masa [g]:<\/td><td>45<\/td><\/tr><tr><td>wymiary (d\u0142. x sz. x wys.) [mm]:<\/td><td>55,0 x 21,5 x 43,0<\/td><\/tr><tr><td>z\u0119batki:<\/td><td>Metal<\/td><\/tr><tr><td>\u0142o\u017cyska:<\/td><td>x2<\/td><\/tr><\/tbody><\/table><\/figure>\n\n\n\n<p><em><strong>Element pasuje do modeli Traxxas:<\/strong><\/em><\/p>\n\n\n\n<ul><li>BANDIT XL5 &#8211; 24054<\/li><li>BANDIT VXL &#8211; 24076<\/li><li>BIGFOOT &#8211; 36084 CRANIAC &#8211; 36094 SKULLY &#8211; 36064<\/li><li>JATO 3.3 &#8211; 5507<\/li><li>E-MAXX VXL- 39087<\/li><li>E-REVO &#8211; 56036<\/li><li>E-REVO VXL &#8211; 56086 \/ 56087<\/li><li>E-REVO VXL &#8211; 86086-4<\/li><li>FORD GT &#8211; 83056<\/li><li>SPARTAN &#8211; 57076-4<\/li><li>FORD RAPTOR &#8211; 58064 \/ 58094<\/li><li>NOS FORD FIESTA &#8211; 74054-6<\/li><li>RUSTLER XL5 &#8211; 37054<\/li><li>RUSTLER VXL &#8211; 37076<\/li><li>RUSTLER 4X4 XL-5 &#8211; 67064-1<\/li><li>RUSTLER 4X4 VXL &#8211; 67076-4<\/li><li>SLASH DAKAR EDITION &#8211; 58044<\/li><li>SLASH XL5 &#8211; 58034<\/li><li>SLASH VXL &#8211; 58076<\/li><li>SLASH 4X4 VXL &#8211; 6804R<\/li><li>SLASH 4X4 VXL Ultimate &#8211; 68077<\/li><li>NITRO RUSTLER &#8211; 44094<\/li><li>NIITRO SLASH 2WD &#8211; 44054<\/li><li>NITRO SPORT &#8211; 4510<\/li><li>NITRO 4-TEC 3.3 &#8211; 4807<\/li><li>REVO 3.3 &#8211; 5309<\/li><li>T-MAX &#8211; 4907<\/li><li>SLASH 4X4 VXL &#8211; 68086<\/li><li>BLAST &#8211; 38104<\/li><li>STAMPEDE XL5 &#8211; 36054 \/ 67054<\/li><li>STAMPEDE VXL &#8211; 36076<\/li><li>STAMPEDE 4X4 VXL &#8211; 67086<\/li><li>SUMMIT &#8211; 56076<\/li><li>TRX-4 DEFENDER &#8211; 82056-4<\/li><li>XO-1 SuperCar &#8211; 6407<\/li><\/ul>\n\n\n\n<p>Zapraszamy do odbioru w sklepie stacjonarnym:<\/p>\n\n\n\n<p>Pozna\u0144 ul. D\u0105browskiego 54<\/p>\n\n\n\n<p>tel. 502 237 604<\/p>\n","protected":false},"excerpt":{"rendered":"<p>TRAXXAS &#8211; serwomechanizm cyfrowy 2075X &#8211; wodoszczelny. napi\u0119cie robocze [V]: 6,0 pr\u0119dko\u015b\u0107 (6,0V) [sek\/60\u00b0]: 0,17 moment obrotowy (6,0V) [kg.cm]: 9,0 masa [g]: 45 wymiary (d\u0142. x sz. x wys.) [mm]: 55,0 x 21,5 x 43,0 z\u0119batki: Metal \u0142o\u017cyska: x2 Element pasuje do modeli Traxxas: BANDIT XL5 &#8211; 24054 BANDIT VXL &#8211; 24076 BIGFOOT &#8211; 36084&#8230;<\/p>\n","protected":false},"featured_media":5965,"comment_status":"open","ping_status":"closed","template":"","meta":{"_s2mail":"yes"},"product_cat":[507],"product_tag":[875],"_links":{"self":[{"href":"https:\/\/sklep.aveos.pl\/index.php\/wp-json\/wp\/v2\/product\/5964"}],"collection":[{"href":"https:\/\/sklep.aveos.pl\/index.php\/wp-json\/wp\/v2\/product"}],"about":[{"href":"https:\/\/sklep.aveos.pl\/index.php\/wp-json\/wp\/v2\/types\/product"}],"replies":[{"embeddable":true,"href":"https:\/\/sklep.aveos.pl\/index.php\/wp-json\/wp\/v2\/comments?post=5964"}],"wp:featuredmedia":[{"embeddable":true,"href":"https:\/\/sklep.aveos.pl\/index.php\/wp-json\/wp\/v2\/media\/5965"}],"wp:attachment":[{"href":"https:\/\/sklep.aveos.pl\/index.php\/wp-json\/wp\/v2\/media?parent=5964"}],"wp:term":[{"taxonomy":"product_cat","embeddable":true,"href":"https:\/\/sklep.aveos.pl\/index.php\/wp-json\/wp\/v2\/product_cat?post=5964"},{"taxonomy":"product_tag","embeddable":true,"href":"https:\/\/sklep.aveos.pl\/index.php\/wp-json\/wp\/v2\/product_tag?post=5964"}],"curies":[{"name":"wp","href":"https:\/\/api.w.org\/{rel}","templated":true}]}}