{"id":5969,"date":"2021-04-28T16:26:23","date_gmt":"2021-04-28T14:26:23","guid":{"rendered":"http:\/\/sklep.aveos.pl\/?post_type=product&#038;p=5969"},"modified":"2021-04-28T17:38:08","modified_gmt":"2021-04-28T15:38:08","slug":"traxxas-8247x-serwo-arm-ramie-serwa-metal","status":"publish","type":"product","link":"https:\/\/sklep.aveos.pl\/index.php\/produkt\/traxxas-8247x-serwo-arm-ramie-serwa-metal\/","title":{"rendered":"Traxxas 8247X Serwo Arm -Rami\u0119 serwa &#8211; Metal"},"content":{"rendered":"\n<p>TRAXXAS &#8211; d\u017awignia serwomechanizmu uk\u0142adu kierowniczego &#8211; metalowa<\/p>\n\n\n\n<p><em><strong>Cz\u0119\u015b\u0107 zamienna modeli Traxxas:<\/strong><\/em><\/p>\n\n\n\n<ul><li>TRX-4 &#8211; 82056-4 \/ 82066-4 \/ 82016-4 \/ 82046-4<\/li><\/ul>\n\n\n\n<figure class=\"wp-block-gallery columns-1 is-cropped\"><ul class=\"blocks-gallery-grid\"><li class=\"blocks-gallery-item\"><figure><img loading=\"lazy\" width=\"600\" height=\"430\" src=\"http:\/\/sklep.aveos.pl\/wp-content\/uploads\/2021\/04\/8247X-1.jpg\" alt=\"\" data-id=\"5970\" data-full-url=\"http:\/\/sklep.aveos.pl\/wp-content\/uploads\/2021\/04\/8247X-1.jpg\" data-link=\"http:\/\/sklep.aveos.pl\/index.php\/produkt\/traxxas-8247x-serwo-arm-ramie-serwa-metal\/8247x-1\/\" class=\"wp-image-5970\" srcset=\"https:\/\/sklep.aveos.pl\/wp-content\/uploads\/2021\/04\/8247X-1.jpg 600w, https:\/\/sklep.aveos.pl\/wp-content\/uploads\/2021\/04\/8247X-1-300x215.jpg 300w, https:\/\/sklep.aveos.pl\/wp-content\/uploads\/2021\/04\/8247X-1-400x287.jpg 400w\" sizes=\"(max-width: 600px) 100vw, 600px\" \/><\/figure><\/li><\/ul><\/figure>\n","protected":false},"excerpt":{"rendered":"<p>TRAXXAS &#8211; d\u017awignia serwomechanizmu uk\u0142adu kierowniczego &#8211; metalowa Cz\u0119\u015b\u0107 zamienna modeli Traxxas: TRX-4 &#8211; 82056-4 \/ 82066-4 \/ 82016-4 \/ 82046-4<\/p>\n","protected":false},"featured_media":5970,"comment_status":"open","ping_status":"closed","template":"","meta":{"_s2mail":"yes"},"product_cat":[879],"product_tag":[],"_links":{"self":[{"href":"https:\/\/sklep.aveos.pl\/index.php\/wp-json\/wp\/v2\/product\/5969"}],"collection":[{"href":"https:\/\/sklep.aveos.pl\/index.php\/wp-json\/wp\/v2\/product"}],"about":[{"href":"https:\/\/sklep.aveos.pl\/index.php\/wp-json\/wp\/v2\/types\/product"}],"replies":[{"embeddable":true,"href":"https:\/\/sklep.aveos.pl\/index.php\/wp-json\/wp\/v2\/comments?post=5969"}],"wp:featuredmedia":[{"embeddable":true,"href":"https:\/\/sklep.aveos.pl\/index.php\/wp-json\/wp\/v2\/media\/5970"}],"wp:attachment":[{"href":"https:\/\/sklep.aveos.pl\/index.php\/wp-json\/wp\/v2\/media?parent=5969"}],"wp:term":[{"taxonomy":"product_cat","embeddable":true,"href":"https:\/\/sklep.aveos.pl\/index.php\/wp-json\/wp\/v2\/product_cat?post=5969"},{"taxonomy":"product_tag","embeddable":true,"href":"https:\/\/sklep.aveos.pl\/index.php\/wp-json\/wp\/v2\/product_tag?post=5969"}],"curies":[{"name":"wp","href":"https:\/\/api.w.org\/{rel}","templated":true}]}}