{"id":5972,"date":"2021-05-10T15:26:55","date_gmt":"2021-05-10T13:26:55","guid":{"rendered":"http:\/\/sklep.aveos.pl\/?post_type=product&#038;p=5972"},"modified":"2021-05-10T15:41:20","modified_gmt":"2021-05-10T13:41:20","slug":"ess-dual-system-dzwiekowy-2-x-10w-do-modeli-rc","status":"publish","type":"product","link":"https:\/\/sklep.aveos.pl\/index.php\/produkt\/ess-dual-system-dzwiekowy-2-x-10w-do-modeli-rc\/","title":{"rendered":"ESS DUAL+ system d\u017awi\u0119kowy do modeli RC"},"content":{"rendered":"\n<p><em><strong>System d\u017awi\u0119kowy ESS Dual przeznaczony jest do modeli samochod\u00f3w z nap\u0119dem elektrycznym. System pozwala na odtworzenie d\u017awi\u0119ku samochod\u00f3w On-Road, Off-Road, Truck oraz d\u017awi\u0119k\u00f3w hamulc\u00f3w, turbospr\u0119\u017carek i sygna\u0142\u00f3w alarmowych.<\/strong><\/em><br><br>W wersji podstawowej, urz\u0105dzenie generuje dwa &#8211; przyk\u0142adowe rodzaje d\u017awi\u0119ku.<\/p>\n\n\n\n<p>Wykorzystuj\u0105c oprogramowanie&nbsp;<em><strong>RCPlus<\/strong><\/em>, istnieje mo\u017cliwo\u015b\u0107 wgrania do urz\u0105dzenia innych d\u017awi\u0119k\u00f3w. Na urz\u0105dzeniu mo\u017cna przechowywa\u0107 dwa zestawy d\u017awi\u0119k\u00f3w. Jeden zestaw mo\u017ce zawiera\u0107 r\u00f3wnocze\u015bnie: d\u017awi\u0119k samochodu, hamulca, turbospr\u0119\u017carki oraz sygna\u0142 alarmowy. Trzeci d\u017awi\u0119k w zestawie (alarmowy) sterowany jest za pomoc\u0105 dodatkowego kana\u0142u&nbsp;<em><strong>&#8220;AUX&#8221;<\/strong><\/em>&nbsp;z nadajnika.<\/p>\n\n\n\n<p>Wyb\u00f3r jednego z dw\u00f3ch zestaw\u00f3w wgranych do urz\u0105dzenia, realizowany jest przez u\u017cycie przycisk\u00f3w umieszczonych na obudowie modu\u0142u. Przyciski na obudowie s\u0142u\u017c\u0105 r\u00f3wnie\u017c do zmiany g\u0142o\u015bno\u015bci w skali 9 stopniowej.<\/p>\n\n\n\n<p><em><strong>Baza d\u017awi\u0119k\u00f3w dost\u0119pna jest na stronie producenta pod adresem:<\/strong><\/em><\/p>\n\n\n\n<figure class=\"wp-block-embed\"><div class=\"wp-block-embed__wrapper\">\nhttp:\/\/www.sensehobby.com\/index.php?m=content&#038;c=index&#038;a=lists&#038;catid=22\n<\/div><\/figure>\n\n\n\n<p>W celu pobrania pliku d\u017awi\u0119kowego, nale\u017cy najpierw zainstalowa\u0107 oprogramowanie producenta&nbsp;<em><strong>&#8220;RCPlus&#8221;,<\/strong><\/em>&nbsp;a nast\u0119pnie pod\u0142\u0105czy\u0107 modu\u0142 elektroniczny do portu&nbsp;<em><strong>USB<\/strong><\/em>&nbsp;za pomoc\u0105 interfejsu&nbsp;<em><strong>S-link<\/strong><\/em>. Oprogramowanie pozwala na zarz\u0105dzanie plikami d\u017awi\u0119kowymi oraz na wykorzystanie nast\u0119puj\u0105cych &#8211; dodatkowych funkcji,<\/p>\n\n\n\n<p><em><strong>Funkcja alarmu niskiego napi\u0119cia:<\/strong><\/em><\/p>\n\n\n\n<ul><li>wyb\u00f3r typu zasilania (LiPo (1-6 celi) \/ NiMh (1-16 celi) \/ NiCd (1-16 celi)<\/li><li>wyb\u00f3r progu niskiego napi\u0119cia dla wybranego typu<\/li><li>wyb\u00f3r g\u0142o\u015bno\u015bci alarmu<\/li><\/ul>\n\n\n\n<p><em><strong>Funkcja przywracania ustawie\u0144 fabrycznych.<\/strong><\/em><\/p>\n\n\n\n<p><em><strong>Funkcja aktualizacji oprogramowania.<\/strong><\/em><\/p>\n\n\n\n<p><em><strong>Funkcja wgrywania d\u017awi\u0119ku u\u017cytkownika.<\/strong><\/em><\/p>\n\n\n\n<p>Ta funkcja pozwala na wykorzystanie w\u0142asnego d\u017awi\u0119ku. Mo\u017cna do tego wykorzysta\u0107 plik muzyczny&nbsp;<em><strong>(mp3 lub wav)<\/strong><\/em>, kt\u00f3ry nale\u017cy przekonwertowa\u0107 za pomoca programu&nbsp;<em><strong>RCPlus<\/strong><\/em>&nbsp;na format&nbsp;<em><strong>&#8220;RCPlus Client&#8221;<\/strong><\/em>. Plik w takim formacie, mo\u017cna wgra\u0107 do urz\u0105dzenia.<\/p>\n\n\n\n<p><em><strong>Wszelkie dodatkowe informacje dost\u0119pne na stronie producenta:<\/strong><\/em><\/p>\n\n\n\n<figure class=\"wp-block-embed\"><div class=\"wp-block-embed__wrapper\">\nhttp:\/\/www.sensehobby.com\/\n<\/div><\/figure>\n\n\n\n<p><em><strong>Zawarto\u015b\u0107 zestawu:<\/strong><\/em><\/p>\n\n\n\n<ul><li>modu\u0142 elektroniczny z wbudowanymi g\u0142o\u015bnikami i zewn\u0119trzn\u0105 regulacj\u0105 g\u0142o\u015bno\u015bci<\/li><li>modu\u0142 USB S-link<\/li><li>przew\u00f3d zasilaj\u0105cy BEC \/ T<\/li><li>przew\u00f3d po\u0142\u0105czeniowy z odbiornikiem i regulatorem<\/li><li>wsporniki mocuj\u0105ce<\/li><\/ul>\n\n\n\n<p><em><strong>Dane techniczne:<\/strong><\/em><\/p>\n\n\n\n<ul><li>zakres napi\u0119cia zasilaj\u0105cego:&nbsp;<em><strong>5.0-26V<\/strong><\/em><\/li><li>impedancja g\u0142o\u015bnik\u00f3w:&nbsp;<em><strong>4ohm<\/strong><\/em><\/li><li>moc wzmacniacza:<em><strong>&nbsp;<em><strong>20W (12V \/ 4ohm)<\/strong><\/em><\/strong><\/em><\/li><li>nominalna moc wyj\u015bciowa g\u0142o\u015bnika:&nbsp;<em><strong>5W<\/strong><\/em><\/li><li>maksymalna moc wyj\u015bciowa g\u0142o\u015bnika:&nbsp;<em><strong>10W<\/strong><\/em><\/li><li>dwa tory audio<\/li><li>wymiary modu\u0142u:&nbsp;<em><strong>78 x 45 x 45mm<\/strong><\/em><\/li><li>masa modu\u0142u:&nbsp;<em><strong>112g<\/strong><\/em><\/li><\/ul>\n\n\n\n<p><em><strong>W za\u0142\u0105czniku instrukcja instalacji ESS Dual.<\/strong><\/em><\/p>\n","protected":false},"excerpt":{"rendered":"<p>System d\u017awi\u0119kowy ESS Dual przeznaczony jest do modeli samochod\u00f3w z nap\u0119dem elektrycznym. System pozwala na odtworzenie d\u017awi\u0119ku samochod\u00f3w On-Road, Off-Road, Truck oraz d\u017awi\u0119k\u00f3w hamulc\u00f3w, turbospr\u0119\u017carek i sygna\u0142\u00f3w alarmowych. W wersji podstawowej, urz\u0105dzenie generuje dwa &#8211; przyk\u0142adowe rodzaje d\u017awi\u0119ku. Wykorzystuj\u0105c oprogramowanie&nbsp;RCPlus, istnieje mo\u017cliwo\u015b\u0107 wgrania do urz\u0105dzenia innych d\u017awi\u0119k\u00f3w. Na urz\u0105dzeniu mo\u017cna przechowywa\u0107 dwa zestawy d\u017awi\u0119k\u00f3w. Jeden&#8230;<\/p>\n","protected":false},"featured_media":5973,"comment_status":"open","ping_status":"closed","template":"","meta":{"_s2mail":"yes"},"product_cat":[507,497],"product_tag":[878],"_links":{"self":[{"href":"https:\/\/sklep.aveos.pl\/index.php\/wp-json\/wp\/v2\/product\/5972"}],"collection":[{"href":"https:\/\/sklep.aveos.pl\/index.php\/wp-json\/wp\/v2\/product"}],"about":[{"href":"https:\/\/sklep.aveos.pl\/index.php\/wp-json\/wp\/v2\/types\/product"}],"replies":[{"embeddable":true,"href":"https:\/\/sklep.aveos.pl\/index.php\/wp-json\/wp\/v2\/comments?post=5972"}],"wp:featuredmedia":[{"embeddable":true,"href":"https:\/\/sklep.aveos.pl\/index.php\/wp-json\/wp\/v2\/media\/5973"}],"wp:attachment":[{"href":"https:\/\/sklep.aveos.pl\/index.php\/wp-json\/wp\/v2\/media?parent=5972"}],"wp:term":[{"taxonomy":"product_cat","embeddable":true,"href":"https:\/\/sklep.aveos.pl\/index.php\/wp-json\/wp\/v2\/product_cat?post=5972"},{"taxonomy":"product_tag","embeddable":true,"href":"https:\/\/sklep.aveos.pl\/index.php\/wp-json\/wp\/v2\/product_tag?post=5972"}],"curies":[{"name":"wp","href":"https:\/\/api.w.org\/{rel}","templated":true}]}}