{"id":5989,"date":"2021-05-10T17:11:47","date_gmt":"2021-05-10T15:11:47","guid":{"rendered":"http:\/\/sklep.aveos.pl\/?post_type=product&#038;p=5989"},"modified":"2022-05-20T16:50:52","modified_gmt":"2022-05-20T14:50:52","slug":"maverick-quantum-xt-flux-red","status":"publish","type":"product","link":"https:\/\/sklep.aveos.pl\/index.php\/produkt\/maverick-quantum-xt-flux-red\/","title":{"rendered":"Maverick QUANTUM + XT Flux  100A  RED"},"content":{"rendered":"\n<p><strong>Prosz\u0119 Pa\u0144stwa oto Quantum+<br>Zabawa w super rozmiarze!<\/strong><\/p>\n\n\n\n<div class=\"wp-block-group\"><div class=\"wp-block-group__inner-container\">\n<figure class=\"wp-block-gallery columns-3 is-cropped\"><ul class=\"blocks-gallery-grid\"><li class=\"blocks-gallery-item\"><figure><img loading=\"lazy\" width=\"750\" height=\"313\" src=\"http:\/\/sklep.aveos.pl\/wp-content\/uploads\/2021\/05\/pol_pl_Quantum-XT-Flux-3S-1-10-4WD-Stadium-Truck-Red-21411_2.jpg\" alt=\"\" data-id=\"5994\" data-full-url=\"http:\/\/sklep.aveos.pl\/wp-content\/uploads\/2021\/05\/pol_pl_Quantum-XT-Flux-3S-1-10-4WD-Stadium-Truck-Red-21411_2.jpg\" data-link=\"http:\/\/sklep.aveos.pl\/?attachment_id=5994\" class=\"wp-image-5994\" srcset=\"https:\/\/sklep.aveos.pl\/wp-content\/uploads\/2021\/05\/pol_pl_Quantum-XT-Flux-3S-1-10-4WD-Stadium-Truck-Red-21411_2.jpg 750w, https:\/\/sklep.aveos.pl\/wp-content\/uploads\/2021\/05\/pol_pl_Quantum-XT-Flux-3S-1-10-4WD-Stadium-Truck-Red-21411_2-300x125.jpg 300w, https:\/\/sklep.aveos.pl\/wp-content\/uploads\/2021\/05\/pol_pl_Quantum-XT-Flux-3S-1-10-4WD-Stadium-Truck-Red-21411_2-400x167.jpg 400w, https:\/\/sklep.aveos.pl\/wp-content\/uploads\/2021\/05\/pol_pl_Quantum-XT-Flux-3S-1-10-4WD-Stadium-Truck-Red-21411_2-600x250.jpg 600w\" sizes=\"(max-width: 750px) 100vw, 750px\" \/><\/figure><\/li><li class=\"blocks-gallery-item\"><figure><img loading=\"lazy\" width=\"750\" height=\"500\" src=\"http:\/\/sklep.aveos.pl\/wp-content\/uploads\/2021\/05\/pol_pl_Quantum-XT-Flux-3S-1-10-4WD-Stadium-Truck-Red-21411_4.jpg\" alt=\"\" data-id=\"5992\" data-full-url=\"http:\/\/sklep.aveos.pl\/wp-content\/uploads\/2021\/05\/pol_pl_Quantum-XT-Flux-3S-1-10-4WD-Stadium-Truck-Red-21411_4.jpg\" data-link=\"http:\/\/sklep.aveos.pl\/?attachment_id=5992\" class=\"wp-image-5992\" srcset=\"https:\/\/sklep.aveos.pl\/wp-content\/uploads\/2021\/05\/pol_pl_Quantum-XT-Flux-3S-1-10-4WD-Stadium-Truck-Red-21411_4.jpg 750w, https:\/\/sklep.aveos.pl\/wp-content\/uploads\/2021\/05\/pol_pl_Quantum-XT-Flux-3S-1-10-4WD-Stadium-Truck-Red-21411_4-300x200.jpg 300w, https:\/\/sklep.aveos.pl\/wp-content\/uploads\/2021\/05\/pol_pl_Quantum-XT-Flux-3S-1-10-4WD-Stadium-Truck-Red-21411_4-400x267.jpg 400w, https:\/\/sklep.aveos.pl\/wp-content\/uploads\/2021\/05\/pol_pl_Quantum-XT-Flux-3S-1-10-4WD-Stadium-Truck-Red-21411_4-600x400.jpg 600w\" sizes=\"(max-width: 750px) 100vw, 750px\" \/><\/figure><\/li><li class=\"blocks-gallery-item\"><figure><img loading=\"lazy\" width=\"750\" height=\"562\" src=\"http:\/\/sklep.aveos.pl\/wp-content\/uploads\/2021\/05\/pol_pl_Quantum-XT-Flux-3S-1-10-4WD-Stadium-Truck-Red-21411_1.jpg\" alt=\"\" data-id=\"5993\" data-full-url=\"http:\/\/sklep.aveos.pl\/wp-content\/uploads\/2021\/05\/pol_pl_Quantum-XT-Flux-3S-1-10-4WD-Stadium-Truck-Red-21411_1.jpg\" data-link=\"http:\/\/sklep.aveos.pl\/?attachment_id=5993\" class=\"wp-image-5993\" srcset=\"https:\/\/sklep.aveos.pl\/wp-content\/uploads\/2021\/05\/pol_pl_Quantum-XT-Flux-3S-1-10-4WD-Stadium-Truck-Red-21411_1.jpg 750w, https:\/\/sklep.aveos.pl\/wp-content\/uploads\/2021\/05\/pol_pl_Quantum-XT-Flux-3S-1-10-4WD-Stadium-Truck-Red-21411_1-300x225.jpg 300w, https:\/\/sklep.aveos.pl\/wp-content\/uploads\/2021\/05\/pol_pl_Quantum-XT-Flux-3S-1-10-4WD-Stadium-Truck-Red-21411_1-400x300.jpg 400w, https:\/\/sklep.aveos.pl\/wp-content\/uploads\/2021\/05\/pol_pl_Quantum-XT-Flux-3S-1-10-4WD-Stadium-Truck-Red-21411_1-600x450.jpg 600w\" sizes=\"(max-width: 750px) 100vw, 750px\" \/><\/figure><\/li><\/ul><\/figure>\n<\/div><\/div>\n\n\n\n<figure class=\"wp-block-image size-large\"><img loading=\"lazy\" width=\"750\" height=\"500\" src=\"http:\/\/sklep.aveos.pl\/wp-content\/uploads\/2021\/05\/pol_pl_Quantum-XT-Flux-3S-1-10-4WD-Stadium-Truck-Red-21411_5.jpg\" alt=\"\" class=\"wp-image-5991\" srcset=\"https:\/\/sklep.aveos.pl\/wp-content\/uploads\/2021\/05\/pol_pl_Quantum-XT-Flux-3S-1-10-4WD-Stadium-Truck-Red-21411_5.jpg 750w, https:\/\/sklep.aveos.pl\/wp-content\/uploads\/2021\/05\/pol_pl_Quantum-XT-Flux-3S-1-10-4WD-Stadium-Truck-Red-21411_5-300x200.jpg 300w, https:\/\/sklep.aveos.pl\/wp-content\/uploads\/2021\/05\/pol_pl_Quantum-XT-Flux-3S-1-10-4WD-Stadium-Truck-Red-21411_5-180x120.jpg 180w, https:\/\/sklep.aveos.pl\/wp-content\/uploads\/2021\/05\/pol_pl_Quantum-XT-Flux-3S-1-10-4WD-Stadium-Truck-Red-21411_5-400x267.jpg 400w, https:\/\/sklep.aveos.pl\/wp-content\/uploads\/2021\/05\/pol_pl_Quantum-XT-Flux-3S-1-10-4WD-Stadium-Truck-Red-21411_5-600x400.jpg 600w\" sizes=\"(max-width: 750px) 100vw, 750px\" \/><\/figure>\n\n\n\n<p>Seria Quantum szturmem podbija serca fan\u00f3w RC i jeste\u015bmy podekscytowani wprowadzeniem wersji XL do szybko rozwijaj\u0105cej si\u0119 serii! Zestawy Quantum\u271a&nbsp;FLUX maj\u0105 by\u0107 ulubie\u0144cami wszystkich, kt\u00f3rzy szukaj\u0105 DU\u017bEGO rozbudowania swojej floty. Wszystkie Maverick Quantum XT to wytrzyma\u0142e, nap\u0119dzane wa\u0142em, nisko zawieszone samochody terenowe z nap\u0119dem na 4 ko\u0142a, zbudowane z my\u015bl\u0105 o je\u017adzie po ka\u017cdym terenie! Z niezale\u017cnym zawieszeniem z podw\u00f3jnymi wahaczami, regulowanymi gwintowanymi amortyzatorami olejowymi i wytrzyma\u0142ym metalowym 4-satelitowym mechanizmem r\u00f3\u017cnicowym, \u017cadne zanieczyszczenia ani \u017cadna ilo\u015b\u0107 skok\u00f3w nie stoi na przeszkodzie!<\/p>\n\n\n\n<p>W Quantum\u271a&nbsp;FLUX nie tylko zwi\u0119kszyli\u015bmy obecnie najlepiej sprzedaj\u0105cy si\u0119 Quantum XT &#8230;<\/p>\n\n\n\n<p>\u271a&nbsp;Zaprojektowali\u015bmy now\u0105, nisko osadzon\u0105, super agresywn\u0105 karoserie z zadziornymi malowaniami.<\/p>\n\n\n\n<p>&nbsp;\u271a&nbsp;Wprowadzili\u015bmy DU\u017bE, wykonane na specjalne zam\u00f3wienie ko\u0142a MVK 3,2 cala z super przyczepnymi oponami Entanglement Tredz<\/p>\n\n\n\n<p>&nbsp;\u271a&nbsp;Zamontowali\u015bmy nowy, centralny mechanizm r\u00f3\u017cnicowy, aby zapewni\u0107 najlepszy rozdzia\u0142 mocy i prost\u0105 obs\u0142ug\u0119.<\/p>\n\n\n\n<p>&nbsp;\u271a&nbsp;Dodali\u015bmy pot\u0119\u017cn\u0105 moc FLUX 3S ze specjalnie zoptymalizowan\u0105 przek\u0142adni\u0105, uniwersalnymi wa\u0142ami nap\u0119dowymi i tylnymi wzmacnianymi osiami HD &#8211; montowanymi w standardzie!<\/p>\n\n\n\n<p>\u00a0\u271a\u00a0Czy wspominali\u015bmy, \u017ce jest WI\u0118KSZY?! Z rozstawem osi wynosz\u0105cym 325 mm do 285 mm i szeroko\u015bci\u0105 365 mm do 350 mm mierz\u0105c z oryginalnym Quantum XT!<\/p>\n\n\n\n<figure class=\"wp-block-image\"><img src=\"https:\/\/www.hpiracing.com\/assets\/images\/kits\/mv12618_x\/icons.jpg\" alt=\"\"\/><\/figure>\n\n\n\n<figure class=\"wp-block-image\"><img src=\"https:\/\/www.hpiracing.com\/assets\/images\/kits\/150301_x\/greyred_side.jpg\" alt=\"\"\/><\/figure>\n\n\n\n<p><strong>Uwolnij besti\u0119 w szalonej, osza\u0142amiaj\u0105cej przygodzie z moc\u0105 3S!<\/strong><br>Aby nada\u0107 moc pot\u0119\u017cnemu Quantum&nbsp;\u271a&nbsp;XT, musieli\u015bmy zainstalowa\u0107 s\u0142ynny system zasilania FLUX HPI Racing, gotowy na moc 3S LiPo, dzi\u0119ki specjalnie zoptymalizowanej przez zesp\u00f3\u0142 HPI Racing przek\u0142adni. Po rygorystycznych testach ustalili\u015bmy, \u017ce wsp\u00f3\u0142pracuj\u0105ce ze sob\u0105 z\u0119batki 49T i 12T dadz\u0105 Ci najwi\u0119ksz\u0105 frajd\u0119 z jazdy, aby\u015b nie \u017ca\u0142owa\u0142 \u017cadnej zainwestowanej z\u0142ot\u00f3wki!<br>Dodatkowo, dzi\u0119ki bez szczotkowemu silnikowi 3665 3100KV FLUX z mocnym wa\u0142kiem sinika 5,0 mm i wodoodpornym regulatorem ESC 100A jeste\u015bmy pewni, \u017ce Quantum&nbsp;\u271a&nbsp;FLUX nie zawiedzie!<\/p>\n\n\n\n<figure class=\"wp-block-image\"><img src=\"https:\/\/www.hpiracing.com\/assets\/images\/kits\/150300_x\/bluegrey_fluxsection.jpg\" alt=\"\"\/><\/figure>\n\n\n\n<p><strong>PROSTE PROWADZENIE!<\/strong><br>Ka\u017cdy, kto wcze\u015bniej korzysta\u0142 z pojazdu Maverick RC, powie Ci, \u017ce nadajnik MTX-244 zapewnia fantastyczne wra\u017cenia z jazdy i precyzyjnie steruje przepustnic\u0105 gazu i uk\u0142adem skr\u0119tu. System radiowy Maverick 2,4 Ghz, nie idzie na \u017cadne kompromisy pod wzgl\u0119dem jako\u015bci i pewno\u015bci kontroli modelu samochodu RC.<\/p>\n\n\n\n<p>Wszystko czego potrzebujesz to 4 baterie AA do nadajnika i wybrana bateria LiPo, do 3S!<\/p>\n\n\n\n<figure class=\"wp-block-image\"><img src=\"https:\/\/www.hpiracing.com\/assets\/images\/kits\/150206_x\/transmitterv2.jpg\" alt=\"\"\/><\/figure>\n\n\n\n<p><strong>Prowadzi si\u0119 przyjemnie i \u0142atwo!<br><\/strong>Aby kierowa\u0107 modelem Quantum+ 3S XT FLUX , we\u017a kontroler lew\u0105 r\u0119k\u0105, umie\u015b\u0107 lewy palec wskazuj\u0105cy w obszarze spustu, a nast\u0119pnie po\u0142\u00f3\u017c praw\u0105 r\u0119k\u0119 na kole kierownicy &#8211; to tak naturalne, jak prowadzenie prawdziwego samochodu! Obr\u00f3\u0107 kierownic\u0119, aby jecha\u0107 w lewo i w prawo, i delikatnie poci\u0105gnij spust lewym palcem wskazuj\u0105cym, aby jecha\u0107 do przodu. Aby zatrzyma\u0107 samoch\u00f3d, delikatnie odepchnij od siebie spust lewym palcem wskazuj\u0105cym &#8211; nast\u0119pnie zwolnij i odepchnij ponownie, aby w\u0142\u0105czy\u0107 bieg wsteczny. Przyzwyczajenie si\u0119 do tej \u0142atwej operacji zajmuje kilka sekund, a wkr\u00f3tce b\u0119dziesz \u015bciga\u0107 si\u0119 ze znajomymi!<\/p>\n\n\n\n<figure class=\"wp-block-image\"><img src=\"https:\/\/www.hpiracing.com\/assets\/images\/kits\/150301_x\/driveshafts.jpg\" alt=\"\"\/><\/figure>\n\n\n\n<p><strong>Cz\u0119\u015bci HD- czyli dodatkowo wzmocnione<br><\/strong>Wzmocnili\u015bmy newralgiczne cz\u0119\u015bci &#8211; wykonane ze stali o wysokiej wytrzyma\u0142o\u015bci, aby zapewni\u0107 maksymaln\u0105 trwa\u0142o\u015b\u0107, dzi\u0119ki czemu mo\u017cesz \u015bmia\u0142o je\u017adzi\u0107 tak jak lubisz, po prostu poci\u0105gnij za spust, i podziwiaj co potrafi osi\u0105gn\u0105\u0107 Tw\u00f3j model RC!!!<\/p>\n\n\n\n<figure class=\"wp-block-image\"><img src=\"https:\/\/www.hpiracing.com\/assets\/images\/kits\/150301_x\/qplus_center_diff.jpg\" alt=\"\"\/><\/figure>\n\n\n\n<p><strong>QUANTUM<\/strong><strong>\u271a<\/strong><strong>&nbsp;XT FLUX &#8211;&nbsp;Zoptymalizowana obs\u0142uga<br><\/strong>Kolejnym krokiem dzi\u0119ki naszemu zespo\u0142owi badawczo-rozwojowemu jest wyposa\u017cenie&nbsp;Quantum\u271a&nbsp;FLUX w centralny mechanizm r\u00f3\u017cnicowy.&nbsp;To rozwi\u0105zanie poprawia mo\u017cliwo\u015bci naszego modelu, poprzez rozdzia\u0142 przenoszenia mocy na prz\u00f3d i ty\u0142.<\/p>\n\n\n\n<figure class=\"wp-block-image\"><img src=\"https:\/\/www.hpiracing.com\/assets\/images\/kits\/150301_x\/greyred_specification.jpg\" alt=\"\"\/><\/figure>\n\n\n\n<p><strong>PRZEDSTAWIAMY OPONY TREDZ OD HPI RACING!<\/strong><br>Do linii Quantum&nbsp;\u271a&nbsp;dodajemy kolejn\u0105 opon\u0119 do naszej nowej gamy TREDZ. Wykonane na zam\u00f3wienie z mieszank\u0105, profilem i wzorami bie\u017cnika, kt\u00f3re zosta\u0142y zaprojektowane i okre\u015blone przez HPI Racing. Opony z wysokiej jako\u015bci gumy o du\u017cej przyczepno\u015bci i powi\u0119kszone, aby idealnie pasowa\u0142y do nowego projektu k\u00f3\u0142 MVK 3,2 cala.<br>Opony Tredz 3,2 &#8220;od HPI Racing s\u0105 r\u00f3wnie\u017c dost\u0119pne w sklepach, aby ulepszy\u0107 wygl\u0105d i osi\u0105gi dowolnego pojazdu RC z mocowaniami k\u00f3\u0142 14 mm Hex Hub. Wkr\u00f3tce wi\u0119cej opon do\u0142\u0105czy do rodziny Tredz!<\/p>\n\n\n\n<figure class=\"wp-block-image\"><img src=\"https:\/\/www.hpiracing.com\/assets\/images\/kits\/150300_x\/bluegrey_tredz.jpg\" alt=\"\"\/><\/figure>\n\n\n\n<p><strong>Rozmiar ma znaczenie!<\/strong><br>Je\u015bli chodzi o agresywn\u0105 jazd\u0119 i skoki w terenie, w Quantum&nbsp;\u271a&nbsp;FLUX nast\u0105pi\u0142o zwi\u0119kszenie d\u0142ugo\u015bci i szeroko\u015bci, a z rozstaw osi wynosi a\u017c 325mm w por\u00f3wnaniu do 285mm w standardowym Quantum XT! Ponadto ta bestia jest idealnie proporcjonalna, a jej szeroko\u015b\u0107 365mm w por\u00f3wnaniu do 350 mm w Quantum XT zapewnia jeszcze wi\u0119ksz\u0105 stabilno\u015b\u0107.<\/p>\n\n\n\n<figure class=\"wp-block-image\"><img src=\"https:\/\/www.hpiracing.com\/assets\/images\/kits\/150301_x\/greyred_size.jpg\" alt=\"\"\/><\/figure>\n\n\n\n<p><strong>Ka\u017cdy zestaw Maverick&nbsp;Quantum posiada szczeg\u00f3\u0142owo pomalowane nadwozie, o konstrukcji, kt\u00f3ra nie tylko wygl\u0105da zjawiskowo ale tak\u017ce zapewnia dodatkow\u0105 ochron\u0119 element\u00f3w podwozia!<\/strong><\/p>\n\n\n\n<figure class=\"wp-block-image\"><img src=\"https:\/\/www.hpiracing.com\/assets\/images\/kits\/150301_x\/greyred_rearthreeq.jpg\" alt=\"\"\/><\/figure>\n\n\n\n<figure class=\"wp-block-image\"><img src=\"https:\/\/www.hpiracing.com\/assets\/images\/kits\/150301_x\/redgrey_boxcontents.jpg\" alt=\"\"\/><\/figure>\n\n\n\n<p><strong>#150301<\/strong>&nbsp;Maverick Quantum XT+ FLUX 1\/10 4WD bez szczotkowy elektryczny model RC &#8220;Monster Truck&#8221; Czerwono \/ Szary<\/p>\n\n\n\n<p>Dost\u0119pny tak\u017ce w wersji Niebiesko \/ Szarej&nbsp;<strong>#150300<\/strong><\/p>\n\n\n\n<p><strong>Cechy<\/strong>:<\/p>\n\n\n\n<p>&#8211; Nap\u0119d 4WD<\/p>\n\n\n\n<p>&#8211; W pe\u0142ni niezale\u017cne zawieszenie z podw\u00f3jnymi wahaczami<\/p>\n\n\n\n<p>&#8211; Gwintowane amortyzatory olejowe<\/p>\n\n\n\n<p>&#8211; Przednie i tylne wsporniki zawieszenia<\/p>\n\n\n\n<p>&#8211; Uniwersalne wa\u0142y nap\u0119dowe<\/p>\n\n\n\n<p>&#8211; Regulowane \u015brubami rzymskimi stalowe linki napinaj\u0105ce<\/p>\n\n\n\n<p>&#8211; 4-satelitowe mechanizmy r\u00f3\u017cnicowe z wytrzyma\u0142ego metalu z przodu i z ty\u0142u<\/p>\n\n\n\n<p>&#8211; Centralny dyferencja\u0142<\/p>\n\n\n\n<p>&#8211; Dwupunktowy uk\u0142ad sterowania \u201eBell crank\u201d ze zintegrowanym systemem Servo Saver<\/p>\n\n\n\n<p>&#8211; Formowane podwozie wannowe ze wzmocnieniami w kszta\u0142cie sze\u015bcianu i zoptymalizowanym rozk\u0142adem masy<\/p>\n\n\n\n<p>&#8211; Szczelnie os\u0142oni\u0119ty mechanizm odbiorczy<\/p>\n\n\n\n<p>&#8211; Uk\u0142ad nap\u0119dowy wyposa\u017cony w \u0142o\u017cyska kulkowe<\/p>\n\n\n\n<p>&#8211; Du\u017ce \u015bwietnie wygl\u0105daj\u0105ce ko\u0142a 3.2&#8243;<\/p>\n\n\n\n<p>&#8211; Aluminiowa piasta Hex14mm<\/p>\n\n\n\n<p>&#8211; Wyj\u0105tkowe opony TREDZ<\/p>\n\n\n\n<p>&#8211; Odporny nadajnik i odbiornik 2.4GHz<\/p>\n\n\n\n<p>&#8211; Odporne na zachlapania serwo steruj\u0105ce 9kg z metalow\u0105 przek\u0142adni\u0105<\/p>\n\n\n\n<p>&#8211; Silnik bez szczotkowy 3665 3100KV FLUX z mocnym wa\u0142kiem sinika 5,0 mm<\/p>\n\n\n\n<p>&#8211; Regulator pr\u0119dko\u015bci &#8211; 100A Waterproof ESC<\/p>\n\n\n\n<p>&#8211; Obs\u0142uga pakiet\u00f3w akumulator\u00f3w 3S LiPo<\/p>\n\n\n\n<p>&#8211; Zoptymalizowana przek\u0142adnia 3S &#8211; wsp\u00f3\u0142pracuj\u0105ce z\u0119batki 49T i 12T<\/p>\n\n\n\n<p>&#8211; Wymagane do dzia\u0142ania: 4x baterie AA do nadajnika, bateria do modelu i \u0142adowarka<\/p>\n\n\n\n<p><strong>Specyfikacja:<\/strong><\/p>\n\n\n\n<p>D\u0142ugo\u015b\u0107: 505mm<\/p>\n\n\n\n<p>Szeroko\u015b\u0107: 365mm<\/p>\n\n\n\n<p>Wysoko\u015b\u0107: 175mm<\/p>\n\n\n\n<p>Rozstaw osi: 325mm<\/p>\n\n\n\n<p>Waga: 2.10kg<\/p>\n\n\n\n<p><strong>Wymagane elementy:<\/strong><\/p>\n\n\n\n<p>4 x baterie AA do nadajnika<\/p>\n\n\n\n<p>Pakiet akumulator\u00f3w 2S lub 3S LiPo z wtyczk\u0105 T&nbsp;<\/p>\n","protected":false},"excerpt":{"rendered":"<p>Prosz\u0119 Pa\u0144stwa oto Quantum+Zabawa w super rozmiarze! Seria Quantum szturmem podbija serca fan\u00f3w RC i jeste\u015bmy podekscytowani wprowadzeniem wersji XL do szybko rozwijaj\u0105cej si\u0119 serii! Zestawy Quantum\u271a&nbsp;FLUX maj\u0105 by\u0107 ulubie\u0144cami wszystkich, kt\u00f3rzy szukaj\u0105 DU\u017bEGO rozbudowania swojej floty. Wszystkie Maverick Quantum XT to wytrzyma\u0142e, nap\u0119dzane wa\u0142em, nisko zawieszone samochody terenowe z nap\u0119dem na 4 ko\u0142a, zbudowane&#8230;<\/p>\n","protected":false},"featured_media":5990,"comment_status":"open","ping_status":"closed","template":"","meta":{"_s2mail":"yes"},"product_cat":[503,487],"product_tag":[],"_links":{"self":[{"href":"https:\/\/sklep.aveos.pl\/index.php\/wp-json\/wp\/v2\/product\/5989"}],"collection":[{"href":"https:\/\/sklep.aveos.pl\/index.php\/wp-json\/wp\/v2\/product"}],"about":[{"href":"https:\/\/sklep.aveos.pl\/index.php\/wp-json\/wp\/v2\/types\/product"}],"replies":[{"embeddable":true,"href":"https:\/\/sklep.aveos.pl\/index.php\/wp-json\/wp\/v2\/comments?post=5989"}],"wp:featuredmedia":[{"embeddable":true,"href":"https:\/\/sklep.aveos.pl\/index.php\/wp-json\/wp\/v2\/media\/5990"}],"wp:attachment":[{"href":"https:\/\/sklep.aveos.pl\/index.php\/wp-json\/wp\/v2\/media?parent=5989"}],"wp:term":[{"taxonomy":"product_cat","embeddable":true,"href":"https:\/\/sklep.aveos.pl\/index.php\/wp-json\/wp\/v2\/product_cat?post=5989"},{"taxonomy":"product_tag","embeddable":true,"href":"https:\/\/sklep.aveos.pl\/index.php\/wp-json\/wp\/v2\/product_tag?post=5989"}],"curies":[{"name":"wp","href":"https:\/\/api.w.org\/{rel}","templated":true}]}}