{"id":5999,"date":"2021-05-14T14:15:09","date_gmt":"2021-05-14T12:15:09","guid":{"rendered":"http:\/\/sklep.aveos.pl\/?post_type=product&#038;p=5999"},"modified":"2021-05-14T14:17:29","modified_gmt":"2021-05-14T12:17:29","slug":"traxxas-slash-4x4-r6b77-tsm-vision1-10","status":"publish","type":"product","link":"https:\/\/sklep.aveos.pl\/index.php\/produkt\/traxxas-slash-4x4-r6b77-tsm-vision1-10\/","title":{"rendered":"Traxxas SLASH 4X4 R6B77  TSM Vision1\/10"},"content":{"rendered":"\n<figure class=\"wp-block-image size-large\"><img loading=\"lazy\" width=\"797\" height=\"369\" src=\"http:\/\/sklep.aveos.pl\/wp-content\/uploads\/2021\/05\/800_0_a484add84231b6094c6f7e85d387c0e0f806346f2b02463efa6f5f42dd45278f.jpg\" alt=\"\" class=\"wp-image-6000\" srcset=\"https:\/\/sklep.aveos.pl\/wp-content\/uploads\/2021\/05\/800_0_a484add84231b6094c6f7e85d387c0e0f806346f2b02463efa6f5f42dd45278f.jpg 797w, https:\/\/sklep.aveos.pl\/wp-content\/uploads\/2021\/05\/800_0_a484add84231b6094c6f7e85d387c0e0f806346f2b02463efa6f5f42dd45278f-300x139.jpg 300w, https:\/\/sklep.aveos.pl\/wp-content\/uploads\/2021\/05\/800_0_a484add84231b6094c6f7e85d387c0e0f806346f2b02463efa6f5f42dd45278f-768x356.jpg 768w, https:\/\/sklep.aveos.pl\/wp-content\/uploads\/2021\/05\/800_0_a484add84231b6094c6f7e85d387c0e0f806346f2b02463efa6f5f42dd45278f-180x83.jpg 180w, https:\/\/sklep.aveos.pl\/wp-content\/uploads\/2021\/05\/800_0_a484add84231b6094c6f7e85d387c0e0f806346f2b02463efa6f5f42dd45278f-400x185.jpg 400w, https:\/\/sklep.aveos.pl\/wp-content\/uploads\/2021\/05\/800_0_a484add84231b6094c6f7e85d387c0e0f806346f2b02463efa6f5f42dd45278f-600x278.jpg 600w\" sizes=\"(max-width: 797px) 100vw, 797px\" \/><\/figure>\n\n\n\n<h2><strong>Traxxas Stability Management (TSM)<\/strong>\u00a0<\/h2>\n\n\n\n<p>&#8211; kontrola trakcji.<br>System kontroli trakcji wbudowany jest w 5 kana\u0142owy odbiornik\u00a0TQI 2.4GHz Traxxas Link TSM. W po\u0142\u0105czeniu z niskim \u015brodkiem ci\u0119\u017cko\u015bci, system kontroli trakcji, Slash nabiera zupe\u0142nie nowych w\u0142a\u015bciwo\u015bci jezdnych.<br>Traxxas Stability Management (TSM), pozwala maksymalnie wykorzysta\u0107 pe\u0142n\u0105 moc, szybko\u015b\u0107 i przyspieszenie, kt\u00f3rym dysponuje\u00a0Slash\u00a04X4. Kontrola trakcji szczeg\u00f3nie zdaje egzamin podczas jazdy na \u015bliskich powierzchniach, g\u0142adkim betonie, lodzie i \u015bniegu.\u00a0System\u00a0TSM\u00a0dokonuje korekt toru jazdy podczas przyspieszania, aby zapewni\u0107 pe\u0142ne wykorzystanie mo\u017cliwo\u015bci nap\u0119du.\u00a0TSM\u00a0dzia\u0142a r\u00f3wnie\u017c podczas pokonywania zakr\u0119t\u00f3w, dokonuj\u0105c korekt, aby utrzyma\u0107 wybran\u0105 lini\u0119 jazdy. Pozwala to na utrzymanie wi\u0119kszej szybko\u015bci w zakr\u0119cie i wi\u0119ksze przyspieszczenie podczas wychodzenia z niego. Podczas hamowania,\u00a0TSM\u00a0utrzymuje tor jazdy do momentu zatrzymania.<br>W systemie kontroli trakcji,\u00a0Traxxas\u00a0zastosowa\u0142 najnowsze algorytmy,\u00a0kt\u00f3re dzia\u0142aj\u0105 niewidocznie w tle, nigdy nie ograniczaj\u0105c przepustnicy.\u00a0TSM\u00a0mo\u017ce by\u0107 indywidualnie dostrojony lub ca\u0142kowicie wy\u0142\u0105czony w zale\u017cno\u015bci od aktualnej nawierzchni i jej stanu oraz upodoba\u0144 kierowcy. Kontrol\u0119 nad systemem zapewnia wielofunkcyjne pokr\u0119t\u0142o zamontowane w nadajniku. O przydatno\u015bci\u00a0Traxxas Stability Managemen, najlepiej mo\u017cna si\u0119 przekona\u0107, wy\u0142\u0105czaj\u0105c system po d\u0142u\u017cszym okresie jego u\u017cytkowania.<\/p>\n\n\n\n<h2><strong><em>Velineon \u00ae 3500<\/em><\/strong><\/h2>\n\n\n\n<p>jest bezszczotkowym silnikiem precyzyjnie dopasowanym do zastosowania w skali\u00a0<strong>1:10<\/strong>\u00a0zapewniaj\u0105c doskona\u0142\u0105 r\u00f3wnowag\u0119 maksymalnej mocy i wydajno\u015bci. Elektroniczny regulator obrot\u00f3w\u00a0<strong>VXL-3S<\/strong> zapewnia pe\u0142n\u0105 kontrol\u0119 nad p\u0142ynnym ruszanie i precyzyjnym sterowaniem, bez potrzeby dodatkowych czujnik\u00f3w i okablowania.<\/p>\n\n\n\n<figure class=\"wp-block-gallery columns-1 is-cropped\"><ul class=\"blocks-gallery-grid\"><li class=\"blocks-gallery-item\"><figure><img loading=\"lazy\" width=\"440\" height=\"275\" src=\"http:\/\/sklep.aveos.pl\/wp-content\/uploads\/2021\/05\/3351R-velineon-3500-motor-cutaway.jpg\" alt=\"\" data-id=\"6001\" data-full-url=\"http:\/\/sklep.aveos.pl\/wp-content\/uploads\/2021\/05\/3351R-velineon-3500-motor-cutaway.jpg\" data-link=\"http:\/\/sklep.aveos.pl\/?attachment_id=6001\" class=\"wp-image-6001\" srcset=\"https:\/\/sklep.aveos.pl\/wp-content\/uploads\/2021\/05\/3351R-velineon-3500-motor-cutaway.jpg 440w, https:\/\/sklep.aveos.pl\/wp-content\/uploads\/2021\/05\/3351R-velineon-3500-motor-cutaway-300x188.jpg 300w, https:\/\/sklep.aveos.pl\/wp-content\/uploads\/2021\/05\/3351R-velineon-3500-motor-cutaway-400x250.jpg 400w\" sizes=\"(max-width: 440px) 100vw, 440px\" \/><\/figure><\/li><\/ul><\/figure>\n\n\n\n<h2><strong>Velineon VXL-3s<\/strong> <\/h2>\n\n\n\n<p>poza elektroniczn\u0105 regulacj\u0105 obrot\u00f3w w obydwu kierunkach oferuje dodatkowe funkcje pozwalaj\u0105ce na szeroki zakres zabawy. W regulatorze znajdziemy funkcj\u0119 <strong>\u201eTraining Mode.&#x2122;\u201d,<\/strong>\u00a0kt\u00f3ra pozwala obni\u017cy\u0107 moc zespo\u0142u nap\u0119dowego o\u00a0<strong><em>50%.<\/em><\/strong>\u00a0Jest to przydatne dla pocz\u0105tkuj\u0105cych kierowc\u00f3w i dla wszystkich kt\u00f3rzy chc\u0105 potrenowa\u0107\u00a0 technik\u0119 precyzyjnej jazdy. Tranzystory o wysokiej cz\u0119stotliwo\u015bci i zaawansowana konstrukcja obwodu powoduj\u0105 niezwykle sprawnie i wyrafinowane sterowanie przepustnic\u0105. Regulator\u00a0<strong>VXL-3s<\/strong> jest elastyczny w zakresie stosowania konwencjonalnych silnik\u00f3w szczotkowych\u00a0 oraz silnik\u00f3w bezszczotkowych.\u00a0<strong>VXL-3s<\/strong> posiada czujnik wykrywaj\u0105cy typ silnika. Wysoka wydajno\u015b\u0107 pr\u0105dowa (320 A pik) i dwustopniowe zabezpieczenie termiczne pozwala na wykorzystanie ka\u017cdego silnika.<\/p>\n\n\n\n<figure class=\"wp-block-image size-large\"><img loading=\"lazy\" width=\"550\" height=\"395\" src=\"http:\/\/sklep.aveos.pl\/wp-content\/uploads\/2021\/05\/3355R_nowires.jpg\" alt=\"\" class=\"wp-image-6002\" srcset=\"https:\/\/sklep.aveos.pl\/wp-content\/uploads\/2021\/05\/3355R_nowires.jpg 550w, https:\/\/sklep.aveos.pl\/wp-content\/uploads\/2021\/05\/3355R_nowires-300x215.jpg 300w, https:\/\/sklep.aveos.pl\/wp-content\/uploads\/2021\/05\/3355R_nowires-180x129.jpg 180w, https:\/\/sklep.aveos.pl\/wp-content\/uploads\/2021\/05\/3355R_nowires-400x287.jpg 400w\" sizes=\"(max-width: 550px) 100vw, 550px\" \/><\/figure>\n\n\n\n<p><\/p>\n\n\n\n<h2><strong>Totalna Kontrola.<\/strong><\/h2>\n\n\n\n<p><br>Modele <strong>Traxxas\u2019a<\/strong>\u00a0zas\u0142uguj\u0105 na najbardziej zaawansowany \u2013 gotowy do wy\u015bcigu system radiowy. To w ko\u0144cu jedyne po\u0142\u0105czenie pomi\u0119dzy kierowc\u0105, a maszyn\u0105. System musi by\u0107 precyzyjny, wygodny i niezawodny. Zupe\u0142nie nowy system radiowy\u00a0<strong>Traxxas\u00ae TQi&#x2122;<\/strong>\u00a0spe\u0142nia wszystkie te funkcje, a do tego jest niezawodny i solidnie wykonany. Najwa\u017cniejsz\u0105 nowo\u015bci\u0105 tego systemu, jest mo\u017cliwo\u015b\u0107 wsp\u00f3\u0142pracy z aplikacj\u0105\u00a0<strong>Traxxas Link App<\/strong>, dost\u0119pn\u0105 w systemie\u00a0<strong>iPhone<\/strong>\u00a0lub\u00a0<strong>iPod touch<\/strong>. To stwarza pot\u0119\u017cne narz\u0119dzie do tuningu modelu. Kolorowy wy\u015bwietlacz \u0142\u0105czy si\u0119 z systemem\u00a0<strong>LinkTraxxas&#x2122;<\/strong>\u00a0i tworzy intuicyjny, wysokiej rozdzielczo\u015bci &#8211; kolorowy graficzny interfejs u\u017cytkownika, kt\u00f3ry stwarza mo\u017cliwo\u015b\u0107 optymalizacji systemu radiowego w celu maksymalnej kontroli pojazd\u00f3w.<\/p>\n\n\n\n<p>Nadajnik jest przygotowany do wyposa\u017cenia go w modu\u0142<strong>\u00a0Traxxas Link Wireless Module&#x2122;<\/strong>, kt\u00f3ry zapewnia bezprzewodow\u0105 \u0142\u0105czno\u015b\u0107 z urz\u0105dzeniami pracuj\u0105cymi w systemie\u00a0<strong>Android lub AppleiOS 4.4+ 4.3+<\/strong>. Modu\u0142\u00a0<strong>Traxxas Link Wireless Module&#x2122;<\/strong>\u00a0nie wchodzi w sk\u0142ad zestawu i nale\u017cy go dokupi\u0107 oddzielnie. Numer katalogowy modu\u0142u to\u00a0<strong>106511<\/strong>.<\/p>\n\n\n\n<figure class=\"wp-block-gallery columns-1 is-cropped\"><ul class=\"blocks-gallery-grid\"><li class=\"blocks-gallery-item\"><figure><img loading=\"lazy\" width=\"462\" height=\"332\" src=\"http:\/\/sklep.aveos.pl\/wp-content\/uploads\/2021\/05\/6528.jpg\" alt=\"\" data-id=\"6003\" data-full-url=\"http:\/\/sklep.aveos.pl\/wp-content\/uploads\/2021\/05\/6528.jpg\" data-link=\"http:\/\/sklep.aveos.pl\/?attachment_id=6003\" class=\"wp-image-6003\" srcset=\"https:\/\/sklep.aveos.pl\/wp-content\/uploads\/2021\/05\/6528.jpg 462w, https:\/\/sklep.aveos.pl\/wp-content\/uploads\/2021\/05\/6528-300x216.jpg 300w, https:\/\/sklep.aveos.pl\/wp-content\/uploads\/2021\/05\/6528-400x287.jpg 400w\" sizes=\"(max-width: 462px) 100vw, 462px\" \/><\/figure><\/li><\/ul><\/figure>\n\n\n\n<p><strong>Wa\u0142 nap\u0119dowy UltraEfficient Shaft-Driven 4WD.<br><\/strong>W\u00a0<strong>Slash\u2019u 4X4<\/strong>, zamontowano bardzo wydajny uk\u0142ad nap\u0119dowy. Obraca si\u0119 on bez opor\u00f3w i luz\u00f3w na \u0142o\u017cyskach kulkowych i zintegrowany jest z unikalnym podwoziem o bardzo niskim \u015brodku ci\u0119\u017cko\u015bci (Low-CG). Bardzo lekki \u2013 t\u0142oczony z aluminium wa\u0142 nap\u0119dowy, przenosi moment obrotowy szybko i bez strat, co wida\u0107 po wyj\u0105tkowo du\u017cym przyspieszeniu samochodu. Wa\u0142 biegnie po idealnie prostej linii, jest wyj\u0105tkowo sztywny i wytrzyma\u0142y.<\/p>\n\n\n\n<p><strong>Budowa modularna.<br><\/strong>Stare wzory budowy pojazd\u00f3w 4-ko\u0142owych powoduj\u0105 problemy przy obs\u0142udze technicznej i zwi\u0119kszaj\u0105 jej czasoch\u0142onno\u015b\u0107.\u00a0<strong><em>Traxxas<\/em><\/strong>\u00a0ma lepszy spos\u00f3b. Modu\u0142owa konstrukcja\u00a0<strong><em>Slash\u2019a 4X4<\/em><\/strong>, pozwala na od\u0142\u0105czenie przedniej po odkr\u0119ceniu zaledwie 5 \u015brub, a tylnej po usuni\u0119ciu tylko czterech \u015brub. W mniej ni\u017c minut\u0119 korzystaj\u0105c z wkr\u0119tarki, uzyskujesz pe\u0142ny dost\u0119p do wszystkich podstawowych element\u00f3w w celu przeprowadzenia serwisu lub regulacji.<\/p>\n\n\n\n<p>Oferowana przez\u00a0<strong>Traxxas\u2019a<\/strong>\u00a0technologia wodoszczelnej elektroniki pozwala na ca\u0142kowit\u0105 niezale\u017cno\u015b\u0107 od warunk\u00f3w pogodowych. Wcze\u015bniej nie by\u0142o mo\u017cliwo\u015bci jazdy przez wod\u0119, b\u0142oto, \u015bnieg \u2013 teraz nie jest to problemem. Zar\u00f3wno elektroniczny regulator obrot\u00f3w\u00a0<strong><em>VXL-3s<\/em><\/strong>, serwomechanizmy jak i odbiornik posiadaj\u0105 mocn\u0105 ochron\u0119 przed czynnikami zewn\u0119trznymi. To otwiera zupe\u0142nie nowy \u015bwiat przygody i zabawy.<\/p>\n\n\n\n<p><strong>MODEL 68086-4BL<\/strong>: W pe\u0142ni zmontowany i gotowy do wy\u015bcigu z systemem kontroli trakcji TSM, aparatur\u0105 TQi, systemem nap\u0119dowym Velineon oraz malowan\u0105 karoseri\u0105.<\/p>\n\n\n\n<p><strong>Uwaga!<\/strong><\/p>\n\n\n\n<p><strong>Zestaw nie zawiera pakiet\u00f3w nap\u0119dowych oraz \u0142adowarki.<\/strong><\/p>\n\n\n\n<p><strong>Rekomendowane pakiety nap\u0119dowe NiMh 6-7S \/ LiPo 2-3S<\/strong><\/p>\n\n\n\n<p><strong>Przed zakupem prosimy o kontakt telefoniczny pod nr 502 237 604 w celu potwierdzenia dost\u0119pno\u015bci modelu w sklepie<\/strong><\/p>\n","protected":false},"excerpt":{"rendered":"<p>Traxxas Stability Management (TSM)\u00a0 &#8211; kontrola trakcji.System kontroli trakcji wbudowany jest w 5 kana\u0142owy odbiornik\u00a0TQI 2.4GHz Traxxas Link TSM. W po\u0142\u0105czeniu z niskim \u015brodkiem ci\u0119\u017cko\u015bci, system kontroli trakcji, Slash nabiera zupe\u0142nie nowych w\u0142a\u015bciwo\u015bci jezdnych.Traxxas Stability Management (TSM), pozwala maksymalnie wykorzysta\u0107 pe\u0142n\u0105 moc, szybko\u015b\u0107 i przyspieszenie, kt\u00f3rym dysponuje\u00a0Slash\u00a04X4. Kontrola trakcji szczeg\u00f3nie zdaje egzamin podczas jazdy na&#8230;<\/p>\n","protected":false},"featured_media":6005,"comment_status":"open","ping_status":"closed","template":"","meta":{"_s2mail":"yes"},"product_cat":[487,484],"product_tag":[],"_links":{"self":[{"href":"https:\/\/sklep.aveos.pl\/index.php\/wp-json\/wp\/v2\/product\/5999"}],"collection":[{"href":"https:\/\/sklep.aveos.pl\/index.php\/wp-json\/wp\/v2\/product"}],"about":[{"href":"https:\/\/sklep.aveos.pl\/index.php\/wp-json\/wp\/v2\/types\/product"}],"replies":[{"embeddable":true,"href":"https:\/\/sklep.aveos.pl\/index.php\/wp-json\/wp\/v2\/comments?post=5999"}],"wp:featuredmedia":[{"embeddable":true,"href":"https:\/\/sklep.aveos.pl\/index.php\/wp-json\/wp\/v2\/media\/6005"}],"wp:attachment":[{"href":"https:\/\/sklep.aveos.pl\/index.php\/wp-json\/wp\/v2\/media?parent=5999"}],"wp:term":[{"taxonomy":"product_cat","embeddable":true,"href":"https:\/\/sklep.aveos.pl\/index.php\/wp-json\/wp\/v2\/product_cat?post=5999"},{"taxonomy":"product_tag","embeddable":true,"href":"https:\/\/sklep.aveos.pl\/index.php\/wp-json\/wp\/v2\/product_tag?post=5999"}],"curies":[{"name":"wp","href":"https:\/\/api.w.org\/{rel}","templated":true}]}}