{"id":6014,"date":"2021-05-14T17:13:21","date_gmt":"2021-05-14T15:13:21","guid":{"rendered":"http:\/\/sklep.aveos.pl\/?post_type=product&#038;p=6014"},"modified":"2022-07-14T16:03:46","modified_gmt":"2022-07-14T14:03:46","slug":"arrma-vorteks-3s-blx-110-4wd-rtr","status":"publish","type":"product","link":"https:\/\/sklep.aveos.pl\/index.php\/produkt\/arrma-vorteks-3s-blx-110-4wd-rtr\/","title":{"rendered":"Arrma Vorteks 3S BLX 1:10 4WD RTR"},"content":{"rendered":"\r\n<h3>Charakterystyka<\/h3>\r\n\r\n\r\n\r\n<p>Bardzo mocny model RC auta\u00a0<strong>Arrma Vorteks 3S BLX<\/strong>\u00a0w skali 1:10 z nap\u0119dem 4WD jest najszybszym i najbardziej zaawansowanym modelem ARRMA\u00ae dla podniesienia poziomu adrenaliny. Auto z zaletami inteligentnej elektroniki\u00a0<strong>Spektrum&#x2122; Smart i elektronicznej stabilizacji AVC<\/strong>. Tr\u00f3jfazowy nap\u0119d, dla 2-3S LiPol, nadajnik Spektrum&#x2122; 2.4GHz DX3 Smart DSMR\u00ae , odbiornik Spektrum&#x2122; SR6200A AVC\u00ae. W zestawie\u00a0<strong>nie znajduje si\u0119<\/strong>\u00a0akumulator LiPol, kompatybilna \u0142adowarka oraz 4 baterie AA do nadajnika<\/p>\r\n\r\n\r\n\r\n<figure class=\"wp-block-image size-large\"><img loading=\"lazy\" width=\"1000\" height=\"403\" class=\"wp-image-6015\" src=\"http:\/\/sklep.aveos.pl\/wp-content\/uploads\/2021\/05\/ARA4305V3_a02.jpg\" alt=\"\" srcset=\"https:\/\/sklep.aveos.pl\/wp-content\/uploads\/2021\/05\/ARA4305V3_a02.jpg 1000w, https:\/\/sklep.aveos.pl\/wp-content\/uploads\/2021\/05\/ARA4305V3_a02-300x121.jpg 300w, https:\/\/sklep.aveos.pl\/wp-content\/uploads\/2021\/05\/ARA4305V3_a02-768x310.jpg 768w, https:\/\/sklep.aveos.pl\/wp-content\/uploads\/2021\/05\/ARA4305V3_a02-180x73.jpg 180w, https:\/\/sklep.aveos.pl\/wp-content\/uploads\/2021\/05\/ARA4305V3_a02-400x161.jpg 400w, https:\/\/sklep.aveos.pl\/wp-content\/uploads\/2021\/05\/ARA4305V3_a02-600x242.jpg 600w\" sizes=\"(max-width: 1000px) 100vw, 1000px\" \/><\/figure>\r\n\r\n\r\n\r\n<p>Potrzebny jest mocny model w teren i do jazdy na zewn\u0105trz? Auto Arrma VORTEKS Stadium Truck z zainstalowanym silnikiem tr\u00f3jfazowym Spektrum&#x2122; Firma&#x2122; 3200Kv 2S\/3S LiPol. VORTEKS&#x2122; mo\u017ce wyjecha\u0107 na tor zaraz po wypakowaniu z pude\u0142ka. Do auta trzeba w\u0142o\u017cy\u0107 w\u0142asny sprawdzony akumulator (min. 500mAh), do zwyk\u0142ej jazdy wystarczy 2S LiPol. Kiedy zajdzie potrzeba oi\u0105gni\u0119cia naprawd\u0119 wysokiej pr\u0119dko\u015bci, wtedy mo\u017cna zastosowa\u0107 3S LiPol z opcjonaln\u0105 z\u0119batk\u0105 i cieszy\u0107 si\u0119 pr\u0119dko\u015bci\u0105 ok 100km\/h!<\/p>\r\n\r\n\r\n\r\n<figure class=\"wp-block-gallery columns-1 is-cropped\">\r\n<ul class=\"blocks-gallery-grid\">\r\n<li class=\"blocks-gallery-item\">\r\n<figure><img loading=\"lazy\" width=\"1000\" height=\"409\" class=\"wp-image-6016\" src=\"http:\/\/sklep.aveos.pl\/wp-content\/uploads\/2021\/05\/ARA4305V3_a03.jpg\" alt=\"\" data-id=\"6016\" data-full-url=\"http:\/\/sklep.aveos.pl\/wp-content\/uploads\/2021\/05\/ARA4305V3_a03.jpg\" data-link=\"http:\/\/sklep.aveos.pl\/?attachment_id=6016\" srcset=\"https:\/\/sklep.aveos.pl\/wp-content\/uploads\/2021\/05\/ARA4305V3_a03.jpg 1000w, https:\/\/sklep.aveos.pl\/wp-content\/uploads\/2021\/05\/ARA4305V3_a03-300x123.jpg 300w, https:\/\/sklep.aveos.pl\/wp-content\/uploads\/2021\/05\/ARA4305V3_a03-768x314.jpg 768w, https:\/\/sklep.aveos.pl\/wp-content\/uploads\/2021\/05\/ARA4305V3_a03-400x164.jpg 400w, https:\/\/sklep.aveos.pl\/wp-content\/uploads\/2021\/05\/ARA4305V3_a03-600x245.jpg 600w\" sizes=\"(max-width: 1000px) 100vw, 1000px\" \/><\/figure>\r\n<\/li>\r\n<\/ul>\r\n<\/figure>\r\n\r\n\r\n\r\n<p>Sprawdzona wytrzyma\u0142a platforma ARRMA\u00ae 4X4 umo\u017cliwi jazd\u0119 z du\u017c\u0105 pr\u0119dko\u015bci\u0105 prawie w jakimkolwiek \u015brodowisku &#8211; w terenie, na \u017cwirze i trawie, na parkingach oraz na utwardzonych i asfaltowych powierzchniach. Wytrzyma\u0142o\u015b\u0107 karoserii pochodzi z mocnego kompozytowego podwozia, z podwy\u017cszeniem chroni\u0105cym przed nieczysto\u015bciami, olejowe amortyzatory z silikonowymi O-ringami, dyferencja\u0142y z metalow\u0105 przek\u0142adni\u0105 i in. Solidne opony z dobr\u0105 trakcj\u0105 dBoots\u00ae Katar&#x2122; s\u0105 zamontowane na wytrzyma\u0142ych, metalizowanych felgach i wyra\u017anie przyczyniaj\u0105 nie jego niepohamowanej mocy. Model VORTEKS&#x2122; 4X4 3S BLX zawiera r\u00f3wnie\u017c eleganck\u0105 now\u0105 karoseri\u0119 Stadium Truck z wytrzyma\u0142ym skrzyd\u0142em i ochronnymi relingami na dachu.<\/p>\r\n\r\n\r\n\r\n<figure class=\"wp-block-image size-large\"><img loading=\"lazy\" width=\"1000\" height=\"425\" class=\"wp-image-6017\" src=\"http:\/\/sklep.aveos.pl\/wp-content\/uploads\/2021\/05\/ARA4305V3_a01.jpg\" alt=\"\" srcset=\"https:\/\/sklep.aveos.pl\/wp-content\/uploads\/2021\/05\/ARA4305V3_a01.jpg 1000w, https:\/\/sklep.aveos.pl\/wp-content\/uploads\/2021\/05\/ARA4305V3_a01-300x128.jpg 300w, https:\/\/sklep.aveos.pl\/wp-content\/uploads\/2021\/05\/ARA4305V3_a01-768x326.jpg 768w, https:\/\/sklep.aveos.pl\/wp-content\/uploads\/2021\/05\/ARA4305V3_a01-180x77.jpg 180w, https:\/\/sklep.aveos.pl\/wp-content\/uploads\/2021\/05\/ARA4305V3_a01-400x170.jpg 400w, https:\/\/sklep.aveos.pl\/wp-content\/uploads\/2021\/05\/ARA4305V3_a01-600x255.jpg 600w\" sizes=\"(max-width: 1000px) 100vw, 1000px\" \/><\/figure>\r\n\r\n\r\n\r\n<p>Firma ARRMA\u00ae wyposa\u017cy\u0142a model auta VORTEKS&#x2122; Stadium Truck w zaawansowan\u0105 wyczynow\u0105 elektronik\u0105 Spektrum&#x2122;, z kt\u00f3r\u0105 zabezpiecza maksymalne bezpiecze\u0144stwo u\u017cytkowania. Z nadajnikiem Spektrum DX3 DSMR\u00ae 2,4 GHz, odbiornikiem SR6200A i regulatorem Firma&#x2122; 100A, jest pierwszym modelem ARRMA\u00ae w skali 1:10 4WD, kt\u00f3ry oferuje korzy\u015bci elektronicznej stabilizacji jazdy AVC\u00ae (Active Vehicle Control\u00ae) a technologie SMART.<\/p>\r\n\r\n\r\n\r\n<p>Dzi\u0119ki systemowi kontroli trakcji AVC\u00ae, mo\u017cna wg. potrzeby ustawi\u0107 potrzebny poziom stabilizacji podczas jazdy, bez konieczno\u015bci przerywania jazdy. Dzi\u0119ki temu kierowca ma wysoki stopie\u0144 poczucia bezpiecze\u0144stwa podczas jazdy na pe\u0142nym gazie na nier\u00f3wnym terenie, \u015bliskiej powierzchni lub asfalcie. Je\u015bli nie potrzeba ekstra trakcji, po prostu prze\u0142\u0105cznikiem mo\u017cna wy\u0142\u0105czy\u0107 stabilizacj\u0119. System AVC\u00ae pracuje w tle i wykonuje setki korekt sterowania gazu w ci\u0105gu sekundy, aby auto VORTEKS&#x2122; Stadium Truck trzyma\u0142o si\u0119 precyzyjnie na torze, kt\u00f3rym ma jecha\u0107.<\/p>\r\n\r\n\r\n\r\n<p>ARRMA\u00ae VORTEKS&#x2122; 4X4 3S BLX Stadium Truck RTR przedstawia najwy\u017cszy poziom pr\u0119dko\u015bci i technologii, jakie s\u0105 obecnie stosowane w sprawdzonej, twardej platformie ARRMA\u00ae 4X4. Dla kierowc\u00f3w Off-Road, kt\u00f3rzy chc\u0105 to najlepsze i doceni\u0105 doskona\u0142y produkt, jest to, czego szukaj\u0105.<\/p>\r\n\r\n\r\n\r\n<figure class=\"wp-block-image size-large\"><img loading=\"lazy\" width=\"1000\" height=\"415\" class=\"wp-image-6018\" src=\"http:\/\/sklep.aveos.pl\/wp-content\/uploads\/2021\/05\/ARA4305V3_a04.jpg\" alt=\"\" srcset=\"https:\/\/sklep.aveos.pl\/wp-content\/uploads\/2021\/05\/ARA4305V3_a04.jpg 1000w, https:\/\/sklep.aveos.pl\/wp-content\/uploads\/2021\/05\/ARA4305V3_a04-300x125.jpg 300w, https:\/\/sklep.aveos.pl\/wp-content\/uploads\/2021\/05\/ARA4305V3_a04-768x319.jpg 768w, https:\/\/sklep.aveos.pl\/wp-content\/uploads\/2021\/05\/ARA4305V3_a04-180x75.jpg 180w, https:\/\/sklep.aveos.pl\/wp-content\/uploads\/2021\/05\/ARA4305V3_a04-400x166.jpg 400w, https:\/\/sklep.aveos.pl\/wp-content\/uploads\/2021\/05\/ARA4305V3_a04-600x249.jpg 600w\" sizes=\"(max-width: 1000px) 100vw, 1000px\" \/><\/figure>\r\n\r\n\r\n\r\n<h4>W\u0142asno\u015bci modelu Vorteks 3S BLX<\/h4>\r\n\r\n\r\n\r\n<ul>\r\n<li>Karoseria Stadium Truck ze sztywnym skrzyd\u0142em i ochronnymi relingami dachowymi<\/li>\r\n<li>Regulowane uchwyty karoserii<\/li>\r\n<li>Opony o wysokiej trakcji dBoots\u00ae Katar&#x2122; zamontowane na trwa\u0142ych kolorowych felgach<\/li>\r\n<li>Tr\u00f3jfazowy silnik Spektrum&#x2122; 3660 3200kv z radiatorem ARRMA\u00ae i wentylatorem z z\u0119batk\u0105 Safe D<\/li>\r\n<li>Tr\u00f3jfazowy regulator Spektrum&#x2122; Firma&#x2122; 100A Smart<\/li>\r\n<li>Nadajnik Spektrum&#x2122; 2,4GHz DX3 z odbiornikiem SR6200A SMART, AVC\u00ae (Active Vehicle Control\u00ae)<\/li>\r\n<li>Serwo z metalow\u0105 przek\u0142adni\u0105 Spektrum&#x2122; SPMS651<\/li>\r\n<li>Sztywne i wytrzymale kompozytowe podwozie z wy\u017cszymi bocznymi os\u0142onami podwozia chroni\u0105cymi przed nieczysto\u015bciami<\/li>\r\n<li>\u0141atwo dost\u0119pna konstrukcja modu\u0142owa<\/li>\r\n<li>Regulowane napinacze<\/li>\r\n<li>Regulowany prze\u015bwit podwozia<\/li>\r\n<li>Kompletnie wyposa\u017cone w \u0142o\u017cyska kulkowe z gumowymi os\u0142onami<\/li>\r\n<li>Mocne metalowe ko\u0142a z\u0119bate dyferencja\u0142\u00f3w 37T 1,35 oraz silikonowe O-ringi<\/li>\r\n<li>Podw\u00f3jne zawieszenie trapezowe z przodu i z ty\u0142u<\/li>\r\n<li>Amortyzatory wype\u0142nione olejem z silikonowymi O-ringami<\/li>\r\n<\/ul>\r\n\r\n\r\n\r\n<div class=\"wp-block-group\">\r\n<div class=\"wp-block-group__inner-container\">\r\n<div class=\"wp-block-group\">\r\n<div class=\"wp-block-group__inner-container\">\r\n<figure class=\"wp-block-gallery aligncenter columns-3 is-cropped\">\r\n<ul class=\"blocks-gallery-grid\">\r\n<li class=\"blocks-gallery-item\">\r\n<figure><img loading=\"lazy\" width=\"500\" height=\"316\" class=\"wp-image-6022\" src=\"http:\/\/sklep.aveos.pl\/wp-content\/uploads\/2021\/05\/ARA4305V3_b02.jpg\" alt=\"\" data-id=\"6022\" data-full-url=\"http:\/\/sklep.aveos.pl\/wp-content\/uploads\/2021\/05\/ARA4305V3_b02.jpg\" data-link=\"http:\/\/sklep.aveos.pl\/?attachment_id=6022\" srcset=\"https:\/\/sklep.aveos.pl\/wp-content\/uploads\/2021\/05\/ARA4305V3_b02.jpg 500w, https:\/\/sklep.aveos.pl\/wp-content\/uploads\/2021\/05\/ARA4305V3_b02-300x190.jpg 300w, https:\/\/sklep.aveos.pl\/wp-content\/uploads\/2021\/05\/ARA4305V3_b02-400x253.jpg 400w\" sizes=\"(max-width: 500px) 100vw, 500px\" \/><\/figure>\r\n<\/li>\r\n<li class=\"blocks-gallery-item\">\r\n<figure><img loading=\"lazy\" width=\"500\" height=\"316\" class=\"wp-image-6023\" src=\"http:\/\/sklep.aveos.pl\/wp-content\/uploads\/2021\/05\/ARA4305V3_b01-3.jpg\" alt=\"\" data-id=\"6023\" data-full-url=\"http:\/\/sklep.aveos.pl\/wp-content\/uploads\/2021\/05\/ARA4305V3_b01-3.jpg\" data-link=\"http:\/\/sklep.aveos.pl\/?attachment_id=6023\" srcset=\"https:\/\/sklep.aveos.pl\/wp-content\/uploads\/2021\/05\/ARA4305V3_b01-3.jpg 500w, https:\/\/sklep.aveos.pl\/wp-content\/uploads\/2021\/05\/ARA4305V3_b01-3-300x190.jpg 300w, https:\/\/sklep.aveos.pl\/wp-content\/uploads\/2021\/05\/ARA4305V3_b01-3-400x253.jpg 400w\" sizes=\"(max-width: 500px) 100vw, 500px\" \/><\/figure>\r\n<\/li>\r\n<li class=\"blocks-gallery-item\">\r\n<figure><img loading=\"lazy\" width=\"500\" height=\"316\" class=\"wp-image-6025\" src=\"http:\/\/sklep.aveos.pl\/wp-content\/uploads\/2021\/05\/ARA4305V3_b03.jpg\" alt=\"\" data-id=\"6025\" data-full-url=\"http:\/\/sklep.aveos.pl\/wp-content\/uploads\/2021\/05\/ARA4305V3_b03.jpg\" data-link=\"http:\/\/sklep.aveos.pl\/?attachment_id=6025\" srcset=\"https:\/\/sklep.aveos.pl\/wp-content\/uploads\/2021\/05\/ARA4305V3_b03.jpg 500w, https:\/\/sklep.aveos.pl\/wp-content\/uploads\/2021\/05\/ARA4305V3_b03-300x190.jpg 300w, https:\/\/sklep.aveos.pl\/wp-content\/uploads\/2021\/05\/ARA4305V3_b03-400x253.jpg 400w\" sizes=\"(max-width: 500px) 100vw, 500px\" \/><\/figure>\r\n<\/li>\r\n<li class=\"blocks-gallery-item\">\r\n<figure><img loading=\"lazy\" width=\"500\" height=\"316\" class=\"wp-image-6026\" src=\"http:\/\/sklep.aveos.pl\/wp-content\/uploads\/2021\/05\/ARA4305V3_b04.jpg\" alt=\"\" data-id=\"6026\" data-full-url=\"http:\/\/sklep.aveos.pl\/wp-content\/uploads\/2021\/05\/ARA4305V3_b04.jpg\" data-link=\"http:\/\/sklep.aveos.pl\/?attachment_id=6026\" srcset=\"https:\/\/sklep.aveos.pl\/wp-content\/uploads\/2021\/05\/ARA4305V3_b04.jpg 500w, https:\/\/sklep.aveos.pl\/wp-content\/uploads\/2021\/05\/ARA4305V3_b04-300x190.jpg 300w, https:\/\/sklep.aveos.pl\/wp-content\/uploads\/2021\/05\/ARA4305V3_b04-400x253.jpg 400w\" sizes=\"(max-width: 500px) 100vw, 500px\" \/><\/figure>\r\n<\/li>\r\n<\/ul>\r\n<\/figure>\r\n<\/div>\r\n<\/div>\r\n<\/div>\r\n<\/div>\r\n\r\n\r\n\r\n<h4>Sztywne podwozie kompozytowe<\/h4>\r\n\r\n\r\n\r\n<p>Do element\u00f3w, kt\u00f3re przyczyniaj\u0105 si\u0119 do niepowstrzymanej wydajno\u015bci platformy 4X4 3S BLX, nale\u017cy mocniejsze kompozytowe podwozie i aluminiowe p\u0142ytki mocuj\u0105ce czop\u00f3w zawiesze\u0144. Konstrukcja podwozia jest u\u0142o\u017cona w sprawdzonym uk\u0142adzie komponent\u00f3w tak, aby osi\u0105gni\u0119to idealne wywa\u017cenie. Wa\u0142 nap\u0119dowy w \u015brodku, akumulator na jednej a elektronika na drugiej stronie. Ca\u0142e podwozie jest dodatkowo wyposa\u017cone w wy\u017csze os\u0142ony boczne, kt\u00f3re ograniczaj\u0105 wnikanie nieczysto\u015bci do wn\u0119trza podwozia. Akumulator jest pewnie zamocowany w miejscu za pomoc\u0105 opasek.<\/p>\r\n\r\n\r\n\r\n<h4>Modularna koncepcja<\/h4>\r\n\r\n\r\n\r\n<p>VORTEKS&#x2122; 4X4 3S BLX Stadium Truck RTR posiada wygodn\u0105 koncepcj\u0119 modu\u0142ow\u0105 ARRMA\u00ae. Dzi\u0119ki \u0142atwo demontowalnym modu\u0142om silnika, elektroniki i dyferencja\u0142\u00f3w, rutynowa obs\u0142uga jest szybka i \u0142atwa. Modu\u0142 silnika z podwozia demontuje si\u0119 jako kompletna jednostka, odkr\u0119ceniem jednej \u015bruby. Modu\u0142 elektroniki tworzy wodoodporna komora odbiornika, p\u0142yta serwa i mocowanie regulatora. Po demonta\u017cu modu\u0142u silnika, mo\u017cna \u0142atwo dotrze\u0107 do sprz\u0119g\u0142a ciernego i wykona\u0107 serwis przez odkr\u0119cenie trzech \u015brub mocuj\u0105cych obudow\u0119 przek\u0142adni.<\/p>\r\n\r\n\r\n\r\n<h4>Modu\u0142 elektroniki<\/h4>\r\n\r\n\r\n\r\n<p>Modu\u0142 elektroniki tworzy wodoodporna komora odbiornika, p\u0142yta serwaoraz mocowanie regulatora. Ca\u0142o\u015b\u0107 si\u0119 demontuje od podwozia i jest do dyspozycji na potrzeby obs\u0142ugi i serwisu.<\/p>\r\n\r\n\r\n\r\n<h4>Modu\u0142 dyferencja\u0142\u00f3w<\/h4>\r\n\r\n\r\n\r\n<p>Arrma Vorteks 3S BLX posiada przedni i tylny dyferencja\u0142, kt\u00f3ry zapewnia maksymaln\u0105 trakcj\u0119. Dyferencja\u0142y s\u0105 osadzone wysokiej jako\u015bci metalowymi ko\u0142ami z\u0119batymi dla bezproblemowej pracy. Do wyj\u0119cia przedniego i tylnego dyferencja\u0142u nale\u017cy odkr\u0119ci\u0107 tylko osiem \u015brub. Modu\u0142 nap\u0119du mo\u017cna po\u017aniej od\u0142\u0105czy\u0107, co umo\u017cliwi wyj\u0119cie skrzyni przek\u0142adni i uzyska\u0107 dost\u0119p do dyferencja\u0142u.<\/p>\r\n\r\n\r\n\r\n<div class=\"wp-block-image\">\r\n<figure class=\"aligncenter size-large\"><img loading=\"lazy\" width=\"500\" height=\"316\" class=\"wp-image-6029\" src=\"http:\/\/sklep.aveos.pl\/wp-content\/uploads\/2021\/05\/ARA4305V3_b05-1.jpg\" alt=\"\" srcset=\"https:\/\/sklep.aveos.pl\/wp-content\/uploads\/2021\/05\/ARA4305V3_b05-1.jpg 500w, https:\/\/sklep.aveos.pl\/wp-content\/uploads\/2021\/05\/ARA4305V3_b05-1-300x190.jpg 300w, https:\/\/sklep.aveos.pl\/wp-content\/uploads\/2021\/05\/ARA4305V3_b05-1-180x114.jpg 180w, https:\/\/sklep.aveos.pl\/wp-content\/uploads\/2021\/05\/ARA4305V3_b05-1-400x253.jpg 400w\" sizes=\"(max-width: 500px) 100vw, 500px\" \/><\/figure>\r\n<\/div>\r\n\r\n\r\n\r\n<p>&nbsp;<\/p>\r\n\r\n\r\n\r\n<h4>Felgi i opony<\/h4>\r\n\r\n\r\n\r\n<p class=\"has-text-align-center\">Uniwersalne, wentylowane opony dBoots\u00ae Katar&#x2122; s\u0105 zamontowane na wytrzyma\u0142ych nylonowych felgach w kolorze Gun Metal. Opony zapewniaj\u0105 agresywn\u0105 przyczepno\u015b\u0107 i \u0142atw\u0105 sterowno\u015b\u0107 w ka\u017cdych warunkach i wykonane s\u0105 z wysokiej jako\u015bci gumy dla d\u0142ugiej \u017cywotno\u015bci.<img loading=\"lazy\" width=\"500\" height=\"316\" class=\"wp-image-6027\" style=\"width: 150px;\" src=\"http:\/\/sklep.aveos.pl\/wp-content\/uploads\/2021\/05\/ARA4305V3_b05.jpg\" alt=\"\" srcset=\"https:\/\/sklep.aveos.pl\/wp-content\/uploads\/2021\/05\/ARA4305V3_b05.jpg 500w, https:\/\/sklep.aveos.pl\/wp-content\/uploads\/2021\/05\/ARA4305V3_b05-300x190.jpg 300w, https:\/\/sklep.aveos.pl\/wp-content\/uploads\/2021\/05\/ARA4305V3_b05-180x114.jpg 180w, https:\/\/sklep.aveos.pl\/wp-content\/uploads\/2021\/05\/ARA4305V3_b05-400x253.jpg 400w\" sizes=\"(max-width: 500px) 100vw, 500px\" \/><\/p>\r\n\r\n\r\n\r\n<h4>Karoseria Stadium Truck<\/h4>\r\n\r\n\r\n\r\n<p>Elegancka karoseriaStadium Truck posiada sztywny spojler i ochronne relingi dachowe. Karoserie s\u0105 do dyspozycji w trzech eleganckich i kombinacjach kolororystycznych. Przedni i tylny zderzak chroni karoseri\u0119 przed uderzeniami a k\u00f3\u0142ka wheelie zapewniaj\u0105 oparcie podczas akrobacji kaskaderskich podczas jazdy na tylnych ko\u0142ach.<\/p>\r\n\r\n\r\n\r\n<p class=\"has-text-align-center\"><img loading=\"lazy\" width=\"500\" height=\"316\" class=\"wp-image-6028\" style=\"width: 150px;\" src=\"http:\/\/sklep.aveos.pl\/wp-content\/uploads\/2021\/05\/ARA4305V3_b06.jpg\" alt=\"\" srcset=\"https:\/\/sklep.aveos.pl\/wp-content\/uploads\/2021\/05\/ARA4305V3_b06.jpg 500w, https:\/\/sklep.aveos.pl\/wp-content\/uploads\/2021\/05\/ARA4305V3_b06-300x190.jpg 300w, https:\/\/sklep.aveos.pl\/wp-content\/uploads\/2021\/05\/ARA4305V3_b06-180x114.jpg 180w, https:\/\/sklep.aveos.pl\/wp-content\/uploads\/2021\/05\/ARA4305V3_b06-400x253.jpg 400w\" sizes=\"(max-width: 500px) 100vw, 500px\" \/><\/p>\r\n\r\n\r\n\r\n<h3>Polecamy zakup<\/h3>\r\n\r\n\r\n\r\n<p>Do uruchomienia modelu potrzeba 4x baterie AA do nadajnika, akumulator nap\u0119dowy oraz adekwatn\u0105 \u0142adowark\u0119 akumulator\u00f3w nap\u0119dowych.<\/p>\r\n\r\n\r\n\r\n<p>Model mo\u017ce by\u0107 zasilany z 2 do 3 ogniwowych akumulator\u00f3w LiPol lub 7-ogniwowych akumulator\u00f3w NiMH. Akumulator powinien by\u0107 wyposa\u017cony w z\u0142\u0105cze EC5 lub IC5.<\/p>\r\n\r\n\r\n\r\n<p>Do normalnej jazdy polecamy 2-ogniwowy akumulator LiPo (2S 7,4 V).<\/p>\r\n\r\n\r\n\r\n<p>Dla maksymalnej mo\u017cliwej pr\u0119dko\u015bci akumulator LiPo (3S 11,1V )<\/p>\r\n\r\n\r\n\r\n<h4>Zalecane akumulatory NiMH<\/h4>\r\n\r\n\r\n\r\n<p>Akumulatory NiMH nie wymagaj\u0105 precyzyjnej obs\u0142ugi i dlatego s\u0105 odpowiednie, je\u015bli model samochodu RC jest obs\u0142ugiwany przez dzieci (akumulatory NiMH nie ulegaj\u0105 zniszczeniu w wyniku ca\u0142kowitego roz\u0142adowania). Jednak akumulatory NiMH maj\u0105 mniejsz\u0105 pojemno\u015b\u0107, wi\u0119c czas jazdy b\u0119dzie nieco kr\u00f3tszy.<\/p>\r\n\r\n\r\n\r\n<p>Przed zakupem prosimy o kontakt pod nr 502 237 604 w celu uzyskania dodatkowych informacji oraz sprawdzenia dost\u0119pno\u015bci wybranego modelu lub koloru<\/p>\r\n","protected":false},"excerpt":{"rendered":"<p>Charakterystyka Bardzo mocny model RC auta\u00a0Arrma Vorteks 3S BLX\u00a0w skali 1:10 z nap\u0119dem 4WD jest najszybszym i najbardziej zaawansowanym modelem ARRMA\u00ae dla podniesienia poziomu adrenaliny. Auto z zaletami inteligentnej elektroniki\u00a0Spektrum&#x2122; Smart i elektronicznej stabilizacji AVC. Tr\u00f3jfazowy nap\u0119d, dla 2-3S LiPol, nadajnik Spektrum&#x2122; 2.4GHz DX3 Smart DSMR\u00ae , odbiornik Spektrum&#x2122; SR6200A AVC\u00ae. W zestawie\u00a0nie znajduje si\u0119\u00a0akumulator&#8230;<\/p>\n","protected":false},"featured_media":6030,"comment_status":"open","ping_status":"closed","template":"","meta":{"_s2mail":"yes"},"product_cat":[487,497,484],"product_tag":[886,570,572],"_links":{"self":[{"href":"https:\/\/sklep.aveos.pl\/index.php\/wp-json\/wp\/v2\/product\/6014"}],"collection":[{"href":"https:\/\/sklep.aveos.pl\/index.php\/wp-json\/wp\/v2\/product"}],"about":[{"href":"https:\/\/sklep.aveos.pl\/index.php\/wp-json\/wp\/v2\/types\/product"}],"replies":[{"embeddable":true,"href":"https:\/\/sklep.aveos.pl\/index.php\/wp-json\/wp\/v2\/comments?post=6014"}],"wp:featuredmedia":[{"embeddable":true,"href":"https:\/\/sklep.aveos.pl\/index.php\/wp-json\/wp\/v2\/media\/6030"}],"wp:attachment":[{"href":"https:\/\/sklep.aveos.pl\/index.php\/wp-json\/wp\/v2\/media?parent=6014"}],"wp:term":[{"taxonomy":"product_cat","embeddable":true,"href":"https:\/\/sklep.aveos.pl\/index.php\/wp-json\/wp\/v2\/product_cat?post=6014"},{"taxonomy":"product_tag","embeddable":true,"href":"https:\/\/sklep.aveos.pl\/index.php\/wp-json\/wp\/v2\/product_tag?post=6014"}],"curies":[{"name":"wp","href":"https:\/\/api.w.org\/{rel}","templated":true}]}}