{"id":6049,"date":"2021-05-20T17:28:47","date_gmt":"2021-05-20T15:28:47","guid":{"rendered":"http:\/\/sklep.aveos.pl\/?post_type=product&#038;p=6049"},"modified":"2024-12-03T10:23:04","modified_gmt":"2024-12-03T09:23:04","slug":"mavic-air-2s","status":"publish","type":"product","link":"https:\/\/sklep.aveos.pl\/index.php\/produkt\/mavic-air-2s\/","title":{"rendered":"DJI Air 2S Fly More Combo"},"content":{"rendered":"<p>&nbsp;<\/p>\n<p>DJI Air 2S ma wszystko, czego mo\u017cesz oczekiwa\u0107 od drona. Lekki i sk\u0142adany \u2013 doskonale sprawdzi si\u0119 w podr\u00f3\u017cy i nie tylko. Umo\u017cliwia tworzenie doskona\u0142ej jako\u015bci zdj\u0119\u0107 i film\u00f3w nawet 5.4K, a jego inteligentne funkcje pozwalaj\u0105 wykonywa\u0107 niesamowite uj\u0119cia w kilka chwil. Zaawansowany system O3 zapewnia niezawodn\u0105 transmisj\u0119 obrazu FHD na odleg\u0142o\u015b\u0107 do 8 km, a dzi\u0119ki 4-kierunkowemu wykrywaniu przeszk\u00f3d mo\u017cesz cieszy\u0107 si\u0119 zwi\u0119kszonym bezpiecze\u0144stwem lotu. Sprawd\u017a, czym jeszcze zaskoczy Ci\u0119 ten prze\u0142omowy dron.<\/p>\n<p>&nbsp;<\/p>\n<p>&nbsp;<\/p>\n<h3>Pot\u0119ga obrazowania<\/h3>\n<p>DJI Air 2S zosta\u0142 wyposa\u017cony w matryc\u0119 CMOS 1\u2033, kt\u00f3ra umo\u017cliwia wykonywanie wspania\u0142ych zdj\u0119\u0107 20 MP. Za pomoc\u0105 tego wyj\u0105tkowego drona nagrasz te\u017c filmy 5.4K\/30FPS oraz 4K\/60FPS. Doskona\u0142\u0105 jako\u015b\u0107 obrazu gwarantuj\u0105 tak\u017ce du\u017ce piksele 2,4 \u00b5m. Uchwy\u0107 ka\u017cd\u0105 chwil\u0119 i zachwy\u0107 si\u0119 niesamowitym bogactwem szczeg\u00f3\u0142\u00f3w!<\/p>\n<p>&nbsp;<\/p>\n<p>&nbsp;<\/p>\n<p>&nbsp;<\/p>\n<p>&nbsp;<\/p>\n<h3>Fantastyczne obrazy niezale\u017cnie od warunk\u00f3w<\/h3>\n<p>\u015awiat jest pi\u0119kny r\u00f3wnie\u017c po zmroku. DJI Air 2S pozwoli Ci wykonywa\u0107 zachwycaj\u0105ce uj\u0119cia nawet w nocy \u2013 jest to mo\u017cliwe dzi\u0119ki du\u017cej rozpi\u0119to\u015bci tonalnej i wysokiej rozdzielczo\u015bci. Urz\u0105dzenie doskonale odwzorowuje te\u017c barwy \u2013 10-bitowy profil kolorystyczny Dlog-M zapisuje nawet miliard odcieni. Co wi\u0119cej, inteligentna technologia HDR zapewnia bogactwo szczeg\u00f3\u0142\u00f3w i zwi\u0119kszon\u0105 g\u0142\u0119bi\u0119 obraz\u00f3w niezale\u017cnie od tego, w jakich warunkach zosta\u0142y wykonane. DJI Air 2S pozwala te\u017c zapisywa\u0107 zdj\u0119cia w formacie RAW, co daje wi\u0119cej mo\u017cliwo\u015bci podczas postprodukcji.<\/p>\n<p>&nbsp;<\/p>\n<p>&nbsp;<\/p>\n<p>&nbsp;<\/p>\n<p><img loading=\"lazy\" src=\"https:\/\/rcpro.pl\/data\/include\/cms\/12DJI\/Alpha\/03.jpg\" alt=\"\" width=\"1100\" height=\"700\" border=\"0\" \/><\/p>\n<p>&nbsp;<\/p>\n<p>&nbsp;<\/p>\n<p>&nbsp;<\/p>\n<h3>Inteligentne funkcje \u2013 tw\u00f3rz spektakularne uj\u0119cia w kilka chwil<\/h3>\n<p>Wystarczy jedno klikni\u0119cie, aby przyspieszy\u0107 czas \u2013 wypr\u00f3buj tryb Hyperlapse i zaskocz wszystkich efektownym uj\u0119ciem! Mo\u017cesz te\u017c przygotowa\u0107 zachwycaj\u0105c\u0105, szczeg\u00f3\u0142ow\u0105 panoram\u0119 180\u00b0, Wide Angle lub Sphere. To jednak nie niespodzianek! DJI Air 2S oferuje zupe\u0142nie nowe tryby MasterShots, kt\u00f3re umo\u017cliwiaj\u0105 tworzenie oryginalnych film\u00f3w bez najmniejszego wysi\u0142ku. Wska\u017c obiekt, kt\u00f3ry chcesz sfilmowa\u0107, a dron wykona sekwencj\u0119 10 manewr\u00f3w, przez ca\u0142y czas utrzymuj\u0105c go wewn\u0105trz kadru. To takie proste!<\/p>\n<p>&nbsp;<\/p>\n<p><img loading=\"lazy\" src=\"https:\/\/rcpro.pl\/data\/include\/cms\/12DJI\/Alpha\/04.jpg\" alt=\"\" width=\"1100\" height=\"700\" border=\"0\" \/><\/p>\n<h3><\/h3>\n<h3><\/h3>\n<h3>Ulepszone tryby \u015bledzenia &#8211; niczego nie stracisz z oczu<\/h3>\n<p>DJI Air 2S to r\u00f3wnie\u017c nowe tryby \u015bledzenia, kt\u00f3re oferuje FocusTrack. Uruchom Spotlight 2.0 \u2013 kamera drona pozostanie przez ca\u0142y czas skierowana w stron\u0119 wybranego obiektu, podczas gdy Ty mo\u017cesz wykonywa\u0107 zbli\u017cenia albo lata\u0107 po spirali. Chcesz sfilmowa\u0107 sw\u00f3j cel, okr\u0105\u017caj\u0105c go? Wybierz Point of Interest 3.0. A mo\u017ce zale\u017cy Ci na p\u0142ynnym \u015bledzeniu obiektu? W\u0142\u0105cz nowy ActiveTrack 4.0! Dron b\u0119dzie pod\u0105\u017ca\u0142 za wskazanym celem, unikaj\u0105c przeszk\u00f3d. Bez obaw &#8211; je\u015bli chwilowo straci go z pola widzenia, wznowi \u015bledzenie natychmiast, gdy zn\u00f3w b\u0119dzie to mo\u017cliwe.<\/p>\n<p><img loading=\"lazy\" src=\"https:\/\/rcpro.pl\/data\/include\/cms\/12DJI\/Alpha\/05.png\" alt=\"\" width=\"1100\" height=\"700\" border=\"0\" \/><\/p>\n<p>&nbsp;<\/p>\n<h3>Ciesz si\u0119 lotem bez obaw o ewentualne przeszkody<\/h3>\n<p>Nie martw si\u0119 o bezpiecze\u0144stwo lotu. DJI Air 2S oferuje ulepszone algorytmy systemu APAS 4.0 oraz kierunkowe wykrywanie przeszk\u00f3d, dzi\u0119ki czemu mo\u017ce ich skutecznie unika\u0107 nawet w najbardziej skomplikowanych scenariuszach i lataj\u0105c z du\u017c\u0105 pr\u0119dko\u015bci\u0105. Co wi\u0119cej, system AirSense wysy\u0142a do aplikacji DJI Fly ostrze\u017cenia o znajduj\u0105cych si\u0119 w pobli\u017cu samolotach i helikopterach. Bez problemu unikniesz wi\u0119c zderzenia.<\/p>\n<p><img loading=\"lazy\" src=\"https:\/\/rcpro.pl\/data\/include\/cms\/12DJI\/Alpha\/06.jpg\" alt=\"\" width=\"1100\" height=\"700\" border=\"0\" \/><\/p>\n<p>&nbsp;<\/p>\n<h3>Ultrap\u0142ynna transmisja obrazu<\/h3>\n<p>Co jeszcze wyr\u00f3\u017cnia DJI Air 2S? Najbardziej zaawansowany system transmisji obrazu! DJI O3 (OcuSync 3.0) mo\u017ce przesy\u0142a\u0107 wideo 1080p na odleg\u0142o\u015b\u0107 do nawet 8 km. Stabilno\u015b\u0107 sygna\u0142u zapewniaj\u0105 a\u017c 4 anteny i podw\u00f3jna cz\u0119stotliwo\u015b\u0107 2.4\/5.8 GHz. Ciesz si\u0119 niezawodn\u0105, p\u0142ynn\u0105 transmisj\u0105 i swobodnie eksploruj niebo!<\/p>\n<p><img loading=\"lazy\" src=\"https:\/\/rcpro.pl\/data\/include\/cms\/12DJI\/Alpha\/07.jpg\" alt=\"\" width=\"1100\" height=\"700\" border=\"0\" \/><\/p>\n<p>&nbsp;<\/p>\n<h3>Przydatne akcesoria &#8211; jeszcze wi\u0119cej mo\u017cliwo\u015bci<\/h3>\n<p>Dodatkowe akcesoria otworz\u0105 przed Tob\u0105 jeszcze wi\u0119cej mo\u017cliwo\u015bci tworzenia zachwycaj\u0105cych materia\u0142\u00f3w. Chcesz cieszy\u0107 si\u0119 wi\u0119ksz\u0105 swobod\u0105 lotu i nagrywania? Wybierz zestaw DJI Air 2S Fly More Combo, w sk\u0142ad kt\u00f3rego wchodz\u0105 mi\u0119dzy innymi 3 inteligentne akumulatory, hub \u0142adowania, torba na rami\u0119 oraz filtry ND 4\/8\/16\/32. To pozwoli Ci cieszy\u0107 si\u0119 d\u0142u\u017cszym czasem lotu, bezpiecznie transportowa\u0107 drona oraz tworzy\u0107 doskona\u0142ej jako\u015bci zdj\u0119cia i filmy niemal w ka\u017cdych warunkach o\u015bwietleniowych. Akcesoria mo\u017cna te\u017c kupi\u0107 osobno.<\/p>\n<p><img loading=\"lazy\" src=\"https:\/\/rcpro.pl\/data\/include\/cms\/12DJI\/Alpha\/08.png\" alt=\"\" width=\"1100\" height=\"700\" border=\"0\" \/><\/p>\n<p>&nbsp;<\/p>\n<h3>Specyfikacja<\/h3>\n<p>&nbsp;<\/p>\n<table>\n<tbody>\n<tr>\n<th>Masa ca\u0142kowita<\/th>\n<td>595 g<\/td>\n<\/tr>\n<tr>\n<th>Wymiary<\/th>\n<td>Z\u0142o\u017cony: 180x97x77 mm;<br \/>\nRoz\u0142o\u017cony: 183x253x77 mm<\/td>\n<\/tr>\n<tr>\n<th>Przek\u0105tna<\/th>\n<td>302 mm<\/td>\n<\/tr>\n<tr>\n<th>Maks. pr\u0119dko\u015b\u0107 wznoszenia<\/th>\n<td>6 m\/s (tryb S);<br \/>\n6 m\/s (tryb N)<\/td>\n<\/tr>\n<tr>\n<th>Maks. pr\u0119dko\u015b\u0107 opadania<\/th>\n<td>6 m\/s (tryb S);<br \/>\n6 m\/s (tryb N)<\/td>\n<\/tr>\n<tr>\n<th>Maks. pu\u0142ap<\/th>\n<td>5000 m<\/td>\n<\/tr>\n<tr>\n<th>Maks. czas lotu (w warunkach bezwietrznych)<\/th>\n<td>31 minut<\/td>\n<\/tr>\n<tr>\n<th>Maks. czas zawisu (w warunkach bezwietrznych)<\/th>\n<td>30 minut<\/td>\n<\/tr>\n<tr>\n<th>Maks. dystans lotu (w warunkach bezwietrznych)<\/th>\n<td>18,5 km (pr\u0119dko\u015b\u0107 przelotowa zosta\u0142a zoptymalizowana, aby uwzgl\u0119dni\u0107 pr\u0119dko\u015bci r\u00f3wnie 13,5 m\/s)<\/td>\n<\/tr>\n<tr>\n<th>Maks. pr\u0119dko\u015b\u0107<\/th>\n<td>19 m\/s (tryb S);<br \/>\n15 m\/s (tryb N);<br \/>\n5 m\/s (tryb T)<\/td>\n<\/tr>\n<tr>\n<th>Maks. odporno\u015b\u0107 na wiatr<\/th>\n<td>8,5-10,5 m\/s<\/td>\n<\/tr>\n<tr>\n<th>Maks. pochylenie w osi tilt<\/th>\n<td>35\u00b0 (tryb S);<br \/>\n25\u00b0 (tryb N), 35\u00b0 przy mocnym wietrze<\/td>\n<\/tr>\n<tr>\n<th>Maks. pr\u0119dko\u015b\u0107 k\u0105towa<\/th>\n<td>250\u00b0\/s (tryb S);<br \/>\n90\u00b0\/s (tryb N)<\/td>\n<\/tr>\n<tr>\n<th>Temperatura pracy<\/th>\n<td>od 0\u00b0C do 40\u00b0C (g\u00f3rne czujniki oraz AF kamery zostan\u0105 wy\u0142\u0105czone przy temperaturze -10\u00b0C i ni\u017cszej)<\/td>\n<\/tr>\n<tr>\n<th>Zakres cz\u0119stotliwo\u015bci<\/th>\n<td>2.4 GHz, 5.8 GHz<\/td>\n<\/tr>\n<tr>\n<th>Moc transmisji (EIRP)<\/th>\n<td>2.4 GHz: FCC: \u226430 dBm, CE: \u226420 dBm, SRRC: \u226420 dBm, MIC: \u226420 dBm;<br \/>\n5.8 GHz: FCC: \u226430 dBm, CE: \u226414 dBm, SRRC: \u226429 dBm<\/td>\n<\/tr>\n<tr>\n<th>Zakres dok\u0142adno\u015bci zawisu<\/th>\n<td>Pionowo: \u00b1 0,1 m (z pozycjonowaniem wizyjnym), \u00b1 0,5 m (z pozycjonowaniem GPS);<br \/>\nPoziomo: \u00b1 0,1 m (z pozycjonowaniem wizyjnym), \u00b1 1,5 m (z pozycjonowaniem GPS)<\/td>\n<\/tr>\n<tr>\n<th>\u015amig\u0142a<\/th>\n<td>Szybki monta\u017c, redukcja ha\u0142asu, sk\u0142adane<\/td>\n<\/tr>\n<tr>\n<th>Ramiona<\/th>\n<td>Sk\u0142adane<\/td>\n<\/tr>\n<tr>\n<th>System nawigowania<\/th>\n<td>GPS + GLONASS<\/td>\n<\/tr>\n<tr>\n<th>Kompas<\/th>\n<td>Pojedynczy kompas<\/td>\n<\/tr>\n<tr>\n<th>IMU<\/th>\n<td>Pojedyncze IMU<\/td>\n<\/tr>\n<tr>\n<th>Wbudowana pami\u0119\u0107<\/th>\n<td>8 GB<\/td>\n<\/tr>\n<tr>\n<th>Pojemno\u015b\u0107<\/th>\n<td>3500 mAh<\/td>\n<\/tr>\n<tr>\n<th>Napi\u0119cie<\/th>\n<td>11,55 V<\/td>\n<\/tr>\n<tr>\n<th>Maks. napi\u0119cie \u0142adowania<\/th>\n<td>13,2 V<\/td>\n<\/tr>\n<tr>\n<th>Typ akumulatora<\/th>\n<td>LiPo 3S<\/td>\n<\/tr>\n<tr>\n<th>Energia<\/th>\n<td>40,42 Wh<\/td>\n<\/tr>\n<tr>\n<th>Waga netto<\/th>\n<td>198 g<\/td>\n<\/tr>\n<tr>\n<th>Zakres temperatury \u0142adowania<\/th>\n<td>Od 5\u00b0C do 40\u00b0C<\/td>\n<\/tr>\n<tr>\n<th>Maks. moc \u0142adowania<\/th>\n<td>38 W<\/td>\n<\/tr>\n<tr>\n<th>Wbudowana bateria<\/th>\n<td>Nie dotyczy<\/td>\n<\/tr>\n<tr>\n<th>Matryca<\/th>\n<td>1&#8243; CMOS, efektywne piksele 20 MP, rozmiar piksela 2,4 \u03bcm<\/td>\n<\/tr>\n<tr>\n<th>Obiektyw<\/th>\n<td>FOV: 88\u00b0, AF, ekwiwalent ogniskowej dla formatu 35 mm: 22 mm, przys\u0142ona f\/2.8, zakres ostro\u015bci: 0,6 m do \u221e<\/td>\n<\/tr>\n<tr>\n<th>Zakres ISO<\/th>\n<td>Wideo: 100-6400 (Auto), 100-12800 (Manual);<br \/>\n10-Bit Dlog-M wideo: 100-1600 (Auto), 100-3200 (Manual);<br \/>\nFoto: 100-6400 (Auto), 100-12800 (Manual)<\/td>\n<\/tr>\n<tr>\n<th>Maks. rozdzielczo\u015b\u0107 zdj\u0119cia<\/th>\n<td>20 MP, 5472&#215;3648 (3:2), 5472&#215;3078 (16:9)<\/td>\n<\/tr>\n<tr>\n<th>Tryby fotografii<\/th>\n<td>Zdj\u0119cie pojedyncze: 20 MP;<br \/>\nZdj\u0119cia seryjne: 20 MP;<br \/>\nBracketing (AEB): 20 MP, 3\/5 klatek ze zmian\u0105 ekspozycji o 0,7 EV bias;<br \/>\nInterwa\u0142: 20 MP, 2\/3\/5\/7\/10\/15\/20\/30\/60 s;<br \/>\nSmartPhoto (w tym HDR oraz HyperLight): 20 MP;<br \/>\nPanoramy HDR: pionowa 3&#215;1: 3328&#215;8000, szeroka (3&#215;3): 8000&#215;6144, 180\u00b0 (3&#215;7): 8192&#215;4096;<br \/>\nJPEG\/DNG (RAW)<\/td>\n<\/tr>\n<tr>\n<th>Rozdzielczo\u015b\u0107 wideo<\/th>\n<td>5.4K: 5472&#215;3078 @ 24\/25\/30 FPS;<br \/>\n4K Ultra HD: 3840&#215;2160 @ 24\/25\/30\/48\/50\/60 FPS;<br \/>\n2.7K: 2688&#215;1512 @ 24\/25\/30\/48\/50\/60 FPS;<br \/>\nFHD: 1920&#215;1080 @ 24\/25\/30\/48\/50\/60\/120 FPS;<br \/>\nMP4\/MOV (H.264\/MPEG-4 AVC, H.265\/HEVC)<\/td>\n<\/tr>\n<tr>\n<th>Maks. pr\u0119dko\u015b\u0107 zapisu<\/th>\n<td>150 Mbps<\/td>\n<\/tr>\n<tr>\n<th>Wspierany system plik\u00f3w<\/th>\n<td>FAT32\/exFAT;<br \/>\nmicroSD (pojemno\u015b\u0107 do 256 GB)<\/td>\n<\/tr>\n<tr>\n<th>Zoom cyfrowy<\/th>\n<td>4K\/30FPS: 4x;<br \/>\n2.7K\/60FPS: 4x;<br \/>\n2.7K\/30FPS: 6x;<br \/>\n1080p\/60FPS: 6x;<br \/>\n1080p\/30FPS: 8x;<br \/>\nU\u017cywanie zooma nie jest mo\u017cliwe podczas nagrywania wideo 10-bitowego oraz wideo o klatkarzu 120FPS.<\/td>\n<\/tr>\n<tr>\n<th>Stabilizacja<\/th>\n<td>3-osiowa (tilt, roll, pan)<\/td>\n<\/tr>\n<tr>\n<th>Mechaniczny zakres kontroli<\/th>\n<td>Tilt: -135\u00b0 do 45\u00b0;<br \/>\nRoll: -45\u00b0 do 45\u00b0;<br \/>\nPan: -100\u00b0 do 100\u00b0<\/td>\n<\/tr>\n<tr>\n<th>O\u015b pan<\/th>\n<td>Sterowna<\/td>\n<\/tr>\n<tr>\n<th>Zakres kontroli<\/th>\n<td>Tilt: -90\u00b0 do 0\u00b0 (domy\u015blnie);<br \/>\n-90\u00b0 do 24\u00b0 (rozszerzony);<br \/>\nPan: -80\u00b0 do 80\u00b0<\/td>\n<\/tr>\n<tr>\n<th>Maks. pr\u0119dko\u015b\u0107 kontroli (tilt)<\/th>\n<td>100\u00b0\/s<\/td>\n<\/tr>\n<tr>\n<th>Zakres wibracji k\u0105towych<\/th>\n<td>\u00b10.01\u00b0<\/td>\n<\/tr>\n<tr>\n<th>Przedni czujnik<\/th>\n<td>Zakres precyzyjnego pomiaru: 0,35-22,0 m;<br \/>\nZakres wykrywania: 0,35 do 44 m;<br \/>\nEfektywna pr\u0119dko\u015b\u0107 wykrywania: \u226415 m\/s;<br \/>\nPole widzenia (FOV): 71\u00b0 (poziomo), 56\u00b0 (pionowo)<\/td>\n<\/tr>\n<tr>\n<th>Tylny czujnik<\/th>\n<td>Zakres precyzyjnego pomiaru: 0,37-23,4 m;<br \/>\nZakres wykrywania: 0,37 do 47,2 m;<br \/>\nEfektywna pr\u0119dko\u015b\u0107 wykrywania: 12 m\/s;<br \/>\nPole widzenia (FOV): 57\u00b0 (poziomo), 44\u00b0 (pionowo)<\/td>\n<\/tr>\n<tr>\n<th>Dolne czujniki<\/th>\n<td>Dost\u0119pne czujniki dolne: podw\u00f3jny system wizyjny + czujnik czasu lotu (ToF) + pojedynczy LED;<br \/>\nZakres wykrywania czujnika ToF: 0,1-8 m;<br \/>\nZakres zwisu: 0,5-30 m<\/td>\n<\/tr>\n<tr>\n<th>Lewy\/prawy<\/th>\n<td>Nie dotyczy<\/td>\n<\/tr>\n<tr>\n<th>G\u00f3rne czujniki<\/th>\n<td>Zakres precyzyjnego pomiaru: 0,34-28,6 m;<br \/>\nPole widzenia (FOV): 78\u00b0 (poziomo), 63\u00b0 (pionowo)<\/td>\n<\/tr>\n<tr>\n<th>Dolne \u015bwiat\u0142o pomocnicze<\/th>\n<td>Pojedynczy LED<\/td>\n<\/tr>\n<tr>\n<th>System transmisji<\/th>\n<td>O3, 2.4 GHz\/5.8 GHz, zmiana automatyczna (kompatybilny z OcuSync 2.0), 4 anteny 2T4R<\/td>\n<\/tr>\n<tr>\n<th>Maks. odleg\u0142o\u015b\u0107 transmisji<\/th>\n<td>12 km (FCC), 8 km (CE), 8 km (SRRC), 8 km (MIC)<\/td>\n<\/tr>\n<tr>\n<th>Jako\u015b\u0107 podgl\u0105du\/op\u00f3\u017anienie<\/th>\n<td>Aparatura steruj\u0105ca: 1080p\/30FPS, 12 Mbps,<\/td>\n<\/tr>\n<tr>\n<th>Maks. bitrate transmisji<\/th>\n<td>44 Mbps<\/td>\n<\/tr>\n<tr>\n<th>Cz\u0119stotliwo\u015bci operacyjne<\/th>\n<td>2.400-2.4835 GHz;<br \/>\n5.725-5.850 GHz<\/td>\n<\/tr>\n<tr>\n<th>Wiele kontroler\u00f3w<\/th>\n<td>Nie dotyczy<\/td>\n<\/tr>\n<tr>\n<th>DJI Smart Controller<\/th>\n<td>Wspierany<\/td>\n<\/tr>\n<tr>\n<th>System transmisji aparatury steruj\u0105cej<\/th>\n<td>OcuSync 2.0<\/td>\n<\/tr>\n<tr>\n<th>\u017bywotno\u015b\u0107 akumulatora<\/th>\n<td>9,36 Wh x2<\/td>\n<\/tr>\n<tr>\n<th>Wspierane porty USB<\/th>\n<td>Lightning, Micro USB, USB-C<\/td>\n<\/tr>\n<tr>\n<th>Uchwyt urz\u0105dzenia mobilnego<\/th>\n<td>180x86x10 mm (wysoko\u015b\u0107 x szeroko\u015b\u0107 x grubo\u015b\u0107)<\/td>\n<\/tr>\n<tr>\n<th>Zakres temperatury pracy<\/th>\n<td>-10\u00b0C do 40\u00b0C (14\u00b0F do 104\u00b0F)<\/td>\n<\/tr>\n<tr>\n<th>Moc nadajnika (EIRP)<\/th>\n<td>2.4 GHz:<br \/>\nFCC: \u226426 dBm;<br \/>\nCE: \u226420 dBm;<br \/>\nSRRC: \u226420 dBm;<br \/>\nMIC: \u226420 dBm;<br \/>\n5.8 GHz:<br \/>\nFCC: \u226426 dBm;<br \/>\nCE: \u226414 dBm;<br \/>\nSRRC: \u226426 dBm<\/td>\n<\/tr>\n<tr>\n<th>Wej\u015bcie \u0142adowarki<\/th>\n<td>100-240 V, 50\/60 Hz, 1,3 A<\/td>\n<\/tr>\n<tr>\n<th>Wyj\u015bcie \u0142adowarki<\/th>\n<td>Port \u0142adowania: 13,2 V \u2393 2.82 A;<br \/>\nPort USB: 5 V \u2393 2 A<\/td>\n<\/tr>\n<tr>\n<th>Napi\u0119cie<\/th>\n<td>13,2 V<\/td>\n<\/tr>\n<tr>\n<th>Moc znamionowa<\/th>\n<td>38 W<\/td>\n<\/tr>\n<\/tbody>\n<\/table>\n<p>&nbsp;<\/p>\n<p>&nbsp;<\/p>\n<p>&nbsp;<\/p>\n<p>&nbsp;<\/p>\n<p>&nbsp;<\/p>\n<p>&nbsp;<\/p>\n<p>&nbsp;<\/p>\n<p>&nbsp;<\/p>\n<p>&nbsp;<\/p>\n<p>&nbsp;<\/p>\n<p>&nbsp;<\/p>\n","protected":false},"excerpt":{"rendered":"<h3>DJI Air 2S Fly More Combo \u2013 niezast\u0105piony dron dla ka\u017cdego tw\u00f3rcy<\/h3>\n","protected":false},"featured_media":6057,"comment_status":"open","ping_status":"closed","template":"","meta":{"_s2mail":""},"product_cat":[879,412,503,505,497],"product_tag":[880],"_links":{"self":[{"href":"https:\/\/sklep.aveos.pl\/index.php\/wp-json\/wp\/v2\/product\/6049"}],"collection":[{"href":"https:\/\/sklep.aveos.pl\/index.php\/wp-json\/wp\/v2\/product"}],"about":[{"href":"https:\/\/sklep.aveos.pl\/index.php\/wp-json\/wp\/v2\/types\/product"}],"replies":[{"embeddable":true,"href":"https:\/\/sklep.aveos.pl\/index.php\/wp-json\/wp\/v2\/comments?post=6049"}],"wp:featuredmedia":[{"embeddable":true,"href":"https:\/\/sklep.aveos.pl\/index.php\/wp-json\/wp\/v2\/media\/6057"}],"wp:attachment":[{"href":"https:\/\/sklep.aveos.pl\/index.php\/wp-json\/wp\/v2\/media?parent=6049"}],"wp:term":[{"taxonomy":"product_cat","embeddable":true,"href":"https:\/\/sklep.aveos.pl\/index.php\/wp-json\/wp\/v2\/product_cat?post=6049"},{"taxonomy":"product_tag","embeddable":true,"href":"https:\/\/sklep.aveos.pl\/index.php\/wp-json\/wp\/v2\/product_tag?post=6049"}],"curies":[{"name":"wp","href":"https:\/\/api.w.org\/{rel}","templated":true}]}}