{"id":6069,"date":"2021-05-28T16:46:06","date_gmt":"2021-05-28T14:46:06","guid":{"rendered":"http:\/\/sklep.aveos.pl\/?post_type=product&#038;p=6069"},"modified":"2023-04-19T21:05:40","modified_gmt":"2023-04-19T19:05:40","slug":"spartan","status":"publish","type":"product","link":"https:\/\/sklep.aveos.pl\/index.php\/produkt\/spartan\/","title":{"rendered":"Traxxas Spartan &#8211; model \u0142odzi"},"content":{"rendered":"<p><img loading=\"lazy\" class=\" wp-image-6073 aligncenter\" src=\"http:\/\/sklep.aveos.pl\/wp-content\/uploads\/2021\/05\/800_0_008725554f2607e2515a5f45e560a50cd9cb9832d4bd100e8265e63f6fe64878-300x210.jpg\" alt=\"\" width=\"329\" height=\"230\" srcset=\"https:\/\/sklep.aveos.pl\/wp-content\/uploads\/2021\/05\/800_0_008725554f2607e2515a5f45e560a50cd9cb9832d4bd100e8265e63f6fe64878-300x210.jpg 300w, https:\/\/sklep.aveos.pl\/wp-content\/uploads\/2021\/05\/800_0_008725554f2607e2515a5f45e560a50cd9cb9832d4bd100e8265e63f6fe64878-768x538.jpg 768w, https:\/\/sklep.aveos.pl\/wp-content\/uploads\/2021\/05\/800_0_008725554f2607e2515a5f45e560a50cd9cb9832d4bd100e8265e63f6fe64878-400x280.jpg 400w, https:\/\/sklep.aveos.pl\/wp-content\/uploads\/2021\/05\/800_0_008725554f2607e2515a5f45e560a50cd9cb9832d4bd100e8265e63f6fe64878-600x420.jpg 600w, https:\/\/sklep.aveos.pl\/wp-content\/uploads\/2021\/05\/800_0_008725554f2607e2515a5f45e560a50cd9cb9832d4bd100e8265e63f6fe64878.jpg 800w\" sizes=\"(max-width: 329px) 100vw, 329px\" \/>\u00a0 Ekstremalna moc i pr\u0119dko\u015b\u0107. Takiego rodzaju modelu \u0142odzi mo\u017cna by\u0142o oczekiwa\u0107 od <strong>Traxxasa\u2019a<\/strong>. Ekstremalny nap\u0119d bezszczotkowy\u00a0<strong>Extreme Velineon \u00ae Power<\/strong>\u00a0ch\u0142odzony wod\u0105, rozp\u0119dza \u0142\u00f3d\u017a w wersji z dwoma pakietami\u00a0<strong>6S NiMh<\/strong>\u00a0do pr\u0119dko\u015bci prawie\u00a0<strong>50km\/h.<\/strong>\u00a0Konstruktorzy przewidzieli mo\u017cliwo\u015b\u0107 tuningu pod wzgl\u0119dem nap\u0119du. Bezszczotkowy silnik\u00a0<strong>Velineon 540XL<\/strong>\u00a0i wsp\u00f3\u0142pracuj\u0105cy z nim regulator\u00a0<strong>VXL-6s<\/strong>, mo\u017cna zasili\u0107 dwoma pakietami 3<strong>S \u2013 LiPo<\/strong>. To pozwala na maksymalne wykorzystanie mocy silnika i osi\u0105gni\u0119cie pr\u0119dko\u015bci<strong>\u00a080km\/h.<\/strong><\/p>\n<p>Super sztywny kad\u0142ub o d\u0142ugo\u015bci <strong>910mm,<\/strong>\u00a0zosta\u0142 zaprojektowany do du\u017cych obci\u0105\u017ce\u0144 i pr\u0119dko\u015bci, a metalowe elementy nap\u0119du przenosz\u0105 bez strat ca\u0142\u0105 dost\u0119pn\u0105 moc nap\u0119du.<\/p>\n<p>&nbsp;<\/p>\n<p>&nbsp;<\/p>\n<p><strong>WA\u017bNE!<\/strong><\/p>\n<p>Wszelkie modyfikacje instalacji elektrycznej modelu, powoduj\u0105 utrat\u0119 gwarancji przez Klienta. Je\u015bli u\u017cywasz akumulator\u00f3w nap\u0119dowych niezgodnych ze standardem firmy TRAXXAS:<\/p>\n<ul>\n<li>u\u017cywaj przewod\u00f3w przej\u015bciowych (TRAXXAS &#8211; TAMIYA) dost\u0119pnych w ofercie firmy TRAXXAS lub przewod\u00f3w przej\u015bciowych wykonanych we w\u0142asnym zakresie.<\/li>\n<li>u\u017cywaj ko\u0144c\u00f3wek przystosowanych do pr\u0105d\u00f3w adekwatnych dla wyst\u0119puj\u0105cych w modelu.<\/li>\n<li>nie odcinaj wtyk\u00f3w na przewodach instalacji elektrycznej modelu<\/li>\n<\/ul>\n<p>&nbsp;<\/p>\n<p>Zintegrowany system monta\u017cu wyposa\u017cenia pozwala na stosowanie zar\u00f3wno pakiet\u00f3w\u00a0<strong>6 celowych NiMh,<\/strong>\u00a0jak i\u00a0<strong>3 celowych LiPo<\/strong>. Wyj\u0105tkowo \u0142atwy dost\u0119p do wyposa\u017cenia, powoduje wyjmowany panel z zamontowanym zespo\u0142em nap\u0119dowym i elektronik\u0105.<\/p>\n<p>&nbsp;<\/p>\n<p><strong><em>Totalna Kontrola.<br \/>\n<\/em><\/strong>Modele<strong><em>Traxxas\u2019a<\/em><\/strong>\u00a0zas\u0142uguj\u0105 na najbardziej zaawansowany \u2013 gotowy do wy\u015bcigu system radiowy. To w ko\u0144cu jedyne po\u0142\u0105czenie pomi\u0119dzy kierowc\u0105, a maszyn\u0105. System musi by\u0107 precyzyjny, wygodny i niezawodny. Zupe\u0142nie nowy system radiowy\u00a0<strong><em>Traxxas<\/em><\/strong><strong><em>\u00ae TQi&#x2122;<\/em><\/strong>\u00a0spe\u0142nia wszystkie te funkcje, a do tego jest niezawodny i solidnie wykonany. Najwa\u017cniejsz\u0105 nowo\u015bci\u0105 tego systemu, jest mo\u017cliwo\u015b\u0107 wsp\u00f3\u0142pracy z aplikacj\u0105\u00a0<strong><em>Traxxas Link App<\/em><\/strong>, dost\u0119pn\u0105 w systemie\u00a0<strong><em>iPhone<\/em><\/strong>\u00a0lub\u00a0<strong><em>iPod touch<\/em><\/strong>. To stwarza pot\u0119\u017cne narz\u0119dzie do tuningu modelu. Kolorowy wy\u015bwietlacz \u0142\u0105czy si\u0119 z systemem\u00a0<strong><em>Link<\/em><\/strong><strong><em>Traxxas&#x2122;<\/em><\/strong>\u00a0i tworzy intuicyjny, wysokiej rozdzielczo\u015bci &#8211; kolorowy graficzny interfejs u\u017cytkownika, kt\u00f3ry stwarza mo\u017cliwo\u015b\u0107 optymalizacji systemu radiowego w celu maksymalnej kontroli pojazd\u00f3w.<\/p>\n<p>&nbsp;<\/p>\n<p><img loading=\"lazy\" class=\"size-medium wp-image-6074 aligncenter\" src=\"http:\/\/sklep.aveos.pl\/wp-content\/uploads\/2021\/05\/800_0_ca4a3928c56b615f4437844f5e8d3ccee05021c5e26f1bc7c852f65f791692ff-300x210.jpg\" alt=\"\" width=\"300\" height=\"210\" srcset=\"https:\/\/sklep.aveos.pl\/wp-content\/uploads\/2021\/05\/800_0_ca4a3928c56b615f4437844f5e8d3ccee05021c5e26f1bc7c852f65f791692ff-300x210.jpg 300w, https:\/\/sklep.aveos.pl\/wp-content\/uploads\/2021\/05\/800_0_ca4a3928c56b615f4437844f5e8d3ccee05021c5e26f1bc7c852f65f791692ff-768x538.jpg 768w, https:\/\/sklep.aveos.pl\/wp-content\/uploads\/2021\/05\/800_0_ca4a3928c56b615f4437844f5e8d3ccee05021c5e26f1bc7c852f65f791692ff-400x280.jpg 400w, https:\/\/sklep.aveos.pl\/wp-content\/uploads\/2021\/05\/800_0_ca4a3928c56b615f4437844f5e8d3ccee05021c5e26f1bc7c852f65f791692ff-600x420.jpg 600w, https:\/\/sklep.aveos.pl\/wp-content\/uploads\/2021\/05\/800_0_ca4a3928c56b615f4437844f5e8d3ccee05021c5e26f1bc7c852f65f791692ff.jpg 800w\" sizes=\"(max-width: 300px) 100vw, 300px\" \/>Nadajnik jest przygotowany do wyposa\u017cenia go w modu\u0142\u00a0<strong><em>Traxxas Link Wireless Module&#x2122;<\/em><\/strong>, kt\u00f3ry zapewnia bezprzewodow\u0105 \u0142\u0105czno\u015b\u0107 z urz\u0105dzeniami pracuj\u0105cymi w systemie\u00a0<strong><em>Android<\/em><\/strong>\u00a0lub\u00a0<strong><em>AppleiOS 4.4+ 4.3+<\/em><\/strong>.<br \/>\nModu\u0142\u00a0<em><strong>Traxxas Link Wireless Module&#x2122;<\/strong>\u00a0nie wchodzi w sk\u0142ad zestawu i nale\u017cy go dokupi\u0107 oddzielnie.<\/em><br \/>\n<strong>Numer katalogowy modu\u0142u to 106511<\/strong>.<\/p>\n<p>&nbsp;<\/p>\n<p>&nbsp;<\/p>\n<p><span id=\"result_box\" lang=\"pl\"><span title=\"Traxxas Stability Management \"><em><strong>Traxxas Stability Management (TSM)<\/strong><\/em>\u00a0<em><strong>&#8211; kontrola trakcji.<\/strong><\/em><\/span><br \/>\n<span title=\"[Micro Receiver, TQi 2.4GHz with Traxxas Link and TSM (5-channel) (#6533) (three-quarter view)] This Slash 4X4 is hard-loaded for ultimate performance and realism with the Traxxas On-Board Audio, new Traxxas\">System kontroli trakcji wbudowany jest w 5 kana\u0142owy odbiornik\u00a0<em><strong>TQI 2.4GHz Traxxas Link TSM<\/strong><\/em>.<\/span><br \/>\n<span title=\"Traxxas Stability Management (TSM) allows you to experience all the extreme power, speed, and acceleration that was engineered into the Slash 4X4 by making it much easier to control on common slippery surfaces such as loose dirt, smooth concrete, and even ice and snow\"><em><strong>Traxxas Stability Management (TSM)<\/strong><\/em>, pozwala maksymalnie wykorzysta\u0107 pe\u0142n\u0105 moc, szybko\u015b\u0107 i przyspieszenie, kt\u00f3rym dysponuje\u00a0<strong>Spartan.\u00a0<\/strong><\/span><span title=\"Punch it off the line and TSM goes to work sensing the vehicle's direction and making steering corrections to provide straight-ahead full-throttle acceleration without fishtailing, spinouts, and loss of control.\">System\u00a0<em><strong>TSM<\/strong><\/em>\u00a0dokonuje korekt toru jazdy podczas przyspieszania, aby zapewni\u0107 pe\u0142ne wykorzystanie mo\u017cliwo\u015bci nap\u0119du.\u00a0<\/span><span title=\"TSM also works during cornering, first making intuitive corrections to maintain your line, and then allowing you to hammer the throttle earlier in the turn for much faster exit speeds.\"><em><strong>TSM<\/strong><\/em>\u00a0dzia\u0142a r\u00f3wnie\u017c podczas pokonywania zakr\u0119t\u00f3w, dokonuj\u0105c korekt, aby utrzyma\u0107 wybran\u0105 lini\u0119 jazdy. Pozwala to na utrzymanie wi\u0119kszej szybko\u015bci w zakr\u0119cie i wi\u0119ksze przyspieszczenie podczas wychodzenia z niego. Podczas h<\/span><span title=\"Braking is dramatically improved as TSM works to keep you arrow straight until you come to a complete stop.\">amowania,\u00a0<em><strong>TSM\u00a0<\/strong><\/em>utrzymuje tor jazdy do momentu zatrzymania.<\/span><br \/>\n<span title=\"Traxxas TSM gives you all the benefits modern electronic stabilization has to offer without intruding on your driving fun.\">W systemie kontroli trakcji,\u00a0<em><strong>Traxxas<\/strong><\/em>\u00a0zastosowa\u0142 najnowsze algorytmy,\u00a0<\/span><span title=\"Traxxas engineers developed superior tuning algorithms that run on high-speed, precision electronic components to create a system that works invisibly, in the background, without ever limiting your throttle.\">kt\u00f3re dzia\u0142aj\u0105 niewidocznie w tle, nigdy nie ograniczaj\u0105c przepustnicy.\u00a0<\/span><span title=\"TSM can be fine tuned (or turned off) for different surfaces by simply adjusting the multi-function knob on the TQi transmitter, or by adjusting the slider in the Traxxas link app.\"><em><strong>TSM<\/strong><\/em>\u00a0mo\u017ce by\u0107 indywidualnie dostrojony lub ca\u0142kowicie wy\u0142\u0105czony w zale\u017cno\u015bci od aktualnej nawierzchni i jej stanu oraz upodoba\u0144 kierowcy. Kontrol\u0119 nad systemem zapewnia wielofunkcyjne pokr\u0119t\u0142o zamontowane w nadajniku. O przydatno\u015bci\u00a0<\/span><span title=\"In fact, you may not even realize how much TSM is helping you until you turn it off and test your driving skills without it!\"><span title=\"Traxxas Stability Management \"><em><strong>Traxxas Stability Managemen<\/strong><\/em>, najlepiej mo\u017cna si\u0119 przekona\u0107, wy\u0142\u0105czaj\u0105c system po d\u0142u\u017cszym okresie jego u\u017cytkowania.<\/span><\/span><\/span><\/p>\n<p align=\"left\"><strong>Specyfikacja SPARTAN (57077-4)<\/strong><\/p>\n<ul>\n<li>pr\u0119dko\u015b\u0107\u00a0<strong>48km\/h\u00a0<\/strong>z dwoma pakietami 6S NiMh (nie zawarte w zestawie)<\/li>\n<li>pr\u0119dko\u015b\u0107\u00a0<strong>80km\/h\u00a0<\/strong>z dwoma pakietami 3S LiPo\u00a0(nie zawarte w zestawie)<\/li>\n<li>d\u0142ugo\u015b\u0107 kad\u0142uba\u00a0<strong>910mm<\/strong><\/li>\n<li>ch\u0142odzony wod\u0105 bezszczotkowy silnik\u00a0<strong>Velineon 540XL<\/strong><\/li>\n<li>ch\u0142odzony wod\u0105 regulator obrot\u00f3w<strong>\u00a0VXL-6s<\/strong><\/li>\n<li>wysoko pr\u0105dowe z\u0142\u0105cza elektryczne<\/li>\n<li>integralny modu\u0142 zespo\u0142u nap\u0119dowego i elektroniki<\/li>\n<li>mo\u017cliwo\u015b\u0107 zmiany \u015brodka ci\u0119\u017cko\u015bci za pomoc\u0105 pakiet\u00f3w nap\u0119dowych<\/li>\n<li>metalowy osprz\u0119t<\/li>\n<li>system radiowy\u00a0<strong>Traxxas<sup>\u00ae<\/sup>\u00a0TQi&#x2122; 2.4GHz\u00a0<\/strong>z mo\u017cliwo\u015bci\u0105 zastosowania systemu<strong>\u00a0&#8220;Traxxas Link Wireless&#8221;<\/strong><\/li>\n<li>wodoszczelny serwomechanizm kierunku o du\u017cym momencie<\/li>\n<li>gotowa grafika kad\u0142uba.<\/li>\n<\/ul>\n<p align=\"left\"><img class=\"aligncenter\" src=\"https:\/\/riku.pl\/zdjecia_opis\/57076_4\/57076-4P_7.jpg\" alt=\"\" \/><\/p>\n<p><strong>UWAGA.<br \/>\nW celu uruchomienia modelu, nale\u017cy zaopatrzy\u0107 si\u0119 w dwa pakiety nap\u0119dowe oraz \u0142adowark\u0119 pakiet\u00f3w.<\/strong><\/p>\n<p>&nbsp;<\/p>\n<p>Zapraszamy do prezentacji w naszym sklepie w Poznaniu przy ul.D\u0105browskiego 54.<\/p>\n<p>Prosimy o kontakt telefoniczny pod nr 502 237 604 w celu potwierdzenia dost\u0119pno\u015bci wybranego towaru.<\/p>\n<p><img loading=\"lazy\" class=\" wp-image-6076 aligncenter\" src=\"http:\/\/sklep.aveos.pl\/wp-content\/uploads\/2021\/05\/20210528_145026-300x142.jpg\" alt=\"\" width=\"480\" height=\"227\" srcset=\"https:\/\/sklep.aveos.pl\/wp-content\/uploads\/2021\/05\/20210528_145026-300x142.jpg 300w, https:\/\/sklep.aveos.pl\/wp-content\/uploads\/2021\/05\/20210528_145026-1024x485.jpg 1024w, https:\/\/sklep.aveos.pl\/wp-content\/uploads\/2021\/05\/20210528_145026-768x364.jpg 768w, https:\/\/sklep.aveos.pl\/wp-content\/uploads\/2021\/05\/20210528_145026-400x189.jpg 400w, https:\/\/sklep.aveos.pl\/wp-content\/uploads\/2021\/05\/20210528_145026-600x284.jpg 600w, https:\/\/sklep.aveos.pl\/wp-content\/uploads\/2021\/05\/20210528_145026.jpg 1331w\" sizes=\"(max-width: 480px) 100vw, 480px\" \/><\/p>\n","protected":false},"excerpt":{"rendered":"<p style=\"text-align: center;\"><strong>SPARTAN<br \/>\nModel \u0142odzi wy\u015bcigowej z nap\u0119dem bezszczotkowym i systemem TSM<\/strong><\/p>\n<p style=\"text-align: center;\"><strong>wersja r\u00f3\u017cowa<\/strong><\/p>\n","protected":false},"featured_media":6070,"comment_status":"open","ping_status":"closed","template":"","meta":{"_s2mail":""},"product_cat":[495,497,484],"product_tag":[882,572,883,881,532],"_links":{"self":[{"href":"https:\/\/sklep.aveos.pl\/index.php\/wp-json\/wp\/v2\/product\/6069"}],"collection":[{"href":"https:\/\/sklep.aveos.pl\/index.php\/wp-json\/wp\/v2\/product"}],"about":[{"href":"https:\/\/sklep.aveos.pl\/index.php\/wp-json\/wp\/v2\/types\/product"}],"replies":[{"embeddable":true,"href":"https:\/\/sklep.aveos.pl\/index.php\/wp-json\/wp\/v2\/comments?post=6069"}],"wp:featuredmedia":[{"embeddable":true,"href":"https:\/\/sklep.aveos.pl\/index.php\/wp-json\/wp\/v2\/media\/6070"}],"wp:attachment":[{"href":"https:\/\/sklep.aveos.pl\/index.php\/wp-json\/wp\/v2\/media?parent=6069"}],"wp:term":[{"taxonomy":"product_cat","embeddable":true,"href":"https:\/\/sklep.aveos.pl\/index.php\/wp-json\/wp\/v2\/product_cat?post=6069"},{"taxonomy":"product_tag","embeddable":true,"href":"https:\/\/sklep.aveos.pl\/index.php\/wp-json\/wp\/v2\/product_tag?post=6069"}],"curies":[{"name":"wp","href":"https:\/\/api.w.org\/{rel}","templated":true}]}}