{"id":6080,"date":"2021-06-17T17:35:06","date_gmt":"2021-06-17T15:35:06","guid":{"rendered":"http:\/\/sklep.aveos.pl\/?post_type=product&#038;p=6080"},"modified":"2021-11-27T14:16:44","modified_gmt":"2021-11-27T13:16:44","slug":"traxxas-koraseria-slash-4x4-hawaiian-malowana","status":"publish","type":"product","link":"https:\/\/sklep.aveos.pl\/index.php\/produkt\/traxxas-koraseria-slash-4x4-hawaiian-malowana\/","title":{"rendered":"TRAXXAS #5849 &#8211; koraseria Slash 4X4 &#8211; Hawaiian &#8211; malowana"},"content":{"rendered":"<p><strong>TRAXXAS &#8211; koraseria Slash 4X4 &#8211; Hawaiian &#8211; malowana.<\/strong><\/p>\n<table>\n<tbody>\n<tr>\n<td colspan=\"2\">Producent: TRAXXAS<br \/>\nNr kat.\u00a0<strong>105849<\/strong><\/td>\n<\/tr>\n<\/tbody>\n<\/table>\n<p><strong>Cz\u0119\u015b\u0107 zamienna modeli Traxxas:<\/strong><\/p>\n<ul id=\"d_4517\">\n<li>SLASH 4X4 VXL &#8211; 6804R<\/li>\n<li>SLASH 4X4 VXL &#8211; 68077<\/li>\n<li>SLASH 4X4 VXL &#8211; 68086<\/li>\n<\/ul>\n","protected":false},"excerpt":{"rendered":"<p>TRAXXAS &#8211; koraseria Slash 4X4 &#8211; Hawaiian &#8211; malowana. Producent: TRAXXAS Nr kat.\u00a0105849 Cz\u0119\u015b\u0107 zamienna modeli Traxxas: SLASH 4X4 VXL &#8211; 6804R SLASH 4X4 VXL &#8211; 68077 SLASH 4X4 VXL &#8211; 68086<\/p>\n","protected":false},"featured_media":6081,"comment_status":"open","ping_status":"closed","template":"","meta":{"_s2mail":""},"product_cat":[507,497,486],"product_tag":[874,873,532],"_links":{"self":[{"href":"https:\/\/sklep.aveos.pl\/index.php\/wp-json\/wp\/v2\/product\/6080"}],"collection":[{"href":"https:\/\/sklep.aveos.pl\/index.php\/wp-json\/wp\/v2\/product"}],"about":[{"href":"https:\/\/sklep.aveos.pl\/index.php\/wp-json\/wp\/v2\/types\/product"}],"replies":[{"embeddable":true,"href":"https:\/\/sklep.aveos.pl\/index.php\/wp-json\/wp\/v2\/comments?post=6080"}],"wp:featuredmedia":[{"embeddable":true,"href":"https:\/\/sklep.aveos.pl\/index.php\/wp-json\/wp\/v2\/media\/6081"}],"wp:attachment":[{"href":"https:\/\/sklep.aveos.pl\/index.php\/wp-json\/wp\/v2\/media?parent=6080"}],"wp:term":[{"taxonomy":"product_cat","embeddable":true,"href":"https:\/\/sklep.aveos.pl\/index.php\/wp-json\/wp\/v2\/product_cat?post=6080"},{"taxonomy":"product_tag","embeddable":true,"href":"https:\/\/sklep.aveos.pl\/index.php\/wp-json\/wp\/v2\/product_tag?post=6080"}],"curies":[{"name":"wp","href":"https:\/\/api.w.org\/{rel}","templated":true}]}}