{"id":6088,"date":"2021-06-18T17:40:18","date_gmt":"2021-06-18T15:40:18","guid":{"rendered":"http:\/\/sklep.aveos.pl\/?post_type=product&#038;p=6088"},"modified":"2022-01-12T14:42:11","modified_gmt":"2022-01-12T13:42:11","slug":"axial-scx24-2019-jeep-wrangler-jlu-crc-124-4wd-rtr-zolty","status":"publish","type":"product","link":"https:\/\/sklep.aveos.pl\/index.php\/produkt\/axial-scx24-2019-jeep-wrangler-jlu-crc-124-4wd-rtr-zolty\/","title":{"rendered":"Axial SCX24 2019 Jeep Wrangler JLU CRC 1:24 4WD RTR \u017c\u00f3\u0142ty"},"content":{"rendered":"<div><\/div>\n<div>\n<h3>Zawarto\u015b\u0107 zestawu<\/h3>\n<p>W zestawie znajduje si\u0119 gotowy i z\u0142o\u017cony model RC auta Axial SCX24 Jeep Wrangler JLU CRC 2019 w skali 1:24, z zainstalowanymi elementami: jednostka steruj\u0105ca AE-6 RX\/reg, silnik SCX24 88T z z\u0119batk\u0105, mikro serwo AS-1, akumulator LiPol Dynamite\u00ae 7.4V 350mAh 2S, \u0142adowarka USB, nadajnik AX-4 2.4GHz 2-Ch, 4szt baterii AA do nadajnika.<\/p>\n<h3>Charakterystyka<\/h3>\n<p>Model RC auta Axial SCX24 Jeep Wrangler JLU CRC 2019 w skali 1:24 z nap\u0119dem 4WD, jest przygotowany do jazdy. Gotowe i z\u0142o\u017cone auto z nadajnikiem AX-4 2,4GHz, akumulatorem i \u0142adowark\u0105. Wystarczy na\u0142adowa\u0107 akumulator i mo\u017cna natychmiast wyjecha\u0107 pokonywa\u0107 przeszkody terenowe.\u00a0<b>Licencjonowane ko\u0142a KMC Machete na oponach Nitto Trail Grappler.<\/b><\/p>\n<p>Je\u015bli kto\u015b nie szuka du\u017cego i ci\u0119\u017ckiego auta a nadal chce je\u017adzi\u0107 przez przeszkody? Modelem Axial SCX24 Jeep Wrangler mo\u017cna je\u017adzi\u0107 w domu, w ogrodzie i stworzy\u0107 sobie r\u00f3wnie\u017c w\u0142asny tor z kamieni czy ga\u0142\u0119zi. Po prostu wystarczy na\u0142adowa\u0107 akumulator za pomoc\u0105 \u0142adowarki USB, w\u0142o\u017cy\u0107 do auta i mo\u017cna wyjecha\u0107. Realistyczna karoseria popularnego Jeep Wranglera oraz du\u017ce terenowe ko\u0142a z ponadstandardowym prze\u015bwitem przywo\u0142uje wygl\u0105d znanego na ca\u0142ym \u015bwiecie samochodu. Podstaw\u0105 jest mocny nap\u0119d, kt\u00f3ry sk\u0142ada si\u0119 z silnika 180 z wielostopniow\u0105 przek\u0142adni\u0105, kt\u00f3ra dostarczy potrzebn\u0105 moc na osie. Od przek\u0142adni przenoszony jest moment obrotowy na rowkowane wa\u0142y i do sztywnych osi przek\u0142adni\u0105 \u015blimakow\u0105. Z tego powodu nie ma potrzeby hamulc\u00f3w a moment obrotowy nie zna granic.<\/p>\n<h5>W\u0142asno\u015bci<\/h5>\n<ul>\n<li>Zawiera kompletn\u0105 elektronik\u0119 z akumulatorem i \u0142adowark\u0105<\/li>\n<li>Zainstalowana jednostka steruj\u0105ca Rx\/reg, silnik i serwo<\/li>\n<li>Nowy realistyczny design karoserii Jeep Wrangler JLU CRC 2019<\/li>\n<li>Licencjonowane felgi KMC Machete<\/li>\n<li>Licencjonowane opony Nitto Trail Grappler M\/T<\/li>\n<li>3-punktowe przednie i 4-punktowe tylne zawieszenie<\/li>\n<li>Zainstalowane serwo kierunku AS-1 Micro<\/li>\n<li>Metalowe boczne ramy podwozia<\/li>\n<li>\u015alimakowa przek\u0142adnia osi<\/li>\n<li>Odchylana karoseria mocowana jest tylko jedn\u0105 spink\u0105<\/li>\n<li>Osadzone \u0142o\u017cyska kulkowe<\/li>\n<\/ul>\n<h5>Sztywne metalowe boki<\/h5>\n<p>Tak samo jak platforma SCX10&#x2122; w skali 1:10, r\u00f3wnie\u017c i podwozie SCX24&#x2122; ma solidne metalowe szyny ramy podwozia z kana\u0142em C i wzmocnieniami, kt\u00f3re utrzymuj\u0105 podwozie wystarczaj\u0105co sztywne r\u00f3wnie\u017c podczas du\u017cego skr\u0119cenia osi.<\/p>\n<h5>Silnik DYNAMITE\u00ae 88T<\/h5>\n<p>Silnik 180 Dynamite 88T ma optymalny moment obrotowy, kt\u00f3ry potrzebny jest do jazdy po stromych wzniesieniach. Jest przymocowany do metalowego lo\u017ca silnika, kt\u00f3re pomaga ch\u0142odzi\u0107 silnik i utrzymywa\u0107 temperatur\u0119 na optymalnym poziomie<\/p>\n<h5>Przek\u0142adnia \u015blimakowa<\/h5>\n<p>Przednie i tylne dyferencja\u0142y s\u0105 wyposa\u017cone w przek\u0142adnie \u015blimakowe, kt\u00f3re daj\u0105 osiom bardzo wysoki moment obrotowy, r\u00f3wnie\u017c zapewniaj\u0105 funkcj\u0119 hamulc\u00f3w i zarazem, dzi\u0119ki ma\u0142ym rozmiarom tworz\u0105 wi\u0119kszy prze\u015bwit podwozia.<\/p>\n<h5>Stalowe wa\u0142y osi<\/h5>\n<p>Przy zastosowaniu \u015blimakowych przek\u0142adni dyferencja\u0142\u00f3w przeniesienie momentu obrotowego na ko\u0142a zapewniony za pomoc\u0105 stalowych wa\u0142\u00f3w, kt\u00f3re maj\u0105 du\u017c\u0105 wytrzyma\u0142o\u015b\u0107 i sztywno\u015b\u0107. Moc na ko\u0142a przenoszona jest ko\u0142kiem na pia\u015bcie sze\u015bciok\u0105tnej.<\/p>\n<h5>Rowkowane wa\u0142y nap\u0119dowe<\/h5>\n<p>Przednie i tylne wa\u0142y pomi\u0119dzy przek\u0142adni\u0105 a przedni\u0105 i tyln\u0105 osi\u0105, s\u0105 rowkowane, kt\u00f3re umo\u017cliwiaj\u0105 osiowe przesuni\u0119cie i maksymalne przeniesienie momentu obrotowego.<\/p>\n<h5>Amortyzatory<\/h5>\n<p>Nawet tak ma\u0142e auto, jakim jest Axial SCX24 Jeep Wrangler w skali 1:24, mo\u017ce mie\u0107 makietowo opracowane amortyzatory z imitacj\u0105 dodatkowych zbiornik\u00f3w. Pomimo prostej konstrukcji ze spr\u0119\u017cyn\u0105 spiraln\u0105 oraz plastikowym korpusem amortyzatory s\u0105 doskonale dzia\u0142aj\u0105ce.<\/p>\n<h5>Przednia i tylna sztywna o\u015b<\/h5>\n<p>Przednia i tylna o\u015b sk\u0142ada si\u0119 z dwudzielnej plastikowej skrzyni ze sztywnymi osiami oraz zamkni\u0119ta przek\u0142adni\u0105 \u015blimakow\u0105 za sta\u0142ym nap\u0119dem. Dla zoptymalizowania w\u0142asno\u015bci jezdnych amortyzacja pojazdu SCX24&#x2122; jest wyposa\u017cona w 3-punktowe przednie i 4-punktowe tylne zawieszenie.<\/p>\n<h5>Zainstalowane przednie o\u015bwietlenie LED<\/h5>\n<p>W przednim zderzaku s\u0105 fabrycznie zainstalowane dwa jasne bia\u0142e \u015bwiat\u0142a LED, kt\u00f3re o\u015bwiec\u0105 przestrze\u0144 przed pojazdem. Dla opcjonalnego pod\u0142\u0105czenia dalszych \u015bwiate\u0142, na jednostce steruj\u0105cej znajduje si\u0119 dodatkowy konektor dla \u015bwiate\u0142 LED, do kt\u00f3rego mo\u017cna dokupi\u0107 opcjonalne \u015bwiat\u0142a LED.<\/p>\n<h5>4-punktowe zawieszenie tylnej osi<\/h5>\n<p>Konstrukcja geometrii zawieszenia wykorzystuje 4-punktowe zawieszenie tylnej osi, kt\u00f3ra jest zoptymalizowana dla maksymalnej swobody skr\u0119cenia osi i precyzyjnego przeniesienia momentu obrotowego.<\/p>\n<h5>Felgi KMC XD229 MACHETE CRAWL i opony NITTO TRAIL GRAPPLER M\/T<\/h5>\n<p>Oficjalnie licencjonowane felgi KMC XD Machete, s\u0105 legend\u0105 w \u015bwiecie aut terenowych. S\u0105 formowane, w czarnym kolorze i maja wiele makietowych detali. Oficjalnie licencjonowane opony Nitto Trail Grappler M\/T oferuj\u0105 fantastyczne po\u0142\u0105czenie mocy w terenie przy zachowaniu doskona\u0142ych w\u0142asno\u015bci do zastosowania r\u00f3wnie\u017c na drodze.<\/p>\n<h5>Odchylana karoseria<\/h5>\n<p>Odchylany system karoserii oferuje \u0142atwy dost\u0119p do komponent\u00f3w w podwoziu. Akumulator i podwozie mo\u017cna mie\u0107 szybko do dyspozycji przez zdj\u0119cie tylko jednej spinki karoserii i odchyleniem karoserii w g\u00f3r\u0119.<\/p>\n<h5>Wyposa\u017cone w \u0142o\u017cyska kulkowe<\/h5>\n<p>Model jest w pe\u0142ni wyposa\u017cony w \u0142o\u017cyska kulkowe i to zar\u00f3wno w przek\u0142adni, jak i w zawieszeniu i nap\u0119dach.<\/p>\n<h5>Serwo AXIAL AS-1<\/h5>\n<p>Bezpo\u015brednio nad przedni\u0105 osi\u0105 u\u0142o\u017cone jest serwo kierunku, Axial AS-1 z servosaverem, kt\u00f3ry pozwala na precyzyjne sterowanie, a zarazem zapewnia ochron\u0119 przek\u0142adni i elektroniki serwa w przypadku zablokowania sterowania lub uderzenia na przednie ko\u0142o.<\/p>\n<h3>Polecamy zakup<\/h3>\n<p>Wszystko potrzebne do u\u017cytkowania znajduje si\u0119 w opakowaniu. Dla wyd\u0142u\u017cenia zabawy zalecamy zakup dodatkowego akumulatora LiPol (nr kat.. DYNB0012).<\/p>\n<\/div>\n","protected":false},"excerpt":{"rendered":"<div>Marka:\u00a0<b>Axial<\/b><\/div>\n<div>Numer zam\u00f3wienia:\u00a0<b>AXI00002T2<\/b><\/div>\n<div>Kod kreskowy:\u00a0<b>605482429563<\/b><\/div>\n<div><\/div>\n","protected":false},"featured_media":6089,"comment_status":"open","ping_status":"closed","template":"","meta":{"_s2mail":""},"product_cat":[590,484],"product_tag":[591,884],"_links":{"self":[{"href":"https:\/\/sklep.aveos.pl\/index.php\/wp-json\/wp\/v2\/product\/6088"}],"collection":[{"href":"https:\/\/sklep.aveos.pl\/index.php\/wp-json\/wp\/v2\/product"}],"about":[{"href":"https:\/\/sklep.aveos.pl\/index.php\/wp-json\/wp\/v2\/types\/product"}],"replies":[{"embeddable":true,"href":"https:\/\/sklep.aveos.pl\/index.php\/wp-json\/wp\/v2\/comments?post=6088"}],"wp:featuredmedia":[{"embeddable":true,"href":"https:\/\/sklep.aveos.pl\/index.php\/wp-json\/wp\/v2\/media\/6089"}],"wp:attachment":[{"href":"https:\/\/sklep.aveos.pl\/index.php\/wp-json\/wp\/v2\/media?parent=6088"}],"wp:term":[{"taxonomy":"product_cat","embeddable":true,"href":"https:\/\/sklep.aveos.pl\/index.php\/wp-json\/wp\/v2\/product_cat?post=6088"},{"taxonomy":"product_tag","embeddable":true,"href":"https:\/\/sklep.aveos.pl\/index.php\/wp-json\/wp\/v2\/product_tag?post=6088"}],"curies":[{"name":"wp","href":"https:\/\/api.w.org\/{rel}","templated":true}]}}