{"id":6137,"date":"2021-07-06T13:56:26","date_gmt":"2021-07-06T11:56:26","guid":{"rendered":"http:\/\/sklep.aveos.pl\/?post_type=product&#038;p=6137"},"modified":"2021-11-15T16:17:41","modified_gmt":"2021-11-15T15:17:41","slug":"traxxas-hoss-4x4-vxl-wersja-zielona","status":"publish","type":"product","link":"https:\/\/sklep.aveos.pl\/index.php\/produkt\/traxxas-hoss-4x4-vxl-wersja-zielona\/","title":{"rendered":"Traxxas HOSS 4X4 VXL &#8211; wersja zielona"},"content":{"rendered":"<p style=\"text-align: center;\"><strong>Przed zakupem modelu, zapoznaj si\u0119 z zasadami gwarancji i eksploatacji.<\/p>\n<p><\/strong><\/p>\n<p style=\"text-align: center;\"><strong>MODEL DOST\u0118PNY WY\u0141\u0104CZNIE W SPRZEDA\u017bY STACJONARNEJ<\/strong><br \/>\n<strong>(SKLEPACH STACJONARNYCH)<\/strong><br \/>\n<strong>\u00a0<\/strong><\/p>\n<p style=\"text-align: center;\"><strong>HOSS 4&#215;4 VXL &#8211; wersja Zielona<\/strong><\/p>\n<table>\n<tbody>\n<tr>\n<td colspan=\"2\">Producent: TRAXXAS<br \/>\nNr kat.\u00a0<strong>90076-4G<\/strong><\/td>\n<\/tr>\n<\/tbody>\n<\/table>\n<p><span class=\"tlid-translation translation\" lang=\"pl\"><strong><span title=\"\">Poznaj nowego Hoss&#8217;a.<\/span><\/strong><\/span><\/p>\n<p><span title=\"\">Ca\u0142kowicie nowy model\u00a0<em><strong>Hoss 4&#215;4 VXL<\/strong><\/em>\u00a0pozwala na ekstremaln\u0105 zabaw\u0119 z monster truckiem z pr\u0119dko\u015bci\u0105 i stylem, kt\u00f3re mo\u017ce zapewni\u0107 tylko\u00a0<em><strong>Traxxas<\/strong><\/em>.<\/span>\u00a0<span title=\"\">Bezszczotkowy silnik\u00a0<em><strong>Velineon 540XL<\/strong><\/em>\u00a0zapewnia ogromny moment obrotowy do jazdy i potrafi utrzyma\u0107 prz\u00f3d samochodu w g\u00f3rze tak d\u0142ugo, jak si\u0119 odwa\u017cysz.<\/span><\/p>\n<p>Wprowad\u017a\u00a0<span title=\"\"><em><strong>Hoss&#8217;a<\/strong><\/em>\u00a0w zakr\u0119t, a wszystkie cztery opony wbij\u0105 si\u0119 w teren. System zarz\u0105dzania stabilno\u015bci\u0105\u00a0<em><strong>TSM Traxxas<\/strong><\/em>. zapewnia w takich sytuacjach pe\u0142n\u0105 kontrol\u0119 nad torem jazdy. W<\/span><span title=\"\">ytrzyma\u0142a &#8211; wzmocniona p\u0142yta podwozia posiada sprawdzon\u0105 konstrukcj\u0119 i zapewnia bezpieczn\u0105 wsp\u00f3\u0142prac\u0119 zespo\u0142u nap\u0119dowego\u00a0<em><strong>Velineon<\/strong><\/em>\u00a0z nap\u0119dem na 4 ko\u0142a poprzez wa\u0142 nap\u0119dowy.<\/span><\/p>\n<p><span class=\"tlid-translation translation\" lang=\"pl\"><span title=\"\">W najmocniejszej opcji zasilania nap\u0119du &#8211;<em><strong>\u00a0LiPo 3S<\/strong><\/em>,\u00a0<em><strong>Hoss<\/strong><\/em>\u00a0rozp\u0119dza si\u0119 do pr\u0119dko\u015bci prawie\u00a0<em><strong>100km\/h.<\/strong><\/em><\/span><\/span><\/p>\n<p><span title=\"\"><em><strong>Hoss<\/strong><\/em>\u00a0zapewnia niezr\u00f3wnan\u0105 wszechstronno\u015b\u0107 operowania w terenie, poniewa\u017c agresywne opony\u00a0<em><strong>Sledgehammer<\/strong><\/em>\u00a0przebijaj\u0105 si\u0119 przez brud, piasek, b\u0142oto i \u015bnieg.<\/span>\u00a0Mo\u017cna je\u017adzi\u0107\u00a0<span title=\"\">szybciej, polegaj\u0105c na legendarnej wytrzyma\u0142o<\/span>\u015bci\u00a0<em><strong>Traxxas&#8217;a<\/strong><\/em>\u00a0wbudowanej w ka\u017cdy element.<\/p>\n<p><img loading=\"lazy\" class=\" wp-image-6164 aligncenter\" src=\"http:\/\/sklep.aveos.pl\/wp-content\/uploads\/2021\/07\/20210705_170406-300x142.jpg\" alt=\"\" width=\"547\" height=\"259\" srcset=\"https:\/\/sklep.aveos.pl\/wp-content\/uploads\/2021\/07\/20210705_170406-300x142.jpg 300w, https:\/\/sklep.aveos.pl\/wp-content\/uploads\/2021\/07\/20210705_170406-1024x485.jpg 1024w, https:\/\/sklep.aveos.pl\/wp-content\/uploads\/2021\/07\/20210705_170406-768x364.jpg 768w, https:\/\/sklep.aveos.pl\/wp-content\/uploads\/2021\/07\/20210705_170406-400x189.jpg 400w, https:\/\/sklep.aveos.pl\/wp-content\/uploads\/2021\/07\/20210705_170406-600x284.jpg 600w, https:\/\/sklep.aveos.pl\/wp-content\/uploads\/2021\/07\/20210705_170406.jpg 1464w\" sizes=\"(max-width: 547px) 100vw, 547px\" \/><\/p>\n<p><span title=\"\">Wzmocnione zderzaki chroni\u0105 podwozie przed uderzeniami.<\/span>\u00a0<span title=\"\">Specjalnie zaprojektowany przedni zderzak zapewnia du\u017cy k\u0105t natarcia, kt\u00f3ry pozwala\u00a0<em><strong>Hoss&#8217;owi<\/strong><\/em>\u00a0z \u0142atwo\u015bci\u0105 wspina\u0107 si\u0119 i pokonywa\u0107 przeszkody.<\/span>\u00a0<span title=\"\">W tylnym zderzaku zamontowano idealnie umiejscowiony w\u00f3zek bezpiecze\u0144stwa kt\u00f3ry zapobiega cofaniu si\u0119\u00a0<em><strong>Hoss&#8217;a<\/strong><\/em>\u00a0pod wp\u0142ywem jego wybuchowej mocy<\/span><\/p>\n<p>&nbsp;<\/p>\n<p><span title=\"\">Karoseria\u00a0<span class=\"tlid-translation translation\" lang=\"pl\">ProGraphix<\/span>\u00a0<em><strong>Hoss&#8217;a 4&#215;4<\/strong><\/em>\u00a0to agresywny monster truck. Jest przyci\u0119ta i pomalowana z na\u0142o\u017conymi naklejkami.<\/span>\u00a0<span title=\"\">Twarde wewn\u0119trzne wzmocnienia utrzymuj\u0105 integralno\u015b\u0107 nadwozia, a p\u0142ozy dachowe chroni\u0105 przed uszkodzeniami przy wywr\u00f3ceniu si\u0119. Nadwozie ma \u015bwie\u017cy wygl\u0105d.<\/span><\/p>\n<p>&nbsp;<\/p>\n<p><span id=\"result_box\" lang=\"pl\"><span title=\"The Rustler\u2019s large 2.8\u201d black chrome wheels provide terrain-conquering ground clearance and a commanding presence.\">Du\u017ce czarne chromowane ko\u0142a\u00a0<em><strong>Sledgehammer<\/strong><\/em>\u00a0o rozmiarze\u00a0<em><strong>2,8 cala<\/strong><\/em>, zapewniaj\u0105 du\u017cy prze\u015bwit.\u00a0<\/span><\/span><span id=\"result_box\" lang=\"pl\"><span title=\"Talon&#x2122; EXT tires have a square-shouldered, aggressive tread design to dig into gravel, dirt, and grass for incredible 4X4 traction and huge roost. \">Opony maj\u0105 kwadratow\u0105 &#8211; agresywn\u0105 rze\u017ab\u0119 bie\u017cnika, kt\u00f3ra zapewnia doskona\u0142\u0105 przyczepno\u015b\u0107 do ka\u017cdej nawierzchni.<\/span><\/span><\/p>\n<p>&nbsp;<\/p>\n<div class=\"result-shield-container tlid-copy-target\" tabindex=\"0\">\n<p><span id=\"result_box\" lang=\"pl\"><span title=\"The wing mounts directly to the internal body reinforcements for lasting durability.Secure Body LatchSecure Body LatchRustler\u2019s clipless ProGraphix\u00ae body mounts on specially designed shock towers.\">Karoseria posiada zatrzaskowe mocowanie, specjalnie zaprojektowane do karoserii\u00a0<span title=\"The fully captured rod ends take a beating and won't pop apart during rigorous off-road pounding.New Prographix BodyNew Prographix BodyRustler\u2019s aggressive ProGraphix&#x2122; body comes trimmed and pre-painted with the decals already applied.\"><em><strong>ProGraphix &#x2122;.\u00a0<\/strong><\/em><\/span><\/span><span title=\"The easy-to-use latch unlocks instantly with the quick swipe of a thumb and locks again with a noticeable detent to let you know it's securely fastened.Improved Battery Hold-DownImproved Battery Hold-DownThe Rustler's innovative battery hold down accommodates traditional flat battery packs\">Zatrzask jest \u0142atwy w obs\u0142udze i odblokowuje si\u0119 b\u0142yskawicznie za pomoc\u0105 szybkiego przesuni\u0119cia.<\/span><\/span><\/p>\n<\/div>\n<p>&nbsp;<\/p>\n<p><span title=\"\">Blokowa konstrukcja podwozia \u0142\u0105czy wie\u017ce amortyzator\u00f3w, przednie i tylne modu\u0142y oraz ram\u0119 g\u0142\u00f3wn\u0105 w jedn\u0105 sztywn\u0105 platform\u0119 zaprojektowan\u0105 do poch\u0142aniania i rozpraszania energii uderzenia w ca\u0142ej konstrukcji.<\/span>\u00a0<span title=\"\">Krytyczne elementy uk\u0142adu nap\u0119dowego, radia i akumulatora s\u0105 chronione.\u00a0<\/span><span title=\"\">Strategicznie umieszczony dost\u0119p do element\u00f3w mocuj\u0105cych powoduje, \u017ce ka\u017cda niezb\u0119dna konserwacja lub naprawa jest szybka.<\/span><\/p>\n<p>&nbsp;<\/p>\n<div class=\"result-shield-container tlid-copy-target\" tabindex=\"0\">\n<p><span id=\"result_box\" lang=\"pl\"><span title=\"The rear bumper mounts a perfectly positioned wheelie bar to help prevent the Rustler 4X4 VXL from back-flipping from its explosive power.Heavy-Duty Composite ArmsHeavy-Duty Composite ArmsAll-new heavy-duty suspension arms are stronger than ever before.\">Nowe wahacze s\u0105 mocniejsze ni\u017c kiedykolwiek wcze\u015bniej.\u00a0<\/span><span title=\"Molded from a tough new composite material, the arms stand up to even the most punishing drivers and resist breakage for non-stop fun behind the wheel.Extruded Aluminum DriveshaftExtruded Aluminum DriveshaftA one-piece extruded aluminum driveshaft is both strong and lightweight.\">Wyprofilowane z wytrzyma\u0142ego, nowego materia\u0142u kompozytowego s\u0105 odporne na z\u0142amanie i uszkodzenia zapewniaj\u0105c niezak\u0142\u00f3con\u0105 prac\u0119 uk\u0142adu jezdnego.<\/span><\/span><\/p>\n<\/div>\n<div class=\"result-shield-container tlid-copy-target\" tabindex=\"0\"><\/div>\n<div tabindex=\"0\"><\/div>\n<div tabindex=\"0\"><span id=\"result_box\" lang=\"pl\"><span title=\"Oil-filled Ultra Shocks utilize dual X-ring technology for a perfect seal and silky-smooth performance.\">Amortyzatory olejowe wykorzystuj\u0105 techmnologi\u0119 podw\u00f3jnych pier\u015bcieni\u00a0<em><strong>X<\/strong><\/em>, co zapewnia doskona\u0142\u0105 szczelno\u015b\u0107 i jedwabi\u015bcie g\u0142adk\u0105 prac\u0119.\u00a0<\/span><\/span><span id=\"result_box\" lang=\"pl\"><span title=\"The large oil capacity and rugged design soaks up big jumps and off-road abuse for smooth driving performance.\">Du\u017ca ilo\u015b\u0107 oleju i wytrzyma\u0142a konstrukcja zapewniaj\u0105 p\u0142ynn\u0105 jazd\u0119.\u00a0<\/span><span title=\"They are easy to tune with a wide range of available oils, springs, and pistons. \">S\u0105 \u0142atwe do dostrojenia dzi\u0119ki szerokiej gamie dost\u0119pnych olej\u00f3w, spr\u0119\u017cyn i t\u0142ok\u00f3w.<\/span><\/span><\/div>\n<p>&nbsp;<\/p>\n<p><span title=\"Traxxas Stability Management \"><em><strong>Traxxas Stability Management (TSM)<\/strong><\/em>\u00a0<em><strong>&#8211; kontrola trakcji.<\/strong><\/em><\/span><br \/>\n<span title=\"[Micro Receiver, TQi 2.4GHz with Traxxas Link and TSM (5-channel) (#6533) (three-quarter view)] This Slash 4X4 is hard-loaded for ultimate performance and realism with the Traxxas On-Board Audio, new Traxxas\">System kontroli trakcji wbudowany jest w 5 kana\u0142owy odbiornik\u00a0<em><strong>TQI 2.4GHz Traxxas Link TSM<\/strong><\/em>.<\/span><br \/>\n<span title=\"Traxxas Stability Management (TSM) allows you to experience all the extreme power, speed, and acceleration that was engineered into the Slash 4X4 by making it much easier to control on common slippery surfaces such as loose dirt, smooth concrete, and even ice and snow\"><em><strong>Traxxas Stability Management (TSM)<\/strong><\/em>, pozwala maksymalnie wykorzysta\u0107 pe\u0142n\u0105 moc, szybko\u015b\u0107 i przyspieszenie, kt\u00f3rym dysponuje\u00a0<strong>Hoss\u00a0<\/strong><strong><em>4X4<\/em><\/strong>. Kontrola trakcji szczeg\u00f3nie zdaje egzamin podczas jazdy na \u015bliskich powierzchniach, g\u0142adkim betonie, lodzie i \u015bniegu.\u00a0<\/span><span title=\"Punch it off the line and TSM goes to work sensing the vehicle's direction and making steering corrections to provide straight-ahead full-throttle acceleration without fishtailing, spinouts, and loss of control.\">System\u00a0<em><strong>TSM<\/strong><\/em>\u00a0dokonuje korekt toru jazdy podczas przyspieszania, aby zapewni\u0107 pe\u0142ne wykorzystanie mo\u017cliwo\u015bci nap\u0119du.\u00a0<\/span><span title=\"TSM also works during cornering, first making intuitive corrections to maintain your line, and then allowing you to hammer the throttle earlier in the turn for much faster exit speeds.\"><em><strong>TSM<\/strong><\/em>\u00a0dzia\u0142a r\u00f3wnie\u017c podczas pokonywania zakr\u0119t\u00f3w, dokonuj\u0105c korekt, aby utrzyma\u0107 wybran\u0105 lini\u0119 jazdy. Pozwala to na utrzymanie wi\u0119kszej szybko\u015bci w zakr\u0119cie i wi\u0119ksze przyspieszczenie podczas wychodzenia z niego. Podczas h<\/span><span title=\"Braking is dramatically improved as TSM works to keep you arrow straight until you come to a complete stop.\">amowania,\u00a0<em><strong>TSM\u00a0<\/strong><\/em>utrzymuje tor jazdy do momentu zatrzymania.<\/span><br \/>\n<span title=\"Traxxas TSM gives you all the benefits modern electronic stabilization has to offer without intruding on your driving fun.\">W systemie kontroli trakcji,\u00a0<em><strong>Traxxas<\/strong><\/em>\u00a0zastosowa\u0142 najnowsze algorytmy,\u00a0<\/span><span title=\"Traxxas engineers developed superior tuning algorithms that run on high-speed, precision electronic components to create a system that works invisibly, in the background, without ever limiting your throttle.\">kt\u00f3re dzia\u0142aj\u0105 niewidocznie w tle, nigdy nie ograniczaj\u0105c przepustnicy.\u00a0<\/span><span title=\"TSM can be fine tuned (or turned off) for different surfaces by simply adjusting the multi-function knob on the TQi transmitter, or by adjusting the slider in the Traxxas link app.\"><em><strong>TSM<\/strong><\/em>\u00a0mo\u017ce by\u0107 indywidualnie dostrojony lub ca\u0142kowicie wy\u0142\u0105czony w zale\u017cno\u015bci od aktualnej nawierzchni i jej stanu oraz upodoba\u0144 kierowcy. Kontrol\u0119 nad systemem zapewnia wielofunkcyjne pokr\u0119t\u0142o zamontowane w nadajniku. O przydatno\u015bci\u00a0<\/span><span title=\"In fact, you may not even realize how much TSM is helping you until you turn it off and test your driving skills without it!\"><span id=\"result_box\" lang=\"pl\"><span title=\"Traxxas Stability Management \"><em><strong>Traxxas Stability Managemen<\/strong><\/em>, najlepiej mo\u017cna si\u0119 przekona\u0107, wy\u0142\u0105czaj\u0105c system po d\u0142u\u017cszym okresie jego u\u017cytkowania<\/span><\/span><\/span><\/p>\n<p>&nbsp;<\/p>\n<p>Opatentowane innowacje\u00a0<em><strong>Traxxas&#8217;a<\/strong><\/em>\u00a0uszczelniaj\u0105 elementy elektroniki, dzi\u0119ki czemu mo\u017cna eksploatowa\u0107\u00a0<em><strong>Hoss&#8217;a<\/strong><\/em>\u00a0w warunkach mokrych, na \u015bniegu i w b\u0142ocie.<\/p>\n<p>&nbsp;<\/p>\n<div class=\"result-shield-container tlid-copy-target\" tabindex=\"0\"><span id=\"result_box\" lang=\"pl\">System\u00a0<em><strong>Servo SaverOptimum<\/strong><\/em>, zapewnia p\u0142ynne dzia\u0142anie w najtrudniejszych warunkach.\u00a0Zintegrowany system servo saver chroni przek\u0142adnie serwa przed uderzeniami bez uszczerbku dla precyzji sterowania<\/span><\/div>\n<div class=\"result-shield-container tlid-copy-target\" tabindex=\"0\"><\/div>\n<div tabindex=\"0\"><\/div>\n<div tabindex=\"0\"><strong>Hoss 4&#215;4 VXL<\/strong>\u00a0jest wyposa\u017cony w ca\u0142kowicie nowy &#8211; cyfrowy serwomechanizm o wysokim momencie obrotowym. Jest wodoszczelny, posiada b\u0142yskawiczn\u0105 reakcj\u0119 na ruchy kierownicy i wysok\u0105 precyzj\u0119.<\/div>\n<div tabindex=\"0\"><\/div>\n<div tabindex=\"0\"><\/div>\n<div tabindex=\"0\"><\/div>\n<div tabindex=\"0\"><strong>Velineon VXL-3s<\/strong>\u00a0poza elektroniczn\u0105 regulacj\u0105 obrot\u00f3w w obydwu kierunkach oferuje dodatkowe funkcje pozwalaj\u0105ce na szeroki zakres zabawy.<br \/>\nW regulatorze znajdziemy funkcj\u0119 \u201e<strong>Training Mode.&#x2122;\u201d,<\/strong>\u00a0kt\u00f3ra pozwala obni\u017cy\u0107 moc zespo\u0142u nap\u0119dowego o\u00a0<strong>50%.<\/strong>\u00a0Jest to przydatne dla pocz\u0105tkuj\u0105cych kierowc\u00f3w i dla wszystkich kt\u00f3rzy chc\u0105 potrenowa\u0107\u00a0 technik\u0119 precyzyjnej jazdy. Tranzystory o wysokiej cz\u0119stotliwo\u015bci i zaawansowana konstrukcja obwodu powoduj\u0105 niezwykle sprawnie i wyrafinowane sterowanie przepustnic\u0105. Regulator\u00a0<strong>VXL-3s\u00a0<\/strong>jest elastyczny w zakresie stosowania konwencjonalnych silnik\u00f3w szczotkowych\u00a0 oraz silnik\u00f3w bezszczotkowych.\u00a0<strong>VXL-3s<\/strong>\u00a0posiada czujnik wykrywaj\u0105cy typ silnika. Wysoka wydajno\u015b\u0107 pr\u0105dowa (<strong>320A pik<\/strong>) i dwustopniowe zabezpieczenie termiczne pozwala na wykorzystanie ka\u017cdego silnika<\/div>\n<div tabindex=\"0\"><\/div>\n<div tabindex=\"0\"><\/div>\n<div tabindex=\"0\">\n<div class=\"result-shield-container tlid-copy-target\" tabindex=\"0\"><span class=\"tlid-translation translation\" lang=\"pl\"><span title=\"\">Wytrzyma\u0142e, a przez to bezpieczne mocowanie akumulatora. Zaprojektowane w celu umo\u017cliwienia szybkiej zmiany pakietu nap\u0119dowego.<\/span><\/span><\/div>\n<\/div>\n<div class=\"result-shield-container tlid-copy-target\" tabindex=\"0\"><\/div>\n<div tabindex=\"0\">\n<div class=\"result-shield-container tlid-copy-target\" tabindex=\"0\"><span class=\"tlid-translation translation\" lang=\"pl\"><span title=\"\">Wytrzyma\u0142e &#8211; boczne elementy podwozia zabezpieczaj\u0105 karoseri\u0119 przed kamieniami i uderzeniami.<\/span><\/span><\/div>\n<div class=\"result-shield-container tlid-copy-target\" tabindex=\"0\"><\/div>\n<div class=\"result-shield-container tlid-copy-target\" tabindex=\"0\">\n<div class=\"result-shield-container tlid-copy-target\" tabindex=\"0\"><span class=\"tlid-translation translation\" lang=\"pl\"><span title=\"\">Bezszczotkowy silnik<em><strong>\u00a0Velineon 540XL \/ 2400kV<\/strong><\/em>, zapewnia ekstremaln\u0105 wydajno\u015b\u0107 przy prawie zerowej konserwacji.<\/span>\u00a0<span title=\"\">Ultra wysokotemperaturowe magnesy neodymowe, szybkoobrotowe \u0142o\u017cyska i precyzyjny &#8211; 4-biegunowy wywa\u017cony wirnik, zapewniaj\u0105 p\u0142ynn\u0105 prac\u0119 i d\u0142ug\u0105 \u017cywotno\u015b\u0107.<\/span><\/span><\/div>\n<\/div>\n<\/div>\n<div class=\"result-shield-container tlid-copy-target\" tabindex=\"0\"><\/div>\n<div class=\"result-shield-container tlid-copy-target\" tabindex=\"0\"><\/div>\n<div tabindex=\"0\">\n<div class=\"result-shield-container tlid-copy-target\" tabindex=\"0\"><span id=\"result_box\" lang=\"pl\"><span title=\"Rustler 4X4\u2019s innovative motor mount holds the Velineon 3500 motor securely in place and yet releases instantly with just one screw.\">Innowacyjne mocowanie silnika\u00a0<em><strong>Hoss&#8221;a 4&#215;4<\/strong><\/em>\u00a0utrzymuje silnik\u00a0<em><strong>540XL<\/strong><\/em>\u00a0bezpiecznie na swoim miejscu, a jednocze\u015bnie pozwala na jego regulacj\u0119 natychmiast &#8211;\u00a0 za pomoc\u0105 tylko jednej \u015bruby.<\/span><\/span><\/div>\n<\/div>\n<div class=\"result-shield-container tlid-copy-target\" tabindex=\"0\"><\/div>\n<div tabindex=\"0\">\n<div class=\"result-shield-container tlid-copy-target\" tabindex=\"0\"><span class=\"tlid-translation translation\" lang=\"pl\"><span title=\"\"><em><strong>Hoss 4&#215;4<\/strong><\/em>\u00a0wykorzystuje wytrzyma\u0142e stalowe \u015bruby rzymskie o \u015brednicy\u00a0<em><strong>4mm<\/strong><\/em>, opracowane dla\u00a0<em><strong>Slash&#8217;a 4&#215;4<\/strong><\/em>.<\/span>\u00a0<span title=\"\">Szerokie i p\u0142askie sekcje u\u0142atwiaj\u0105 regulacj\u0119 pochylenia za pomoc\u0105 do\u0142\u0105czonego klucza.<\/span>\u00a0<span title=\"\">Wytrzyma\u0142e snapy \u0142\u0105cz\u0105ce nie p\u0119kaj\u0105 podczas mocnych uderze\u0144 podczas jazdy w terenie.<\/span><\/span><\/div>\n<div class=\"result-shield-container tlid-copy-target\" tabindex=\"0\"><\/div>\n<div class=\"result-shield-container tlid-copy-target\" tabindex=\"0\">\n<div class=\"result-shield-container tlid-copy-target\" tabindex=\"0\">\n<div class=\"text-wrap tlid-copy-target\">\n<div class=\"result-shield-container tlid-copy-target\" tabindex=\"0\"><span class=\"tlid-translation translation\" lang=\"pl\"><span title=\"\">P\u00f3\u0142osie nap\u0119dowe\u00a0<em><strong>Hoss&#8217;a<\/strong><\/em>\u00a0przeznaczone do ekstremalnych obci\u0105\u017ce\u0144 s\u0105 wzorowane na legendarnym\u00a0<em><strong>Slash&#8217;u 4&#215;4<\/strong><\/em>, ale w krytycznych obszarach s\u0105 wzmocnione.\u00a0<\/span><span title=\"\">P\u00f3\u0142osie o wi\u0119kszej \u015brednicy zapewniaj\u0105 taki sam skok przegubu i zawieszenia, ale przenosz\u0105 jeszcze wi\u0119kszy moment obrotowy.<\/span><\/span><\/div>\n<div class=\"result-shield-container tlid-copy-target\" tabindex=\"0\"><\/div>\n<\/div>\n<\/div>\n<div class=\"result-shield-container tlid-copy-target\" tabindex=\"0\">\n<div class=\"result-shield-container tlid-copy-target\" tabindex=\"0\"><span class=\"tlid-translation translation\" lang=\"pl\"><span title=\"\">Wytrzyma\u0142e przednie i tylne mechanizmy r\u00f3\u017cnicowe wype\u0142nione olejem wykorzystuj\u0105 stalowe elementy wewn\u0119trzne do uzyskania maksymalnej trwa\u0142o\u015bci.<\/span>\u00a0<span title=\"\">Uszczelki silikonowe i pier\u015bcienie\u00a0<em><strong>X-ring<\/strong><\/em>\u00a0umo\u017cliwiaj\u0105 regulacj\u0119 si\u0142y blokowania poprzez zmian\u0119 lepko\u015bci p\u0142ynu wewn\u0105trz mechanizmu r\u00f3\u017cnicowego.<\/span><\/span><\/div>\n<\/div>\n<\/div>\n<\/div>\n<div class=\"result-shield-container tlid-copy-target\" tabindex=\"0\"><\/div>\n<div tabindex=\"0\"><span title=\"Molded from a tough new composite material, the arms stand up to even the most punishing drivers and resist breakage for non-stop fun behind the wheel.Extruded Aluminum DriveshaftExtruded Aluminum DriveshaftA one-piece extruded aluminum driveshaft is both strong and lightweight.\">Aluminiowy &#8211; wyt\u0142aczany wa\u0142 nap\u0119dowy jest zar\u00f3wno mocny, jak i lekki.\u00a0<\/span><span title=\"Internal splines fit directly onto the input shafts of the front and rear drive assemblies.\">Wewn\u0119trzne wpusty pasuj\u0105 bezpo\u015brednio do wa\u0142k\u00f3w wej\u015bciowych przedniego i tylnego zespo\u0142u nap\u0119dowego.\u00a0<\/span><span title=\"All together, this shaft runs straight and true for ultra-smooth driveline operation.Progressive Rate SpringsProgressive Rate SpringsProgressive rate springs are lighter through the initial range of travel to maintain traction and composure over small ruts and bumps.\">Wszystko razem sprawia, \u017ce ca\u0142y uk\u0142ad nap\u0119dowy pracuje p\u0142ynnie.<\/span><\/div>\n<div tabindex=\"0\"><\/div>\n<div tabindex=\"0\">Zaprojektowany od pocz\u0105tku do obs\u0142ugi du\u017cej mocy bezszczotkowego uk\u0142adu nap\u0119dowego\u00a0<em><strong>Hoss&#8217;a 4&#215;4<\/strong><\/em>, wykorzystuje wytrzyma\u0142\u0105 stalow\u0105 z\u0119batk\u0119 czo\u0142ow\u0105 z du\u017cymi z\u0119bami<em><strong>\u00a00,8\/32<\/strong><\/em>, co zapewnia niezawodno\u015b\u0107 bez wzgl\u0119du na ilo\u015b\u0107 przekazywanej mocy.<\/div>\n<div tabindex=\"0\"><\/div>\n<div tabindex=\"0\">\n<div class=\"result-shield-container tlid-copy-target\" tabindex=\"0\"><span class=\"tlid-translation translation\" lang=\"pl\"><span title=\"\"><em><strong>Hoss 4&#215;4<\/strong><\/em>\u00a0wykorzystuje uszczelnione \u0142o\u017cyska stykowe w ca\u0142ym uk\u0142adzie nap\u0119dowym, aby chroni\u0107 przed brudem i kurzem.<\/span>\u00a0<span title=\"\">Kr\u00f3tszy czas przestoju na czyszczenie i konserwacj\u0119 \u0142o\u017cysk oznacza d\u0142u\u017cszy czas eksploatacji.<\/span><\/span><\/div>\n<\/div>\n<div tabindex=\"0\"><\/div>\n<div tabindex=\"0\"><\/div>\n<div tabindex=\"0\">\n<p><strong>UWAGA &#8211; potrzebne do uruchomienia modelu:<\/strong><\/p>\n<ul>\n<li>pakiet nap\u0119dowy<\/li>\n<li>\u0142adowarka pakiet\u00f3w nap\u0119dowych<\/li>\n<li>zasilanie nadajnika &#8211;\u00a0<strong>4 baterie typu AA<\/strong><\/li>\n<\/ul>\n<p>&nbsp;<\/p>\n<p><strong><span class=\"tlid-translation translation\" lang=\"pl\"><span title=\"\">Model 90076-4: Hoss 4&#215;4 VXL: 1\/10 Scale 4&#215;4 Monster Truck, w pe\u0142ni zmontowany, wodoodporna elektronika, gotowy do wy\u015bcigu z systemem radiowym TQi &#x2122; 2,4 GHz, Traxxas Stability Management\u00ae, regulatorem VXL-3s<\/span><span title=\"\">, silnikiem bezszczotkowym Velineon 540XL i malowan\u0105 karoseri\u0105 ProGraphix\u00ae.<\/span><\/span><\/strong><\/p>\n<\/div>\n<div tabindex=\"0\"><\/div>\n<div tabindex=\"0\"><\/div>\n","protected":false},"excerpt":{"rendered":"<table>\n<tbody>\n<tr>\n<td colspan=\"2\">\n<h1>Hoss 4X4 VXL &#8211; wersja zielona<\/h1>\n<\/td>\n<\/tr>\n<tr>\n<td style=\"text-align: center;\" colspan=\"2\">Producent: TRAXXAS<br \/>\nNr kat.\u00a0<strong>90076-4G<\/strong><\/td>\n<\/tr>\n<\/tbody>\n<\/table>\n","protected":false},"featured_media":6166,"comment_status":"open","ping_status":"closed","template":"","meta":{"_s2mail":""},"product_cat":[485,487,484],"product_tag":[889,532],"_links":{"self":[{"href":"https:\/\/sklep.aveos.pl\/index.php\/wp-json\/wp\/v2\/product\/6137"}],"collection":[{"href":"https:\/\/sklep.aveos.pl\/index.php\/wp-json\/wp\/v2\/product"}],"about":[{"href":"https:\/\/sklep.aveos.pl\/index.php\/wp-json\/wp\/v2\/types\/product"}],"replies":[{"embeddable":true,"href":"https:\/\/sklep.aveos.pl\/index.php\/wp-json\/wp\/v2\/comments?post=6137"}],"wp:featuredmedia":[{"embeddable":true,"href":"https:\/\/sklep.aveos.pl\/index.php\/wp-json\/wp\/v2\/media\/6166"}],"wp:attachment":[{"href":"https:\/\/sklep.aveos.pl\/index.php\/wp-json\/wp\/v2\/media?parent=6137"}],"wp:term":[{"taxonomy":"product_cat","embeddable":true,"href":"https:\/\/sklep.aveos.pl\/index.php\/wp-json\/wp\/v2\/product_cat?post=6137"},{"taxonomy":"product_tag","embeddable":true,"href":"https:\/\/sklep.aveos.pl\/index.php\/wp-json\/wp\/v2\/product_tag?post=6137"}],"curies":[{"name":"wp","href":"https:\/\/api.w.org\/{rel}","templated":true}]}}