{"id":6215,"date":"2021-08-18T21:49:37","date_gmt":"2021-08-18T19:49:37","guid":{"rendered":"http:\/\/sklep.aveos.pl\/?post_type=product&#038;p=6215"},"modified":"2024-05-08T14:49:53","modified_gmt":"2024-05-08T12:49:53","slug":"baja-rey-v2","status":"publish","type":"product","link":"https:\/\/sklep.aveos.pl\/index.php\/produkt\/baja-rey-v2\/","title":{"rendered":"Losi Ford Raptor Baja Rey V2 1:10 4WD RTR King Shocks"},"content":{"rendered":"<h3>Charakterystyka<\/h3>\n<p>Firma Horizon Hobby stworzy\u0142a na rok 2021 autentyczn\u0105 replik\u0119 modelu RC auta Losi Ford Raptor Baja Rey w skali 1:10m w wersji V2.\u00a0<strong>Wersja V2 zawiera kompletnie now\u0105 elektronik\u0119 Spektrum Smart.<\/strong>\u00a0Model charakteryzuje si\u0119 wysok\u0105 trwa\u0142o\u015bci\u0105 oraz doskona\u0142ymi osi\u0105gami. Karoseria Ford jest oficjalnie licencjonowana wraz z ubarwieniem.\u00a0<strong>Doskona\u0142y wygl\u0105d uzupe\u0142nia o\u015bwietlenie LED.<\/strong><\/p>\n<p>&nbsp;<\/p>\n<p>Model RC auta Losi Ford Raptor Baja Rey jest wyposa\u017cony w mocny tr\u00f3jfazowy silnik, wleczone tylne zawieszenie, niezale\u017cne zawieszenie przednich k\u00f3\u0142 oraz stabilizatory poprzeczne ograniczaj\u0105ce nachylenie wozu w zakr\u0119cie. Model \u017cwawo osi\u0105ga pr\u0119dko\u015bci ponad 50km\/h ju\u017c przy zastosowaniu pakiet\u00f3w 2 ogniw LiPol.<\/p>\n<div class=\"image-container\">\n<div class=\"image-wrapper\"><img src=\"https:\/\/www.scorpio-polska.pl\/content\/descriptions\/losi\/LOS03020_PP_Header.jpg\" alt=\"Losi Ford Raptor Baja Rey 1:10 RTR\" \/><\/div>\n<\/div>\n<p>Model ma zainstalowany odbiornika Spektrum SRS6200, kt\u00f3ry zawiera elektroniczn\u0105 stabilizacj\u0119 AVC i umo\u017cliwia transmisj\u0119 telemetrii do kompatybilnego nadajnika. Poziom asystencji mo\u017cna ustawi\u0107 na nadajniku za pomoc\u0105 potencjometru. Jazda modelu z za\u0142\u0105czon\u0105 stabilizacj\u0105 jest \u0142atwiejsza r\u00f3wnie\u017c przy du\u017cych pr\u0119dko\u015bciach lub je\u017adzie w terenie.<\/p>\n<section class=\"flex\">\n<div class=\"image\"><img class=\"aligncenter\" src=\"https:\/\/www.scorpio-polska.pl\/content\/descriptions\/losi\/LOS03020_PP_1.jpg\" alt=\"losi\/LOS03020_PP_1.jpg\" \/><\/div>\n<div class=\"text\">\n<h4>Oficjalnie licencjonowane karoserie Ford Raptor<\/h4>\n<p>RC auto Baja Rey posiada oficjalnie licencjonowan\u0105 karoseri\u0119 Ford Raptor z realistyczn\u0105 kalkomani\u0105 (Black Rhino Wheels lub King Shocks). Model przez to nie tylko dobrze je\u017adzi, ale r\u00f3wnie\u017c doskonale wygl\u0105da!<\/p>\n<\/div>\n<\/section>\n<section class=\"flex\">\n<div class=\"image\"><img class=\"aligncenter\" src=\"https:\/\/www.scorpio-polska.pl\/content\/descriptions\/losi\/LOS03020_PP_2.jpg\" alt=\"losi\/LOS03020_PP_2.jpg\" \/><\/div>\n<div class=\"text\">\n<h4>Szczeg\u00f3\u0142owe ubarwienie karoserii<\/h4>\n<p>Opr\u00f3cz licencjonowanej karoserii model jest r\u00f3wnie\u017c oklejony wieloma naklejkami wed\u0142ug prawdziwego zawodniczego wzorca.<\/p>\n<\/div>\n<\/section>\n<section class=\"flex\">\n<div class=\"image\"><img class=\"aligncenter\" src=\"https:\/\/www.scorpio-polska.pl\/content\/descriptions\/losi\/LOS03020_PP_16.jpg\" alt=\"losi\/LOS03020_PP_16.jpg\" \/><\/div>\n<div class=\"text\">\n<h4>Szczeg\u00f3\u0142owe wykonanie wn\u0119trza<\/h4>\n<p>Czteroelementowa karoseria jest uzupe\u0142niona szczeg\u00f3\u0142owo wykonanym kokpitem wraz z za\u0142og\u0105. Karoseria z\u0142o\u017cona jest z paneli pokryciowych, kt\u00f3ra s\u0105 przykr\u0119cone do podwozia. Wn\u0119trze, opr\u00f3cz efektu makietowego chroni przed wnikni\u0119ciem nieczysto\u015bci do wn\u0119trza podwozia.<\/p>\n<\/div>\n<\/section>\n<section class=\"flex\">\n<div class=\"image\"><img class=\"aligncenter\" src=\"https:\/\/www.scorpio-polska.pl\/content\/descriptions\/losi\/LOS03020_PP_3.jpg\" alt=\"losi\/LOS03020_PP_3.jpg\" \/><\/div>\n<div class=\"text\">\n<h4>Szczeg\u00f3\u0142owa przednia atrapa karoserii<\/h4>\n<p>Przednia maska dla uzyskania jak najbardziej realistycznego wygl\u0105du jest wyprodukowana jako plastikowa wyt\u0142oczka. To rozwi\u0105zanie w efekcie nie tylko doskonale wygl\u0105da, ale r\u00f3wnie\u017c zwi\u0119ksza odporno\u015b\u0107 karoserii na uderzenia.<\/p>\n<\/div>\n<\/section>\n<section class=\"flex\">\n<div class=\"image\"><img class=\"aligncenter\" src=\"https:\/\/www.scorpio-polska.pl\/content\/descriptions\/losi\/LOS03020_PP_4.jpg\" alt=\"losi\/LOS03020_PP_4.jpg\" \/><\/div>\n<div class=\"text\">\n<h4>Szczeg\u00f3\u0142owa przednia maska karoserii<\/h4>\n<p>Karoseria posiada na przedniej masce plastikow\u0105 wyt\u0142oczk\u0119, imituj\u0105c\u0105 otwory wentylacyjne, tak samo, jak wyst\u0119puje to w prawdziwych zawodniczych maszynach.<\/p>\n<\/div>\n<\/section>\n<section class=\"flex\">\n<div class=\"image\"><img class=\"aligncenter\" src=\"https:\/\/www.scorpio-polska.pl\/content\/descriptions\/losi\/LOS03020_PP_5.jpg\" alt=\"losi\/LOS03020_PP_5.jpg\" \/><\/div>\n<div class=\"text\">\n<h4>Nowy przedni zderzak<\/h4>\n<p>Konstruktorzy Losi stworzyli now\u0105 koncepcj\u0119 przedniego zderzaka. Pasuje on dok\u0142adnie z karoseri\u0105 Ford Raptor.<\/p>\n<\/div>\n<\/section>\n<section class=\"flex\">\n<div class=\"image\"><img class=\"aligncenter\" src=\"https:\/\/www.scorpio-polska.pl\/content\/descriptions\/losi\/LOS03020_PP_17.jpg\" alt=\"losi\/LOS03020_PP_17.jpg\" \/><\/div>\n<div class=\"text\">\n<h4>Przednie o\u015bwietlenie LED<\/h4>\n<p>W g\u00f3rnej cz\u0119\u015bci auta RC Losi Ford Raptor Baja Rey umieszczona jest listwa LED z bia\u0142ymi diodami LED. S\u0105 one idealne do jazdy po zmroku lub w nocy.<\/p>\n<\/div>\n<\/section>\n<section class=\"flex\">\n<div class=\"image\"><img class=\"aligncenter\" src=\"https:\/\/www.scorpio-polska.pl\/content\/descriptions\/losi\/LOS03020_PP_18.jpg\" alt=\"losi\/LOS03020_PP_18.jpg\" \/><\/div>\n<div class=\"text\">\n<h4>Tylne o\u015bwietlenie LED<\/h4>\n<p>W g\u00f3rnej tylnej cz\u0119\u015bci modelu RC auta Losi Ford Raptor Baja Rey, umieszczona jest listwa LED z czerwonymi diodami LED. Przez to b\u0119dzie model lepiej widoczny z ty\u0142u i boku.<\/p>\n<\/div>\n<\/section>\n<section class=\"flex\">\n<div class=\"image\"><img class=\"aligncenter\" src=\"https:\/\/www.scorpio-polska.pl\/content\/descriptions\/losi\/LOS03020_PP_19.jpg\" alt=\"losi\/LOS03020_PP_19.jpg\" \/><\/div>\n<div class=\"text\">\n<h4>Wytrzyma\u0142e aluminiowe podwozie<\/h4>\n<p>Baz\u0119 modelu tworzy aluminiowa p\u0142yta podwozia o grubo\u015bci 3,5mm, do kt\u00f3rej przymocowane s\u0105 wszystkie elementy nap\u0119du i zawiesze\u0144. Sztywno\u015b\u0107 p\u0142yty jest zwi\u0119kszona plastikowymi wzmocnieniami.<\/p>\n<\/div>\n<\/section>\n<section class=\"flex\">\n<div class=\"image\"><img class=\"aligncenter\" src=\"https:\/\/www.scorpio-polska.pl\/content\/descriptions\/losi\/LOS03020_PP_8.jpg\" alt=\"losi\/LOS03020_PP_8.jpg\" \/><\/div>\n<div class=\"text\">\n<h4>Tylne zawieszenie z ekstra d\u0142ugim skokiem<\/h4>\n<p>Tylne zawieszenie sk\u0142ada si\u0119 z kompaktowej jednostki, kt\u00f3ra zawieszona jest za pomoc\u0105 4 wahaczy do podwozia modelu. Dla ograniczenia nachy\u0142u modelu tylne zawieszenie posiada skr\u0119tny stabilizator poprzeczny.<\/p>\n<p>&nbsp;<\/p>\n<\/div>\n<\/section>\n<section class=\"flex\">\n<div class=\"image\"><img class=\"aligncenter\" src=\"https:\/\/www.scorpio-polska.pl\/content\/descriptions\/losi\/LOS03020_PP_9.jpg\" alt=\"losi\/LOS03020_PP_9.jpg\" \/><\/div>\n<div class=\"text\">\n<h4><\/h4>\n<h4>Niezale\u017cne zawieszenie przednich k\u00f3\u0142<\/h4>\n<p>Ko\u0142a przedniej osi s\u0105 niezale\u017cnie zawieszone i nap\u0119dzane wa\u0142ami z przedniego dyferencja\u0142u. Dolne i g\u00f3rne wahacze s\u0105 w kszta\u0142cie litery \u201eA\u201c, do kt\u00f3rych, przez kulowe czopy s\u0105 przymocowane zwrotnice. Przednia i tylna piasta ko\u0142a jest osadzona makietowymi tarczami hamulcowymi z czerwonymi zaciskami.<\/p>\n<p>&nbsp;<\/p>\n<\/div>\n<\/section>\n<section class=\"flex\">\n<div class=\"image\"><img src=\"https:\/\/www.scorpio-polska.pl\/content\/descriptions\/losi\/LOS03020V2_PP_09.jpg\" alt=\"losi\/LOS03020V2_PP_09.jpg\" \/><\/div>\n<div class=\"text\">\n<h4><\/h4>\n<h4>\u0141atwy dost\u0119p do silnika<\/h4>\n<p>Przemy\u015blany projekt podwozia umo\u017cliwia bardzo \u0142atwy dost\u0119p do silnika. Luz mi\u0119dzyz\u0119bowy ustawia si\u0119 tylko zmian\u0105 mocowania silnika do aluminiowego \u0142o\u017ca. Wymiana z\u0119batki czy serwis dzi\u0119ki temu jest systemowi jest bardzo proste.<\/p>\n<p>&nbsp;<\/p>\n<\/div>\n<\/section>\n<section class=\"flex\">\n<div class=\"image\"><img src=\"https:\/\/www.scorpio-polska.pl\/content\/descriptions\/losi\/LOS03020V2_PP_10.jpg\" alt=\"losi\/LOS03020V2_PP_10.jpg\" \/><\/div>\n<div class=\"text\">\n<h4>\u0141atwy dost\u0119p do akumulatora<\/h4>\n<p>Tak sam, jak w innych modelach Losi, akumulator jest dost\u0119pny z tylnej strony. Akumulator prosto si\u0119 wsuwa do komory a konektor akmulatora (EC3 lub IC3) pod\u0142\u0105cza si\u0119 do konektora zamocowanego do podwozia. Maksymalny rozmiar akumulatora wynosi 138.5 x 46 x 25 mm.<\/p>\n<\/div>\n<\/section>\n<p>&nbsp;<\/p>\n<p>&nbsp;<\/p>\n<section class=\"flex\">\n<div class=\"image\"><img src=\"https:\/\/www.scorpio-polska.pl\/content\/descriptions\/losi\/LOS03020_PP_12.jpg\" alt=\"losi\/LOS03020_PP_12.jpg\" \/><\/div>\n<div class=\"text\">\n<h4>Zamkni\u0119te przek\u0142adnie ze stalowymi ko\u0142ami z\u0119batymi<\/h4>\n<p>Jednobiegowa przek\u0142adnia tak samo jak przedni, centralny i tylny dyferencja\u0142y s\u0105 zamkni\u0119te przed wnikni\u0119ciem prochu czy innych nieczysto\u015bci. Lepko\u015bci\u0105 oleju silikonowego mo\u017cna zmieni\u0107 charakterystyk\u0119 dyferencja\u0142u.<\/p>\n<p>Prze\u0142o\u017cenie g\u0142\u00f3wne ma modu\u0142 1. Na silniku fabrycznie zamontowana jest z\u0119batka 15T. Zmian\u0105 z\u0119batki mo\u017cna osi\u0105gn\u0105\u0107 zwi\u0119kszenie pr\u0119dko\u015bci (wi\u0119cej z\u0119b\u00f3w) lub lepsze przyspieszenie (mniej z\u0119b\u00f3w), dopasowuje si\u0119 wed\u0142ug charakteru toru.<\/p>\n<\/div>\n<\/section>\n<p>&nbsp;<\/p>\n<section class=\"flex\">\n<div class=\"image\"><img src=\"https:\/\/www.scorpio-polska.pl\/content\/descriptions\/losi\/LOS03020_PP_13.jpg\" alt=\"losi\/LOS03020_PP_13.jpg\" \/><\/div>\n<div class=\"text\">\n<h4>Otwarty dyferencja\u0142 w tylnym zawieszeniu<\/h4>\n<p>Aby model by\u0142 maksymalnie wszechstronny, r\u00f3wnie\u017c tylna os wyposa\u017cona jest w dyferencja\u0142, kt\u00f3ry przenosi moment na ka\u017cde ko\u0142o oddzielnie. Model przez to bardzo ochoczo zakr\u0119ca, nie dochodzi do nadmiernego zu\u017cycia opon na twardych nawierzchniach.<\/p>\n<\/div>\n<p>&nbsp;<\/p>\n<\/section>\n<section class=\"flex\">\n<div class=\"image\"><img class=\"aligncenter\" src=\"https:\/\/www.scorpio-polska.pl\/content\/descriptions\/losi\/LOS03020_PP_14.jpg\" alt=\"losi\/LOS03020_PP_14.jpg\" \/><\/div>\n<div class=\"text\">\n<h4>Regulowane amortyzatory olejowe<\/h4>\n<p>Olejowe amortyzatory z ekstra d\u0142ugim skokiem oraz nakr\u0119tk\u0105 regulacyjn\u0105 wydajnie ograniczaj\u0105 wibracje osi. Amortyzatory dodatkowo wyposa\u017cone s\u0105 w gumowe dociski ograniczaj\u0105ce uszkodzenie t\u0142oczysk przy twardych upadkach.<\/p>\n<\/div>\n<p>&nbsp;<\/p>\n<\/section>\n<section class=\"flex\">\n<div class=\"image\"><img class=\"aligncenter\" src=\"https:\/\/www.scorpio-polska.pl\/content\/descriptions\/losi\/LOS03020_PP_20.jpg\" alt=\"losi\/LOS03020_PP_20.jpg\" \/><\/div>\n<div class=\"text\">\n<h4>Funkcjonalne ko\u0142o rezerwowe<\/h4>\n<p>Uszkodzi\u0142o si\u0119 wam w czasie jazdy ko\u0142o? W modelu RC auta Losi Ford Raptor Baja Rey wystarczy, dzi\u0119ki w pe\u0142ni funkcjonalnemu ko\u0142o zapasowemu tylko przekr\u0119ci\u0107 ko\u0142o, to uszkodzone mo\u017cna naprawi\u0107 p\u00f3\u017aniej w domu.<\/p>\n<\/div>\n<p>&nbsp;<\/p>\n<\/section>\n<div class=\"image-container\">\n<div class=\"image-wrapper\"><img class=\"aligncenter\" src=\"https:\/\/www.scorpio-polska.pl\/content\/descriptions\/losi\/LOS03020V2T1_19.jpg\" alt=\"Losi Ford Raptor Baja Rey 1:10 RTR\" \/><\/div>\n<\/div>\n<section class=\"flex\">\n<div class=\"image\"><img class=\"aligncenter\" src=\"https:\/\/www.scorpio-polska.pl\/content\/descriptions\/losi\/FIRMA_130A.jpg\" alt=\"losi\/FIRMA_130A.jpg\" \/><\/div>\n<div class=\"text\">\n<h4><\/h4>\n<h4>Regulator tr\u00f3jfazowy SPEKTRUM&#x2122; FIRMA&#x2122; 130A SMART 2S-4S<\/h4>\n<p>Sterowanie modelu zapewnia nowoczesny regulator\u00a0SPEKTRUM&#x2122; FIRMA&#x2122; 130A SMART\u00a0z 32-bitowym mikrokontrolerem ARM Cortex M4, kt\u00f3ry potrafi odczytywa\u0107 kompletn\u0105 telemetri\u0119 i przenie\u015b\u0107 j\u0105 do odbiornika za pomoc\u0105 zintegrowanego przewodu w nowym konektorze IC5. Dane s\u0105 przenoszone przez protok\u00f3\u0142 SRXL2. Informacje o typie, temperaturze i napi\u0119ciu ogniw akumulatora regulator odczytuje bezpo\u015brednio z akumulatora Smart.\u00a0<b>W czasie rzeczywistym jest do dyspozycji pr\u0105d, temperatura, ca\u0142kowite napi\u0119cie akumulatora, napi\u0119cie poszczeg\u00f3lnych ogniw akumulatora, temperatura akumulatora, pozosta\u0142a pojemno\u015b\u0107 i obroty silnika.<\/b><\/p>\n<p>Elektronika jest kompletnie zalana w specjalnej masie, kt\u00f3ra chroni przed wnikni\u0119ciem wilgoci* lub nieczysto\u015bci do elektroniki. Regulator za\u0142\u0105cza si\u0119 i ustawia przyciskami, kt\u00f3re s\u0105 pod gumow\u0105 os\u0142onk\u0105.<\/p>\n<ul>\n<li>Regulator zawiera szybki i mocny 32bitowy procesor ARM M4<\/li>\n<li>Regulator jest wodoodporny*<\/li>\n<li>Ochrona nadpr\u0105dowa, ochrona termiczna, failsafe<\/li>\n<li>Automatyczne od\u0142\u0105czenie LiPol przy niskim napi\u0119ciu<\/li>\n<li>Solidna plastikowa obudowa, aluminiowy radiator z wentylatorem<\/li>\n<li>Ustawiany bardzo wydajny BEC<\/li>\n<li>Bardzo trwa\u0142e konektory IC5&#x2122;, kompatybilne z konektorami EC5&#x2122;<\/li>\n<\/ul>\n<\/div>\n<\/section>\n<section class=\"flex\">\n<div class=\"image\"><img src=\"https:\/\/www.scorpio-polska.pl\/content\/descriptions\/spektrum\/SPM2340_gif.gif\" alt=\"spektrum\/SPM2340_gif.gif\" \/><\/div>\n<div class=\"text\">\n<h4>Nadajnik RC Spektrum DX3 2.4GHz DSMR<\/h4>\n<p>Nowy nadajnik RC\u00a0Spektrum DX3\u00a0ma 3 kana\u0142y i jest kompatybilny z systemem stabilizacji Spektrum AVC i telemetri\u0105\u00a0<u>Spektrum Smart<\/u>. Doskona\u0142y zasi\u0119g, super szybka odpowied\u017a i wysoka odporno\u015b\u0107 na zak\u0142\u00f3cenia dzi\u0119ki ekskluzywnej technologii Spektrum DSMR. Szybkie ustawienie potrzebnych parametr\u00f3w.<\/p>\n<ul>\n<li><strong>Dzi\u0119ki technologii Smart nadajnik wskazuje stan na\u0142adowania akumulator\u00f3w nap\u0119dowych w modelu<\/strong><\/li>\n<li>Wsp\u00f3\u0142praca z systemem stabilizacji Spektrum AVC<\/li>\n<li>Mo\u017cliwo\u015b\u0107 ustawienia rewers\u00f3w, wielko\u015bci wychyle\u0144 i funkcji 3 kana\u0142u<\/li>\n<li>Trymer kana\u0142u gazu i kierunku<\/li>\n<li>Dzi\u0119ki ograniczeniu gazu mo\u017cna dzieciom ograniczy\u0107 maksymaln\u0105 pr\u0119dko\u015b\u0107 modelu<\/li>\n<li>Lekki i ergonomiczny<\/li>\n<li>Kierownica z piankow\u0105 obr\u0119cz\u0105 dla wygodnego trzymania<\/li>\n<\/ul>\n<\/div>\n<\/section>\n<section class=\"flex\">\n<div class=\"image\"><img src=\"https:\/\/www.scorpio-polska.pl\/content\/descriptions\/losi\/LOS05020_b19.jpg\" alt=\"losi\/LOS05020_b19.jpg\" \/><\/div>\n<div class=\"text\">\n<h4>Technologia Spektrum SMART<\/h4>\n<p>Model jest wyposa\u017cony w komponenty z technologi\u0105 Spektrum\u00a0<strong>Smart<\/strong><strong>, kt\u00f3ra oferuje wi\u0119cej informacji o modelu, prostsz\u0105 obs\u0142ug\u0119 i trosk\u0119 o akumulatory.<\/strong>\u00a0Wszystkie komponenty SMART, wraz z akumulatorem, s\u0105 w stanie wzajemnie komunikowa\u0107 i przenosi\u0107\u00a0<b>telemetri\u0119.<\/b><\/p>\n<p><strong>Zawarty w zestawie nadajnik DX3 wy\u015bwietla stan na\u0142adowania akumulatora w modelu.<\/strong><\/p>\n<p>Jako tuning mo\u017cna wy\u015bwietla\u0107 kompletn\u0105 telemetri\u0119 (<b>obroty, pr\u0119dko\u015b\u0107, temperatura i inne<\/b>):<\/p>\n<ul>\n<li>Uzupe\u0142nieniem\u00a0modu\u0142u BT\u00a0do nadajnika DX3 z zestawu, kt\u00f3ry umo\u017cliwia po\u0142\u0105czenie modelu z przejrzyst\u0105 aplikacj\u0105 graficzn\u0105 Spektrum Dashboard w telefonie, czy tablecie.<\/li>\n<li>Zastosowaniem uniwersalnego nadajnika Spektrum z wy\u015bwietlaczem, np.\u00a0DX5C.<\/li>\n<\/ul>\n<\/div>\n<\/section>\n<section class=\"flex\">\n<div class=\"image\"><img class=\"aligncenter\" src=\"https:\/\/www.scorpio-polska.pl\/content\/descriptions\/losi\/Logo_AVC.png\" alt=\"losi\/Logo_AVC.png\" \/><\/div>\n<div class=\"text\">\n<h4>Technologia AVC (Active Vehicle Control)<\/h4>\n<p>Technologia AVC jest zaawansowan\u0105 technologi\u0105 Spektrum od Horizon Hobby dla modeli aut RC. Ten system stabilizacji przynosi ca\u0142kowicie nowy spos\u00f3b sterowania aut RC. Technologia AVC wykorzystuje czujniki do jednoczesnej korekty sterowania i gazu. Wynikiem jest p\u0142ynniejsza jazda, stabilne zachowanie na prostej i w zakr\u0119cie oraz bezpieczniejsze trzymanie si\u0119 drogi. Oczywi\u015bcie czu\u0142o\u015b\u0107 sterowania mo\u017ce by\u0107 zmieniana wraz z mo\u017cliwo\u015bci\u0105 jego wy\u0142\u0105czenia i pozostawienia wszystkiego w r\u0119kach kierowcy.<\/p>\n<\/div>\n<\/section>\n<h4>Kluczowe w\u0142asno\u015bci<\/h4>\n<ul>\n<li>Oficjalnie licencjonowane karoserie Ford z prawdziwymi naklejkami<\/li>\n<li>Szczeg\u00f3\u0142owo wykonana karoseria wraz z wn\u0119trzem<\/li>\n<li>Wydajny tr\u00f3jfazowy silnik Spektrum 550 3800obr\/min\/V<\/li>\n<li>4-punktowe zawieszenie tylnej osi z ekstra d\u0142ugim skokiem<\/li>\n<li>Klasyczne niezale\u017cne zawieszenie przednich k\u00f3\u0142<\/li>\n<li>\u0141atwy dost\u0119p do silnika<\/li>\n<li>Akumulator jest \u0142atwo dost\u0119pny z tylnej strony podwozia<\/li>\n<li>Zamkni\u0119te dyferencja\u0142y<\/li>\n<li>Regulowane olejowe amortyzatory<\/li>\n<li>Wodoodporna elektronika<\/li>\n<li>Przednie i tylne dachowe o\u015bwietlenie LED dla doskona\u0142ych wra\u017ce\u0144 podczas jazdy po zmroku<\/li>\n<li>Aluminiowa sztywna p\u0142yta podwozia<\/li>\n<li>Do karoserii zamocowane jest funkcjonalne ko\u0142o rezerwowe<\/li>\n<li>Serwo kierunku S614 15kg.cm<\/li>\n<li>Pistoletowa aparatura RC Spektrum DX3<\/li>\n<li>Odbiornik Spektrum SRS6200 ze stabilizacj\u0105 AVC (Active Vehicle Control)<\/li>\n<li>Regulator Spektrum Firma 130A Smart z obs\u0142ug\u0105 telemetrii i konektorem IC5<\/li>\n<\/ul>\n<div class=\"image-container\">\n<div class=\"image-wrapper\"><img class=\"aligncenter\" src=\"https:\/\/www.scorpio-polska.pl\/content\/descriptions\/losi\/LOS03020V2T2_11.jpg\" alt=\"Losi Ford Raptor Baja Rey 1:10 RTR\" \/><\/div>\n<\/div>\n<h3>Polecamy zakup<\/h3>\n<p>Do uruchomienia potrzeba tylko pakiet 2 lub 3 ogniw LiPol (maksymalny rozmiar 138.5 x 46 x 25mm) oraz adekwatn\u0105 \u0142adowark\u0119.<\/p>\n<section class=\"flex\">\n<div class=\"image\"><img class=\"aligncenter\" src=\"https:\/\/www.scorpio-polska.pl\/content\/descriptions\/arrma\/battery.jpg\" alt=\"arrma\/battery.jpg\" \/><\/div>\n<div class=\"text\">\n<h4>Polecane akumulatory LiPol<\/h4>\n<p>Model mo\u017cna u\u017cytkowa\u0107 na 2 lub 3 ogniwach akumulator\u00f3w LiPol. Akumulator powinien by\u0107 wyposa\u017cony w konektor EC5 lub IC5. Do zwyk\u0142ego je\u017cd\u017cenia i z punktu widzenia \u0142o\u017ca pod akumulator polecamy akumulator z 2 ogniwami LiPol (7.4 V).<\/p>\n<ul>\n<li>Akumulator LiPol\u00a0Spektrum 7.4V 5000mAh\u00a0z technologi\u0105\u00a0<b>Smart<\/b>.<\/li>\n<\/ul>\n<p>Akumulatory Spektrum z technologi\u0105\u00a0<b>Smart<\/b>\u00a0w obecnej chwili przedstawiaj\u0105 najnowocze\u015bniejszy i najbezpieczniejszy spos\u00f3b obs\u0142ugi i \u0142adowania akumulator\u00f3w.<\/p>\n<\/div>\n<\/section>\n<section class=\"flex\">\n<div class=\"image\"><img class=\"aligncenter\" src=\"https:\/\/www.scorpio-polska.pl\/content\/descriptions\/arrma\/charger.jpg\" alt=\"arrma\/charger.jpg\" \/><\/div>\n<div class=\"text\">\n<h4>Polecane \u0142adowarki dla akumulator\u00f3w konwencjonalnych i Smart<img loading=\"lazy\" class=\"aligncenter\" src=\"https:\/\/www.scorpio-polska.pl\/content\/descriptions\/arrma\/tools.jpg\" alt=\"arrma\/tools.jpg\" width=\"386\" height=\"266\" \/><\/h4>\n<\/div>\n<\/section>\n<section class=\"flex\">\n<div class=\"text\">\n<h4>Akcesoria do normalnej pracy<\/h4>\n<p>Do normalnej eksploatacji samochodu RC Losi potrzebny jest klej do opon, klej do \u015brub, zestaw narz\u0119dzi i olej silikonowy do amortyzator\u00f3w. Z naszej oferty polecamy niedrogi\u00a0<a class=\"itemdialog\" title=\"Startup Tool Set: Metric\" href=\"https:\/\/www.scorpio-polska.pl\/katalog\/dynamite\/startup-tool-set-metric-p18784.html\" data-code=\"DYN2834\">zestaw narz\u0119dzi do <\/a>samochod\u00f3w RC\u00a0lub wysokiej jako\u015bci\u00a0Zestaw \u015brubokr\u0119t\u00f3w imbus 1.5\/2.0\/2.5\/3.0mm.<\/p>\n<p>Klej do opon przykleja opony do felgi. Opona musi by\u0107 zawsze mocno przyklejona do felgi na ca\u0142ym obwodzie! Je\u015bli opona nie b\u0119dzie przyklejona na ca\u0142ym obwodzie, mo\u017ce p\u0119kn\u0105\u0107. Klej do opon ma specjalny sk\u0142ad, kt\u00f3ry jest w stanie \u0142\u0105czy\u0107 takie materia\u0142y jak guma czy nylon, a jednocze\u015bnie po stwardnieniu jest elastyczny. Polecamy\u00a0klej do opon Robitronic\u00a0z naszej oferty &#8211; zobacz polecane akcesoria.<\/p>\n<p>Od czasu do czasu konieczne jest dodanie\u00a0oleju silikonowego do amortyzator\u00f3w\u00a0modelu i wymiana\u00a0oleju w mechanizmach r\u00f3\u017cnicowych. Podczas normalnej pracy wyst\u0119puje tylko niewielki wyciek oleju silikonowego wzd\u0142u\u017c t\u0142oczysk amortyzatora. Je\u015bli powierzchnia t\u0142oczysk amortyzatora lub stan uszczelek jest w z\u0142ym stanie, wyciek oleju mo\u017ce by\u0107 du\u017cy. W takich przypadkach dostarczane s\u0105 zestawy naprawcze lub pojedyncze cz\u0119\u015bci. Z naszej oferty olej\u00f3w silikonowych polecamy oleje silikonowe TLR (Team Losi Racing), zobacz zalecane akcesoria.<\/p>\n<p>Do rutynowej konserwacji wymagany jest\u00a0klej do \u015brub. \u015aruby wkr\u0119cane w materia\u0142 metalowy (np. \u015bruby w silniku, \u015bruby ustalaj\u0105ce w z\u0119batce) nale\u017cy zabezpieczy\u0107 przed poluzowaniem za pomoc\u0105 tego kleju.<\/p>\n<\/div>\n<\/section>\n<section class=\"flex\">\n<div class=\"image\"><img class=\"aligncenter\" src=\"https:\/\/www.scorpio-polska.pl\/content\/descriptions\/arrma\/FO-FS-LCB01.jpg\" alt=\"arrma\/FO-FS-LCB01.jpg\" \/><\/div>\n<div class=\"text\">\n<h4>Etui ochronne do akumulatora<\/h4>\n<p>Opakowania ochronne\u00a0maj\u0105 na celu zmniejszenie ryzyka zwi\u0105zanego z transportem i \u0142adowaniem akumulator\u00f3w. Akumulatory LiPol mog\u0105, przy zachowaniu niewielkich wymiar\u00f3w i niewielkiej wagi, zapewnia\u0107 wysokie pr\u0105dy roz\u0142adowania i mie\u0107 du\u017c\u0105 pojemno\u015b\u0107 na d\u0142ugi czas jazdy. Akumulator LiPol jest nara\u017cony g\u0142\u00f3wnie na uszkodzenia mechaniczne.<\/p>\n<\/div>\n<\/section>\n","protected":false},"excerpt":{"rendered":"<h3>Zawarto\u015b\u0107 zestawu<\/h3>\n<p>Zestaw zawiera kompletnie z\u0142o\u017cony model RC auta na zdalne sterowanie Ford Raptor Baja Rey z zainstalowanymi komponentami:\u00a0<u>silnik tr\u00f3jfazowy Spektrum 3800 obr\/min\/V<\/u>,\u00a0regulator tr\u00f3jfazowy Firma 130A Smart,\u00a0Spektrum serwo S614 23T,\u00a0odbiornik SPMSR6200A.\u00a0Nadajnik RC Spektrum DX3, 4x baterie AA do nadajnika.<\/p>\n<p>&nbsp;<\/p>\n","protected":false},"featured_media":6216,"comment_status":"open","ping_status":"closed","template":"","meta":{"_s2mail":""},"product_cat":[485,487,484],"product_tag":[894,875,572],"_links":{"self":[{"href":"https:\/\/sklep.aveos.pl\/index.php\/wp-json\/wp\/v2\/product\/6215"}],"collection":[{"href":"https:\/\/sklep.aveos.pl\/index.php\/wp-json\/wp\/v2\/product"}],"about":[{"href":"https:\/\/sklep.aveos.pl\/index.php\/wp-json\/wp\/v2\/types\/product"}],"replies":[{"embeddable":true,"href":"https:\/\/sklep.aveos.pl\/index.php\/wp-json\/wp\/v2\/comments?post=6215"}],"wp:featuredmedia":[{"embeddable":true,"href":"https:\/\/sklep.aveos.pl\/index.php\/wp-json\/wp\/v2\/media\/6216"}],"wp:attachment":[{"href":"https:\/\/sklep.aveos.pl\/index.php\/wp-json\/wp\/v2\/media?parent=6215"}],"wp:term":[{"taxonomy":"product_cat","embeddable":true,"href":"https:\/\/sklep.aveos.pl\/index.php\/wp-json\/wp\/v2\/product_cat?post=6215"},{"taxonomy":"product_tag","embeddable":true,"href":"https:\/\/sklep.aveos.pl\/index.php\/wp-json\/wp\/v2\/product_tag?post=6215"}],"curies":[{"name":"wp","href":"https:\/\/api.w.org\/{rel}","templated":true}]}}