{"id":6228,"date":"2021-09-06T17:20:04","date_gmt":"2021-09-06T15:20:04","guid":{"rendered":"https:\/\/sklep.aveos.pl\/?post_type=product&#038;p=6228"},"modified":"2022-09-10T14:09:34","modified_gmt":"2022-09-10T12:09:34","slug":"wyciagarka-z-pilotem-traxxas-8855-trx-4-trx-6","status":"publish","type":"product","link":"https:\/\/sklep.aveos.pl\/index.php\/produkt\/wyciagarka-z-pilotem-traxxas-8855-trx-4-trx-6\/","title":{"rendered":"Wyci\u0105garka z pilotem Traxxas #8855 TRX-4 \/ TRX-6"},"content":{"rendered":"<p><span class=\"JLqJ4b ChMk0b\" data-language-for-alternatives=\"pl\" data-language-to-translate-into=\"en\" data-phrase-index=\"2\">Nowa wci\u0105garka\u00a0<em><strong>Pro Scale<\/strong><\/em>\u00a0przeznaczona dla modeli\u00a0<em><strong>TRX-4 i TRX-6<\/strong><\/em>\u00a0sprawia, \u017ce b\u0119d\u0105 one jeszcze bardziej funkcjonalne i autentyczne.<\/span><br \/>\n<span class=\"JLqJ4b ChMk0b\" data-language-for-alternatives=\"pl\" data-language-to-translate-into=\"en\" data-phrase-index=\"3\">Wyci\u0105garka dzia\u0142a tak realistycznie jak wygl\u0105da i jest naprawd\u0119 funkcjonalnym narz\u0119dziem do eksploracji i przyg\u00f3d w terenie.<\/span><br \/>\n<span class=\"JLqJ4b ChMk0b\" data-language-for-alternatives=\"pl\" data-language-to-translate-into=\"en\" data-phrase-index=\"4\">Do\u0142\u0105czony pilot zdalnego sterowania, umo\u017cliwia wysuwanie i chowanie bardzo wytrzyma\u0142ej linki wyci\u0105garki za pomoc\u0105 jednego przycisku.<\/span><br \/>\n<span class=\"JLqJ4b ChMk0b\" data-language-for-alternatives=\"pl\" data-language-to-translate-into=\"en\" data-phrase-index=\"5\">Wytrzyma\u0142y hak jest wykonany z metalu, co zapewnia niezawodne dzia\u0142anie i wysok\u0105 trwa\u0142o\u015b\u0107, a silnik nap\u0119dowy o wysokim momencie obrotowym zapewnia wyci\u0105garce maksymaln\u0105 si\u0142\u0119\u00a0<em><strong>4,5kg<\/strong><\/em>.<\/span>\u00a0<span class=\"JLqJ4b ChMk0b\" data-language-for-alternatives=\"pl\" data-language-to-translate-into=\"en\" data-phrase-index=\"6\">To wystarczaj\u0105ca si\u0142a, aby wyci\u0105gn\u0105\u0107\u00a0<em><strong>TRX&#8217;a<\/strong><\/em>\u00a0z k\u0142opot\u00f3w, pokona\u0107 wszelkie wyzwania terenowe i w razie problem\u00f3w pom\u00f3c innym ci\u0119\u017car\u00f3wkom.<\/span><\/p>\n<p>&nbsp;<\/p>\n<p><span class=\"VIiyi\" lang=\"pl\"><span class=\"JLqJ4b ChMk0b\" data-language-for-alternatives=\"pl\" data-language-to-translate-into=\"en\" data-phrase-index=\"6\"><img src=\"https:\/\/riku.pl\/zdjecia_opis\/8855\/8855_3.jpg\" alt=\"\" \/><\/span><\/span><\/p>\n<p>&nbsp;<\/p>\n<p><em><strong><span class=\"VIiyi\" lang=\"pl\"><span class=\"JLqJ4b ChMk0b\" data-language-for-alternatives=\"pl\" data-language-to-translate-into=\"en\" data-phrase-index=\"0\">Wygodny &#8211; 2 kana\u0142owy<\/span><span class=\"JLqJ4b\" data-language-for-alternatives=\"pl\" data-language-to-translate-into=\"en\" data-phrase-index=\"1\">\u00a0p<\/span><span class=\"JLqJ4b ChMk0b\" data-language-for-alternatives=\"pl\" data-language-to-translate-into=\"en\" data-phrase-index=\"2\">ilot.<\/span><\/span><\/strong><\/em><\/p>\n<p><span class=\"VIiyi\" lang=\"pl\"><span class=\"JLqJ4b ChMk0b\" data-language-for-alternatives=\"pl\" data-language-to-translate-into=\"en\" data-phrase-index=\"2\">Pilot w stylu breloczka jest \u0142atwy do przymocowania za pomoc\u0105 smyczy bezpo\u015brednio na nadajniku.<\/span>\u00a0<span class=\"JLqJ4b ChMk0b\" data-language-for-alternatives=\"pl\" data-language-to-translate-into=\"en\" data-phrase-index=\"3\">Do wyboru s\u0105 dwa kana\u0142y, co pozwala na niezale\u017cne sterowanie lin\u0105 w dw\u00f3ch kierunkach.\u00a0<\/span><span class=\"JLqJ4b ChMk0b\" data-language-for-alternatives=\"pl\" data-language-to-translate-into=\"en\" data-phrase-index=\"4\">Prze\u0142\u0105czanie kana\u0142\u00f3w zajmuje tylko chwil\u0119 \u2014 wystarczy nacisn\u0105\u0107 i przytrzyma\u0107 przycisk\u00a0<em><strong>Channel Select<\/strong><\/em>\u00a0na pilocie<\/span><\/span><\/p>\n<p>&nbsp;<\/p>\n<p><img src=\"https:\/\/riku.pl\/zdjecia_opis\/8855\/8855_4.jpg\" alt=\"\" \/><\/p>\n<p><em><strong><span class=\"VIiyi\" lang=\"pl\"><span class=\"JLqJ4b ChMk0b\" data-language-for-alternatives=\"pl\" data-language-to-translate-into=\"en\" data-phrase-index=\"0\">Wolny bieg.<\/span><\/span><\/strong><\/em><\/p>\n<p><span class=\"VIiyi\" lang=\"pl\"><span class=\"JLqJ4b ChMk0b\" data-language-for-alternatives=\"pl\" data-language-to-translate-into=\"en\" data-phrase-index=\"2\">Wyci\u0105garka\u00a0<em><strong>Pro Scale<\/strong><\/em>\u00a0jest wyposa\u017cona w przycisk zwalniania b\u0119bna.<\/span>\u00a0<span class=\"JLqJ4b ChMk0b\" data-language-for-alternatives=\"pl\" data-language-to-translate-into=\"en\" data-phrase-index=\"3\">Przytrzymanie przycisku pozwala na swobodny obr\u00f3t, dzi\u0119ki czemu mo\u017cesz szybko wyci\u0105gn\u0105\u0107 r\u0119cznie tyle linki, ile potrzebujesz<\/span><\/span><\/p>\n<p>&nbsp;<\/p>\n<p>&nbsp;<\/p>\n<p><span class=\"VIiyi\" lang=\"pl\"><span class=\"JLqJ4b ChMk0b\" data-language-for-alternatives=\"pl\" data-language-to-translate-into=\"en\" data-phrase-index=\"3\"><img src=\"https:\/\/riku.pl\/zdjecia_opis\/8855\/8855_9.jpg\" alt=\"\" \/><\/span><\/span><\/p>\n<p><span class=\"VIiyi\" lang=\"pl\"><em><strong><span class=\"JLqJ4b ChMk0b\" data-language-for-alternatives=\"pl\" data-language-to-translate-into=\"en\" data-phrase-index=\"0\">4.5kg si\u0142y ci\u0105gn\u0105cej<\/span><\/strong><\/em><span class=\"JLqJ4b\" data-language-for-alternatives=\"pl\" data-language-to-translate-into=\"en\" data-phrase-index=\"1\">.<\/span><\/span><\/p>\n<p><span class=\"VIiyi\" lang=\"pl\"><span class=\"JLqJ4b ChMk0b\" data-language-for-alternatives=\"pl\" data-language-to-translate-into=\"en\" data-phrase-index=\"2\">Przy maksymalnym ud\u017awigu dziesi\u0119ciu funt\u00f3w, wyci\u0105garka\u00a0<em><strong>Pro Scale<\/strong><\/em>\u00a0pozwala na wydostanie si\u0119 z k\u0142opot\u00f3w, pokonywanie przeszk\u00f3d i pomaganie innym modelom na szlaku.<\/span>\u00a0Wy<span class=\"JLqJ4b ChMk0b\" data-language-for-alternatives=\"pl\" data-language-to-translate-into=\"en\" data-phrase-index=\"3\">ci\u0105garka nie pobiera pr\u0105du z odbiornika. Jest zasilana bezpo\u015brednio z akumulatora nap\u0119dowego za po\u015brednictwem regulatora\u00a0<em><strong>XL-5 HV<\/strong><\/em>.<\/span><\/span><\/p>\n<p>&nbsp;<\/p>\n<p>&nbsp;<\/p>\n<p><img src=\"https:\/\/riku.pl\/zdjecia_opis\/8855\/8855_5.jpg\" alt=\"\" \/><\/p>\n<p><em><strong><span class=\"VIiyi\" lang=\"pl\"><span class=\"JLqJ4b ChMk0b\" data-language-for-alternatives=\"pl\" data-language-to-translate-into=\"en\" data-phrase-index=\"4\">Automatyczny hamulec<span class=\"JLqJ4b\" data-language-for-alternatives=\"pl\" data-language-to-translate-into=\"en\" data-phrase-index=\"1\">.<\/span><\/span><\/span><\/strong><\/em><\/p>\n<p><span class=\"VIiyi\" lang=\"pl\"><span class=\"JLqJ4b ChMk0b\" data-language-for-alternatives=\"pl\" data-language-to-translate-into=\"en\" data-phrase-index=\"4\">Wyci\u0105garka posiada automatyczny hamulec, kt\u00f3ry zapobiega rozwijaniu si\u0119 liny, gdy wyci\u0105garka nie jest u\u017cywana.<\/span><\/span><\/p>\n<p>&nbsp;<\/p>\n<p><em><strong><span class=\"VIiyi\" lang=\"pl\"><span class=\"JLqJ4b ChMk0b\" data-language-for-alternatives=\"pl\" data-language-to-translate-into=\"en\" data-phrase-index=\"4\">Cechy wyci\u0105garki.<\/span><\/span><\/strong><\/em><\/p>\n<ul>\n<li><span class=\"VIiyi\" lang=\"pl\"><span class=\"JLqJ4b ChMk0b\" data-language-for-alternatives=\"pl\" data-language-to-translate-into=\"en\" data-phrase-index=\"0\">zdalnie sterowana kontrola rozwijania i zwijania liny<\/span><\/span><\/li>\n<li><span class=\"VIiyi\" lang=\"pl\"><span class=\"JLqJ4b ChMk0b\" data-language-for-alternatives=\"pl\" data-language-to-translate-into=\"en\" data-phrase-index=\"2\">maksymalna si\u0142a\u00a0<em><strong>4,5kg<\/strong><\/em><\/span><\/span><\/li>\n<li><span class=\"VIiyi\" lang=\"pl\"><span class=\"JLqJ4b\" data-language-for-alternatives=\"pl\" data-language-to-translate-into=\"en\" data-phrase-index=\"3\">p<\/span><span class=\"JLqJ4b ChMk0b\" data-language-for-alternatives=\"pl\" data-language-to-translate-into=\"en\" data-phrase-index=\"4\">onad\u00a0<em><strong>120cm<\/strong><\/em>\u00a0liny o wysokiej wytrzyma\u0142o\u015bci ze stalowym hakiem<\/span><\/span><\/li>\n<li><span class=\"VIiyi\" lang=\"pl\">w<span class=\"JLqJ4b ChMk0b\" data-language-for-alternatives=\"pl\" data-language-to-translate-into=\"en\" data-phrase-index=\"6\">ygodny pilot w stylu breloka z dwoma kana\u0142ami<\/span><\/span><\/li>\n<li><span class=\"VIiyi\" lang=\"pl\"><span class=\"JLqJ4b ChMk0b\" data-language-for-alternatives=\"pl\" data-language-to-translate-into=\"en\" data-phrase-index=\"6\">w<\/span><span class=\"JLqJ4b ChMk0b\" data-language-for-alternatives=\"pl\" data-language-to-translate-into=\"en\" data-phrase-index=\"8\">odoodporna wyci\u0105garka i pilot zapewniaj\u0105 trwa\u0142o\u015b\u0107 w ka\u017cdych warunkach pogodowych<\/span><\/span><\/li>\n<li><span class=\"VIiyi\" lang=\"pl\"><span class=\"JLqJ4b ChMk0b\" data-language-for-alternatives=\"pl\" data-language-to-translate-into=\"en\" data-phrase-index=\"8\">f<\/span><span class=\"JLqJ4b ChMk0b\" data-language-for-alternatives=\"pl\" data-language-to-translate-into=\"en\" data-phrase-index=\"10\">unkcja wolnego biegu umo\u017cliwia szybkie r\u0119czne wyci\u0105ganie liny<\/span><\/span><\/li>\n<li><span class=\"VIiyi\" lang=\"pl\"><span class=\"JLqJ4b ChMk0b\" data-language-for-alternatives=\"pl\" data-language-to-translate-into=\"en\" data-phrase-index=\"12\">zasilanie bezpo\u015brednio z akumulatora za pomoc\u0105 gniazda regulatora obrot\u00f3w<\/span><\/span><\/li>\n<li><span class=\"VIiyi\" lang=\"pl\"><span class=\"JLqJ4b ChMk0b\" data-language-for-alternatives=\"pl\" data-language-to-translate-into=\"en\" data-phrase-index=\"12\">z<\/span><span class=\"JLqJ4b ChMk0b\" data-language-for-alternatives=\"pl\" data-language-to-translate-into=\"en\" data-phrase-index=\"14\">abezpieczenie przed przeci\u0105\u017ceniem zapobiega przegrzaniu silnika<\/span><\/span><\/li>\n<li><span class=\"VIiyi\" lang=\"pl\"><span class=\"JLqJ4b ChMk0b\" data-language-for-alternatives=\"pl\" data-language-to-translate-into=\"en\" data-phrase-index=\"16\">kompatybilna ze wszystkimi modelami\u00a0<em><strong>TRX-4 i TRX-6<\/strong><\/em><\/span><\/span><\/li>\n<li><span class=\"VIiyi\" lang=\"pl\">p<span class=\"JLqJ4b ChMk0b\" data-language-for-alternatives=\"pl\" data-language-to-translate-into=\"en\" data-phrase-index=\"20\">od\u0142\u0105czenie jednoprzewodowe nie wymaga dost\u0119pu do odbiornika<\/span><\/span><\/li>\n<li><span class=\"VIiyi\" lang=\"pl\"><span class=\"JLqJ4b ChMk0b\" data-language-for-alternatives=\"pl\" data-language-to-translate-into=\"en\" data-phrase-index=\"22\">dodatkowe otwory monta\u017cowe do monta\u017cu na p\u0142askiej powierzchni<\/span><\/span><\/li>\n<li><span class=\"VIiyi\" lang=\"pl\">\u0142<span class=\"JLqJ4b ChMk0b\" data-language-for-alternatives=\"pl\" data-language-to-translate-into=\"en\" data-phrase-index=\"24\">atwa do dostosowania w niestandardowych konstrukcjach zderzak\u00f3w<\/span><\/span><\/li>\n<\/ul>\n<p><span class=\"VIiyi\" lang=\"pl\"><span class=\"JLqJ4b ChMk0b\" data-language-for-alternatives=\"pl\" data-language-to-translate-into=\"en\" data-phrase-index=\"4\"><img src=\"https:\/\/riku.pl\/zdjecia_opis\/8855\/8855_6.jpg\" alt=\"\" \/><\/span><\/span><\/p>\n<p><em><strong><span class=\"VIiyi\" lang=\"pl\"><span class=\"JLqJ4b ChMk0b\" data-language-for-alternatives=\"pl\" data-language-to-translate-into=\"en\" data-phrase-index=\"4\">Zawarto\u015b\u0107 zestawu:<\/span><\/span><\/strong><\/em><\/p>\n<ul>\n<li><span class=\"VIiyi\" lang=\"pl\"><span class=\"JLqJ4b ChMk0b\" data-language-for-alternatives=\"pl\" data-language-to-translate-into=\"en\" data-phrase-index=\"0\">zdalnie sterowana wci\u0105garka z wbudowan\u0105 elektronik\u0105<\/span><\/span><\/li>\n<li><span class=\"VIiyi\" lang=\"pl\"><span class=\"JLqJ4b ChMk0b\" data-language-for-alternatives=\"pl\" data-language-to-translate-into=\"en\" data-phrase-index=\"2\">wzmocniona lina wci\u0105garki<\/span><\/span><\/li>\n<li><span class=\"VIiyi\" lang=\"pl\"><span class=\"JLqJ4b ChMk0b\" data-language-for-alternatives=\"pl\" data-language-to-translate-into=\"en\" data-phrase-index=\"4\">2-kana\u0142owy pilot steruj\u0105cy<\/span><\/span><\/li>\n<li><span class=\"VIiyi\" lang=\"pl\"><span class=\"JLqJ4b ChMk0b\" data-language-for-alternatives=\"pl\" data-language-to-translate-into=\"en\" data-phrase-index=\"4\">w<\/span><span class=\"JLqJ4b ChMk0b\" data-language-for-alternatives=\"pl\" data-language-to-translate-into=\"en\" data-phrase-index=\"6\">ytrzyma\u0142y &#8211; stalowy hak<\/span><\/span><\/li>\n<li><span class=\"VIiyi\" lang=\"pl\"><span class=\"JLqJ4b ChMk0b\" data-language-for-alternatives=\"pl\" data-language-to-translate-into=\"en\" data-phrase-index=\"8\">realistyczny pasek z haczykiem z tkaniny<\/span><\/span><\/li>\n<li><span class=\"VIiyi\" lang=\"pl\"><span class=\"JLqJ4b ChMk0b\" data-language-for-alternatives=\"pl\" data-language-to-translate-into=\"en\" data-phrase-index=\"10\">uchwyt liny<\/span><\/span><\/li>\n<li><span class=\"VIiyi\" lang=\"pl\"><span class=\"JLqJ4b ChMk0b\" data-language-for-alternatives=\"pl\" data-language-to-translate-into=\"en\" data-phrase-index=\"10\">osprz\u0119t<\/span><\/span><\/li>\n<li><span class=\"VIiyi\" lang=\"pl\"><span class=\"JLqJ4b ChMk0b\" data-language-for-alternatives=\"pl\" data-language-to-translate-into=\"en\" data-phrase-index=\"10\">instrukcje<\/span><\/span><\/li>\n<\/ul>\n<p><img src=\"https:\/\/riku.pl\/zdjecia_opis\/8855\/8855_7.jpg\" alt=\"\" \/><\/p>\n<p><img src=\"https:\/\/riku.pl\/zdjecia_opis\/8855\/8855_8.jpg\" alt=\"\" \/><\/p>\n<p><span class=\"VIiyi\" lang=\"pl\"><span class=\"JLqJ4b ChMk0b\" data-language-for-alternatives=\"pl\" data-language-to-translate-into=\"en\" data-phrase-index=\"2\">Instalacja jest prosta.<\/span><br \/>\nZderzaki\u00a0<span class=\"JLqJ4b ChMk0b\" data-language-for-alternatives=\"pl\" data-language-to-translate-into=\"en\" data-phrase-index=\"3\">kompatybilne z wci\u0105gark\u0105 s\u0105 dost\u0119pne dla wszystkich modeli\u00a0<em><strong>TRX-4 i TRX-6<\/strong><\/em>.<\/span><br \/>\n<span class=\"JLqJ4b ChMk0b\" data-language-for-alternatives=\"pl\" data-language-to-translate-into=\"en\" data-phrase-index=\"5\">Dodatkow\u0105 opcj\u0105 jest panel \u015bwietlny\u00a0<em><strong>LED (#8088)<\/strong><\/em>\u00a0do nowych zderzak\u00f3w kompatybilnych z wyci\u0105gark\u0105 (<em><strong>8865, 8866, 8867 i 8869<\/strong><\/em>).<\/span><br \/>\n<span class=\"JLqJ4b ChMk0b\" data-language-for-alternatives=\"pl\" data-language-to-translate-into=\"en\" data-phrase-index=\"6\">Dodatkowy zderzak nie jest wymagany dla\u00a0<em><strong>Forda Bronco 2021<\/strong><\/em>\u00a0(model\u00a0<em><strong>#92076-4<\/strong><\/em>)<\/span><\/span><\/p>\n<p><em><strong>W za\u0142\u0105czniku instrukcje (angielski).<\/strong><\/em><\/p>\n<p>&nbsp;<\/p>\n<p>&nbsp;<\/p>\n<p>&nbsp;<\/p>\n","protected":false},"excerpt":{"rendered":"<p>Nowa wci\u0105garka\u00a0Pro Scale\u00a0przeznaczona dla modeli\u00a0TRX-4 i TRX-6\u00a0sprawia, \u017ce b\u0119d\u0105 one jeszcze bardziej funkcjonalne i autentyczne. Wyci\u0105garka dzia\u0142a tak realistycznie jak wygl\u0105da i jest naprawd\u0119 funkcjonalnym narz\u0119dziem do eksploracji i przyg\u00f3d w terenie. Do\u0142\u0105czony pilot zdalnego sterowania, umo\u017cliwia wysuwanie i chowanie bardzo wytrzyma\u0142ej linki wyci\u0105garki za pomoc\u0105 jednego przycisku. Wytrzyma\u0142y hak jest wykonany z metalu, co&#8230;<\/p>\n","protected":false},"featured_media":6235,"comment_status":"open","ping_status":"closed","template":"","meta":{"_s2mail":""},"product_cat":[507,497],"product_tag":[875],"_links":{"self":[{"href":"https:\/\/sklep.aveos.pl\/index.php\/wp-json\/wp\/v2\/product\/6228"}],"collection":[{"href":"https:\/\/sklep.aveos.pl\/index.php\/wp-json\/wp\/v2\/product"}],"about":[{"href":"https:\/\/sklep.aveos.pl\/index.php\/wp-json\/wp\/v2\/types\/product"}],"replies":[{"embeddable":true,"href":"https:\/\/sklep.aveos.pl\/index.php\/wp-json\/wp\/v2\/comments?post=6228"}],"wp:featuredmedia":[{"embeddable":true,"href":"https:\/\/sklep.aveos.pl\/index.php\/wp-json\/wp\/v2\/media\/6235"}],"wp:attachment":[{"href":"https:\/\/sklep.aveos.pl\/index.php\/wp-json\/wp\/v2\/media?parent=6228"}],"wp:term":[{"taxonomy":"product_cat","embeddable":true,"href":"https:\/\/sklep.aveos.pl\/index.php\/wp-json\/wp\/v2\/product_cat?post=6228"},{"taxonomy":"product_tag","embeddable":true,"href":"https:\/\/sklep.aveos.pl\/index.php\/wp-json\/wp\/v2\/product_tag?post=6228"}],"curies":[{"name":"wp","href":"https:\/\/api.w.org\/{rel}","templated":true}]}}